{"id":6692,"date":"2021-12-03T08:40:04","date_gmt":"2021-12-03T14:40:04","guid":{"rendered":"https:\/\/loram.com\/?page_id=6692"},"modified":"2021-12-10T12:07:09","modified_gmt":"2021-12-10T18:07:09","slug":"terms-of-use","status":"publish","type":"page","link":"https:\/\/loram.com\/pt-br\/terms-of-use\/","title":{"rendered":"Terms of Use"},"content":{"rendered":"<div class=\"wpb-content-wrapper\"><p>[vc_row css=&#8221;.vc_custom_1624984885664{margin-top: 3rem !important;margin-bottom: 3rem !important;}&#8221;][vc_column]<div class=\"mkd-elements-holder mkd-responsive-mode-768\" ><div class=\"mkd-elements-holder-item \"  >\n\t<div class=\"mkd-elements-holder-item-inner\">\n\t\t<div class=\"mkd-elements-holder-item-content mkd-elements-holder-custom-134847\" >\n\t\t\t\t\t\t[vc_column_text]<\/p>\n<h2>Termos de uso<\/h2>\n<p>A Loram Maintenance of Way, Inc. e qualquer uma de suas subsidi\u00e1rias (&#8220;Loram&#8221;) fornece o website Loram incluindo a P\u00e1gina Inicial Loram e outros conte\u00fados da Loram (coletivamente, o &#8220;website Loram&#8221;) sujeito \u00e0 sua conformidade com os termos e condi\u00e7\u00f5es abaixo. POR FAVOR LEIA ISTO ANTES DE ACESSAR O SITE DA LORAM. AO ACESSAR O SITE DA LORAM, VOC\u00ca CONCORDA EM ESTAR VINCULADO AOS TERMOS E CONDI\u00c7\u00d5ES ABAIXO. ISE VOC\u00ca N\u00c3O DESEJAR ESTAR VINCULADO A ESTES TERMOS E CONDI\u00c7\u00d5ES, VOC\u00ca N\u00c3O PODER\u00c1 ACESSAR OU USAR O SITE DA LORAM.<\/p>\n<h3>Observa\u00e7\u00f5es sobre direitos autorais<\/h3>\n<p>A menos que seja observado o contr\u00e1rio, a Loram Maintenance of Way, Inc. (e qualquer uma de suas subsidi\u00e1rias) ret\u00e9m os direitos autorais sobre todas as imagens, bot\u00f5es, layout e texto contidos no website da Loram. A Loram concede a voc\u00ea a permiss\u00e3o para imprimir c\u00f3pias do conte\u00fado do site e exibir e usar esse conte\u00fado em um computador apenas para uso pessoal ou interno. Voc\u00ea n\u00e3o pode modificar, reutilizar ou distribuir o texto e gr\u00e1ficos do website Loram para outros, ou &#8220;espelhar&#8221; as informa\u00e7\u00f5es em outro servidor sem a permiss\u00e3o por escrito da Loram Maintenance of Way, Inc. (e qualquer uma de suas subsidi\u00e1rias). Todos os outros direitos reservados.<\/p>\n<h3>Monitoramento<\/h3>\n<p>A Loram Maintenance of Way, Inc. (e qualquer uma de suas subsidi\u00e1rias) reserva-se o direito de monitorar o website Loram eletronicamente de tempos em tempos e de acessar e divulgar qualquer informa\u00e7\u00e3o enviada ou armazenada neste sistema de computador por voc\u00ea, com ou sem autoriza\u00e7\u00e3o, ou em excesso de sua autoriza\u00e7\u00e3o, sem aviso ou permiss\u00e3o conforme necess\u00e1rio para satisfazer qualquer lei, regulamento ou outra solicita\u00e7\u00e3o governamental, para operar o website Loram adequadamente, ou para proteger a si mesmo ou seus usu\u00e1rios. A Loram Maintenance of Way, Inc. (e qualquer uma de suas subsidi\u00e1rias) n\u00e3o monitorar\u00e1, acessar\u00e1 ou divulgar\u00e1 intencionalmente qualquer mensagem privada de correio eletr\u00f4nico, a menos que exigido por lei. A Loram Maintenance of Way, Inc. (e qualquer uma de suas subsidi\u00e1rias) reserva-se o direito de se recusar a postar ou remover quaisquer informa\u00e7\u00f5es ou materiais, no todo ou em parte, que, a seu exclusivo crit\u00e9rio, sejam inaceit\u00e1veis, indesej\u00e1veis ou em viola\u00e7\u00e3o a este Acordo.<\/p>\n<h3>Regras de conduta<\/h3>\n<p>Voc\u00ea n\u00e3o dever\u00e1 usar o servi\u00e7o fornecido pelo site da Loram para carregar, postar, enviar por e-mail, transmitir ou disponibilizar qualquer conte\u00fado que seja ilegal, prejudicial, amea\u00e7ador, abusivo, assediador, difamat\u00f3rio, vulgar, obsceno, pornogr\u00e1fico, calunioso, invasivo da privacidade de outrem, odioso, ou racialmente, etnicamente ou de outra forma censur\u00e1vel.<\/p>\n<h3>Rescis\u00e3o do servi\u00e7o<\/h3>\n<p>A Loram Maintenance of Way, Inc. (e qualquer uma de suas subsidi\u00e1rias) reserva-se o direito, a seu exclusivo crit\u00e9rio, de restringir, suspender ou encerrar seu acesso \u00e0 totalidade ou a qualquer parte deste website, a qualquer momento, por qualquer motivo, sem aviso pr\u00e9vio ou responsabilidade.<\/p>\n<h3>ISEN\u00c7\u00c3O DE GARANTIAS<\/h3>\n<p>SEU USO DESTE WEBSITE \u00c9 DE SEU EXCLUSIVO RISCO. O SERVI\u00c7O \u00c9 PRESTADO &#8220;COMO EST\u00c1&#8221; E &#8220;CONFORME DISPON\u00cdVEL&#8221;. A LORAM SE ISENTA DE QUALQUER TIPO DE GARANTIA, SEJA EXPRESSA OU IMPL\u00cdCITA, INCLUINDO, ENTRE OUTRAS, \u00c0S GARANTIAS IMPL\u00cdCITAS DE COMERCIABILIDADE, ADEQUA\u00c7\u00c3O A UM DETERMINADO PROP\u00d3SITO E N\u00c3O INFRA\u00c7\u00c3O.[\/vc_column_text]\t\t<\/div>\n\t<\/div>\n<\/div><\/div>[\/vc_column][\/vc_row]<\/p>\n<\/div>","protected":false},"excerpt":{"rendered":"<p>[vc_row css=&#8221;.vc_custom_1624984885664{margin-top: 3rem !important;margin-bottom: 3rem !important;}&#8221;][vc_column][\/vc_column][\/vc_row]<\/p>\n","protected":false},"author":3,"featured_media":0,"parent":0,"menu_order":0,"comment_status":"closed","ping_status":"closed","template":"","meta":{"footnotes":""},"class_list":["post-6692","page","type-page","status-publish","hentry"],"_links":{"self":[{"href":"https:\/\/loram.com\/pt-br\/wp-json\/wp\/v2\/pages\/6692","targetHints":{"allow":["GET"]}}],"collection":[{"href":"https:\/\/loram.com\/pt-br\/wp-json\/wp\/v2\/pages"}],"about":[{"href":"https:\/\/loram.com\/pt-br\/wp-json\/wp\/v2\/types\/page"}],"author":[{"embeddable":true,"href":"https:\/\/loram.com\/pt-br\/wp-json\/wp\/v2\/users\/3"}],"replies":[{"embeddable":true,"href":"https:\/\/loram.com\/pt-br\/wp-json\/wp\/v2\/comments?post=6692"}],"version-history":[{"count":3,"href":"https:\/\/loram.com\/pt-br\/wp-json\/wp\/v2\/pages\/6692\/revisions"}],"predecessor-version":[{"id":6890,"href":"https:\/\/loram.com\/pt-br\/wp-json\/wp\/v2\/pages\/6692\/revisions\/6890"}],"wp:attachment":[{"href":"https:\/\/loram.com\/pt-br\/wp-json\/wp\/v2\/media?parent=6692"}],"curies":[{"name":"wp","href":"https:\/\/api.w.org\/{rel}","templated":true}]}}