{"id":6691,"date":"2021-12-03T08:39:56","date_gmt":"2021-12-03T14:39:56","guid":{"rendered":"https:\/\/loram.com\/?page_id=6691"},"modified":"2023-07-26T08:48:42","modified_gmt":"2023-07-26T13:48:42","slug":"privacy-policy","status":"publish","type":"page","link":"https:\/\/loram.com\/pt-br\/privacy-policy\/","title":{"rendered":"Privacy Policy"},"content":{"rendered":"<div class=\"wpb-content-wrapper\"><p>[vc_row css=&#8221;.vc_custom_1624985394069{margin-top: 3rem !important;margin-bottom: 3rem !important;}&#8221;][vc_column]<div class=\"mkd-elements-holder mkd-responsive-mode-768\" ><div class=\"mkd-elements-holder-item \"  >\n\t<div class=\"mkd-elements-holder-item-inner\">\n\t\t<div class=\"mkd-elements-holder-item-content mkd-elements-holder-custom-710726\" >\n\t\t\t\t\t\t[vc_column_text]<\/p>\n<h2>Declara\u00e7\u00e3o de Privacidade<\/h2>\n<p>A Loram Maintenance of Way, Inc. (e qualquer de suas subsidi\u00e1rias) est\u00e1 comprometida em proteger a privacidade dos usu\u00e1rios do website da Loram. Como parte do funcionamento normal do site da Loram, coletamos informa\u00e7\u00f5es sobre voc\u00ea. Esta Declara\u00e7\u00e3o de Privacidade descreve as informa\u00e7\u00f5es que coletamos sobre voc\u00ea e como essas informa\u00e7\u00f5es podem ser utilizadas.<\/p>\n<h3><strong>Informa\u00e7\u00f5es de contato<\/strong><\/h3>\n<p>Para determinadas consultas, Loram pode coletar dados de n\u00famero de telefone. Nenhuma informa\u00e7\u00e3o ser\u00e1 compartilhada com terceiros, departamentos de marketing ou para fins promocionais.<\/p>\n<h3>Registros dos visitantes do site<\/h3>\n<p>O site da Loram coleta e armazena informa\u00e7\u00f5es de visitantes on-line para ajudar a gerenciar o site, identificar acessos n\u00e3o autorizados ou acesso a informa\u00e7\u00f5es n\u00e3o p\u00fablicas, e para melhorar os servi\u00e7os. Estas informa\u00e7\u00f5es incluem as p\u00e1ginas visitadas no site, a data e hora da visita, o endere\u00e7o de Internet (URL ou endere\u00e7o IP) do site de encaminhamento, o nome de dom\u00ednio e endere\u00e7o IP a partir do qual o acesso ocorreu, a vers\u00e3o do navegador utilizada, e as caracter\u00edsticas do navegador. Qualquer informa\u00e7\u00e3o pessoalmente identific\u00e1vel n\u00e3o \u00e9 divulgada a partes externas sem o seu consentimento, a menos que seja exigido por lei.<\/p>\n<h3>Cookies<\/h3>\n<p>O site da Loram emprega &#8220;cookies&#8221; para fornecer aos usu\u00e1rios informa\u00e7\u00f5es personalizadas. Um &#8220;cookie&#8221; \u00e9 um elemento de dados que um website, quando visitado por um usu\u00e1rio, envia para o navegador desse usu\u00e1rio que, por sua vez, pode armazenar esse elemento no disco r\u00edgido ou na mem\u00f3ria do dispositivo. O site Loram usa cookies para duas finalidades: para transportar dados sobre sua sess\u00e3o atual no site de uma p\u00e1gina da web para a pr\u00f3xima, e para identific\u00e1-lo no site entre visitas. Quaisquer cookies enviados pelo site da Loram ser\u00e3o marcados para que sejam acess\u00edveis somente pelo site da Loram e sujeitos a esta Declara\u00e7\u00e3o de Privacidade. Se preferir n\u00e3o receber cookies, voc\u00ea pode desativ\u00e1-los em seu navegador, ou pode configur\u00e1-lo para perguntar antes de aceitar um novo cookie. Entretanto, ao desativar os cookies, certas caracter\u00edsticas e funcionalidades do site da Loram podem deixar de funcionar adequadamente, ou podem n\u00e3o funcionar mais.<\/p>\n<h3>Links para outros websites<\/h3>\n<p>O website da Loram cont\u00e9m links para outros websites, sejam eles de propriedade ou controlados por afiliadas da Loram, ou por terceiros. Observe que as pol\u00edticas de privacidade destes sites podem diferir das do site da Loram. A Loram n\u00e3o \u00e9 respons\u00e1vel pelas pol\u00edticas e pr\u00e1ticas de privacidade de qualquer website em tais links. Em particular, os sites externos n\u00e3o est\u00e3o vinculados \u00e0 pol\u00edtica de privacidade on-line da Loram; eles podem ter suas pr\u00f3prias pol\u00edticas ou n\u00e3o ter nenhuma. \u00c9 poss\u00edvel saber que est\u00e1 saindo de um site Loram ao observar o URL do site de destino.<\/p>\n<h3>Seguran\u00e7a<\/h3>\n<p>Para garantir a integridade do site, a Loram emprega medidas, incluindo, entre outras, auditorias de seguran\u00e7a, uso de ferramentas e software de criptografia, e outras medidas e procedimentos de seguran\u00e7a razo\u00e1veis.[\/vc_column_text]\t\t<\/div>\n\t<\/div>\n<\/div><\/div>[\/vc_column][\/vc_row]<\/p>\n<\/div>","protected":false},"excerpt":{"rendered":"<p>[vc_row css=&#8221;.vc_custom_1624985394069{margin-top: 3rem !important;margin-bottom: 3rem !important;}&#8221;][vc_column][\/vc_column][\/vc_row]<\/p>\n","protected":false},"author":3,"featured_media":0,"parent":0,"menu_order":0,"comment_status":"closed","ping_status":"closed","template":"","meta":{"footnotes":""},"class_list":["post-6691","page","type-page","status-publish","hentry"],"_links":{"self":[{"href":"https:\/\/loram.com\/pt-br\/wp-json\/wp\/v2\/pages\/6691","targetHints":{"allow":["GET"]}}],"collection":[{"href":"https:\/\/loram.com\/pt-br\/wp-json\/wp\/v2\/pages"}],"about":[{"href":"https:\/\/loram.com\/pt-br\/wp-json\/wp\/v2\/types\/page"}],"author":[{"embeddable":true,"href":"https:\/\/loram.com\/pt-br\/wp-json\/wp\/v2\/users\/3"}],"replies":[{"embeddable":true,"href":"https:\/\/loram.com\/pt-br\/wp-json\/wp\/v2\/comments?post=6691"}],"version-history":[{"count":4,"href":"https:\/\/loram.com\/pt-br\/wp-json\/wp\/v2\/pages\/6691\/revisions"}],"predecessor-version":[{"id":15863,"href":"https:\/\/loram.com\/pt-br\/wp-json\/wp\/v2\/pages\/6691\/revisions\/15863"}],"wp:attachment":[{"href":"https:\/\/loram.com\/pt-br\/wp-json\/wp\/v2\/media?parent=6691"}],"curies":[{"name":"wp","href":"https:\/\/api.w.org\/{rel}","templated":true}]}}