{"id":6689,"date":"2021-12-03T08:39:46","date_gmt":"2021-12-03T14:39:46","guid":{"rendered":"https:\/\/loram.com\/?page_id=6689"},"modified":"2022-04-06T11:39:50","modified_gmt":"2022-04-06T16:39:50","slug":"client-login","status":"publish","type":"page","link":"https:\/\/loram.com\/pt-br\/client-login\/","title":{"rendered":"Portal do Cliente"},"content":{"rendered":"<div class=\"wpb-content-wrapper\"><p>[vc_row content_width=&#8221;grid&#8221; css=&#8221;.vc_custom_1626788592301{margin-bottom: 1rem !important;}&#8221;][vc_column width=&#8221;1\/3&#8243;]<a itemprop=\"url\" href=\"https:\/\/www.lmwex.com\/\" target=\"_self\"  class=\"mkd-btn mkd-btn-medium mkd-btn-solid\"  >\n    <span class=\"mkd-btn-text\">Click Here to Log in to Your Account<\/span>\n    <\/a>[\/vc_column][vc_column width=&#8221;1\/3&#8243;]<a itemprop=\"url\" href=\"https:\/\/24vprl2u0upy1d70yv17jx21-wpengine.netdna-ssl.com\/wp-content\/uploads\/2018\/04\/anyconnect-all-2.4.1012-k9.zip\" target=\"_self\"  class=\"mkd-btn mkd-btn-medium mkd-btn-solid\"  >\n    <span class=\"mkd-btn-text\">Click Here for VPN Client Download<\/span>\n    <\/a>[\/vc_column][vc_column width=&#8221;1\/3&#8243;]<a itemprop=\"url\" href=\"https:\/\/documoto.digabit.com\/Portal\/?tk=LORAM\" target=\"_self\"  class=\"mkd-btn mkd-btn-medium mkd-btn-solid\"  >\n    <span class=\"mkd-btn-text\">Click Here for the Parts Catalog<\/span>\n    <\/a>[\/vc_column][\/vc_row][vc_row content_width=&#8221;grid&#8221;][vc_column][vc_column_text]<\/p>\n<h2><strong>AVISO!<\/strong><\/h2>\n<p><span style=\"font-weight: 400;\">Esta \u00e9 uma instala\u00e7\u00e3o privada e cont\u00e9m informa\u00e7\u00f5es confidenciais e particulares.<\/span> <span style=\"font-weight: 400;\">O acesso a ela por qualquer motivo deve ser especificamente autorizado.<\/span> <span style=\"font-weight: 400;\">A menos que voc\u00ea tenha sido especificamente autorizado a acessar esta instala\u00e7\u00e3o, por favor, pare e desista de qualquer esfor\u00e7o para faz\u00ea-lo desista imediatamente. Se continuar o acesso e tentar novamente isso pode exp\u00f4-lo a processos criminais e\/ou civis.<\/span> <span style=\"font-weight: 400;\">Se voc\u00ea n\u00e3o tiver autoriza\u00e7\u00e3o, pare imediatamente.<\/span><\/p>\n<p><span style=\"font-weight: 400;\">Todas as informa\u00e7\u00f5es contidas neste sistema s\u00e3o confidenciais e s\u00e3o de propriedade exclusiva da Loram Maintenance of Way, Inc. (e de qualquer uma de suas subsidi\u00e1rias).<\/span> <span style=\"font-weight: 400;\">Nenhum dos dados aqui contidos pode ser reproduzido ou distribu\u00eddo sem o consentimento por escrito da Loram Maintenance of Way, Inc. (e de qualquer uma de suas subsidi\u00e1rias).<\/span> <span style=\"font-weight: 400;\">A empresa se reserva o direito de acessar e divulgar todas as informa\u00e7\u00f5es enviadas ou armazenadas neste sistema por voc\u00ea, com ou sem autoriza\u00e7\u00e3o, ou em excesso de sua autoriza\u00e7\u00e3o, est\u00e1 sujeita a revis\u00e3o, monitoramento e registro pela equipe respons\u00e1vel pelo sistema, sem aviso ou permiss\u00e3o, para qualquer finalidade.<\/span> <span style=\"font-weight: 400;\">Ao fazer login, voc\u00ea est\u00e1 concordando com a<\/span> <a href=\"\/pt-br\/privacy-policy\/\">Pol\u00edtica de Privacidade<\/a> and <a href=\"\/pt-br\/terms-of-use\/\">Termos de Uso<\/a> <span style=\"font-weight: 400;\">de site Loram.<\/span>[\/vc_column_text][\/vc_column][\/vc_row][vc_row content_width=&#8221;grid&#8221; content_aligment=&#8221;center&#8221; el_class=&#8221;learn-how-we-help&#8221; css=&#8221;.vc_custom_1626785293209{margin-top: 2rem !important;margin-bottom: 3rem !important;padding-right: 0px !important;padding-left: 0px !important;background-image: url(https:\/\/loram.com\/wp-content\/uploads\/learn-how-we-can-help.jpg?id=3598) !important;background-position: center !important;background-repeat: no-repeat !important;background-size: cover !important;}&#8221;][vc_column css=&#8221;.vc_custom_1622544874136{padding-top: 6rem !important;padding-right: 0px !important;padding-bottom: 3rem !important;padding-left: 0px !important;}&#8221;]<div class=\"mkd-elements-holder mkd-responsive-mode-768\" ><div class=\"mkd-elements-holder-item \"  >\n\t<div class=\"mkd-elements-holder-item-inner\">\n\t\t<div class=\"mkd-elements-holder-item-content mkd-elements-holder-custom-922199\" >\n\t\t\t\t\t\t<div class=\"mkd-st mkd-content-aligment-center\">\n    <div class=\"mkd-st-inner\">\n        <div class=\"mkd-st-title-holder\">\n            <h2 class=\"mkd-st-title\">\n            <span>Saiba como podemos ajudar<\/span>\n        <\/h2>\n    <\/div>\n\n    \n    <div class=\"mkd-st-text-holder\" mkd-content-aligment-center>\n        <span class=\"mkd-st-text-text\">Como l\u00edder global em manuten\u00e7\u00e3o de via por mais de 50 anos, o amplo portf\u00f3lio de equipamentos e equipes altamente treinadas da Loram oferecem os melhores servi\u00e7os da categoria com desempenho e padr\u00f5es de seguran\u00e7a inigual\u00e1veis. Ligue para +1 (763) 478-6014 ou entre em contato com nossa equipe t\u00e9cnica de vendas.<\/span>\n    <\/div>\n<\/div>\n<\/div>[vc_empty_space height=&#8221;24px&#8221;]<a itemprop=\"url\" href=\"\/pt-br\/contact\/\" target=\"_self\"  class=\"mkd-btn mkd-btn-medium mkd-btn-solid\"  >\n    <span class=\"mkd-btn-text\">Vamos conversar<\/span>\n    <\/a>\t\t<\/div>\n\t<\/div>\n<\/div><\/div>[\/vc_column][\/vc_row]<\/p>\n<\/div>","protected":false},"excerpt":{"rendered":"<p>[vc_row content_width=&#8221;grid&#8221; css=&#8221;.vc_custom_1626788592301{margin-bottom: 1rem !important;}&#8221;][vc_column width=&#8221;1\/3&#8243;][\/vc_column][vc_column width=&#8221;1\/3&#8243;][\/vc_column][vc_column width=&#8221;1\/3&#8243;][\/vc_column][\/vc_row][vc_row content_width=&#8221;grid&#8221;][vc_column][vc_column_text] AVISO! Esta \u00e9 uma instala\u00e7\u00e3o privada e cont\u00e9m informa\u00e7\u00f5es confidenciais e particulares. O acesso a ela por qualquer motivo deve ser&#8230;<\/p>\n","protected":false},"author":3,"featured_media":0,"parent":0,"menu_order":0,"comment_status":"closed","ping_status":"closed","template":"template-primary.php","meta":{"footnotes":""},"class_list":["post-6689","page","type-page","status-publish","hentry"],"_links":{"self":[{"href":"https:\/\/loram.com\/pt-br\/wp-json\/wp\/v2\/pages\/6689","targetHints":{"allow":["GET"]}}],"collection":[{"href":"https:\/\/loram.com\/pt-br\/wp-json\/wp\/v2\/pages"}],"about":[{"href":"https:\/\/loram.com\/pt-br\/wp-json\/wp\/v2\/types\/page"}],"author":[{"embeddable":true,"href":"https:\/\/loram.com\/pt-br\/wp-json\/wp\/v2\/users\/3"}],"replies":[{"embeddable":true,"href":"https:\/\/loram.com\/pt-br\/wp-json\/wp\/v2\/comments?post=6689"}],"version-history":[{"count":6,"href":"https:\/\/loram.com\/pt-br\/wp-json\/wp\/v2\/pages\/6689\/revisions"}],"predecessor-version":[{"id":10459,"href":"https:\/\/loram.com\/pt-br\/wp-json\/wp\/v2\/pages\/6689\/revisions\/10459"}],"wp:attachment":[{"href":"https:\/\/loram.com\/pt-br\/wp-json\/wp\/v2\/media?parent=6689"}],"curies":[{"name":"wp","href":"https:\/\/api.w.org\/{rel}","templated":true}]}}