{"id":6687,"date":"2021-12-03T08:39:37","date_gmt":"2021-12-03T14:39:37","guid":{"rendered":"https:\/\/loram.com\/?page_id=6687"},"modified":"2026-03-13T15:46:11","modified_gmt":"2026-03-13T20:46:11","slug":"safety","status":"publish","type":"page","link":"https:\/\/loram.com\/pt-br\/company\/safety\/","title":{"rendered":"Seguran\u00e7a"},"content":{"rendered":"<div class=\"wpb-content-wrapper\"><p>[vc_row content_width=&#8221;grid&#8221; css=&#8221;.vc_custom_1629843701717{margin-top: 1rem !important;margin-bottom: 3rem !important;}&#8221;][vc_column]<div class=\"mkd-elements-holder mkd-responsive-mode-768\" ><div class=\"mkd-elements-holder-item \"  >\n\t<div class=\"mkd-elements-holder-item-inner\">\n\t\t<div class=\"mkd-elements-holder-item-content mkd-elements-holder-custom-547115\" >\n\t\t\t\t\t\t[vc_column_text]<span style=\"font-weight: 400;\">A seguran\u00e7a est\u00e1 entrela\u00e7ada em todos os nossos valores fundamentais.<\/span> <span style=\"font-weight: 400;\">Colocamos a seguran\u00e7a em primeiro lugar ao projetar, construir, operar e manter equipamentos.<\/span> <span style=\"font-weight: 400;\">A Loram \u00e9 uma orgulhosa ganhadora do pr\u00eamio NRC Contractor of the Year em seguran\u00e7a.<\/span><\/p>\n<p><span style=\"font-weight: 400;\">A Loram coloca a seguran\u00e7a em primeiro lugar no projeto, constru\u00e7\u00e3o, opera\u00e7\u00e3o e manuten\u00e7\u00e3o de equipamentos.<\/span> <span style=\"font-weight: 400;\">Assim como a confiabilidade, a seguran\u00e7a \u00e9 monitorada de perto para avaliar os incidentes operacionais e evitar ocorr\u00eancias futuras. A Loram tem sido reconhecida na ind\u00fastria ferrovi\u00e1ria e de manuten\u00e7\u00e3o de vias por suas pr\u00e1ticas superiores de seguran\u00e7a.<\/span> <span style=\"font-weight: 400;\">Em 2009, a Loram comemorou quase tr\u00eas anos consecutivos sem les\u00f5es com afastamentos, uma raridade na ind\u00fastria ferrovi\u00e1ria.<\/span> <span style=\"font-weight: 400;\">A Loram tamb\u00e9m recebeu v\u00e1rios pr\u00eamios de seguran\u00e7a na Am\u00e9rica do Norte, incluindo, entre outros:<\/span><\/p>\n<ol>\n<li><span style=\"font-weight: 400;\">Contractor of the Year Safety Award do NRC em 2009 e 2000.<\/span><\/li>\n<li><span style=\"font-weight: 400;\">Pr\u00eamio Platinum NRC de 2018, 2016 e 2020 em seguran\u00e7a.<\/span><\/li>\n<li><span style=\"font-weight: 400;\">Pr\u00eamio Gold NRC de 2019, 2017, 2015, 2011, 2010, 2008, 2007, 2005 e 2004 em seguran\u00e7a.<\/span><\/li>\n<li><span style=\"font-weight: 400;\">Pr\u00eamio Silver NRC 2014, 2013, 2012 e 2006 em seguran\u00e7a<\/span><\/li>\n<li><span style=\"font-weight: 400;\">97% de pontua\u00e7\u00e3o da auditoria de seguran\u00e7a da Liberty Mutual Insurance. Esta \u00e9 a maior pontua\u00e7\u00e3o de seguran\u00e7a j\u00e1 obtida por uma empresa nesta auditoria.<\/span><\/li>\n<\/ol>\n<p>[\/vc_column_text]\t\t<\/div>\n\t<\/div>\n<\/div><\/div>[\/vc_column][\/vc_row][vc_row css=&#8221;.vc_custom_1629843691480{margin-top: 0px !important;margin-bottom: 0px !important;padding-top: 0px !important;padding-bottom: 0px !important;}&#8221;][vc_column]<div class=\"mkd-elements-holder mkd-responsive-mode-768\" ><div class=\"mkd-elements-holder-item \"  >\n\t<div class=\"mkd-elements-holder-item-inner\">\n\t\t<div class=\"mkd-elements-holder-item-content mkd-elements-holder-custom-891181\" >\n\t\t\t\t\t\t[vc_empty_space height=&#8221;0&#8243;]\t\t<\/div>\n\t<\/div>\n<\/div><\/div>[\/vc_column][\/vc_row]<\/p>\n<\/div>","protected":false},"excerpt":{"rendered":"<p>[vc_row content_width=&#8221;grid&#8221; css=&#8221;.vc_custom_1629843701717{margin-top: 1rem !important;margin-bottom: 3rem !important;}&#8221;][vc_column][\/vc_column][\/vc_row][vc_row css=&#8221;.vc_custom_1629843691480{margin-top: 0px !important;margin-bottom: 0px !important;padding-top: 0px !important;padding-bottom: 0px !important;}&#8221;][vc_column][\/vc_column][\/vc_row]<\/p>\n","protected":false},"author":3,"featured_media":0,"parent":6684,"menu_order":0,"comment_status":"closed","ping_status":"closed","template":"template-single-product.php","meta":{"footnotes":""},"class_list":["post-6687","page","type-page","status-publish","hentry"],"_links":{"self":[{"href":"https:\/\/loram.com\/pt-br\/wp-json\/wp\/v2\/pages\/6687","targetHints":{"allow":["GET"]}}],"collection":[{"href":"https:\/\/loram.com\/pt-br\/wp-json\/wp\/v2\/pages"}],"about":[{"href":"https:\/\/loram.com\/pt-br\/wp-json\/wp\/v2\/types\/page"}],"author":[{"embeddable":true,"href":"https:\/\/loram.com\/pt-br\/wp-json\/wp\/v2\/users\/3"}],"replies":[{"embeddable":true,"href":"https:\/\/loram.com\/pt-br\/wp-json\/wp\/v2\/comments?post=6687"}],"version-history":[{"count":4,"href":"https:\/\/loram.com\/pt-br\/wp-json\/wp\/v2\/pages\/6687\/revisions"}],"predecessor-version":[{"id":10151,"href":"https:\/\/loram.com\/pt-br\/wp-json\/wp\/v2\/pages\/6687\/revisions\/10151"}],"up":[{"embeddable":true,"href":"https:\/\/loram.com\/pt-br\/wp-json\/wp\/v2\/pages\/6684"}],"wp:attachment":[{"href":"https:\/\/loram.com\/pt-br\/wp-json\/wp\/v2\/media?parent=6687"}],"curies":[{"name":"wp","href":"https:\/\/api.w.org\/{rel}","templated":true}]}}