{"id":6684,"date":"2021-12-03T08:39:12","date_gmt":"2021-12-03T14:39:12","guid":{"rendered":"https:\/\/loram.com\/?page_id=6684"},"modified":"2026-01-06T15:26:27","modified_gmt":"2026-01-06T21:26:27","slug":"company","status":"publish","type":"page","link":"https:\/\/loram.com\/pt-br\/company\/","title":{"rendered":"EMPRESA"},"content":{"rendered":"<div class=\"wpb-content-wrapper\"><p>[vc_row content_width=&#8221;grid&#8221; css=&#8221;.vc_custom_1629123988188{margin-top: 0px !important;margin-bottom: 1rem !important;}&#8221;][vc_column width=&#8221;1\/4&#8243;][vc_widget_sidebar sidebar_id=&#8221;sidebar&#8221;][\/vc_column][vc_column width=&#8221;3\/4&#8243; el_class=&#8221;product-intro&#8221;]<div class=\"mkd-elements-holder mkd-two-columns mkd-responsive-mode-768\" ><div class=\"mkd-elements-holder-item \"  >\n\t<div class=\"mkd-elements-holder-item-inner\">\n\t\t<div class=\"mkd-elements-holder-item-content mkd-elements-holder-custom-743766\" style=\"padding: 0px 0px 0px 0px\">\n\t\t\t\t\t\t<div class=\"mkd-st mkd-content-aligment-left\">\n    <div class=\"mkd-st-inner\">\n        <div class=\"mkd-st-title-holder\">\n            <h2 class=\"mkd-st-title\">\n            <span>Ajudamos as ferrovias a funcionarem melhor, por mais tempo e a serem mais seguras.<\/span>\n        <\/h2>\n    <\/div>\n\n    \n    <div class=\"mkd-st-text-holder\" mkd-content-aligment-left>\n        <span class=\"mkd-st-text-text\">A Loram \u00e9 um fornecedor l\u00edder de servi\u00e7os de manuten\u00e7\u00e3o de trilhos, servi\u00e7os de inspe\u00e7\u00e3o e otimiza\u00e7\u00e3o de infraestrutura e equipamentos na Am\u00e9rica do Norte e ao redor do mundo. Fornecemos servi\u00e7os completos de manuten\u00e7\u00e3o de via para todas as ferrovias de Classe I e muitas ferrovias de linha curta, de tr\u00e2nsito e de deslocamento.<\/p>\n<p><\/span>\n    <\/div>\n<\/div>\n<\/div>\t\t<\/div>\n\t<\/div>\n<\/div><div class=\"mkd-elements-holder-item \"  >\n\t<div class=\"mkd-elements-holder-item-inner\">\n\t\t<div class=\"mkd-elements-holder-item-content mkd-elements-holder-custom-477666\" >\n\t\t\t\t\t\t[vc_single_image image=&#8221;7121&#8243; img_size=&#8221;full&#8221; alignment=&#8221;center&#8221;]\t\t<\/div>\n\t<\/div>\n<\/div><\/div>[\/vc_column][\/vc_row][vc_row content_width=&#8221;grid&#8221; el_id=&#8221;values&#8221; css=&#8221;.vc_custom_1629308937915{margin-top: 1rem !important;}&#8221;][vc_column]<div class=\"mkd-elements-holder mkd-responsive-mode-768\" ><div class=\"mkd-elements-holder-item \"  >\n\t<div class=\"mkd-elements-holder-item-inner\">\n\t\t<div class=\"mkd-elements-holder-item-content mkd-elements-holder-custom-649728\" >\n\t\t\t\t\t\t[vc_column_text]<\/p>\n<h2>Vis\u00e3o<\/h2>\n<p>Impulsionar o transporte ferrovi\u00e1rio globalmente.[\/vc_column_text][vc_column_text]<\/p>\n<h2>Miss\u00e3o<\/h2>\n<p>Entregar com seguran\u00e7a solu\u00e7\u00f5es inovadoras e um servi\u00e7o ao cliente incompar\u00e1vel para ferrovias em todo o mundo.[\/vc_column_text][vc_column_text]<\/p>\n<h2>Valores<\/h2>\n<p>Nossos VALORES PRINCIPAIS s\u00e3o a ess\u00eancia da Loram e o que n\u00f3s prezamos. Os valores s\u00e3o os tra\u00e7os e qualidades que consideramos importantes; eles formam a base sobre a qual a cultura de nossa empresa \u00e9 constru\u00edda.<\/p>\n<p>Entendemos que ter uma abordagem constante e consistente em nosso trabalho, assim como interagimos com nossos clientes, nos permitir\u00e1 alcan\u00e7ar os resultados e o sucesso desejados. Os cinco VALORES PRINCIPAIS organizacionais definem nossas cren\u00e7as compartilhadas; o que \u00e9 importante para n\u00f3s como organiza\u00e7\u00e3o, o que se espera de n\u00f3s por nossos clientes, e como nos ajustamos ao mercado e temos sustentabilidade.[\/vc_column_text][vc_single_image image=&#8221;7122&#8243; img_size=&#8221;full&#8221; css=&#8221;.vc_custom_1629123147190{margin-top: 2rem !important;margin-bottom: 2rem !important;}&#8221;]\t\t<\/div>\n\t<\/div>\n<\/div><\/div>[\/vc_column][\/vc_row][vc_row content_width=&#8221;grid&#8221; css=&#8221;.vc_custom_1629123974519{margin-bottom: 1rem !important;}&#8221;][vc_column]<div class=\"mkd-elements-holder mkd-five-columns mkd-responsive-mode-768\" ><div class=\"mkd-elements-holder-item mkd-vertical-alignment-top\"  >\n\t<div class=\"mkd-elements-holder-item-inner\">\n\t\t<div class=\"mkd-elements-holder-item-content mkd-elements-holder-custom-840351\" >\n\t\t\t\t\t\t[vc_column_text]<\/p>\n<h3>Integridade em primeiro lugar<\/h3>\n<p>Manter as expectativas em todos os momentos, seguro, honroso e confi\u00e1vel, sempre capaz de se orgulhar.[\/vc_column_text]\t\t<\/div>\n\t<\/div>\n<\/div><div class=\"mkd-elements-holder-item mkd-vertical-alignment-top\"  >\n\t<div class=\"mkd-elements-holder-item-inner\">\n\t\t<div class=\"mkd-elements-holder-item-content mkd-elements-holder-custom-249980\" >\n\t\t\t\t\t\t[vc_column_text]<\/p>\n<h3>Foco no Cliente<\/h3>\n<p>Atencioso, dedicado, comprometido em resolver qualquer problema\u00a0com seguran\u00e7a, encontrando e fornecendo as solu\u00e7\u00f5es.[\/vc_column_text]\t\t<\/div>\n\t<\/div>\n<\/div><div class=\"mkd-elements-holder-item mkd-vertical-alignment-top\"  >\n\t<div class=\"mkd-elements-holder-item-inner\">\n\t\t<div class=\"mkd-elements-holder-item-content mkd-elements-holder-custom-354993\" >\n\t\t\t\t\t\t[vc_column_text]<\/p>\n<h3>Respons\u00e1veis pelas a\u00e7\u00f5es<\/h3>\n<p>Digno, respeitoso e respons\u00e1vel. Dedicado em completar projetos com sucesso\u00a0e seguran\u00e7a.[\/vc_column_text]\t\t<\/div>\n\t<\/div>\n<\/div><div class=\"mkd-elements-holder-item mkd-vertical-alignment-top\"  >\n\t<div class=\"mkd-elements-holder-item-inner\">\n\t\t<div class=\"mkd-elements-holder-item-content mkd-elements-holder-custom-960595\" >\n\t\t\t\t\t\t[vc_column_text]<\/p>\n<h3>Voltados para resultados<\/h3>\n<p>Bem-sucedido, determinado, motivado e seguro. Sempre se esfor\u00e7ando para alcan\u00e7ar o pr\u00f3ximo objetivo.[\/vc_column_text]\t\t<\/div>\n\t<\/div>\n<\/div><div class=\"mkd-elements-holder-item mkd-vertical-alignment-top\"  >\n\t<div class=\"mkd-elements-holder-item-inner\">\n\t\t<div class=\"mkd-elements-holder-item-content mkd-elements-holder-custom-768414\" >\n\t\t\t\t\t\t[vc_column_text]<\/p>\n<h3>Excel\u00eancia em tudo o que fazemos<\/h3>\n<p>Seguro, inovador, prestativo aos outros, orientado para os detalhes e sempre pensando no futuro.[\/vc_column_text]\t\t<\/div>\n\t<\/div>\n<\/div><\/div>[\/vc_column][\/vc_row][vc_row content_width=&#8221;grid&#8221; css=&#8221;.vc_custom_1629124234046{margin-bottom: 3rem !important;}&#8221;][vc_column]<div class=\"mkd-elements-holder mkd-responsive-mode-768\" ><div class=\"mkd-elements-holder-item \"  >\n\t<div class=\"mkd-elements-holder-item-inner\">\n\t\t<div class=\"mkd-elements-holder-item-content mkd-elements-holder-custom-704456\" >\n\t\t\t\t\t\t[vc_column_text]A integra\u00e7\u00e3o de nossos VALORES PRINCIPAIS em tudo que fazemos e em cada decis\u00e3o que tomamos assegura que, em um mundo em constante mudan\u00e7a, nossa empresa permane\u00e7a est\u00e1vel e bem-sucedida.[\/vc_column_text]\t\t<\/div>\n\t<\/div>\n<\/div><\/div>[\/vc_column][\/vc_row][vc_row content_width=&#8221;grid&#8221; css=&#8221;.vc_custom_1629123967195{margin-top: 1rem !important;margin-bottom: 1rem !important;}&#8221;][vc_column width=&#8221;1\/3&#8243;][vc_single_image image=&#8221;7123&#8243; img_size=&#8221;full&#8221;][vc_column_text css=&#8221;.vc_custom_1639156275410{margin-bottom: 2rem !important;}&#8221;]<\/p>\n<h2>Per\u00edcia<\/h2>\n<p>Nossa forte base de conhecimento nos leva \u00e0 sua necessidade raiz mais rapidamente, ajudando-nos a fornecer equipamentos avan\u00e7ados, solu\u00e7\u00f5es inovadoras e um atendimento ao cliente incompar\u00e1vel para manter e maximizar a infraestrutura ferrovi\u00e1ria.[\/vc_column_text][\/vc_column][vc_column width=&#8221;1\/3&#8243;][vc_single_image image=&#8221;7125&#8243; img_size=&#8221;full&#8221;][vc_column_text css=&#8221;.vc_custom_1639156356915{margin-bottom: 2rem !important;}&#8221;]<\/p>\n<h2>Seguran\u00e7a<\/h2>\n<p>A seguran\u00e7a est\u00e1 entrela\u00e7ada em todos os nossos valores fundamentais. Colocamos a seguran\u00e7a em primeiro lugar ao projetar, construir, operar e manter equipamentos. A Loram \u00e9 uma orgulhosa ganhadora do pr\u00eamio NRC Contractor of the Year em seguran\u00e7a. <a href=\"\/company\/safety\/\">Saiba mais sobre nossas iniciativas de seguran\u00e7a<\/a>.[\/vc_column_text][\/vc_column][vc_column width=&#8221;1\/3&#8243;][vc_single_image image=&#8221;7126&#8243; img_size=&#8221;full&#8221;][vc_column_text css=&#8221;.vc_custom_1639156406266{margin-bottom: 2rem !important;}&#8221;]<\/p>\n<h2>Ambiente<\/h2>\n<p>A Loram se dedica \u00e0 presta\u00e7\u00e3o de servi\u00e7os ambientalmente respons\u00e1veis e sustent\u00e1veis. A Loram investe significativamente em iniciativas de pesquisa e desenvolvimento que continuam a mitigar os efeitos ambientais relacionados \u00e0 manuten\u00e7\u00e3o ferrovi\u00e1ria. Esfor\u00e7amo-nos para reduzir o consumo de combust\u00edvel, diminuir as emiss\u00f5es e utilizar produtos ecologicamente corretos. A Loram tem orgulho de ter sua sede em Hamel, MN, certificada pelo LEED.[\/vc_column_text][\/vc_column][\/vc_row][vc_row content_width=&#8221;grid&#8221; css=&#8221;.vc_custom_1629311922591{margin-top: 1rem !important;margin-bottom: 1rem !important;}&#8221; el_id=&#8221;team&#8221;][vc_column width=&#8221;1\/4&#8243;][vc_single_image image=&#8221;7128&#8243; img_size=&#8221;full&#8221; css=&#8221;.vc_custom_1629984289065{margin-bottom: 2rem !important;}&#8221;][\/vc_column][vc_column width=&#8221;3\/4&#8243;]<div class=\"mkd-elements-holder mkd-responsive-mode-768\" ><div class=\"mkd-elements-holder-item mkd-vertical-alignment-top\"  >\n\t<div class=\"mkd-elements-holder-item-inner\">\n\t\t<div class=\"mkd-elements-holder-item-content mkd-elements-holder-custom-435136\" >\n\t\t\t\t\t\t[vc_column_text css=&#8221;.vc_custom_1639156419295{margin-top: 0px !important;padding-top: 0px !important;}&#8221; el_class=&#8221;executive-team&#8221;]<\/p>\n<h2>Equipe executiva<\/h2>\n<p>[\/vc_column_text]\t\t<\/div>\n\t<\/div>\n<\/div><\/div><div class=\"mkd-elements-holder mkd-two-columns mkd-responsive-mode-768\" ><div class=\"mkd-elements-holder-item mkd-vertical-alignment-top\"  >\n\t<div class=\"mkd-elements-holder-item-inner\">\n\t\t<div class=\"mkd-elements-holder-item-content mkd-elements-holder-custom-589495\" >\n\t\t\t\t\t\t[vc_column_text css=&#8221;&#8221;]<strong>Brad Willems<\/strong><br \/>\nPresidente e CEO<\/p>\n<p><strong>Ari Aristides<\/strong><br \/>\nCFO<\/p>\n<p><strong>Justin Clarine<br \/>\n<\/strong>Vice-presidente de Produ\u00e7\u00e3o e Supply Chain<\/p>\n<p><strong>Luke Olson<br \/>\n<\/strong>Diretor de Opera\u00e7\u00f5es[\/vc_column_text]\t\t<\/div>\n\t<\/div>\n<\/div><div class=\"mkd-elements-holder-item mkd-vertical-alignment-top\"  >\n\t<div class=\"mkd-elements-holder-item-inner\">\n\t\t<div class=\"mkd-elements-holder-item-content mkd-elements-holder-custom-743967\" >\n\t\t\t\t\t\t[vc_column_text css=&#8221;&#8221;]<strong>Brian Bakken<br \/>\n<\/strong>Vice-presidente de Tecnologia da Informa\u00e7\u00e3o<\/p>\n<p><strong>Kevin Burton<\/strong><br \/>\nVice Presidente Opera\u00e7\u00f5es<\/p>\n<p><strong>Todd Klemmensen<br \/>\n<\/strong>Vice-presidente Jur\u00eddico<\/p>\n<p><strong>Brandon Riddering<br \/>\n<\/strong>Vice-presidente de Marketing e Vendas[\/vc_column_text]\t\t<\/div>\n\t<\/div>\n<\/div><\/div>[\/vc_column][\/vc_row][vc_row content_width=&#8221;grid&#8221; el_id=&#8221;customers&#8221; css=&#8221;.vc_custom_1629311955339{margin-top: 4rem !important;margin-bottom: 1rem !important;}&#8221;][vc_column]<div class=\"mkd-elements-holder mkd-responsive-mode-768\" ><div class=\"mkd-elements-holder-item \"  >\n\t<div class=\"mkd-elements-holder-item-inner\">\n\t\t<div class=\"mkd-elements-holder-item-content mkd-elements-holder-custom-266191\" >\n\t\t\t\t\t\t[vc_column_text css=&#8221;.vc_custom_1639156487558{margin-bottom: 2rem !important;}&#8221;]<\/p>\n<h2>Clientes<\/h2>\n<p>[\/vc_column_text]\t\t<\/div>\n\t<\/div>\n<\/div><\/div>[vc_single_image image=&#8221;15770&#8243; img_size=&#8221;full&#8221;][\/vc_column][\/vc_row][vc_row content_width=&#8221;grid&#8221; el_id=&#8221;facts&#8221; css=&#8221;.vc_custom_1629124011643{margin-top: 1rem !important;}&#8221;][vc_column]<div class=\"mkd-elements-holder mkd-responsive-mode-768\" ><div class=\"mkd-elements-holder-item \"  >\n\t<div class=\"mkd-elements-holder-item-inner\">\n\t\t<div class=\"mkd-elements-holder-item-content mkd-elements-holder-custom-468879\" >\n\t\t\t\t\t\t[vc_column_text]<\/p>\n<h2>Fatos sobre a Loram<\/h2>\n<p>[\/vc_column_text]\t\t<\/div>\n\t<\/div>\n<\/div><\/div>[\/vc_column][\/vc_row][vc_row content_width=&#8221;grid&#8221; css=&#8221;.vc_custom_1629896064798{margin-top: 1rem !important;}&#8221;][vc_column width=&#8221;1\/4&#8243;]<div class=\"mkd-elements-holder mkd-responsive-mode-768\" ><div class=\"mkd-elements-holder-item \"  >\n\t<div class=\"mkd-elements-holder-item-inner\">\n\t\t<div class=\"mkd-elements-holder-item-content mkd-elements-holder-custom-354967\" >\n\t\t\t\t\t\t\n<div class=\"mkd-counter-holder mkd-content-aligment-center\" >\n\n    <div class=\"mkd-counter-icon-holder\"><i class=\"mkd-icon-font-awesome fa fa-users \" style=\"font-size:50px\" ><\/i><\/div><!-- .mkd-accordion-icon-holder -->\n    <span class=\"mkd-counter random\" >\n\t\t+1,800\t<\/span>\n        <h4 class=\"mkd-counter-title\">\n    <\/h4>\n    <p class=\"mkd-counter-text\">Funcion\u00e1rios e Crescimentox<\/p>\n\n<\/div>\t\t<\/div>\n\t<\/div>\n<\/div><\/div>[\/vc_column][vc_column width=&#8221;1\/4&#8243;]<div class=\"mkd-elements-holder mkd-responsive-mode-768\" ><div class=\"mkd-elements-holder-item \"  >\n\t<div class=\"mkd-elements-holder-item-inner\">\n\t\t<div class=\"mkd-elements-holder-item-content mkd-elements-holder-custom-510553\" >\n\t\t\t\t\t\t\n<div class=\"mkd-counter-holder mkd-content-aligment-center\" >\n\n    <div class=\"mkd-counter-icon-holder\"><i class=\"mkd-icon-font-awesome fa fa-subway \" style=\"font-size:50px\" ><\/i><\/div><!-- .mkd-accordion-icon-holder -->\n    <span class=\"mkd-counter random\" >\n\t\t+250\t<\/span>\n        <h4 class=\"mkd-counter-title\">\n    <\/h4>\n    <p class=\"mkd-counter-text\">M\u00e1quinas no mundo inteiro<\/p>\n\n<\/div>\t\t<\/div>\n\t<\/div>\n<\/div><\/div>[\/vc_column][vc_column width=&#8221;1\/4&#8243;]<div class=\"mkd-elements-holder mkd-responsive-mode-768\" ><div class=\"mkd-elements-holder-item \"  >\n\t<div class=\"mkd-elements-holder-item-inner\">\n\t\t<div class=\"mkd-elements-holder-item-content mkd-elements-holder-custom-854763\" >\n\t\t\t\t\t\t\n<div class=\"mkd-counter-holder mkd-content-aligment-center\" >\n\n    <div class=\"mkd-counter-icon-holder\"><i class=\"mkd-icon-font-awesome fa fa-globe \" style=\"font-size:50px\" ><\/i><\/div><!-- .mkd-accordion-icon-holder -->\n    <span class=\"mkd-counter random\" >\n\t\t27\t<\/span>\n        <h4 class=\"mkd-counter-title\">\n    <\/h4>\n    <p class=\"mkd-counter-text\">Pa\u00edses com equipamentos Loram<\/p>\n\n<\/div>\t\t<\/div>\n\t<\/div>\n<\/div><\/div>[\/vc_column][vc_column width=&#8221;1\/4&#8243;]<div class=\"mkd-elements-holder mkd-responsive-mode-768\" ><div class=\"mkd-elements-holder-item \"  >\n\t<div class=\"mkd-elements-holder-item-inner\">\n\t\t<div class=\"mkd-elements-holder-item-content mkd-elements-holder-custom-909897\" >\n\t\t\t\t\t\t\n<div class=\"mkd-counter-holder mkd-content-aligment-center\" >\n\n    <div class=\"mkd-counter-icon-holder\"><i class=\"mkd-icon-font-awesome fa fa-users \" style=\"font-size:50px\" ><\/i><\/div><!-- .mkd-accordion-icon-holder -->\n    <span class=\"mkd-counter random\" >\n\t\t7\t<\/span>\n        <h4 class=\"mkd-counter-title\">\n    <\/h4>\n    <p class=\"mkd-counter-text\">Escrit\u00f3rios globais<\/p>\n\n<\/div>\t\t<\/div>\n\t<\/div>\n<\/div><\/div>[\/vc_column][\/vc_row][vc_row content_width=&#8221;grid&#8221; css=&#8221;.vc_custom_1629896055675{margin-bottom: 3rem !important;}&#8221;][vc_column width=&#8221;1\/4&#8243;]<div class=\"mkd-elements-holder mkd-responsive-mode-768\" ><div class=\"mkd-elements-holder-item \"  >\n\t<div class=\"mkd-elements-holder-item-inner\">\n\t\t<div class=\"mkd-elements-holder-item-content mkd-elements-holder-custom-306129\" >\n\t\t\t\t\t\t\n<div class=\"mkd-counter-holder mkd-content-aligment-center\" >\n\n    <div class=\"mkd-counter-icon-holder\"><i class=\"mkd-icon-font-awesome fa fa-gear \" style=\"font-size:50px\" ><\/i><\/div><!-- .mkd-accordion-icon-holder -->\n    <span class=\"mkd-counter random\" >\n\t\t+3,000,000\t<\/span>\n        <h4 class=\"mkd-counter-title\">\n    <\/h4>\n    <p class=\"mkd-counter-text\">milhas passadas nos \u00faltimos 10 anos<\/p>\n\n<\/div>\t\t<\/div>\n\t<\/div>\n<\/div><\/div>[\/vc_column][vc_column width=&#8221;1\/4&#8243;]<div class=\"mkd-elements-holder mkd-responsive-mode-768\" ><div class=\"mkd-elements-holder-item \"  >\n\t<div class=\"mkd-elements-holder-item-inner\">\n\t\t<div class=\"mkd-elements-holder-item-content mkd-elements-holder-custom-475912\" >\n\t\t\t\t\t\t\n<div class=\"mkd-counter-holder mkd-content-aligment-center\" >\n\n    <div class=\"mkd-counter-icon-holder\"><i class=\"mkd-icon-font-awesome fa fa-subway \" style=\"font-size:50px\" ><\/i><\/div><!-- .mkd-accordion-icon-holder -->\n    <span class=\"mkd-counter random\" >\n\t\t88,000\t<\/span>\n        <h4 class=\"mkd-counter-title\">\n    <\/h4>\n    <p class=\"mkd-counter-text\">milhas limpas de lastro na \u00faltima d\u00e9cada<\/p>\n\n<\/div>\t\t<\/div>\n\t<\/div>\n<\/div><\/div>[\/vc_column][vc_column width=&#8221;1\/4&#8243;]<div class=\"mkd-elements-holder mkd-responsive-mode-768\" ><div class=\"mkd-elements-holder-item \"  >\n\t<div class=\"mkd-elements-holder-item-inner\">\n\t\t<div class=\"mkd-elements-holder-item-content mkd-elements-holder-custom-180977\" >\n\t\t\t\t\t\t\n<div class=\"mkd-counter-holder mkd-content-aligment-center\" >\n\n    <div class=\"mkd-counter-icon-holder\"><i class=\"mkd-icon-font-awesome fa fa-subway \" style=\"font-size:50px\" ><\/i><\/div><!-- .mkd-accordion-icon-holder -->\n    <span class=\"mkd-counter random\" >\n\t\t+3,000\t<\/span>\n        <h4 class=\"mkd-counter-title\">\n    <\/h4>\n    <p class=\"mkd-counter-text\">Unidades de gerenciamento de atrito<\/p>\n\n<\/div>\t\t<\/div>\n\t<\/div>\n<\/div><\/div>[\/vc_column][vc_column width=&#8221;1\/4&#8243;]<div class=\"mkd-elements-holder mkd-responsive-mode-768\" ><div class=\"mkd-elements-holder-item \"  >\n\t<div class=\"mkd-elements-holder-item-inner\">\n\t\t<div class=\"mkd-elements-holder-item-content mkd-elements-holder-custom-487943\" >\n\t\t\t\t\t\t\n<div class=\"mkd-counter-holder mkd-content-aligment-center\" >\n\n    <div class=\"mkd-counter-icon-holder\"><i class=\"mkd-icon-font-awesome fa fa-star \" style=\"font-size:50px\" ><\/i><\/div><!-- .mkd-accordion-icon-holder -->\n    <span class=\"mkd-counter random\" >\n\t\t98%\t<\/span>\n        <h4 class=\"mkd-counter-title\">\n    <\/h4>\n    <p class=\"mkd-counter-text\">Confiabilidade da m\u00e1quina<\/p>\n\n<\/div>\t\t<\/div>\n\t<\/div>\n<\/div><\/div>[\/vc_column][\/vc_row][vc_row css=&#8221;.vc_custom_1629309029681{margin-top: 0px !important;margin-bottom: 0px !important;padding-top: 0px !important;padding-bottom: 0px !important;}&#8221;][vc_column]<div class=\"mkd-elements-holder mkd-responsive-mode-768\" ><div class=\"mkd-elements-holder-item \"  >\n\t<div class=\"mkd-elements-holder-item-inner\">\n\t\t<div class=\"mkd-elements-holder-item-content mkd-elements-holder-custom-247601\" >\n\t\t\t\t\t\t[vc_empty_space height=&#8221;0&#8243;]\t\t<\/div>\n\t<\/div>\n<\/div><\/div>[\/vc_column][\/vc_row]<\/p>\n<\/div>","protected":false},"excerpt":{"rendered":"<p>[vc_row content_width=&#8221;grid&#8221; css=&#8221;.vc_custom_1629123988188{margin-top: 0px !important;margin-bottom: 1rem !important;}&#8221;][vc_column width=&#8221;1\/4&#8243;][vc_widget_sidebar sidebar_id=&#8221;sidebar&#8221;][\/vc_column][vc_column width=&#8221;3\/4&#8243; el_class=&#8221;product-intro&#8221;][\/vc_column][\/vc_row][vc_row content_width=&#8221;grid&#8221; el_id=&#8221;values&#8221; css=&#8221;.vc_custom_1629308937915{margin-top: 1rem !important;}&#8221;][vc_column][\/vc_column][\/vc_row][vc_row content_width=&#8221;grid&#8221; css=&#8221;.vc_custom_1629123974519{margin-bottom: 1rem !important;}&#8221;][vc_column][\/vc_column][\/vc_row][vc_row content_width=&#8221;grid&#8221; css=&#8221;.vc_custom_1629124234046{margin-bottom: 3rem !important;}&#8221;][vc_column][\/vc_column][\/vc_row][vc_row content_width=&#8221;grid&#8221; css=&#8221;.vc_custom_1629123967195{margin-top: 1rem !important;margin-bottom: 1rem !important;}&#8221;][vc_column&#8230;<\/p>\n","protected":false},"author":3,"featured_media":0,"parent":0,"menu_order":-50,"comment_status":"closed","ping_status":"closed","template":"template-subcategory.php","meta":{"footnotes":""},"class_list":["post-6684","page","type-page","status-publish","hentry"],"_links":{"self":[{"href":"https:\/\/loram.com\/pt-br\/wp-json\/wp\/v2\/pages\/6684","targetHints":{"allow":["GET"]}}],"collection":[{"href":"https:\/\/loram.com\/pt-br\/wp-json\/wp\/v2\/pages"}],"about":[{"href":"https:\/\/loram.com\/pt-br\/wp-json\/wp\/v2\/types\/page"}],"author":[{"embeddable":true,"href":"https:\/\/loram.com\/pt-br\/wp-json\/wp\/v2\/users\/3"}],"replies":[{"embeddable":true,"href":"https:\/\/loram.com\/pt-br\/wp-json\/wp\/v2\/comments?post=6684"}],"version-history":[{"count":20,"href":"https:\/\/loram.com\/pt-br\/wp-json\/wp\/v2\/pages\/6684\/revisions"}],"predecessor-version":[{"id":21171,"href":"https:\/\/loram.com\/pt-br\/wp-json\/wp\/v2\/pages\/6684\/revisions\/21171"}],"wp:attachment":[{"href":"https:\/\/loram.com\/pt-br\/wp-json\/wp\/v2\/media?parent=6684"}],"curies":[{"name":"wp","href":"https:\/\/api.w.org\/{rel}","templated":true}]}}