{"id":6675,"date":"2021-12-03T08:38:23","date_gmt":"2021-12-03T14:38:23","guid":{"rendered":"https:\/\/loram.com\/?page_id=6675"},"modified":"2021-12-16T09:26:24","modified_gmt":"2021-12-16T15:26:24","slug":"marketplace","status":"publish","type":"page","link":"https:\/\/loram.com\/pt-br\/marketplace\/","title":{"rendered":"Marketplace"},"content":{"rendered":"<div class=\"wpb-content-wrapper\"><p>[vc_row content_width=&#8221;grid&#8221;][vc_column width=&#8221;1\/4&#8243;][vc_widget_sidebar sidebar_id=&#8221;sidebar&#8221;][\/vc_column][vc_column width=&#8221;3\/4&#8243;][vc_column_text]Para ajudar nossos clientes a manter a confiabilidade da m\u00e1quina e aplicar os melhores m\u00e9todos de manuten\u00e7\u00e3o, a Loram identifica cuidadosamente os melhores componentes de reposi\u00e7\u00e3o e consum\u00edveis para sua m\u00e1quina e os disponibiliza de forma conveniente e f\u00e1cil. O Loram Marketplace oferece a nossos clientes OEM acesso 24 horas por dia, 7 dias por semana \u00e0s informa\u00e7\u00f5es e pedidos de pe\u00e7as, manuais, desenhos, boletins de servi\u00e7o de suas m\u00e1quinas e muito mais.[\/vc_column_text][vc_empty_space height=&#8221;45px&#8221;][\/vc_column][\/vc_row][vc_row content_width=&#8221;grid&#8221; css=&#8221;.vc_custom_1626899726287{margin-top: 1rem !important;}&#8221;][vc_column]<div class=\"mkd-elements-holder mkd-responsive-mode-768\" ><div class=\"mkd-elements-holder-item \"  >\n\t<div class=\"mkd-elements-holder-item-inner\">\n\t\t<div class=\"mkd-elements-holder-item-content mkd-elements-holder-custom-654402\" >\n\t\t\t\t\t\t[vc_column_text]<\/p>\n<h2>Servi\u00e7os Adicionais de P\u00f3s-venda<\/h2>\n<p>[\/vc_column_text]\t\t<\/div>\n\t<\/div>\n<\/div><\/div>[\/vc_column][\/vc_row][vc_row content_width=&#8221;grid&#8221; css=&#8221;.vc_custom_1626899718098{margin-top: 1rem !important;margin-bottom: 3rem !important;}&#8221;][vc_column width=&#8221;1\/2&#8243;]<div class=\"mkd-elements-holder mkd-responsive-mode-768\" ><div class=\"mkd-elements-holder-item mkd-vertical-alignment-top\"  >\n\t<div class=\"mkd-elements-holder-item-inner\">\n\t\t<div class=\"mkd-elements-holder-item-content mkd-elements-holder-custom-844725\" >\n\t\t\t\t\t\t[vc_column_text css=&#8221;.vc_custom_1639071688813{margin-bottom: 1.5rem !important;}&#8221;]Queremos que voc\u00ea aproveite o m\u00e1ximo do seu investimento em equipamentos de manuten\u00e7\u00e3o ferrovi\u00e1ria. A maximiza\u00e7\u00e3o de seu retorno pode exigir treinamento adicional, suporte t\u00e9cnico ou acesso a especialistas. A Loram pode fornecer servi\u00e7os para atender a cada necessidade. Este suporte lhe d\u00e1 a capacidade de manter a confiabilidade de sua m\u00e1quina e aplicar as melhores pr\u00e1ticas de manuten\u00e7\u00e3o para prolongar a vida \u00fatil de seu trilho.<\/p>\n<p>Se voc\u00ea estiver interessado em obter servi\u00e7os de p\u00f3s-venda adicionais para o seu equipamento Loram, <a href=\"moilto: marketplace@loram.com\">entre em contato<\/a>.[\/vc_column_text]<a itemprop=\"url\" href=\"https:\/\/documoto.digabit.com\/ui\/login?ok=aujtiP%20\" target=\"_self\"  class=\"mkd-btn mkd-btn-medium mkd-btn-solid\"  >\n    <span class=\"mkd-btn-text\">Login do cliente<\/span>\n    <\/a>\t\t<\/div>\n\t<\/div>\n<\/div><\/div>[\/vc_column][vc_column width=&#8221;1\/2&#8243;]<div class=\"mkd-elements-holder mkd-responsive-mode-768\" ><div class=\"mkd-elements-holder-item mkd-vertical-alignment-top\"  >\n\t<div class=\"mkd-elements-holder-item-inner\">\n\t\t<div class=\"mkd-elements-holder-item-content mkd-elements-holder-custom-465874\" >\n\t\t\t\t\t\t[vc_column_text]<\/p>\n<h3>Suporte de treinamento<\/h3>\n<p>Treinamentos adicionais, seja em opera\u00e7\u00f5es e manuten\u00e7\u00e3o b\u00e1sica da m\u00e1quina ou em t\u00f3picos avan\u00e7ados, est\u00e3o prontamente dispon\u00edveis na Loram durante toda a vida \u00fatil de sua m\u00e1quina.<\/p>\n<h3>Suporte de servi\u00e7o t\u00e9cnico<\/h3>\n<p>Tirar o m\u00e1ximo proveito de seu investimento pode ocasionalmente exigir os servi\u00e7os de um t\u00e9cnico, engenheiro ou especialista. Disponibilizamos suporte t\u00e9cnico remoto e suporte no local anualmente, podendo ser usados para treinamento ou avalia\u00e7\u00f5es de m\u00e1quinas.<\/p>\n<h3>Projeto de m\u00e1quinas\/Reformas\/Atualiza\u00e7\u00f5es<\/h3>\n<p>Projeto de m\u00e1quinas, renova\u00e7\u00f5es ou atualiza\u00e7\u00f5es alternativas s\u00e3o \u00e0s vezes identificados pela Loram ou por nossos clientes. A equipe de especialistas da Loram est\u00e1 apta a analisar e fornecer solu\u00e7\u00f5es para qualquer solicita\u00e7\u00e3o.[\/vc_column_text]\t\t<\/div>\n\t<\/div>\n<\/div><\/div>[\/vc_column][\/vc_row][vc_row content_width=&#8221;grid&#8221; css=&#8221;.vc_custom_1626899697498{margin-top: 0px !important;margin-bottom: 0px !important;padding-top: 0px !important;padding-bottom: 0px !important;}&#8221;][vc_column]<div class=\"mkd-elements-holder mkd-responsive-mode-768\" ><div class=\"mkd-elements-holder-item \"  >\n\t<div class=\"mkd-elements-holder-item-inner\">\n\t\t<div class=\"mkd-elements-holder-item-content mkd-elements-holder-custom-680218\" >\n\t\t\t\t\t\t[vc_empty_space height=&#8221;0&#8243;]\t\t<\/div>\n\t<\/div>\n<\/div><\/div>[\/vc_column][\/vc_row]<\/p>\n<\/div>","protected":false},"excerpt":{"rendered":"<p>[vc_row content_width=&#8221;grid&#8221;][vc_column width=&#8221;1\/4&#8243;][vc_widget_sidebar sidebar_id=&#8221;sidebar&#8221;][\/vc_column][vc_column width=&#8221;3\/4&#8243;][vc_column_text]Para ajudar nossos clientes a manter a confiabilidade da m\u00e1quina e aplicar os melhores m\u00e9todos de manuten\u00e7\u00e3o, a Loram identifica cuidadosamente os melhores componentes de reposi\u00e7\u00e3o&#8230;<\/p>\n","protected":false},"author":3,"featured_media":0,"parent":0,"menu_order":-70,"comment_status":"closed","ping_status":"closed","template":"template-primary.php","meta":{"footnotes":""},"class_list":["post-6675","page","type-page","status-publish","hentry"],"_links":{"self":[{"href":"https:\/\/loram.com\/pt-br\/wp-json\/wp\/v2\/pages\/6675","targetHints":{"allow":["GET"]}}],"collection":[{"href":"https:\/\/loram.com\/pt-br\/wp-json\/wp\/v2\/pages"}],"about":[{"href":"https:\/\/loram.com\/pt-br\/wp-json\/wp\/v2\/types\/page"}],"author":[{"embeddable":true,"href":"https:\/\/loram.com\/pt-br\/wp-json\/wp\/v2\/users\/3"}],"replies":[{"embeddable":true,"href":"https:\/\/loram.com\/pt-br\/wp-json\/wp\/v2\/comments?post=6675"}],"version-history":[{"count":2,"href":"https:\/\/loram.com\/pt-br\/wp-json\/wp\/v2\/pages\/6675\/revisions"}],"predecessor-version":[{"id":6879,"href":"https:\/\/loram.com\/pt-br\/wp-json\/wp\/v2\/pages\/6675\/revisions\/6879"}],"wp:attachment":[{"href":"https:\/\/loram.com\/pt-br\/wp-json\/wp\/v2\/media?parent=6675"}],"curies":[{"name":"wp","href":"https:\/\/api.w.org\/{rel}","templated":true}]}}