{"id":6648,"date":"2021-12-03T08:32:23","date_gmt":"2021-12-03T14:32:23","guid":{"rendered":"https:\/\/loram.com\/?page_id=6648"},"modified":"2022-02-15T10:38:33","modified_gmt":"2022-02-15T16:38:33","slug":"high-resolution-camera","status":"publish","type":"page","link":"https:\/\/loram.com\/pt-br\/inspection-optimization\/monitoring-engineering\/products-specifications\/high-resolution-camera\/","title":{"rendered":"C\u00e2mera De Alta Resolu\u00e7\u00e3o"},"content":{"rendered":"<div class=\"wpb-content-wrapper\"><p>[vc_row content_width=&#8221;grid&#8221; css=&#8221;.vc_custom_1629396510795{margin-bottom: 3rem !important;}&#8221;][vc_column width=&#8221;1\/4&#8243;][vc_widget_sidebar sidebar_id=&#8221;sidebar&#8221;][\/vc_column][vc_column width=&#8221;3\/4&#8243;][vc_column_text]<\/p>\n<h2><strong>SIM1 (C\u00e2mera de monitoramento estrutural)<\/strong><\/h2>\n<ul>\n<li><span style=\"font-weight: 400;\">C\u00e2mera constru\u00edda para opera\u00e7\u00e3o com a s\u00e9rie de produtos SENSR SGC1\/SR1<\/span><\/li>\n<li><span style=\"font-weight: 400;\">A energia e os dados necess\u00e1rios para enviar v\u00eddeo s\u00e3o significativos, simplesmente enviar todo o v\u00eddeo para a nuvem n\u00e3o \u00e9 poss\u00edvel de um ponto de vista pr\u00e1tico<\/span><\/li>\n<li><span style=\"font-weight: 400;\">SIM1 armazena imagens em miniatura para uso em monitoramento<\/span><\/li>\n<li><span style=\"font-weight: 400;\">O SIM1 armazena pequenos segmentos de v\u00eddeo localmente e pode ser solicitado a enviar estes v\u00eddeos para a plataforma de nuvem quando um impacto \u00e9 detectado<\/span><\/li>\n<li><span style=\"font-weight: 400;\">Ter o v\u00eddeo para corresponder com os dados do sensor \u00e9 incrivelmente valioso ao analisar os dados do aceler\u00f4metro<\/span><\/li>\n<li><span style=\"font-weight: 400;\">M\u00f3dulo CPU SENSR (Atmel SAMA5D2) com sistema operacional Linux e software constru\u00eddo usando Yocto, tamb\u00e9m Microchip ARM Cortex M0+ com firmware tradicional na placa MPPT<\/span><\/li>\n<li><span style=\"font-weight: 400;\">C\u00e2mera constru\u00edda para opera\u00e7\u00e3o com a s\u00e9rie de produtos SENSR SGC1\/SR1<\/span><\/li>\n<li><span style=\"font-weight: 400;\">A energia e os dados necess\u00e1rios para enviar v\u00eddeo s\u00e3o significativos, simplesmente enviar todo o v\u00eddeo para a nuvem n\u00e3o \u00e9 poss\u00edvel de um ponto de vista pr\u00e1tico<\/span><\/li>\n<li><span style=\"font-weight: 400;\">SIM1 armazena imagens em miniatura para uso em monitoramento<\/span><\/li>\n<li><span style=\"font-weight: 400;\">O SIM1 armazena pequenos segmentos de v\u00eddeo localmente e pode ser solicitado a enviar estes v\u00eddeos para a plataforma de nuvem quando um impacto \u00e9 detectado<\/span><\/li>\n<li><span style=\"font-weight: 400;\">Ter o v\u00eddeo para corresponder com os dados do sensor \u00e9 incrivelmente valioso ao analisar os dados do aceler\u00f4metro<\/span><\/li>\n<li><span style=\"font-weight: 400;\">M\u00f3dulo CPU SENSR (Atmel SAMA5D2) com sistema operacional Linux e software constru\u00eddo usando Yocto, tamb\u00e9m Microchip ARM Cortex M0+ com firmware tradicional na placa MPPT<\/span><\/li>\n<\/ul>\n<p>[\/vc_column_text][vc_gallery interval=&#8221;3&#8243; images=&#8221;7188,7185,7183&#8243; img_size=&#8221;1800&#215;900&#8243; css=&#8221;.vc_custom_1629396498930{margin-top: 2rem !important;}&#8221;][\/vc_column][\/vc_row][vc_row css=&#8221;.vc_custom_1629396473469{margin-top: 0px !important;margin-bottom: 0px !important;padding-top: 0px !important;padding-bottom: 0px !important;}&#8221;][vc_column]<div class=\"mkd-elements-holder mkd-responsive-mode-768\" ><div class=\"mkd-elements-holder-item \"  >\n\t<div class=\"mkd-elements-holder-item-inner\">\n\t\t<div class=\"mkd-elements-holder-item-content mkd-elements-holder-custom-247500\" >\n\t\t\t\t\t\t[vc_empty_space height=&#8221;0&#8243;]\t\t<\/div>\n\t<\/div>\n<\/div><\/div>[\/vc_column][\/vc_row]<\/p>\n<\/div>","protected":false},"excerpt":{"rendered":"<p>[vc_row content_width=&#8221;grid&#8221; css=&#8221;.vc_custom_1629396510795{margin-bottom: 3rem !important;}&#8221;][vc_column width=&#8221;1\/4&#8243;][vc_widget_sidebar sidebar_id=&#8221;sidebar&#8221;][\/vc_column][vc_column width=&#8221;3\/4&#8243;][vc_column_text] SIM1 (C\u00e2mera de monitoramento estrutural) C\u00e2mera constru\u00edda para opera\u00e7\u00e3o com a s\u00e9rie de produtos SENSR SGC1\/SR1 A energia e os dados necess\u00e1rios&#8230;<\/p>\n","protected":false},"author":3,"featured_media":0,"parent":6644,"menu_order":0,"comment_status":"closed","ping_status":"closed","template":"template-single-product.php","meta":{"footnotes":""},"class_list":["post-6648","page","type-page","status-publish","hentry"],"_links":{"self":[{"href":"https:\/\/loram.com\/pt-br\/wp-json\/wp\/v2\/pages\/6648","targetHints":{"allow":["GET"]}}],"collection":[{"href":"https:\/\/loram.com\/pt-br\/wp-json\/wp\/v2\/pages"}],"about":[{"href":"https:\/\/loram.com\/pt-br\/wp-json\/wp\/v2\/types\/page"}],"author":[{"embeddable":true,"href":"https:\/\/loram.com\/pt-br\/wp-json\/wp\/v2\/users\/3"}],"replies":[{"embeddable":true,"href":"https:\/\/loram.com\/pt-br\/wp-json\/wp\/v2\/comments?post=6648"}],"version-history":[{"count":6,"href":"https:\/\/loram.com\/pt-br\/wp-json\/wp\/v2\/pages\/6648\/revisions"}],"predecessor-version":[{"id":10127,"href":"https:\/\/loram.com\/pt-br\/wp-json\/wp\/v2\/pages\/6648\/revisions\/10127"}],"up":[{"embeddable":true,"href":"https:\/\/loram.com\/pt-br\/wp-json\/wp\/v2\/pages\/6644"}],"wp:attachment":[{"href":"https:\/\/loram.com\/pt-br\/wp-json\/wp\/v2\/media?parent=6648"}],"curies":[{"name":"wp","href":"https:\/\/api.w.org\/{rel}","templated":true}]}}