{"id":6647,"date":"2021-12-03T08:32:18","date_gmt":"2021-12-03T14:32:18","guid":{"rendered":"https:\/\/loram.com\/?page_id=6647"},"modified":"2021-12-16T08:57:19","modified_gmt":"2021-12-16T14:57:19","slug":"gateways","status":"publish","type":"page","link":"https:\/\/loram.com\/pt-br\/inspection-optimization\/monitoring-engineering\/products-specifications\/gateways\/","title":{"rendered":"Gateways"},"content":{"rendered":"<div class=\"wpb-content-wrapper\"><p>[vc_row content_width=&#8221;grid&#8221;][vc_column width=&#8221;1\/4&#8243;][vc_widget_sidebar sidebar_id=&#8221;sidebar&#8221;][\/vc_column][vc_column width=&#8221;3\/4&#8243;][vc_column_text]<\/p>\n<h2><strong>Conecte dispositivos e sensores IoT para monitoramento e comunica\u00e7\u00e3o sem fio<\/strong><\/h2>\n<p><span style=\"font-weight: 400;\">Os Gateways da marca SENSR\u00ae da Loram Technologies permitem estabelecer uma rede de sensores sem fio para monitoramento, grava\u00e7\u00e3o e comunica\u00e7\u00e3o de dados a partir de locais remotos.<\/span>[\/vc_column_text][vc_empty_space height=&#8221;45px&#8221;][\/vc_column][\/vc_row][vc_row content_width=&#8221;grid&#8221; css=&#8221;.vc_custom_1628020167686{margin-top: 1rem !important;margin-bottom: 1rem !important;}&#8221;][vc_column width=&#8221;2\/3&#8243;][vc_column_text]<\/p>\n<h2><strong>SGC1 (Gateway de rede para hospedagem de sensores SR1, SIM1)<\/strong><\/h2>\n<ul>\n<li><span style=\"font-weight: 400;\">SGC1 hospeda dispositivos SR1 e SIM1, fornecendo energia e um gateway para a Internet<\/span><\/li>\n<li><span style=\"font-weight: 400;\">MPPT e circuito de controle de carga usado para gerenciar a sa\u00edda e o n\u00edvel da bateria do painel solar<\/span><\/li>\n<li><span style=\"font-weight: 400;\">Seis portas para sensores e uma porta auxiliar para possibilidadde de expans\u00e3o<\/span><\/li>\n<li><span style=\"font-weight: 400;\">M\u00f3dulo CPU SENSR (Atmel SAMA5D2) com sistema operacional Linux e software constru\u00eddo usando Yocto, tamb\u00e9m ON<\/span><\/li>\n<li><span style=\"font-weight: 400;\">Processador de semi imagens na placa de sensores<\/span><\/li>\n<\/ul>\n<p>[\/vc_column_text][\/vc_column][vc_column width=&#8221;1\/3&#8243;][vc_single_image image=&#8221;7155&#8243; img_size=&#8221;full&#8221;][\/vc_column][\/vc_row][vc_row content_width=&#8221;grid&#8221; css=&#8221;.vc_custom_1628020176338{margin-top: 1rem !important;margin-bottom: 1rem !important;}&#8221;][vc_column width=&#8221;2\/3&#8243;][vc_column_text]<\/p>\n<h2><strong>SNX-P4 (extensor\/expansor de rede para sensores CX1)<\/strong><\/h2>\n<ul>\n<li><span style=\"font-weight: 400;\">O SNA1 tem quatro portas PoE Ethernet e s\u00f3 pode ser conectado diretamente a quatro sensores CX1, mas o SNX-P4 pode ser usado para expandir uma porta para quatro portas<\/span><\/li>\n<li><span style=\"font-weight: 400;\">A caracter\u00edstica chave \u00e9 que o SNX-P4 \u00e9 um comutador Ethernet que \u00e9 alimentado por PoE, mas tamb\u00e9m alimenta dispositivos PoE posteriores<\/span><\/li>\n<\/ul>\n<p>[\/vc_column_text][\/vc_column][vc_column width=&#8221;1\/3&#8243;][vc_single_image image=&#8221;7154&#8243; img_size=&#8221;full&#8221;][\/vc_column][\/vc_row][vc_row content_width=&#8221;grid&#8221; css=&#8221;.vc_custom_1628020182355{margin-top: 1rem !important;margin-bottom: 1rem !important;}&#8221;][vc_column width=&#8221;2\/3&#8243;][vc_column_text]<\/p>\n<h2><strong>SNA1 (Aparelho para hospedar os sensores CX1)<\/strong><\/h2>\n<ul>\n<li><span style=\"font-weight: 400;\">O SNA1 permite que a SENSR disponha de um computador constru\u00eddo propositadamente para hospedar os sensores CX1<\/span><\/li>\n<li><span style=\"font-weight: 400;\">Incorpora gerenciamento de energia para o fornecimento de energia Power-over-Ethernet aos sensores CX1<\/span><\/li>\n<li><span style=\"font-weight: 400;\">Fornece um \u00fanico ponto de contato para os dados CX1<\/span><\/li>\n<li><span style=\"font-weight: 400;\">Registra os dados brutos do CX1, mas tamb\u00e9m pode filtrar e baixar os dados da amostra conforme configurado pelo usu\u00e1rio<\/span><\/li>\n<li><span style=\"font-weight: 400;\">Tamb\u00e9m resume os dados CX1 em intervalos de um minuto, para fornecer dados utiliz\u00e1veis sem transmiss\u00e3o excessiva<\/span><\/li>\n<li><span style=\"font-weight: 400;\">Calcula a m\u00e9trica de velocidade de pico da part\u00edcula a partir dos dados de acelera\u00e7\u00e3o<\/span><\/li>\n<li><span style=\"font-weight: 400;\">Computador de placa \u00fanica ADI VersaLogic Falcon\/Osprey com SO Linux e software constru\u00eddo usando Yocto, tamb\u00e9m tem uma placa de controle com TI MSP430 com firmware tradicional<\/span><i><span style=\"font-weight: 400;\">&lt;13455\/&gt;<\/span><\/i><span style=\"font-weight: 400;\">(apenas suporte)<\/span><\/li>\n<\/ul>\n<p>[\/vc_column_text][\/vc_column][vc_column width=&#8221;1\/3&#8243;][vc_single_image image=&#8221;7152&#8243; img_size=&#8221;full&#8221;][\/vc_column][\/vc_row][vc_row content_width=&#8221;grid&#8221; css=&#8221;.vc_custom_1628020189128{margin-top: 1rem !important;margin-bottom: 3rem !important;}&#8221;][vc_column width=&#8221;2\/3&#8243;][vc_column_text]<\/p>\n<h2><strong>SNOE20 (Inv\u00f3lucro exterior para SNA1)<\/strong><\/h2>\n<ul>\n<li><span style=\"font-weight: 400;\">A maioria dos aparelhos SNA1 est\u00e3o em uso em ambientes externos e conectados \u00e0 Internet atrav\u00e9s de um gateway celular<\/span><\/li>\n<li><span style=\"font-weight: 400;\">Este inv\u00f3lucro incorpora mais supress\u00e3o de raios, o fornecimento de energia para o SNA1 e o gateway celular em um inv\u00f3lucro \u00e0 prova de intemp\u00e9ries (apenas suporte)<\/span><\/li>\n<\/ul>\n<p>[\/vc_column_text][\/vc_column][vc_column width=&#8221;1\/3&#8243;][vc_single_image image=&#8221;7153&#8243; img_size=&#8221;full&#8221;][\/vc_column][\/vc_row][vc_row][vc_column width=&#8221;1\/4&#8243;][\/vc_column][vc_column width=&#8221;1\/2&#8243;]<div class=\"mkd-elements-holder mkd-responsive-mode-768\" ><div class=\"mkd-elements-holder-item \"  >\n\t<div class=\"mkd-elements-holder-item-inner\">\n\t\t<div class=\"mkd-elements-holder-item-content mkd-elements-holder-custom-336567\" >\n\t\t\t\t\t\t[vc_gallery interval=&#8221;3&#8243; images=&#8221;7188,7186,7184&#8243; img_size=&#8221;1800&#215;900&#8243; css=&#8221;.vc_custom_1629396393530{margin-top: 2rem !important;}&#8221;]\t\t<\/div>\n\t<\/div>\n<\/div><\/div>[\/vc_column][vc_column width=&#8221;1\/4&#8243;][\/vc_column][\/vc_row][vc_row css=&#8221;.vc_custom_1629396417083{margin-top: 0px !important;margin-bottom: 0px !important;padding-top: 0px !important;padding-bottom: 0px !important;}&#8221;][vc_column]<div class=\"mkd-elements-holder mkd-responsive-mode-768\" ><div class=\"mkd-elements-holder-item \"  >\n\t<div class=\"mkd-elements-holder-item-inner\">\n\t\t<div class=\"mkd-elements-holder-item-content mkd-elements-holder-custom-740607\" >\n\t\t\t\t\t\t[vc_empty_space height=&#8221;0&#8243;]\t\t<\/div>\n\t<\/div>\n<\/div><\/div>[\/vc_column][\/vc_row]<\/p>\n<\/div>","protected":false},"excerpt":{"rendered":"<p>[vc_row content_width=&#8221;grid&#8221;][vc_column width=&#8221;1\/4&#8243;][vc_widget_sidebar sidebar_id=&#8221;sidebar&#8221;][\/vc_column][vc_column width=&#8221;3\/4&#8243;][vc_column_text] Conecte dispositivos e sensores IoT para monitoramento e comunica\u00e7\u00e3o sem fio Os Gateways da marca SENSR\u00ae da Loram Technologies permitem estabelecer uma rede de sensores&#8230;<\/p>\n","protected":false},"author":3,"featured_media":0,"parent":6644,"menu_order":0,"comment_status":"closed","ping_status":"closed","template":"template-single-product.php","meta":{"footnotes":""},"class_list":["post-6647","page","type-page","status-publish","hentry"],"_links":{"self":[{"href":"https:\/\/loram.com\/pt-br\/wp-json\/wp\/v2\/pages\/6647","targetHints":{"allow":["GET"]}}],"collection":[{"href":"https:\/\/loram.com\/pt-br\/wp-json\/wp\/v2\/pages"}],"about":[{"href":"https:\/\/loram.com\/pt-br\/wp-json\/wp\/v2\/types\/page"}],"author":[{"embeddable":true,"href":"https:\/\/loram.com\/pt-br\/wp-json\/wp\/v2\/users\/3"}],"replies":[{"embeddable":true,"href":"https:\/\/loram.com\/pt-br\/wp-json\/wp\/v2\/comments?post=6647"}],"version-history":[{"count":4,"href":"https:\/\/loram.com\/pt-br\/wp-json\/wp\/v2\/pages\/6647\/revisions"}],"predecessor-version":[{"id":7742,"href":"https:\/\/loram.com\/pt-br\/wp-json\/wp\/v2\/pages\/6647\/revisions\/7742"}],"up":[{"embeddable":true,"href":"https:\/\/loram.com\/pt-br\/wp-json\/wp\/v2\/pages\/6644"}],"wp:attachment":[{"href":"https:\/\/loram.com\/pt-br\/wp-json\/wp\/v2\/media?parent=6647"}],"curies":[{"name":"wp","href":"https:\/\/api.w.org\/{rel}","templated":true}]}}