{"id":6645,"date":"2021-12-03T08:32:07","date_gmt":"2021-12-03T14:32:07","guid":{"rendered":"https:\/\/loram.com\/?page_id=6645"},"modified":"2023-11-02T14:19:34","modified_gmt":"2023-11-02T19:19:34","slug":"accelerometers-tiltmeters","status":"publish","type":"page","link":"https:\/\/loram.com\/pt-br\/inspection-optimization\/monitoring-engineering\/products-specifications\/accelerometers-tiltmeters\/","title":{"rendered":"Aceler\u00f4metros E Inclin\u00f4metros"},"content":{"rendered":"<div class=\"wpb-content-wrapper\"><p>[vc_row content_width=&#8221;grid&#8221;][vc_column width=&#8221;1\/4&#8243;][vc_widget_sidebar sidebar_id=&#8221;sidebar&#8221;][\/vc_column][vc_column width=&#8221;3\/4&#8243;][vc_column_text]<\/p>\n<h2><strong>Monitore continuamente as for\u00e7as de deslocamento est\u00e1tico e din\u00e2mico<\/strong><\/h2>\n<p><span style=\"font-weight: 400;\">Os aceler\u00f4metros e inclin\u00f5metros SENSR\u00ae da Loram Technologies fornecem uma vis\u00e3o cont\u00ednua da condi\u00e7\u00e3o estrutural das pontes e da infraestrutura ferrovi\u00e1ria, registrando deslocamentos est\u00e1ticos e din\u00e2micos de v\u00e1rios eixos com os mais altos n\u00edveis de precis\u00e3o e resolu\u00e7\u00e3o.<\/span>[\/vc_column_text][vc_empty_space height=&#8221;45px&#8221;][\/vc_column][\/vc_row][vc_row content_width=&#8221;grid&#8221; css=&#8221;.vc_custom_1628018895272{margin-top: 1rem !important;margin-bottom: 1rem !important;}&#8221;][vc_column width=&#8221;2\/3&#8243;][vc_column_text]<\/p>\n<h2><strong>GP1 (Aceler\u00f4metro program\u00e1vel, alimentado por bateria)<\/strong><\/h2>\n<ul>\n<li><span style=\"font-weight: 400;\">O aceler\u00f4metro program\u00e1vel original<\/span><\/li>\n<li><span style=\"font-weight: 400;\">Aceler\u00f4metros e elementos de sensoriamento de temperatura MEMS<\/span><\/li>\n<li><span style=\"font-weight: 400;\">A faixa de medi\u00e7\u00e3o do dispositivo original era de +\/- 10 g<\/span><\/li>\n<li><span style=\"font-weight: 400;\">A faixa de medi\u00e7\u00e3o da varia\u00e7\u00e3o -L \u00e9 de +\/- 6 g<\/span><\/li>\n<li><span style=\"font-weight: 400;\">A principal caracter\u00edstica que torna este dispositivo \u00fanico \u00e9 que a estrat\u00e9gia de grava\u00e7\u00e3o \u00e9 program\u00e1vel para que apenas duas c\u00e9lulas AA e uma quantidade razo\u00e1vel de mem\u00f3ria n\u00e3o vol\u00e1til possam operar por at\u00e9 v\u00e1rias semanas.<\/span><\/li>\n<li><span style=\"font-weight: 400;\">TI MSP430, firmware tradicional de microcontrolador<\/span><\/li>\n<\/ul>\n<p><!---[\/vc_column_text][\/vc_column][vc_column width=\"1\/3\"][vc_single_image image=\"7149\" img_size=\"full\"][\/vc_column][\/vc_row][vc_row content_width=\"grid\" css=\".vc_custom_1628018902663{margin-top: 1rem !important;margin-bottom: 1rem !important;}\"][vc_column width=\"2\/3\"][vc_column_text]\n\n\n<h2><strong>GP2 (Aceler\u00f4metro program\u00e1vel, com cabo USB)<\/strong><\/h2>\n\n\n\n\n<ul>\n \t\n\n<li><span style=\"font-weight: 400;\">Essencialmente um GP1 sem baterias e em um compartimento menor com cabo conector<\/span><\/li>\n\n\n \t\n\n<li><span style=\"font-weight: 400;\">Os clientes podem conectar o GP2 diretamente a um PC e obter leituras do aceler\u00f4metro sem equipamento adicional para aquisi\u00e7\u00e3o de dados<\/span><\/li>\n\n\n \t\n\n<li><span style=\"font-weight: 400;\">A faixa de medi\u00e7\u00e3o do dispositivo original era de +\/- 10 g<\/span><\/li>\n\n\n \t\n\n<li><span style=\"font-weight: 400;\">A faixa de medi\u00e7\u00e3o da varia\u00e7\u00e3o -L \u00e9 de +\/- 6 g<\/span><\/li>\n\n\n \t\n\n<li><span style=\"font-weight: 400;\">A varia\u00e7\u00e3o -X aumentou a taxa de amostragem de 100 amostras \/s para 400 amostras \/s, pois os dados puderam ser transmitidos para o PC e a mem\u00f3ria de bordo n\u00e3o era mais uma limita\u00e7\u00e3o.<\/span><\/li>\n\n\n \t\n\n<li><span style=\"font-weight: 400;\">TI MSP430, firmware tradicional de microcontrolador (somente suporte)<\/span><\/li>\n\n\n<\/ul>\n\n---><br \/>\n[\/vc_column_text][\/vc_column][vc_column width=&#8221;1\/3&#8243;][vc_single_image image=&#8221;7150&#8243; img_size=&#8221;full&#8221;][\/vc_column][\/vc_row][vc_row content_width=&#8221;grid&#8221; css=&#8221;.vc_custom_1628018909941{margin-top: 1rem !important;margin-bottom: 1rem !important;}&#8221;][vc_column width=&#8221;2\/3&#8243;][vc_column_text]<\/p>\n<h2><strong>CX1(PC conectado, aceler\u00f4metro de rede)<\/strong><\/h2>\n<ul>\n<li><span style=\"font-weight: 400;\">Aceler\u00f4metro conectado \u00e0 rede SENSR<\/span><\/li>\n<li><span style=\"font-weight: 400;\">O feedback do cliente desejando cabos mais longos e m\u00faltiplos sensores indicou que a adi\u00e7\u00e3o de uma interface Ethernet aumentaria muito a usabilidade dos aceler\u00f4metros 48 V Power-over-Ethernet para cumprir com as normas<\/span><\/li>\n<li><span style=\"font-weight: 400;\">O feedback do cliente tamb\u00e9m sugeriu que medi\u00e7\u00f5es de acelera\u00e7\u00e3o e inclina\u00e7\u00e3o de alta resolu\u00e7\u00e3o eram \u00fateis, portanto o CX1 utilizou aceler\u00f4metros de +\/- 1,5 g e incorporou sensores inclinom\u00e9tricos X e Y separados<\/span><\/li>\n<li><span style=\"font-weight: 400;\">Tentativa de otimizar a prote\u00e7\u00e3o contra riscos ambientais (umidade, incluindo submers\u00e3o, temperaturas quentes e frias, fen\u00f4menos de tens\u00e3o de raios) sem incorrer em muitos custos<\/span><\/li>\n<li><span style=\"font-weight: 400;\">Transmite dados de medi\u00e7\u00e3o de volta para um sistema host comunicando-se atrav\u00e9s do CX -APIAtmel AVR A0\/A1 (AT32UC3A0512) com o tradicional firmware do microcontrolador na placa do processador, TI MSP430 com o firmware tradicional do microcontrolador na placa do sensor<\/span><\/li>\n<\/ul>\n<p>[\/vc_column_text][\/vc_column][vc_column width=&#8221;1\/3&#8243;][vc_single_image image=&#8221;7118&#8243; img_size=&#8221;full&#8221;][\/vc_column][\/vc_row][vc_row content_width=&#8221;grid&#8221; css=&#8221;.vc_custom_1629396294738{margin-top: 1rem !important;margin-bottom: 1rem !important;}&#8221;][vc_column width=&#8221;2\/3&#8243;][vc_column_text]<\/p>\n<h2><strong>SR1 (Aceler\u00f4metro de rede)<\/strong><\/h2>\n<ul>\n<li><span style=\"font-weight: 400;\">Vers\u00e3o de segunda gera\u00e7\u00e3o do CX1<\/span><\/li>\n<li><span style=\"font-weight: 400;\">Projetado para o monitoramento estrutural, apenas interface Ethernet (sem USB)<\/span><\/li>\n<li><span style=\"font-weight: 400;\">Veda\u00e7\u00e3o com O-ring para submers\u00e3o prolongada<\/span><\/li>\n<li><span style=\"font-weight: 400;\">12 V passiva Power-over-Ethernet para ajudar a resistir a fen\u00f4menos transit\u00f3rios de tens\u00e3o<\/span><\/li>\n<li><span style=\"font-weight: 400;\">O computador de bordo tem recursos suficientes para processar os dados dos sensores em vez de apenas pass\u00e1-los para um sistema host<\/span><\/li>\n<li><span style=\"font-weight: 400;\">M\u00f3dulo CPU SENSR (Atmel SAMA5D2) com sistema operacional Linux e software constru\u00eddo usando Yocto, tamb\u00e9m -Microchip ARM Cortex M0+ com firmware tradicional na placa de sensores<\/span><\/li>\n<\/ul>\n<p>[\/vc_column_text][\/vc_column][vc_column width=&#8221;1\/3&#8243;][vc_single_image image=&#8221;7151&#8243; img_size=&#8221;full&#8221;][\/vc_column][\/vc_row][vc_row css=&#8221;.vc_custom_1629396288742{margin-top: 0px !important;margin-bottom: 3rem !important;padding-top: 0px !important;padding-bottom: 0px !important;}&#8221;][vc_column width=&#8221;1\/4&#8243;][\/vc_column][vc_column width=&#8221;1\/2&#8243;]<div class=\"mkd-elements-holder mkd-responsive-mode-768\" ><div class=\"mkd-elements-holder-item \"  >\n\t<div class=\"mkd-elements-holder-item-inner\">\n\t\t<div class=\"mkd-elements-holder-item-content mkd-elements-holder-custom-741289\" >\n\t\t\t\t\t\t[vc_gallery interval=&#8221;3&#8243; images=&#8221;7186,7187,7188&#8243; img_size=&#8221;1800&#215;900&#8243; css=&#8221;.vc_custom_1629755298127{margin-top: 2rem !important;}&#8221;]\t\t<\/div>\n\t<\/div>\n<\/div><\/div>[\/vc_column][vc_column width=&#8221;1\/4&#8243;][\/vc_column][\/vc_row][vc_row css=&#8221;.vc_custom_1629396224583{margin-top: 0px !important;margin-bottom: 0px !important;padding-top: 0px !important;padding-bottom: 0px !important;}&#8221;][vc_column]<div class=\"mkd-elements-holder mkd-responsive-mode-768\" ><div class=\"mkd-elements-holder-item \"  >\n\t<div class=\"mkd-elements-holder-item-inner\">\n\t\t<div class=\"mkd-elements-holder-item-content mkd-elements-holder-custom-375985\" >\n\t\t\t\t\t\t[vc_empty_space height=&#8221;0&#8243;]\t\t<\/div>\n\t<\/div>\n<\/div><\/div>[\/vc_column][\/vc_row]<\/p>\n<\/div>","protected":false},"excerpt":{"rendered":"<p>[vc_row content_width=&#8221;grid&#8221;][vc_column width=&#8221;1\/4&#8243;][vc_widget_sidebar sidebar_id=&#8221;sidebar&#8221;][\/vc_column][vc_column width=&#8221;3\/4&#8243;][vc_column_text] Monitore continuamente as for\u00e7as de deslocamento est\u00e1tico e din\u00e2mico Os aceler\u00f4metros e inclin\u00f5metros SENSR\u00ae da Loram Technologies fornecem uma vis\u00e3o cont\u00ednua da condi\u00e7\u00e3o estrutural das&#8230;<\/p>\n","protected":false},"author":3,"featured_media":0,"parent":6644,"menu_order":0,"comment_status":"closed","ping_status":"closed","template":"template-single-product.php","meta":{"footnotes":""},"class_list":["post-6645","page","type-page","status-publish","hentry"],"_links":{"self":[{"href":"https:\/\/loram.com\/pt-br\/wp-json\/wp\/v2\/pages\/6645","targetHints":{"allow":["GET"]}}],"collection":[{"href":"https:\/\/loram.com\/pt-br\/wp-json\/wp\/v2\/pages"}],"about":[{"href":"https:\/\/loram.com\/pt-br\/wp-json\/wp\/v2\/types\/page"}],"author":[{"embeddable":true,"href":"https:\/\/loram.com\/pt-br\/wp-json\/wp\/v2\/users\/3"}],"replies":[{"embeddable":true,"href":"https:\/\/loram.com\/pt-br\/wp-json\/wp\/v2\/comments?post=6645"}],"version-history":[{"count":8,"href":"https:\/\/loram.com\/pt-br\/wp-json\/wp\/v2\/pages\/6645\/revisions"}],"predecessor-version":[{"id":16090,"href":"https:\/\/loram.com\/pt-br\/wp-json\/wp\/v2\/pages\/6645\/revisions\/16090"}],"up":[{"embeddable":true,"href":"https:\/\/loram.com\/pt-br\/wp-json\/wp\/v2\/pages\/6644"}],"wp:attachment":[{"href":"https:\/\/loram.com\/pt-br\/wp-json\/wp\/v2\/media?parent=6645"}],"curies":[{"name":"wp","href":"https:\/\/api.w.org\/{rel}","templated":true}]}}