{"id":6644,"date":"2021-12-03T08:32:01","date_gmt":"2021-12-03T14:32:01","guid":{"rendered":"https:\/\/loram.com\/?page_id=6644"},"modified":"2021-12-16T15:53:47","modified_gmt":"2021-12-16T21:53:47","slug":"products-specifications","status":"publish","type":"page","link":"https:\/\/loram.com\/pt-br\/inspection-optimization\/monitoring-engineering\/products-specifications\/","title":{"rendered":"Produtos E Especifica\u00e7\u00f5es"},"content":{"rendered":"<div class=\"wpb-content-wrapper\"><p>[vc_row content_width=&#8221;grid&#8221; css=&#8221;.vc_custom_1623767783918{margin-top: 0px !important;margin-bottom: 4rem !important;}&#8221;][vc_column width=&#8221;1\/4&#8243;][vc_widget_sidebar sidebar_id=&#8221;sidebar&#8221;][\/vc_column][vc_column width=&#8221;3\/4&#8243;][vc_column_text][\/vc_column_text]<div class=\"mkd-elements-holder mkd-two-columns mkd-responsive-mode-768\" ><div class=\"mkd-elements-holder-item \"  >\n\t<div class=\"mkd-elements-holder-item-inner\">\n\t\t<div class=\"mkd-elements-holder-item-content mkd-elements-holder-custom-131446\" >\n\t\t\t\t\t\t[vc_column_text]<span style=\"font-weight: 400;\">Garantir a seguran\u00e7a e a disponibilidade de pontes e t\u00faneis requer olhos atentos.<\/span> <span style=\"font-weight: 400;\">As tecnologias SENSR da Loram est\u00e3o em guarda 24 horas por dia, todos os dias, para ajud\u00e1-lo a monitorar, capturar dados e avaliar a sa\u00fade e o status desses ativos essenciais e cr\u00edticos da infraestrutura ferrovi\u00e1ria.<\/span>[\/vc_column_text]\t\t<\/div>\n\t<\/div>\n<\/div><div class=\"mkd-elements-holder-item \"  >\n\t<div class=\"mkd-elements-holder-item-inner\">\n\t\t<div class=\"mkd-elements-holder-item-content mkd-elements-holder-custom-513097\" >\n\t\t\t\t\t\t[vc_single_image image=&#8221;7069&#8243; img_size=&#8221;full&#8221;]\t\t<\/div>\n\t<\/div>\n<\/div><\/div>[\/vc_column][\/vc_row][vc_row content_width=&#8221;grid&#8221; css=&#8221;.vc_custom_1623794254962{background-color: #000000 !important;}&#8221; el_class=&#8221;black-bar&#8221;][vc_column css=&#8221;.vc_custom_1626811311976{padding-top: 0.5rem !important;padding-bottom: 1rem !important;}&#8221;]<div class=\"mkd-elements-holder mkd-responsive-mode-768\" ><div class=\"mkd-elements-holder-item \"  >\n\t<div class=\"mkd-elements-holder-item-inner\">\n\t\t<div class=\"mkd-elements-holder-item-content mkd-elements-holder-custom-428545\" >\n\t\t\t\t\t\t[vc_column_text el_class=&#8221;sub-cat-landing-title-bar&#8221;]<span style=\"font-weight: 400;\">SOLU\u00c7\u00d5ES DE PLATAFORMAS DE MONITORAMENTO E ENGENHARIA LORAM<\/span>[\/vc_column_text]\t\t<\/div>\n\t<\/div>\n<\/div><\/div>[\/vc_column][\/vc_row][vc_row content_width=&#8221;grid&#8221; css=&#8221;.vc_custom_1623260206196{padding-top: 3rem !important;padding-bottom: 1rem !important;background-color: #e5e5e5 !important;}&#8221;][vc_column]<div class=\"mkd-elements-holder mkd-two-columns mkd-responsive-mode-768\" ><div class=\"mkd-elements-holder-item mkd-fade-in lazyload\" data-animation=\"mkd-fade-in\" style=\"background-image:inherit\" data-bg-image=\"url(https:\/\/loram.com\/wp-content\/uploads\/accelerometers-tiltmeters.jpg)\">\n\t<div class=\"mkd-elements-holder-item-inner\">\n\t\t<div class=\"mkd-elements-holder-item-content mkd-elements-holder-custom-520452\" style=\"padding: 0 0 0 0\">\n\t\t\t\t\t\t[vc_empty_space height=&#8221;348px&#8221;]\t\t<\/div>\n\t<\/div>\n<\/div><div class=\"mkd-elements-holder-item mkd-fade-in\" data-animation=\"mkd-fade-in\" >\n\t<div class=\"mkd-elements-holder-item-inner\">\n\t\t<div class=\"mkd-elements-holder-item-content mkd-elements-holder-custom-831701\" style=\"padding: 2rem 4rem 3.5rem 4rem\">\n\t\t\t\t\t\t<div class=\"mkd-st \">\n    <div class=\"mkd-st-inner\">\n        <div class=\"mkd-st-title-holder\">\n            <h2 class=\"mkd-st-title\">\n            <span>Aceler\u00f4metros e Inclin\u00f4metros<\/span>\n        <\/h2>\n    <\/div>\n\n    \n    <div class=\"mkd-st-text-holder\" >\n        <span class=\"mkd-st-text-text\"><span style=\"font-weight: 400;\">Registradores de campo remotos para medi\u00e7\u00e3o e coleta de dados de movimento din\u00e2mico e vibra\u00e7\u00e3o.<\/span><\/span>\n    <\/div>\n<\/div>\n<\/div>[vc_empty_space height=&#8221;24px&#8221;]<a itemprop=\"url\" href=\"\/pt-br\/inspection-and-optimization\/monitoring-and-engineering\/products-specifications\/accelerometers-tiltmeters\/\" target=\"_self\"  class=\"mkd-btn mkd-btn-medium mkd-btn-solid\"  >\n    <span class=\"mkd-btn-text\">Saiba mais<\/span>\n    <\/a>\t\t<\/div>\n\t<\/div>\n<\/div><\/div>[\/vc_column][\/vc_row][vc_row content_width=&#8221;grid&#8221; css=&#8221;.vc_custom_1623260313185{padding-top: 1rem !important;padding-bottom: 1rem !important;background-color: #e5e5e5 !important;}&#8221;][vc_column]<div class=\"mkd-elements-holder mkd-two-columns mkd-responsive-mode-768\" ><div class=\"mkd-elements-holder-item mkd-fade-in lazyload\" data-animation=\"mkd-fade-in\" style=\"background-image:inherit\" data-bg-image=\"url(https:\/\/loram.com\/wp-content\/uploads\/sgc1-gateway.jpg)\">\n\t<div class=\"mkd-elements-holder-item-inner\">\n\t\t<div class=\"mkd-elements-holder-item-content mkd-elements-holder-custom-288587\" style=\"padding: 0 0 0 0\">\n\t\t\t\t\t\t[vc_empty_space height=&#8221;348px&#8221;]\t\t<\/div>\n\t<\/div>\n<\/div><div class=\"mkd-elements-holder-item mkd-fade-in\" data-animation=\"mkd-fade-in\" >\n\t<div class=\"mkd-elements-holder-item-inner\">\n\t\t<div class=\"mkd-elements-holder-item-content mkd-elements-holder-custom-623800\" style=\"padding: 2rem 4rem 3.5rem 4rem\">\n\t\t\t\t\t\t<div class=\"mkd-st \">\n    <div class=\"mkd-st-inner\">\n        <div class=\"mkd-st-title-holder\">\n            <h2 class=\"mkd-st-title\">\n            <span>Gateways<\/span>\n        <\/h2>\n    <\/div>\n\n    \n    <div class=\"mkd-st-text-holder\" >\n        <span class=\"mkd-st-text-text\"><span style=\"font-weight: 400;\">Conecte e hospede sensores m\u00faltiplos de campo para fornecer energia e conectividade com a Internet.<\/span><\/span>\n    <\/div>\n<\/div>\n<\/div>[vc_empty_space height=&#8221;24px&#8221;]<a itemprop=\"url\" href=\"\/pt-br\/inspection-and-optimization\/monitoring-and-engineering\/products-specifications\/gateways\/\" target=\"_self\"  class=\"mkd-btn mkd-btn-medium mkd-btn-solid\"  >\n    <span class=\"mkd-btn-text\">Saiba mais<\/span>\n    <\/a>\t\t<\/div>\n\t<\/div>\n<\/div><\/div>[\/vc_column][\/vc_row][vc_row content_width=&#8221;grid&#8221; css=&#8221;.vc_custom_1623260313185{padding-top: 1rem !important;padding-bottom: 1rem !important;background-color: #e5e5e5 !important;}&#8221;][vc_column]<div class=\"mkd-elements-holder mkd-two-columns mkd-responsive-mode-768\" ><div class=\"mkd-elements-holder-item mkd-fade-in lazyload\" data-animation=\"mkd-fade-in\" style=\"background-image:inherit\" data-bg-image=\"url(https:\/\/loram.com\/wp-content\/uploads\/sim1-high-resolution-camera.jpg)\">\n\t<div class=\"mkd-elements-holder-item-inner\">\n\t\t<div class=\"mkd-elements-holder-item-content mkd-elements-holder-custom-545220\" style=\"padding: 0 0 0 0\">\n\t\t\t\t\t\t[vc_empty_space height=&#8221;348px&#8221;]\t\t<\/div>\n\t<\/div>\n<\/div><div class=\"mkd-elements-holder-item mkd-fade-in\" data-animation=\"mkd-fade-in\" >\n\t<div class=\"mkd-elements-holder-item-inner\">\n\t\t<div class=\"mkd-elements-holder-item-content mkd-elements-holder-custom-538929\" style=\"padding: 2rem 4rem 3.5rem 4rem\">\n\t\t\t\t\t\t<div class=\"mkd-st \">\n    <div class=\"mkd-st-inner\">\n        <div class=\"mkd-st-title-holder\">\n            <h2 class=\"mkd-st-title\">\n            <span>C\u00e2mera de alta resolu\u00e7\u00e3o<\/span>\n        <\/h2>\n    <\/div>\n\n    \n    <div class=\"mkd-st-text-holder\" >\n        <span class=\"mkd-st-text-text\"><span style=\"font-weight: 400;\">A valiosa verifica\u00e7\u00e3o visual e monitoramento corresponde aos dados do sensor para uma melhor an\u00e1lise do aceler\u00f4metro.<\/span><\/span>\n    <\/div>\n<\/div>\n<\/div>[vc_empty_space height=&#8221;24px&#8221;]<a itemprop=\"url\" href=\"\/pt-br\/inspection-and-optimization\/monitoring-and-engineering\/products-specifications\/high-resolution-camera\/\" target=\"_self\"  class=\"mkd-btn mkd-btn-medium mkd-btn-solid\"  >\n    <span class=\"mkd-btn-text\">Saiba mais<\/span>\n    <\/a>\t\t<\/div>\n\t<\/div>\n<\/div><\/div>[\/vc_column][\/vc_row][vc_row content_width=&#8221;grid&#8221; content_aligment=&#8221;center&#8221; el_class=&#8221;learn-how-we-help&#8221; css=&#8221;.vc_custom_1627057219307{margin-top: 1rem !important;margin-bottom: 3rem !important;padding-right: 0px !important;padding-left: 0px !important;background-image: url(https:\/\/loram.com\/wp-content\/uploads\/learn-how-we-can-help-technology.jpg?id=4512) !important;background-position: center !important;background-repeat: no-repeat !important;background-size: cover !important;}&#8221;][vc_column css=&#8221;.vc_custom_1623260528726{padding-top: 6rem !important;padding-right: 0px !important;padding-bottom: 3rem !important;padding-left: 0px !important;}&#8221;]<div class=\"mkd-elements-holder mkd-responsive-mode-768\" ><div class=\"mkd-elements-holder-item \"  >\n\t<div class=\"mkd-elements-holder-item-inner\">\n\t\t<div class=\"mkd-elements-holder-item-content mkd-elements-holder-custom-867043\" >\n\t\t\t\t\t\t<div class=\"mkd-st \">\n    <div class=\"mkd-st-inner\">\n        <div class=\"mkd-st-title-holder\">\n            <h2 class=\"mkd-st-title\">\n            <span>Ningu\u00e9m conhece melhor os trilhos<\/span>\n        <\/h2>\n    <\/div>\n\n    \n    <div class=\"mkd-st-text-holder\" >\n        <span class=\"mkd-st-text-text\"><span style=\"font-weight: 400;\">A Loram est\u00e1 liderando a transforma\u00e7\u00e3o digital da manuten\u00e7\u00e3o ferrovi\u00e1ria atrav\u00e9s de nosso avan\u00e7ado portf\u00f3lio de tecnologias de inspe\u00e7\u00e3o, monitoramento em tempo real e solu\u00e7\u00f5es de otimiza\u00e7\u00e3o para a efici\u00eancia orientada pelos dados.<\/span> Call +1 (512) 869-1542 or contact our technical sales team. <span style=\"font-weight: 400;\">Ligue para +1 (512) 869-1542 ou entre em contato com nossa equipe t\u00e9cnica de vendas.<\/span><\/span>\n    <\/div>\n<\/div>\n<\/div>[vc_empty_space height=&#8221;24px&#8221;]<a itemprop=\"url\" href=\"\/pt-br\/contact\/\" target=\"_self\"  class=\"mkd-btn mkd-btn-medium mkd-btn-solid\"  >\n    <span class=\"mkd-btn-text\">Vamos conversar<\/span>\n    <\/a>\t\t<\/div>\n\t<\/div>\n<\/div><\/div>[\/vc_column][\/vc_row][vc_row css=&#8221;.vc_custom_1627057247264{margin-top: 0px !important;margin-bottom: 0px !important;padding-top: 0px !important;padding-bottom: 0px !important;}&#8221;][vc_column]<div class=\"mkd-elements-holder mkd-responsive-mode-768\" ><div class=\"mkd-elements-holder-item \"  >\n\t<div class=\"mkd-elements-holder-item-inner\">\n\t\t<div class=\"mkd-elements-holder-item-content mkd-elements-holder-custom-568256\" >\n\t\t\t\t\t\t[vc_empty_space height=&#8221;0&#8243; css=&#8221;.vc_custom_1627057240121{margin-top: 0px !important;margin-bottom: 0px !important;padding-top: 0px !important;padding-bottom: 0px !important;}&#8221;]\t\t<\/div>\n\t<\/div>\n<\/div><\/div>[\/vc_column][\/vc_row]<\/p>\n<\/div>","protected":false},"excerpt":{"rendered":"<p>[vc_row content_width=&#8221;grid&#8221; css=&#8221;.vc_custom_1623767783918{margin-top: 0px !important;margin-bottom: 4rem !important;}&#8221;][vc_column width=&#8221;1\/4&#8243;][vc_widget_sidebar sidebar_id=&#8221;sidebar&#8221;][\/vc_column][vc_column width=&#8221;3\/4&#8243;][vc_column_text][\/vc_column_text][\/vc_column][\/vc_row][vc_row content_width=&#8221;grid&#8221; css=&#8221;.vc_custom_1623794254962{background-color: #000000 !important;}&#8221; el_class=&#8221;black-bar&#8221;][vc_column css=&#8221;.vc_custom_1626811311976{padding-top: 0.5rem !important;padding-bottom: 1rem !important;}&#8221;][\/vc_column][\/vc_row][vc_row content_width=&#8221;grid&#8221; css=&#8221;.vc_custom_1623260206196{padding-top: 3rem !important;padding-bottom: 1rem !important;background-color: #e5e5e5 !important;}&#8221;][vc_column][\/vc_column][\/vc_row][vc_row content_width=&#8221;grid&#8221; css=&#8221;.vc_custom_1623260313185{padding-top:&#8230;<\/p>\n","protected":false},"author":3,"featured_media":0,"parent":6635,"menu_order":0,"comment_status":"closed","ping_status":"closed","template":"template-subcategory.php","meta":{"footnotes":""},"class_list":["post-6644","page","type-page","status-publish","hentry"],"_links":{"self":[{"href":"https:\/\/loram.com\/pt-br\/wp-json\/wp\/v2\/pages\/6644","targetHints":{"allow":["GET"]}}],"collection":[{"href":"https:\/\/loram.com\/pt-br\/wp-json\/wp\/v2\/pages"}],"about":[{"href":"https:\/\/loram.com\/pt-br\/wp-json\/wp\/v2\/types\/page"}],"author":[{"embeddable":true,"href":"https:\/\/loram.com\/pt-br\/wp-json\/wp\/v2\/users\/3"}],"replies":[{"embeddable":true,"href":"https:\/\/loram.com\/pt-br\/wp-json\/wp\/v2\/comments?post=6644"}],"version-history":[{"count":7,"href":"https:\/\/loram.com\/pt-br\/wp-json\/wp\/v2\/pages\/6644\/revisions"}],"predecessor-version":[{"id":7804,"href":"https:\/\/loram.com\/pt-br\/wp-json\/wp\/v2\/pages\/6644\/revisions\/7804"}],"up":[{"embeddable":true,"href":"https:\/\/loram.com\/pt-br\/wp-json\/wp\/v2\/pages\/6635"}],"wp:attachment":[{"href":"https:\/\/loram.com\/pt-br\/wp-json\/wp\/v2\/media?parent=6644"}],"curies":[{"name":"wp","href":"https:\/\/api.w.org\/{rel}","templated":true}]}}