{"id":6641,"date":"2021-12-03T08:31:44","date_gmt":"2021-12-03T14:31:44","guid":{"rendered":"https:\/\/loram.com\/?page_id=6641"},"modified":"2021-12-16T15:53:33","modified_gmt":"2021-12-16T21:53:33","slug":"infrastructure-monitoring","status":"publish","type":"page","link":"https:\/\/loram.com\/pt-br\/inspection-optimization\/monitoring-engineering\/infrastructure-monitoring\/","title":{"rendered":"Monitoramento De Infraestrutura"},"content":{"rendered":"<div class=\"wpb-content-wrapper\"><p>[vc_row content_width=&#8221;grid&#8221; css=&#8221;.vc_custom_1623767783918{margin-top: 0px !important;margin-bottom: 4rem !important;}&#8221;][vc_column width=&#8221;1\/4&#8243;][vc_widget_sidebar sidebar_id=&#8221;sidebar&#8221;][\/vc_column][vc_column width=&#8221;3\/4&#8243;][vc_column_text]<\/p>\n<h2><strong>Monitore suas pontes e t\u00faneis de qualquer lugar do mundo<\/strong><\/h2>\n<p><span style=\"font-weight: 400;\">As pontes e t\u00faneis formam uma das pe\u00e7as mais cr\u00edticas de nossa infraestrutura de transporte.<\/span> <span style=\"font-weight: 400;\">Garantir sua seguran\u00e7a e estabilidade \u00e9 essencial, especialmente porque eles continuam envelhecendo e suportando cargas cada vez maiores.<\/span> <span style=\"font-weight: 400;\">Abras\u00e3o, colis\u00f5es, assentamentos e atividades de constru\u00e7\u00e3o podem criar cen\u00e1rios nos quais uma ponte pode ser r\u00e1pida e inesperadamente danificada.<\/span> <span style=\"font-weight: 400;\">A tecnologia SENSR foi projetada especificamente para ajud\u00e1-lo a administrar estes dif\u00edceis desafios, mantendo-o continuamente ciente das condi\u00e7\u00f5es nos locais das pontes e t\u00faneis<\/span>.<\/p>\n<h2><strong>Observe as constru\u00e7\u00f5es das proximidades<\/strong><\/h2>\n<p><span style=\"font-weight: 400;\">Jateamento, quebra de pavimento, perfura\u00e7\u00e3o de rochas, bate-estacas e outros fatores em projetos de constru\u00e7\u00e3o adjacentes podem afetar a estabilidade da subestrutura de sua ponte ou das condi\u00e7\u00f5es do entorno do t\u00fanel.<\/span> <span style=\"font-weight: 400;\">Enquanto isso, materiais e equipamentos estacionados em uma ponte durante um projeto de constru\u00e7\u00e3o podem causar situa\u00e7\u00f5es \u00fanicas de carga que resultam em deforma\u00e7\u00f5es, rota\u00e7\u00f5es e deslocamentos.<\/span> <span style=\"font-weight: 400;\">As solu\u00e7\u00f5es de monitoramento SENSR n\u00e3o s\u00f3 permitem que voc\u00ea saiba quando surgem problemas decorrentes destes problemas, mas tamb\u00e9m detectam mudan\u00e7as antes que ocorram danos permanentes.<\/span><\/p>\n<h2><strong>Avalie quanto a sinais de abras\u00e3o<\/strong><\/h2>\n<p><span style=\"font-weight: 400;\">A abras\u00e3o de c\u00f3rregos, rios e mar\u00e9s retira material de seus cais, minando sua capacidade de suportar cargas. O SENSR monitora continuamente seus p\u00ederes para detectar sinais de instabilidade ou desalinhamento.<\/span> <span style=\"font-weight: 400;\">Voc\u00ea saber\u00e1 quando os bolsos de abras\u00e3o est\u00e3o se formando muito antes de ser capaz de detectar sua influ\u00eancia com o olho nu.<\/span> <span style=\"font-weight: 400;\">Voc\u00ea pode avaliar r\u00e1pida e facilmente se \u00e9 seguro operar durante eventos de alto fluxo.<\/span><\/p>\n<h2><strong>Monitore assentamento e subsid\u00eancia<\/strong><\/h2>\n<p><span style=\"font-weight: 400;\">Com o tempo, o que antes eram condi\u00e7\u00f5es est\u00e1veis de sustenta\u00e7\u00e3o do solo podem se deteriorar e aumentar a probabilidade de que os p\u00ederes acumulem sedimentos.<\/span> <span style=\"font-weight: 400;\">Para estas delicadas pontes, muitas vezes \u00e9 conveniente mudar de avalia\u00e7\u00f5es peri\u00f3dicas para um sistema de monitoramento cont\u00ednuo.<\/span> <span style=\"font-weight: 400;\">O SENSR utiliza alguns poucos sensores estrategicamente posicionados para relatar constantemente as condi\u00e7\u00f5es locais.<\/span><\/p>\n<h2><strong>Detecte colis\u00f5es<\/strong><\/h2>\n<p><span style=\"font-weight: 400;\">Quando ocorrem impactos em suas pontes, o SENSR fornece notifica\u00e7\u00f5es imediatas para que voc\u00ea possa determinar se a equipe \u00e9 necess\u00e1ria no local \u2013 voc\u00ea nunca mais perder\u00e1 outro incidente n\u00e3o relatado.<\/span> <span style=\"font-weight: 400;\">Com os dados do SENSR em m\u00e3os, voc\u00ea pode tomar decis\u00f5es inteligentes sobre se deve manter a ponte em servi\u00e7o ou enviar uma equipe para inspecionar os danos.<\/span><\/p>\n<h2><strong>Avalie pontes de praticamente qualquer lugar<\/strong><\/h2>\n<p><span style=\"font-weight: 400;\">Embora nada possa substituir o importante trabalho de inspe\u00e7\u00e3o, o tempo em uma ponte ou t\u00fanel \u00e9 limitado.<\/span> <span style=\"font-weight: 400;\">Como resultado, a equipe tipicamente avalia pontes e t\u00faneis procurando por sinais de danos como falta de pe\u00e7as, rachaduras e desalinhamento.<\/span> <span style=\"font-weight: 400;\">As solu\u00e7\u00f5es SENSR podem fornecer aos inspetores outra ferramenta valiosa a ser utilizada.<\/span> <span style=\"font-weight: 400;\">Nosso sistema de monitoramento port\u00e1til registra como os elementos da ponte e do t\u00fanel se comportam ao longo do tempo, para que os inspetores possam identificar melhor m\u00e1s condi\u00e7\u00f5es antes que a ponte ou o t\u00fanel sofra danos.<\/span>[\/vc_column_text][\/vc_column][\/vc_row][vc_row content_width=&#8221;grid&#8221; css=&#8221;.vc_custom_1623794254962{background-color: #000000 !important;}&#8221; el_class=&#8221;black-bar&#8221;][vc_column css=&#8221;.vc_custom_1626811259023{padding-top: 0.5rem !important;padding-bottom: 1rem !important;}&#8221;]<div class=\"mkd-elements-holder mkd-responsive-mode-768\" ><div class=\"mkd-elements-holder-item \"  >\n\t<div class=\"mkd-elements-holder-item-inner\">\n\t\t<div class=\"mkd-elements-holder-item-content mkd-elements-holder-custom-888244\" >\n\t\t\t\t\t\t[vc_column_text el_class=&#8221;sub-cat-landing-title-bar&#8221;]<span style=\"font-weight: 400;\">PLATAFORMAS DE MONITORAMENTO DE INFRAESTRUTURA LORAM<\/span>[\/vc_column_text]\t\t<\/div>\n\t<\/div>\n<\/div><\/div>[\/vc_column][\/vc_row][vc_row content_width=&#8221;grid&#8221; css=&#8221;.vc_custom_1623260206196{padding-top: 3rem !important;padding-bottom: 1rem !important;background-color: #e5e5e5 !important;}&#8221;][vc_column]<div class=\"mkd-elements-holder mkd-two-columns mkd-responsive-mode-768\" ><div class=\"mkd-elements-holder-item mkd-fade-in lazyload\" data-animation=\"mkd-fade-in\" style=\"background-image:inherit\" data-bg-image=\"url(https:\/\/loram.com\/wp-content\/uploads\/bridge-monitoring.jpg)\">\n\t<div class=\"mkd-elements-holder-item-inner\">\n\t\t<div class=\"mkd-elements-holder-item-content mkd-elements-holder-custom-595593\" style=\"padding: 0 0 0 0\">\n\t\t\t\t\t\t[vc_empty_space height=&#8221;348px&#8221;]\t\t<\/div>\n\t<\/div>\n<\/div><div class=\"mkd-elements-holder-item mkd-fade-in\" data-animation=\"mkd-fade-in\" >\n\t<div class=\"mkd-elements-holder-item-inner\">\n\t\t<div class=\"mkd-elements-holder-item-content mkd-elements-holder-custom-985864\" style=\"padding: 2rem 4rem 3.5rem 4rem\">\n\t\t\t\t\t\t<div class=\"mkd-st \">\n    <div class=\"mkd-st-inner\">\n        <div class=\"mkd-st-title-holder\">\n            <h2 class=\"mkd-st-title\">\n            <span>Monitoramento de pontes<\/span>\n        <\/h2>\n    <\/div>\n\n    \n    <div class=\"mkd-st-text-holder\" >\n        <span class=\"mkd-st-text-text\"><\/span>\n    <\/div>\n<\/div>\n<\/div>[vc_empty_space height=&#8221;24px&#8221;]<a itemprop=\"url\" href=\"\/pt-br\/inspection-and-optimization\/monitoring-and-engineering\/infrastructure-monitoring\/bridge-monitoring\/\" target=\"_self\"  class=\"mkd-btn mkd-btn-medium mkd-btn-solid\"  >\n    <span class=\"mkd-btn-text\">Saiba mais<\/span>\n    <\/a>\t\t<\/div>\n\t<\/div>\n<\/div><\/div>[\/vc_column][\/vc_row][vc_row content_width=&#8221;grid&#8221; css=&#8221;.vc_custom_1623260313185{padding-top: 1rem !important;padding-bottom: 1rem !important;background-color: #e5e5e5 !important;}&#8221;][vc_column]<div class=\"mkd-elements-holder mkd-two-columns mkd-responsive-mode-768\" ><div class=\"mkd-elements-holder-item mkd-fade-in lazyload\" data-animation=\"mkd-fade-in\" style=\"background-image:inherit\" data-bg-image=\"url(https:\/\/loram.com\/wp-content\/uploads\/tunnel-monitoring.jpg)\">\n\t<div class=\"mkd-elements-holder-item-inner\">\n\t\t<div class=\"mkd-elements-holder-item-content mkd-elements-holder-custom-397640\" style=\"padding: 0 0 0 0\">\n\t\t\t\t\t\t[vc_empty_space height=&#8221;348px&#8221;]\t\t<\/div>\n\t<\/div>\n<\/div><div class=\"mkd-elements-holder-item mkd-fade-in\" data-animation=\"mkd-fade-in\" >\n\t<div class=\"mkd-elements-holder-item-inner\">\n\t\t<div class=\"mkd-elements-holder-item-content mkd-elements-holder-custom-268122\" style=\"padding: 2rem 4rem 3.5rem 4rem\">\n\t\t\t\t\t\t<div class=\"mkd-st \">\n    <div class=\"mkd-st-inner\">\n        <div class=\"mkd-st-title-holder\">\n            <h2 class=\"mkd-st-title\">\n            <span>Monitoramento de t\u00faneis<\/span>\n        <\/h2>\n    <\/div>\n\n    \n    <div class=\"mkd-st-text-holder\" >\n        <span class=\"mkd-st-text-text\"><\/span>\n    <\/div>\n<\/div>\n<\/div>[vc_empty_space height=&#8221;24px&#8221;]<a itemprop=\"url\" href=\"\/pt-br\/inspection-and-optimization\/monitoring-and-engineering\/infrastructure-monitoring\/tunnel-monitoring\/\" target=\"_self\"  class=\"mkd-btn mkd-btn-medium mkd-btn-solid\"  >\n    <span class=\"mkd-btn-text\">Saiba mais<\/span>\n    <\/a>\t\t<\/div>\n\t<\/div>\n<\/div><\/div>[\/vc_column][\/vc_row][vc_row content_width=&#8221;grid&#8221; content_aligment=&#8221;center&#8221; el_class=&#8221;learn-how-we-help&#8221; css=&#8221;.vc_custom_1627057116909{margin-top: 1rem !important;margin-bottom: 3rem !important;padding-right: 0px !important;padding-left: 0px !important;background-image: url(https:\/\/loram.com\/wp-content\/uploads\/learn-how-we-can-help-technology.jpg?id=4512) !important;background-position: center !important;background-repeat: no-repeat !important;background-size: cover !important;}&#8221;][vc_column css=&#8221;.vc_custom_1623260528726{padding-top: 6rem !important;padding-right: 0px !important;padding-bottom: 3rem !important;padding-left: 0px !important;}&#8221;]<div class=\"mkd-elements-holder mkd-responsive-mode-768\" ><div class=\"mkd-elements-holder-item \"  >\n\t<div class=\"mkd-elements-holder-item-inner\">\n\t\t<div class=\"mkd-elements-holder-item-content mkd-elements-holder-custom-128325\" >\n\t\t\t\t\t\t<div class=\"mkd-st \">\n    <div class=\"mkd-st-inner\">\n        <div class=\"mkd-st-title-holder\">\n            <h2 class=\"mkd-st-title\">\n            <span>Ningu\u00e9m conhece melhor os trilhos<\/span>\n        <\/h2>\n    <\/div>\n\n    \n    <div class=\"mkd-st-text-holder\" >\n        <span class=\"mkd-st-text-text\"><span style=\"font-weight: 400;\">A Loram est\u00e1 liderando a transforma\u00e7\u00e3o digital da manuten\u00e7\u00e3o ferrovi\u00e1ria atrav\u00e9s de nosso avan\u00e7ado portf\u00f3lio de tecnologias de inspe\u00e7\u00e3o, monitoramento em tempo real e solu\u00e7\u00f5es de otimiza\u00e7\u00e3o para a efici\u00eancia orientada pelos dados.<\/span> <span style=\"font-weight: 400;\">Ligue para +1 (512) 869-1542 ou entre em contato com nossa equipe t\u00e9cnica de vendas.<\/span><\/span>\n    <\/div>\n<\/div>\n<\/div>[vc_empty_space height=&#8221;24px&#8221;]<a itemprop=\"url\" href=\"\/pt-br\/contact\/\" target=\"_self\"  class=\"mkd-btn mkd-btn-medium mkd-btn-solid\"  >\n    <span class=\"mkd-btn-text\">Vamos conversar<\/span>\n    <\/a>\t\t<\/div>\n\t<\/div>\n<\/div><\/div>[\/vc_column][\/vc_row][vc_row css=&#8221;.vc_custom_1627057145743{margin-top: 0px !important;margin-bottom: 0px !important;padding-top: 0px !important;padding-bottom: 0px !important;}&#8221;][vc_column]<div class=\"mkd-elements-holder mkd-responsive-mode-768\" ><div class=\"mkd-elements-holder-item \"  >\n\t<div class=\"mkd-elements-holder-item-inner\">\n\t\t<div class=\"mkd-elements-holder-item-content mkd-elements-holder-custom-601007\" >\n\t\t\t\t\t\t[vc_empty_space height=&#8221;0&#8243; css=&#8221;.vc_custom_1627057139387{margin-top: 0px !important;margin-bottom: 0px !important;padding-top: 0px !important;padding-bottom: 0px !important;}&#8221;]\t\t<\/div>\n\t<\/div>\n<\/div><\/div>[\/vc_column][\/vc_row]<\/p>\n<\/div>","protected":false},"excerpt":{"rendered":"<p>[vc_row content_width=&#8221;grid&#8221; css=&#8221;.vc_custom_1623767783918{margin-top: 0px !important;margin-bottom: 4rem !important;}&#8221;][vc_column width=&#8221;1\/4&#8243;][vc_widget_sidebar sidebar_id=&#8221;sidebar&#8221;][\/vc_column][vc_column width=&#8221;3\/4&#8243;][vc_column_text] Monitore suas pontes e t\u00faneis de qualquer lugar do mundo As pontes e t\u00faneis formam uma das pe\u00e7as mais cr\u00edticas&#8230;<\/p>\n","protected":false},"author":3,"featured_media":0,"parent":6635,"menu_order":0,"comment_status":"closed","ping_status":"closed","template":"template-subcategory.php","meta":{"footnotes":""},"class_list":["post-6641","page","type-page","status-publish","hentry"],"_links":{"self":[{"href":"https:\/\/loram.com\/pt-br\/wp-json\/wp\/v2\/pages\/6641","targetHints":{"allow":["GET"]}}],"collection":[{"href":"https:\/\/loram.com\/pt-br\/wp-json\/wp\/v2\/pages"}],"about":[{"href":"https:\/\/loram.com\/pt-br\/wp-json\/wp\/v2\/types\/page"}],"author":[{"embeddable":true,"href":"https:\/\/loram.com\/pt-br\/wp-json\/wp\/v2\/users\/3"}],"replies":[{"embeddable":true,"href":"https:\/\/loram.com\/pt-br\/wp-json\/wp\/v2\/comments?post=6641"}],"version-history":[{"count":6,"href":"https:\/\/loram.com\/pt-br\/wp-json\/wp\/v2\/pages\/6641\/revisions"}],"predecessor-version":[{"id":7803,"href":"https:\/\/loram.com\/pt-br\/wp-json\/wp\/v2\/pages\/6641\/revisions\/7803"}],"up":[{"embeddable":true,"href":"https:\/\/loram.com\/pt-br\/wp-json\/wp\/v2\/pages\/6635"}],"wp:attachment":[{"href":"https:\/\/loram.com\/pt-br\/wp-json\/wp\/v2\/media?parent=6641"}],"curies":[{"name":"wp","href":"https:\/\/api.w.org\/{rel}","templated":true}]}}