{"id":6640,"date":"2021-12-03T08:31:38","date_gmt":"2021-12-03T14:31:38","guid":{"rendered":"https:\/\/loram.com\/?page_id=6640"},"modified":"2022-02-15T14:18:07","modified_gmt":"2022-02-15T20:18:07","slug":"structural-analysis","status":"publish","type":"page","link":"https:\/\/loram.com\/pt-br\/inspection-optimization\/monitoring-engineering\/engineering-services\/structural-analysis\/","title":{"rendered":"An\u00e1lise Estrutural"},"content":{"rendered":"<div class=\"wpb-content-wrapper\"><p>[vc_row content_width=&#8221;grid&#8221;][vc_column width=&#8221;1\/4&#8243;][vc_widget_sidebar sidebar_id=&#8221;sidebar&#8221;][\/vc_column][vc_column width=&#8221;3\/4&#8243;][vc_column_text]<\/p>\n<h2><strong>Carga e seus efeitos sobre as estruturas das pontes<\/strong><\/h2>\n<p><span style=\"font-weight: 400;\">Analise v\u00e1rias combina\u00e7\u00f5es de m\u00faltiplos ve\u00edculos de projeto e classifica\u00e7\u00e3o especificados pela AASHTO ou AREMA e seus efeitos em diferentes vigas e placas.<\/span> <span style=\"font-weight: 400;\">Calcule o efeito das cargas permanentes sobre as vigas, incluindo o peso pr\u00f3prio e as cargas permanentes sobrepostas.<\/span> <span style=\"font-weight: 400;\">Obtenha os valores do momento de flex\u00e3o e da for\u00e7a de cisalhamento, e suas localiza\u00e7\u00f5es na respectiva viga.<\/span>[\/vc_column_text][vc_gallery interval=&#8221;3&#8243; images=&#8221;7189,7186,7185&#8243; img_size=&#8221;1800&#215;900&#8243; css=&#8221;.vc_custom_1629396100881{margin-top: 2rem !important;}&#8221;][\/vc_column][\/vc_row][vc_row css=&#8221;.vc_custom_1629396079953{margin-top: 0px !important;margin-bottom: 0px !important;padding-top: 0px !important;padding-bottom: 0px !important;}&#8221;][vc_column]<div class=\"mkd-elements-holder mkd-responsive-mode-768\" ><div class=\"mkd-elements-holder-item \"  >\n\t<div class=\"mkd-elements-holder-item-inner\">\n\t\t<div class=\"mkd-elements-holder-item-content mkd-elements-holder-custom-803832\" >\n\t\t\t\t\t\t[vc_empty_space height=&#8221;0&#8243;]\t\t<\/div>\n\t<\/div>\n<\/div><\/div>[\/vc_column][\/vc_row]<\/p>\n<\/div>","protected":false},"excerpt":{"rendered":"<p>[vc_row content_width=&#8221;grid&#8221;][vc_column width=&#8221;1\/4&#8243;][vc_widget_sidebar sidebar_id=&#8221;sidebar&#8221;][\/vc_column][vc_column width=&#8221;3\/4&#8243;][vc_column_text] Carga e seus efeitos sobre as estruturas das pontes Analise v\u00e1rias combina\u00e7\u00f5es de m\u00faltiplos ve\u00edculos de projeto e classifica\u00e7\u00e3o especificados pela AASHTO ou AREMA e&#8230;<\/p>\n","protected":false},"author":3,"featured_media":0,"parent":6637,"menu_order":0,"comment_status":"closed","ping_status":"closed","template":"template-single-product.php","meta":{"footnotes":""},"class_list":["post-6640","page","type-page","status-publish","hentry"],"_links":{"self":[{"href":"https:\/\/loram.com\/pt-br\/wp-json\/wp\/v2\/pages\/6640","targetHints":{"allow":["GET"]}}],"collection":[{"href":"https:\/\/loram.com\/pt-br\/wp-json\/wp\/v2\/pages"}],"about":[{"href":"https:\/\/loram.com\/pt-br\/wp-json\/wp\/v2\/types\/page"}],"author":[{"embeddable":true,"href":"https:\/\/loram.com\/pt-br\/wp-json\/wp\/v2\/users\/3"}],"replies":[{"embeddable":true,"href":"https:\/\/loram.com\/pt-br\/wp-json\/wp\/v2\/comments?post=6640"}],"version-history":[{"count":4,"href":"https:\/\/loram.com\/pt-br\/wp-json\/wp\/v2\/pages\/6640\/revisions"}],"predecessor-version":[{"id":10141,"href":"https:\/\/loram.com\/pt-br\/wp-json\/wp\/v2\/pages\/6640\/revisions\/10141"}],"up":[{"embeddable":true,"href":"https:\/\/loram.com\/pt-br\/wp-json\/wp\/v2\/pages\/6637"}],"wp:attachment":[{"href":"https:\/\/loram.com\/pt-br\/wp-json\/wp\/v2\/media?parent=6640"}],"curies":[{"name":"wp","href":"https:\/\/api.w.org\/{rel}","templated":true}]}}