{"id":6639,"date":"2021-12-03T08:31:33","date_gmt":"2021-12-03T14:31:33","guid":{"rendered":"https:\/\/loram.com\/?page_id=6639"},"modified":"2022-02-15T14:17:53","modified_gmt":"2022-02-15T20:17:53","slug":"finite-element-analysis","status":"publish","type":"page","link":"https:\/\/loram.com\/pt-br\/inspection-optimization\/monitoring-engineering\/engineering-services\/finite-element-analysis\/","title":{"rendered":"An\u00e1lise de Elementos Finitos"},"content":{"rendered":"<div class=\"wpb-content-wrapper\"><p>[vc_row content_width=&#8221;grid&#8221;][vc_column width=&#8221;1\/4&#8243;][vc_widget_sidebar sidebar_id=&#8221;sidebar&#8221;][\/vc_column][vc_column width=&#8221;3\/4&#8243;][vc_column_text]<\/p>\n<h2><strong>An\u00e1lise impl\u00edcita<\/strong><\/h2>\n<p><span style=\"font-weight: 400;\">Simula o comportamento da ponte n\u00e3o-linear sob condi\u00e7\u00f5es de carga din\u00e2mica e fixa\u00e7\u00e3o vari\u00e1vel. Este tipo de an\u00e1lise \u00e9 adequada para condi\u00e7\u00f5es de carga incremental, produzindo assim resultados mais eficientes, e adequados para a faixa de baixa frequ\u00eancia.<\/span><\/p>\n<h2><strong>An\u00e1lise expl\u00edcita<\/strong><\/h2>\n<p><span style=\"font-weight: 400;\">Simule o comportamento de pontes n\u00e3o lineares com v\u00e1rios graus de liberdade, situa\u00e7\u00f5es de contato desafiadoras para realizar an\u00e1lises de danos materiais, comportamento n\u00e3o linear de materiais, an\u00e1lises geom\u00e9tricas n\u00e3o lineares, an\u00e1lises de contato.<\/span> <span style=\"font-weight: 400;\">Este tipo de an\u00e1lise \u00e9 adequado para intera\u00e7\u00e3o entre pontes e ve\u00edculos e intera\u00e7\u00e3o entre vias e ve\u00edculos.<\/span>[\/vc_column_text][vc_empty_space height=&#8221;45px&#8221;][vc_gallery interval=&#8221;3&#8243; images=&#8221;7189,7187,7185&#8243; img_size=&#8221;1800&#215;900&#8243; css=&#8221;.vc_custom_1629396034157{margin-top: 2rem !important;}&#8221;][\/vc_column][\/vc_row][vc_row css=&#8221;.vc_custom_1629396009325{margin-top: 0px !important;margin-bottom: 0px !important;padding-top: 0px !important;padding-bottom: 0px !important;}&#8221;][vc_column]<div class=\"mkd-elements-holder mkd-responsive-mode-768\" ><div class=\"mkd-elements-holder-item \"  >\n\t<div class=\"mkd-elements-holder-item-inner\">\n\t\t<div class=\"mkd-elements-holder-item-content mkd-elements-holder-custom-792101\" >\n\t\t\t\t\t\t[vc_empty_space height=&#8221;0&#8243;]\t\t<\/div>\n\t<\/div>\n<\/div><\/div>[\/vc_column][\/vc_row]<\/p>\n<\/div>","protected":false},"excerpt":{"rendered":"<p>[vc_row content_width=&#8221;grid&#8221;][vc_column width=&#8221;1\/4&#8243;][vc_widget_sidebar sidebar_id=&#8221;sidebar&#8221;][\/vc_column][vc_column width=&#8221;3\/4&#8243;][vc_column_text] An\u00e1lise impl\u00edcita Simula o comportamento da ponte n\u00e3o-linear sob condi\u00e7\u00f5es de carga din\u00e2mica e fixa\u00e7\u00e3o vari\u00e1vel. Este tipo de an\u00e1lise \u00e9 adequada para condi\u00e7\u00f5es de&#8230;<\/p>\n","protected":false},"author":3,"featured_media":0,"parent":6637,"menu_order":0,"comment_status":"closed","ping_status":"closed","template":"template-single-product.php","meta":{"footnotes":""},"class_list":["post-6639","page","type-page","status-publish","hentry"],"_links":{"self":[{"href":"https:\/\/loram.com\/pt-br\/wp-json\/wp\/v2\/pages\/6639","targetHints":{"allow":["GET"]}}],"collection":[{"href":"https:\/\/loram.com\/pt-br\/wp-json\/wp\/v2\/pages"}],"about":[{"href":"https:\/\/loram.com\/pt-br\/wp-json\/wp\/v2\/types\/page"}],"author":[{"embeddable":true,"href":"https:\/\/loram.com\/pt-br\/wp-json\/wp\/v2\/users\/3"}],"replies":[{"embeddable":true,"href":"https:\/\/loram.com\/pt-br\/wp-json\/wp\/v2\/comments?post=6639"}],"version-history":[{"count":4,"href":"https:\/\/loram.com\/pt-br\/wp-json\/wp\/v2\/pages\/6639\/revisions"}],"predecessor-version":[{"id":10140,"href":"https:\/\/loram.com\/pt-br\/wp-json\/wp\/v2\/pages\/6639\/revisions\/10140"}],"up":[{"embeddable":true,"href":"https:\/\/loram.com\/pt-br\/wp-json\/wp\/v2\/pages\/6637"}],"wp:attachment":[{"href":"https:\/\/loram.com\/pt-br\/wp-json\/wp\/v2\/media?parent=6639"}],"curies":[{"name":"wp","href":"https:\/\/api.w.org\/{rel}","templated":true}]}}