{"id":6638,"date":"2021-12-03T08:31:28","date_gmt":"2021-12-03T14:31:28","guid":{"rendered":"https:\/\/loram.com\/?page_id=6638"},"modified":"2022-02-15T14:17:27","modified_gmt":"2022-02-15T20:17:27","slug":"aashto-arema-load-rating","status":"publish","type":"page","link":"https:\/\/loram.com\/pt-br\/inspection-optimization\/monitoring-engineering\/engineering-services\/aashto-arema-load-rating\/","title":{"rendered":"Classific\u00e3o de Carga AASHTO\/AREMA"},"content":{"rendered":"<div class=\"wpb-content-wrapper\"><p>[vc_row content_width=&#8221;grid&#8221;][vc_column width=&#8221;1\/4&#8243;][vc_widget_sidebar sidebar_id=&#8221;sidebar&#8221;][\/vc_column][vc_column width=&#8221;3\/4&#8243;][vc_column_text]<\/p>\n<h2><strong>Classifica\u00e7\u00e3o de carga de ponte de rodovia AASHTO<\/strong><\/h2>\n<p><span style=\"font-weight: 400;\">Calcule a resist\u00eancia do projeto das vigas, usando o manual AASHTO para avalia\u00e7\u00e3o de pontes para tr\u00eas tipos diferentes de c\u00f3digos de projeto, incluindo ASD, LFD e as mais recentes especifica\u00e7\u00f5es de projeto LRFD.<\/span> <span style=\"font-weight: 400;\">Obtenha os fatores de classifica\u00e7\u00e3o (invent\u00e1rio e opera\u00e7\u00e3o) para qualquer combina\u00e7\u00e3o de carga usando os tr\u00eas c\u00f3digos de projeto acima mencionados que s\u00e3o comumente usados na ind\u00fastria de rodovias para a classifica\u00e7\u00e3o de carga.<\/span><\/p>\n<h2><strong>Classifica\u00e7\u00e3o de carga de ponte de rodovia AASHTO<\/strong><\/h2>\n<p><span style=\"font-weight: 400;\">Calcule a resist\u00eancia do projeto das vigas, usando o manual AASHTO para avalia\u00e7\u00e3o de pontes para tr\u00eas tipos diferentes de c\u00f3digos de projeto, incluindo ASD, LFD e as mais recentes especifica\u00e7\u00f5es de projeto LRFD.<\/span> <span style=\"font-weight: 400;\">Obtenha os fatores de classifica\u00e7\u00e3o (invent\u00e1rio e opera\u00e7\u00e3o) para qualquer combina\u00e7\u00e3o de carga usando os tr\u00eas c\u00f3digos de projeto acima mencionados que s\u00e3o comumente usados na ind\u00fastria de rodovias para a classifica\u00e7\u00e3o de carga.<\/span>[\/vc_column_text][vc_gallery interval=&#8221;3&#8243; images=&#8221;7188,7186,7184&#8243; img_size=&#8221;1800&#215;900&#8243; css=&#8221;.vc_custom_1629396174603{margin-top: 2rem !important;}&#8221;][\/vc_column][\/vc_row][vc_row css=&#8221;.vc_custom_1629396149692{margin-top: 0px !important;margin-bottom: 0px !important;padding-top: 0px !important;padding-bottom: 0px !important;}&#8221;][vc_column]<div class=\"mkd-elements-holder mkd-responsive-mode-768\" ><div class=\"mkd-elements-holder-item \"  >\n\t<div class=\"mkd-elements-holder-item-inner\">\n\t\t<div class=\"mkd-elements-holder-item-content mkd-elements-holder-custom-183316\" >\n\t\t\t\t\t\t[vc_empty_space height=&#8221;0&#8243;]\t\t<\/div>\n\t<\/div>\n<\/div><\/div>[\/vc_column][\/vc_row]<\/p>\n<\/div>","protected":false},"excerpt":{"rendered":"<p>[vc_row content_width=&#8221;grid&#8221;][vc_column width=&#8221;1\/4&#8243;][vc_widget_sidebar sidebar_id=&#8221;sidebar&#8221;][\/vc_column][vc_column width=&#8221;3\/4&#8243;][vc_column_text] Classifica\u00e7\u00e3o de carga de ponte de rodovia AASHTO Calcule a resist\u00eancia do projeto das vigas, usando o manual AASHTO para avalia\u00e7\u00e3o de pontes para tr\u00eas&#8230;<\/p>\n","protected":false},"author":3,"featured_media":0,"parent":6637,"menu_order":0,"comment_status":"closed","ping_status":"closed","template":"template-single-product.php","meta":{"footnotes":""},"class_list":["post-6638","page","type-page","status-publish","hentry"],"_links":{"self":[{"href":"https:\/\/loram.com\/pt-br\/wp-json\/wp\/v2\/pages\/6638","targetHints":{"allow":["GET"]}}],"collection":[{"href":"https:\/\/loram.com\/pt-br\/wp-json\/wp\/v2\/pages"}],"about":[{"href":"https:\/\/loram.com\/pt-br\/wp-json\/wp\/v2\/types\/page"}],"author":[{"embeddable":true,"href":"https:\/\/loram.com\/pt-br\/wp-json\/wp\/v2\/users\/3"}],"replies":[{"embeddable":true,"href":"https:\/\/loram.com\/pt-br\/wp-json\/wp\/v2\/comments?post=6638"}],"version-history":[{"count":6,"href":"https:\/\/loram.com\/pt-br\/wp-json\/wp\/v2\/pages\/6638\/revisions"}],"predecessor-version":[{"id":10139,"href":"https:\/\/loram.com\/pt-br\/wp-json\/wp\/v2\/pages\/6638\/revisions\/10139"}],"up":[{"embeddable":true,"href":"https:\/\/loram.com\/pt-br\/wp-json\/wp\/v2\/pages\/6637"}],"wp:attachment":[{"href":"https:\/\/loram.com\/pt-br\/wp-json\/wp\/v2\/media?parent=6638"}],"curies":[{"name":"wp","href":"https:\/\/api.w.org\/{rel}","templated":true}]}}