{"id":6636,"date":"2021-12-03T08:31:10","date_gmt":"2021-12-03T14:31:10","guid":{"rendered":"https:\/\/loram.com\/?page_id=6636"},"modified":"2026-03-12T13:54:08","modified_gmt":"2026-03-12T18:54:08","slug":"aurora-xi","status":"publish","type":"page","link":"https:\/\/loram.com\/pt-br\/inspection-optimization\/inspection-services\/tie-inspection-services\/aurora-xi\/","title":{"rendered":"Aurora Xi"},"content":{"rendered":"<div class=\"wpb-content-wrapper\"><p>[vc_row content_width=&#8221;grid&#8221;][vc_column width=&#8221;1\/4&#8243;][vc_widget_sidebar sidebar_id=&#8221;sidebar&#8221;][\/vc_column][vc_column width=&#8221;3\/4&#8243;][vc_column_text css=&#8221;&#8221;]<\/p>\n<h2>Aurora X<sup>i\u00ae<\/sup><\/h2>\n<p><span style=\"font-weight: 400;\">O Aurora X<sup>i\u00ae<\/sup> se baseia em nossa tecnologia patenteada de inspe\u00e7\u00e3o de trilhos Aurora\u00ae que foi utilizada para garantir a seguran\u00e7a de quil\u00f4metros de trilhos ao redor do mundo.<\/span> <span style=\"font-weight: 400;\">Enquanto o Aurora varre a superf\u00edcie de sua via para revelar potenciais problemas, o Aurora X<sup>i<\/sup> usa a tecnologia de raios-X de retrodifus\u00e3o para enxergar dentro de dormentes de madeira para revelar desde a profundidade de fendas at\u00e9 pontos ocos dentro deles.<\/span><\/p>\n<p><span style=\"font-weight: 400;\">Aurora X<sup>i<\/sup> \u00e9 finalista do R&amp;D 100 em 2016.<\/span> <span style=\"font-weight: 400;\">O Pr\u00eamio R&amp;D 100 reconhece a excel\u00eancia em inova\u00e7\u00e3o e ganhou o nome de &#8220;Oscar da Inven\u00e7\u00e3o&#8221;.<\/span>[\/vc_column_text][vc_empty_space height=&#8221;45px&#8221;]<div class=\"mkd-tabs mkd-horizontal-tab variable mkd-column-5 clearfix\">\n    <ul class=\"mkd-tabs-nav\">\n                    <li>\n            <h3 class=\"mkd-tab-title\">\n            <a href=\"#tab-servicos\">\n                <span class=\"mkd-icon-frame\"><\/span>\n\n                <!--<span class=\"mkd-advanced-tab-text-after-icon\">-->\n                Servi\u00e7os                <!--<\/span>-->\n\n            <\/a>\n            <\/h3>\n\n\n            <\/li>\n                    <li>\n            <h3 class=\"mkd-tab-title\">\n            <a href=\"#tab-caracteristicas\">\n                <span class=\"mkd-icon-frame\"><\/span>\n\n                <!--<span class=\"mkd-advanced-tab-text-after-icon\">-->\n                Caracter\u00edsticas                <!--<\/span>-->\n\n            <\/a>\n            <\/h3>\n\n\n            <\/li>\n                    <li>\n            <h3 class=\"mkd-tab-title\">\n            <a href=\"#tab-patentes\">\n                <span class=\"mkd-icon-frame\"><\/span>\n\n                <!--<span class=\"mkd-advanced-tab-text-after-icon\">-->\n                Patentes                <!--<\/span>-->\n\n            <\/a>\n            <\/h3>\n\n\n            <\/li>\n                    <li>\n            <h3 class=\"mkd-tab-title\">\n            <a href=\"#tab-ficha-de-dados\">\n                <span class=\"mkd-icon-frame\"><\/span>\n\n                <!--<span class=\"mkd-advanced-tab-text-after-icon\">-->\n                Ficha de dados                <!--<\/span>-->\n\n            <\/a>\n            <\/h3>\n\n\n            <\/li>\n                    <li>\n            <h3 class=\"mkd-tab-title\">\n            <a href=\"#tab-video\">\n                <span class=\"mkd-icon-frame\"><\/span>\n\n                <!--<span class=\"mkd-advanced-tab-text-after-icon\">-->\n                Video                <!--<\/span>-->\n\n            <\/a>\n            <\/h3>\n\n\n            <\/li>\n            <\/ul><!-- .mkd-tabs-nav -->\n\n    <div class=\"mkd-tab-container\" id=\"tab-servicos-148\" >[vc_column_text css=&#8221;&#8221;]<\/p>\n<h4><strong>Classifica\u00e7\u00e3o de dormente de madeira<\/strong><\/h4>\n<p><span style=\"font-weight: 400;\">As falhas dos dormentes de madeira s\u00e3o muitas vezes devidas \u00e0 deteriora\u00e7\u00e3o que n\u00e3o \u00e9 vis\u00edvel da superf\u00edcie.<\/span> <span style=\"font-weight: 400;\">O Aurora X<sup>i<\/sup> combina imagens internas e da superf\u00edce para encontrar \u00e1reas ocas ou danificadas no dormente que os inspetores possam n\u00e3o identificar.<\/span> <span style=\"font-weight: 400;\">Em seguida, ele atribui uma nota a cada dormente para que voc\u00ea possa prever uma vida \u00fatil remanescente do dormente adequadamente.<\/span><\/p>\n<h4><strong>Gerenciamento de dados<\/strong><\/h4>\n<p><span style=\"font-weight: 400;\">O Aurora X<sup>i<\/sup> fornece relat\u00f3rios f\u00e1ceis de entender, adaptados \u00e0s necessidades espec\u00edficas de sua ferrovia.<\/span> <span style=\"font-weight: 400;\">Os relat\u00f3rios de classifica\u00e7\u00e3o facilitam a previs\u00e3o da vida \u00fatil de seus dormentes e o planejamento de programas de substitui\u00e7\u00e3o adequados.<\/span> <span style=\"font-weight: 400;\">Relat\u00f3rios detalhados de conformidade permitem confirmar que voc\u00ea tem pelo menos o n\u00famero m\u00ednimo de dormentes de madeira efetivos em um segmento, e encontrar juntas de trilhos com dormentes defeituosos.<\/span><\/p>\n<h4><strong>Distribui\u00e7\u00e3o otimizada de dormentes (TSO)<\/strong><\/h4>\n<p><span style=\"font-weight: 400;\">Utilizando os dados de inspe\u00e7\u00e3o do Aurora, bem como a l\u00f3gica de substitui\u00e7\u00e3o de dormentes da ferrovia para identificar exatamente quais dormentes precisam ser substitu\u00eddos, o sistema TSO pode ent\u00e3o otimizar o plano de distribui\u00e7\u00e3o, permitindo saber exatamente onde colocar cada um e eliminar a necessidade de algu\u00e9m andar nos trilhos e marcar fisicamente onde colocar os dormentes antes da equipe de distribui\u00e7\u00e3o.<\/span><\/p>\n<p><span style=\"font-weight: 400;\">O software permite que o usu\u00e1rio saiba onde fixar os dormentes e quantos s\u00e3o necess\u00e1rios para cada entrega enquanto se desloca ao longo da via. O resultado s\u00e3o dormentes que est\u00e3o muito mais pr\u00f3ximas do local onde ser\u00e3o instalados, permitindo maior produtividade para as equipes de reposi\u00e7\u00e3o, j\u00e1 que elas passar\u00e3o menos tempo deslocando-os para o local de instala\u00e7\u00e3o apropriado.<\/span>[\/vc_column_text]<\/div><div class=\"mkd-tab-container\" id=\"tab-caracteristicas-330\" >[vc_column_text]<\/p>\n<ul>\n<li><span style=\"font-weight: 400;\">Truque Hyrail<\/span><\/li>\n<li><span style=\"font-weight: 400;\">Acionada pela tecnologia de raios-X de retrodifus\u00e3o e usando um scanner de superf\u00edcie 3D, Xi vai al\u00e9m da superf\u00edcie do dormente para revelar defeitos internos<\/span><\/li>\n<li><span style=\"font-weight: 400;\">Pode criar modelos de dormentes personalizados para sua ferrovia<\/span><\/li>\n<li><span style=\"font-weight: 400;\">Ajuda-o a priorizar facilmente os dormentes a serem substitu\u00eddos<\/span><\/li>\n<li><span style=\"font-weight: 400;\">Mais confi\u00e1vel do que inspe\u00e7\u00f5es manuais<\/span><\/li>\n<\/ul>\n<p>[\/vc_column_text]<\/div><div class=\"mkd-tab-container\" id=\"tab-patentes-461\" >[vc_column_text]US Patent #7616329<br \/>\nUS Patent #8081320<br \/>\nUS Patent #8209145<br \/>\nUS Patent #8405837<br \/>\nUS Patent #8711222<br \/>\nUS Patent #8958079<br \/>\nUS Patent #9031188[\/vc_column_text]<\/div><div class=\"mkd-tab-container\" id=\"tab-ficha-de-dados-945\" ><div class=\"mkd-elements-holder mkd-three-columns mkd-responsive-mode-768\" ><div class=\"mkd-elements-holder-item mkd-vertical-alignment-top\"  >\n\t<div class=\"mkd-elements-holder-item-inner\">\n\t\t<div class=\"mkd-elements-holder-item-content mkd-elements-holder-custom-675317\" >\n\t\t\t\t\t\t[vc_single_image image=&#8221;19764&#8243; img_size=&#8221;spec&#8221; onclick=&#8221;custom_link&#8221; css=&#8221;&#8221; link=&#8221;https:\/\/loram.com\/wp-content\/uploads\/LMOW-Brazil_AuroraXi_PT-BR_digital.pdf&#8221;][vc_column_text]<span style=\"font-weight: 400;\">Folheto<\/span>[\/vc_column_text]\t\t<\/div>\n\t<\/div>\n<\/div><div class=\"mkd-elements-holder-item mkd-vertical-alignment-top\"  >\n\t<div class=\"mkd-elements-holder-item-inner\">\n\t\t<div class=\"mkd-elements-holder-item-content mkd-elements-holder-custom-690343\" >\n\t\t\t\t\t\t[vc_single_image image=&#8221;7463&#8243; img_size=&#8221;spec&#8221; onclick=&#8221;custom_link&#8221; link=&#8221;\/wp-content\/uploads\/Measurement_of_the_Modulation_Transfer_Function_for_Backscatter_Radiography_System_Used_in_Nondestructive_Examination.pdf&#8221;][vc_column_text]<span style=\"font-weight: 400;\">Medi\u00e7\u00e3o da fun\u00e7\u00e3o de transfer\u00eancia de modula\u00e7\u00e3o para o sistema de radiografia de retrodifus\u00e3o utilizado no exame n\u00e3o destrutivo<\/span>[\/vc_column_text]\t\t<\/div>\n\t<\/div>\n<\/div><div class=\"mkd-elements-holder-item mkd-vertical-alignment-top\"  >\n\t<div class=\"mkd-elements-holder-item-inner\">\n\t\t<div class=\"mkd-elements-holder-item-content mkd-elements-holder-custom-532641\" >\n\t\t\t\t\t\t[vc_single_image image=&#8221;7464&#8243; img_size=&#8221;spec&#8221; onclick=&#8221;custom_link&#8221; link=&#8221;\/wp-content\/uploads\/Automated_Sleeper_Inspection_Using_Internal_Imaging_Techniques.pdf&#8221;][vc_column_text]<span style=\"font-weight: 400;\">Inspe\u00e7\u00e3o de dormente automatizada usando t\u00e9cnicas de imagem interna<\/span>[\/vc_column_text]\t\t<\/div>\n\t<\/div>\n<\/div><\/div><div class=\"mkd-elements-holder mkd-three-columns mkd-responsive-mode-768\" ><div class=\"mkd-elements-holder-item mkd-vertical-alignment-top\"  >\n\t<div class=\"mkd-elements-holder-item-inner\">\n\t\t<div class=\"mkd-elements-holder-item-content mkd-elements-holder-custom-629995\" >\n\t\t\t\t\t\t[vc_single_image image=&#8221;7465&#8243; img_size=&#8221;spec&#8221; onclick=&#8221;custom_link&#8221; link=&#8221;\/wp-content\/uploads\/Automated_CrossTie_Inspection_Using_Internal_Imaging_Techniques.pdf&#8221;][vc_column_text]<span style=\"font-weight: 400;\">Inspe\u00e7\u00e3o automatizada de CRUZADAS usando t\u00e9cnicas internas de imagem<\/span>[\/vc_column_text]\t\t<\/div>\n\t<\/div>\n<\/div><div class=\"mkd-elements-holder-item mkd-vertical-alignment-top\"  >\n\t<div class=\"mkd-elements-holder-item-inner\">\n\t\t<div class=\"mkd-elements-holder-item-content mkd-elements-holder-custom-914835\" >\n\t\t\t\t\t\t\t\t<\/div>\n\t<\/div>\n<\/div><div class=\"mkd-elements-holder-item mkd-vertical-alignment-top\"  >\n\t<div class=\"mkd-elements-holder-item-inner\">\n\t\t<div class=\"mkd-elements-holder-item-content mkd-elements-holder-custom-551302\" >\n\t\t\t\t\t\t\t\t<\/div>\n\t<\/div>\n<\/div><\/div><\/div><div class=\"mkd-tab-container\" id=\"tab-video-254\" >[vc_video link=&#8221;https:\/\/vimeo.com\/573134536&#8243;]<\/div><\/div>[vc_gallery interval=&#8221;3&#8243; images=&#8221;7074,7056,7055&#8243; img_size=&#8221;1800&#215;900&#8243; css=&#8221;.vc_custom_1629744941915{margin-top: 2rem !important;}&#8221;][\/vc_column][\/vc_row][vc_row css=&#8221;.vc_custom_1629391684928{margin-top: 0px !important;margin-bottom: 0px !important;padding-top: 0px !important;padding-bottom: 0px !important;}&#8221;][vc_column]<div class=\"mkd-elements-holder mkd-responsive-mode-768\" ><div class=\"mkd-elements-holder-item \"  >\n\t<div class=\"mkd-elements-holder-item-inner\">\n\t\t<div class=\"mkd-elements-holder-item-content mkd-elements-holder-custom-142936\" >\n\t\t\t\t\t\t[vc_empty_space height=&#8221;0&#8243;]\t\t<\/div>\n\t<\/div>\n<\/div><\/div>[\/vc_column][\/vc_row]<\/p>\n<\/div>","protected":false},"excerpt":{"rendered":"<p>[vc_row content_width=&#8221;grid&#8221;][vc_column width=&#8221;1\/4&#8243;][vc_widget_sidebar sidebar_id=&#8221;sidebar&#8221;][\/vc_column][vc_column width=&#8221;3\/4&#8243;][vc_column_text css=&#8221;&#8221;] Aurora Xi\u00ae O Aurora Xi\u00ae se baseia em nossa tecnologia patenteada de inspe\u00e7\u00e3o de trilhos Aurora\u00ae que foi utilizada para garantir a seguran\u00e7a de&#8230;<\/p>\n","protected":false},"author":3,"featured_media":0,"parent":6632,"menu_order":0,"comment_status":"closed","ping_status":"closed","template":"template-single-product.php","meta":{"footnotes":""},"class_list":["post-6636","page","type-page","status-publish","hentry"],"_links":{"self":[{"href":"https:\/\/loram.com\/pt-br\/wp-json\/wp\/v2\/pages\/6636","targetHints":{"allow":["GET"]}}],"collection":[{"href":"https:\/\/loram.com\/pt-br\/wp-json\/wp\/v2\/pages"}],"about":[{"href":"https:\/\/loram.com\/pt-br\/wp-json\/wp\/v2\/types\/page"}],"author":[{"embeddable":true,"href":"https:\/\/loram.com\/pt-br\/wp-json\/wp\/v2\/users\/3"}],"replies":[{"embeddable":true,"href":"https:\/\/loram.com\/pt-br\/wp-json\/wp\/v2\/comments?post=6636"}],"version-history":[{"count":9,"href":"https:\/\/loram.com\/pt-br\/wp-json\/wp\/v2\/pages\/6636\/revisions"}],"predecessor-version":[{"id":21269,"href":"https:\/\/loram.com\/pt-br\/wp-json\/wp\/v2\/pages\/6636\/revisions\/21269"}],"up":[{"embeddable":true,"href":"https:\/\/loram.com\/pt-br\/wp-json\/wp\/v2\/pages\/6632"}],"wp:attachment":[{"href":"https:\/\/loram.com\/pt-br\/wp-json\/wp\/v2\/media?parent=6636"}],"curies":[{"name":"wp","href":"https:\/\/api.w.org\/{rel}","templated":true}]}}