{"id":6634,"date":"2021-12-03T08:31:05","date_gmt":"2021-12-03T14:31:05","guid":{"rendered":"https:\/\/loram.com\/?page_id=6634"},"modified":"2021-12-16T09:12:21","modified_gmt":"2021-12-16T15:12:21","slug":"aurora-tie-marking","status":"publish","type":"page","link":"https:\/\/loram.com\/pt-br\/inspection-optimization\/inspection-services\/tie-inspection-services\/aurora-tie-marking\/","title":{"rendered":"Aurora Tie Marking"},"content":{"rendered":"<div class=\"wpb-content-wrapper\"><p>[vc_row content_width=&#8221;grid&#8221;][vc_column width=&#8221;1\/4&#8243;][vc_widget_sidebar sidebar_id=&#8221;sidebar&#8221;][\/vc_column][vc_column width=&#8221;3\/4&#8243;][vc_column_text]<\/p>\n<h2>Aurora Tie Marking<\/h2>\n<p><span style=\"font-weight: 400;\">Utilizando os dados de inspe\u00e7\u00e3o patenteados do Aurora Xi\u00ae e um sistema de orienta\u00e7\u00e3o de patente pendente, o Aurora Tie Marking automatiza o processo de marca\u00e7\u00e3o de dormentes que foram designados para substitui\u00e7\u00e3o antes dos projetos de renova\u00e7\u00e3o.<\/span> <span style=\"font-weight: 400;\">A tecnologia de orienta\u00e7\u00e3o, utilizando o software de coleta Aurora, funciona quase em tempo real para identificar o dormente apropriado e ativa o sistema de marca\u00e7\u00e3o ao passar diretamente sobre o dormente.<\/span>[\/vc_column_text][vc_empty_space height=&#8221;45px&#8221;]<div class=\"mkd-tabs mkd-horizontal-tab equal mkd-column-3 clearfix\">\n    <ul class=\"mkd-tabs-nav\">\n                    <li>\n            <h6 class=\"mkd-tab-title\">\n            <a href=\"#tab-services\">\n                <span class=\"mkd-icon-frame\"><\/span>\n\n                <!--<span class=\"mkd-advanced-tab-text-after-icon\">-->\n                Services                <!--<\/span>-->\n\n            <\/a>\n            <\/h6>\n\n\n            <\/li>\n                    <li>\n            <h6 class=\"mkd-tab-title\">\n            <a href=\"#tab-features\">\n                <span class=\"mkd-icon-frame\"><\/span>\n\n                <!--<span class=\"mkd-advanced-tab-text-after-icon\">-->\n                Features                <!--<\/span>-->\n\n            <\/a>\n            <\/h6>\n\n\n            <\/li>\n                    <li>\n            <h6 class=\"mkd-tab-title\">\n            <a href=\"#tab-video\">\n                <span class=\"mkd-icon-frame\"><\/span>\n\n                <!--<span class=\"mkd-advanced-tab-text-after-icon\">-->\n                Video                <!--<\/span>-->\n\n            <\/a>\n            <\/h6>\n\n\n            <\/li>\n            <\/ul><!-- .mkd-tabs-nav -->\n\n    <div class=\"mkd-tab-container\" id=\"tab-services-279\" >[vc_column_text]<\/p>\n<h4><strong>Marca\u00e7\u00e3o segura de dormentes<\/strong><\/h4>\n<p><span style=\"font-weight: 400;\">Esta plataforma com base <\/span><span style=\"font-weight: 400;\">ve\u00cdculo rodoferroviario<\/span><span style=\"font-weight: 400;\"> \u00e9 equipada com um sistema de pulveriza\u00e7\u00e3o de tinta montado na parte traseira do <\/span><span style=\"font-weight: 400;\">caminh\u00c3o<\/span>. <span style=\"font-weight: 400;\">O Aurora Tie Marking \u00e9 capaz de marcar dormentes a velocidades de at\u00e9 8 mph e pode pintar at\u00e9 quatro marcas por dormente, o que permite que os trabalhos sejam conclu\u00eddos mais rapidamente, com mais efici\u00eancia e seguran\u00e7a<\/span>.[\/vc_column_text]<\/div><div class=\"mkd-tab-container\" id=\"tab-features-828\" >[vc_column_text]<\/p>\n<ul>\n<li><span style=\"font-weight: 400;\">Sistema de navega\u00e7\u00e3o automatizado que usa o scanner Aurora 3D para identificar quais dormentes precisam ser marcados (patente pendente)<\/span><\/li>\n<li><span style=\"font-weight: 400;\">Velocidade \u2013 A marca\u00e7\u00e3o \u00e9 feita a partir de um <\/span><span style=\"font-weight: 400;\">caminh\u00c3o rodoferrovi\u00c1rio<\/span><span style=\"font-weight: 400;\"> em vez de por uma pessoa caminhando na via<\/span><\/li>\n<li><span style=\"font-weight: 400;\">Velocidade \u2013 A marca\u00e7\u00e3o \u00e9 realizada a at\u00e9 8mph, maximizando a efici\u00eancia da janela da via<\/span><\/li>\n<li><span style=\"font-weight: 400;\">A marca\u00e7\u00e3o automatizada de dormentes assegura que a marca\u00e7\u00e3o da ferrovia seja executada como esperado.<\/span><\/li>\n<li><span style=\"font-weight: 400;\">As marcas de tinta s\u00e3o vis\u00edveis para que a m\u00e1quina principal de uma equipe de substitui\u00e7\u00e3o possa identificar facilmente quais dormentes est\u00e3o marcados para substitui\u00e7\u00e3o<\/span><\/li>\n<li><span style=\"font-weight: 400;\">Utiliza quatro pulverizadores de tinta com m\u00faltiplas op\u00e7\u00f5es de cor e configura\u00e7\u00e3o para atender \u00e0s necessidades de marca\u00e7\u00e3o de cada ferrovia<\/span><\/li>\n<li><span style=\"font-weight: 400;\">O registro digital da marca\u00e7\u00e3o de dormente \u00e9 coletado para fins de auditoria<\/span><\/li>\n<\/ul>\n<p>[\/vc_column_text]<\/div><div class=\"mkd-tab-container\" id=\"tab-video-480\" >[vc_video link=&#8221;https:\/\/vimeo.com\/573134628&#8243;]<\/div><\/div>[vc_gallery interval=&#8221;3&#8243; images=&#8221;7047,7048,7046&#8243; img_size=&#8221;1800&#215;900&#8243; css=&#8221;.vc_custom_1629745324963{margin-top: 2rem !important;}&#8221;][\/vc_column][\/vc_row][vc_row css=&#8221;.vc_custom_1629391846118{margin-top: 0px !important;margin-bottom: 0px !important;padding-top: 0px !important;padding-bottom: 0px !important;}&#8221;][vc_column]<div class=\"mkd-elements-holder mkd-responsive-mode-768\" ><div class=\"mkd-elements-holder-item \"  >\n\t<div class=\"mkd-elements-holder-item-inner\">\n\t\t<div class=\"mkd-elements-holder-item-content mkd-elements-holder-custom-197804\" >\n\t\t\t\t\t\t[vc_empty_space height=&#8221;0&#8243;]\t\t<\/div>\n\t<\/div>\n<\/div><\/div>[\/vc_column][\/vc_row]<\/p>\n<\/div>","protected":false},"excerpt":{"rendered":"<p>[vc_row content_width=&#8221;grid&#8221;][vc_column width=&#8221;1\/4&#8243;][vc_widget_sidebar sidebar_id=&#8221;sidebar&#8221;][\/vc_column][vc_column width=&#8221;3\/4&#8243;][vc_column_text] Aurora Tie Marking Utilizando os dados de inspe\u00e7\u00e3o patenteados do Aurora Xi\u00ae e um sistema de orienta\u00e7\u00e3o de patente pendente, o Aurora Tie Marking automatiza&#8230;<\/p>\n","protected":false},"author":3,"featured_media":0,"parent":6632,"menu_order":0,"comment_status":"closed","ping_status":"closed","template":"template-single-product.php","meta":{"footnotes":""},"class_list":["post-6634","page","type-page","status-publish","hentry"],"_links":{"self":[{"href":"https:\/\/loram.com\/pt-br\/wp-json\/wp\/v2\/pages\/6634","targetHints":{"allow":["GET"]}}],"collection":[{"href":"https:\/\/loram.com\/pt-br\/wp-json\/wp\/v2\/pages"}],"about":[{"href":"https:\/\/loram.com\/pt-br\/wp-json\/wp\/v2\/types\/page"}],"author":[{"embeddable":true,"href":"https:\/\/loram.com\/pt-br\/wp-json\/wp\/v2\/users\/3"}],"replies":[{"embeddable":true,"href":"https:\/\/loram.com\/pt-br\/wp-json\/wp\/v2\/comments?post=6634"}],"version-history":[{"count":5,"href":"https:\/\/loram.com\/pt-br\/wp-json\/wp\/v2\/pages\/6634\/revisions"}],"predecessor-version":[{"id":7751,"href":"https:\/\/loram.com\/pt-br\/wp-json\/wp\/v2\/pages\/6634\/revisions\/7751"}],"up":[{"embeddable":true,"href":"https:\/\/loram.com\/pt-br\/wp-json\/wp\/v2\/pages\/6632"}],"wp:attachment":[{"href":"https:\/\/loram.com\/pt-br\/wp-json\/wp\/v2\/media?parent=6634"}],"curies":[{"name":"wp","href":"https:\/\/api.w.org\/{rel}","templated":true}]}}