{"id":6633,"date":"2021-12-03T08:30:59","date_gmt":"2021-12-03T14:30:59","guid":{"rendered":"https:\/\/loram.com\/?page_id=6633"},"modified":"2024-08-30T13:00:08","modified_gmt":"2024-08-30T18:00:08","slug":"aurora","status":"publish","type":"page","link":"https:\/\/loram.com\/pt-br\/inspection-optimization\/inspection-services\/tie-inspection-services\/aurora\/","title":{"rendered":"Aurora"},"content":{"rendered":"<div class=\"wpb-content-wrapper\"><p>[vc_row content_width=&#8221;grid&#8221;][vc_column width=&#8221;1\/4&#8243;][vc_widget_sidebar sidebar_id=&#8221;sidebar&#8221;][\/vc_column][vc_column width=&#8221;3\/4&#8243;][vc_column_text]<\/p>\n<h2>Aurora<\/h2>\n<p>Usando tecnologia de diagn\u00f3stico por imagem de \u00faltima gera\u00e7\u00e3o, o Aurora\u00ae escaneia seus trilhos para revelar a condi\u00e7\u00e3o exata de cada dormente e seus componentes associados ao longo do caminho. Ele identifica quaisquer problemas potenciais e marca sua localiza\u00e7\u00e3o exata para que voc\u00ea possa planejar repar\u00e1-los da maneira mais eficiente poss\u00edvel.<\/p>\n<p>O Aurora encontra falhas que os m\u00e9todos manuais de detec\u00e7\u00e3o podem n\u00e3o identificar, e o faz enquanto percorre a via a at\u00e9 42 milhas (67,5 km) por hora. Relat\u00f3rios detalhados classificam seus dormentes para que voc\u00ea possa garantir o cumprimento dos regulamentos do setor, priorizar sua substitui\u00e7\u00e3o e agilizar seus programas de manuten\u00e7\u00e3o de capital.[\/vc_column_text][vc_empty_space height=&#8221;45px&#8221;]<div class=\"mkd-tabs mkd-horizontal-tab variable mkd-column-4 clearfix\">\n    <ul class=\"mkd-tabs-nav\">\n                    <li>\n            <h3 class=\"mkd-tab-title\">\n            <a href=\"#tab-servicos\">\n                <span class=\"mkd-icon-frame\"><\/span>\n\n                <!--<span class=\"mkd-advanced-tab-text-after-icon\">-->\n                Servi\u00e7os                <!--<\/span>-->\n\n            <\/a>\n            <\/h3>\n\n\n            <\/li>\n                    <li>\n            <h3 class=\"mkd-tab-title\">\n            <a href=\"#tab-caracteristicas\">\n                <span class=\"mkd-icon-frame\"><\/span>\n\n                <!--<span class=\"mkd-advanced-tab-text-after-icon\">-->\n                Caracter\u00edsticas                <!--<\/span>-->\n\n            <\/a>\n            <\/h3>\n\n\n            <\/li>\n                    <li>\n            <h3 class=\"mkd-tab-title\">\n            <a href=\"#tab-patents\">\n                <span class=\"mkd-icon-frame\"><\/span>\n\n                <!--<span class=\"mkd-advanced-tab-text-after-icon\">-->\n                Patents                <!--<\/span>-->\n\n            <\/a>\n            <\/h3>\n\n\n            <\/li>\n                    <li>\n            <h3 class=\"mkd-tab-title\">\n            <a href=\"#tab-ficha-de-dados\">\n                <span class=\"mkd-icon-frame\"><\/span>\n\n                <!--<span class=\"mkd-advanced-tab-text-after-icon\">-->\n                Ficha de dados                <!--<\/span>-->\n\n            <\/a>\n            <\/h3>\n\n\n            <\/li>\n            <\/ul><!-- .mkd-tabs-nav -->\n\n    <div class=\"mkd-tab-container\" id=\"tab-servicos-650\" >[vc_column_text]<\/p>\n<h4>Classifica\u00e7\u00e3o de dormente de madeira<\/h4>\n<p>O Aurora atribui graus a cada dormente de madeira com base em mais de 20 vari\u00e1veis, incluindo corte de chapa, rugosidade superficial, deteriora\u00e7\u00e3o e rachaduras. A classifica\u00e7\u00e3o pode ser personalizada de acordo com os padr\u00f5es de sua ferrovia e usada para gerar relat\u00f3rios detalhados de conformidade e an\u00e1lise de agrupamento de dormentes defeituosos.<\/p>\n<h4>Inspe\u00e7\u00e3o de dormente de concreto<\/h4>\n<p>Com o tempo, a Deteriora\u00e7\u00e3o do Assento Ferrovi\u00e1rio (RSD) pode fazer com que um dormente deixe de suportar e prender o trilho. O Aurora usa o reconhecimento avan\u00e7ado do formato para identificar RSD e desgaste da placa, assim como a condi\u00e7\u00e3o dos fixadores.<\/p>\n<h4>Avalia\u00e7\u00e3o da Corros\u00e3o da Base<\/h4>\n<p>Lascas, rachaduras e fendas s\u00e3o geralmente sinais indicadores de corros\u00e3o da base ferrovi\u00e1ria (RBC), mais comumente encontrados em t\u00faneis. O Aurora pode avaliar a severidade da RBC medindo continuamente a largura da base ferrovi\u00e1ria e identificando \u00e1reas de perda de material ao longo dela.<\/p>\n<h4>Gerenciamento de dados<\/h4>\n<p>At\u00e9 o momento, o Aurora digitalizou mais de um milh\u00e3o de dormentes e atribuiu coordenadas de posto quilom\u00e9trico, coordenadas GPS e informa\u00e7\u00f5es de classifica\u00e7\u00e3o a cada uma delas. Todas essas informa\u00e7\u00f5es s\u00e3o simplificadas em relat\u00f3rios f\u00e1ceis de entender, personalizados de acordo com as necessidades espec\u00edficas de sua ferrovia. Eles o informar\u00e3o quando os dormentes se degradarem, quando os fixadores falharem, onde a corros\u00e3o da base do trilho est\u00e1 ocorrendo e muitos outros fatores que podem afetar a seguran\u00e7a e efici\u00eancia de sua via. Voc\u00ea pode identificar r\u00e1pida e facilmente qualquer problema potencial para poder planejar com anteced\u00eancia o reparo da maneira mais eficiente poss\u00edvel.<\/p>\n<p>O Aurora tamb\u00e9m pode ajudar a garantir que voc\u00ea esteja em conformidade com os regulamentos do setor. Relat\u00f3rios detalhados de conformidade confirmar\u00e3o que voc\u00ea tem pelo menos o n\u00famero m\u00ednimo de dormentes de madeira efetivos em um segmento, descobrir\u00e1 juntas de trilhos com dormentes defeituosos e verificar\u00e1 se h\u00e1 exce\u00e7\u00f5es de deteriora\u00e7\u00e3o dos assentos dos trilhos em dormentes de concreto.<\/p>\n<h4>Invent\u00e1rio de ativos<\/h4>\n<p>O Aurora pode localizar componentes nos trilhos como barras de jun\u00e7\u00e3o e fornecer um invent\u00e1rio preciso desses ativos em toda a sua rede, proporcionando-lhe a capacidade de rastrear o invent\u00e1rio a partir de um local central.<\/p>\n<h4>Gerenciamento de dados GPS\/GIS<\/h4>\n<p>Durante a inspe\u00e7\u00e3o da via, o Aurora tamb\u00e9m coleta a localiza\u00e7\u00e3o GPS precisa para cada dormente individual que, por sua vez, pode ser usada para atualizar ou verificar os mapas atuais da rede GIS para uma refer\u00eancia GPS melhorada e confi\u00e1vel dos marcos, bens e caracter\u00edsticas da via.<\/p>\n<h4>Visualizador de dados Aurora<\/h4>\n<p>Acesse seus dados atrav\u00e9s de um visualizador de dados com base na web que lhe permite ver as imagens do Aurora, bem como a localiza\u00e7\u00e3o e a classifica\u00e7\u00e3o de cada dormente inspecionado. Fa\u00e7a caminhadas virtuais na via a partir do conforto de seu pr\u00f3prio escrit\u00f3rio.<\/p>\n<h4>Distribui\u00e7\u00e3o otimizada de dormentes (TSO)<\/h4>\n<p>Utilizando os dados de inspe\u00e7\u00e3o do Aurora, bem como a l\u00f3gica de substitui\u00e7\u00e3o de dormentes da ferrovia para identificar exatamente quais dormentes precisam ser substitu\u00eddos, o sistema TSO pode ent\u00e3o otimizar o plano de distribui\u00e7\u00e3o, permitindo saber exatamente onde colocar cada um e eliminar a necessidade de algu\u00e9m andar nos trilhos e marcar fisicamente onde colocar os dormentes antes da equipe de distribui\u00e7\u00e3o.<\/p>\n<p>O software permite que o usu\u00e1rio saiba onde fixar os dormentes e quantos s\u00e3o necess\u00e1rios para cada entrega enquanto se desloca ao longo da via. O resultado s\u00e3o dormentes que est\u00e3o muito mais pr\u00f3ximas do local onde ser\u00e3o instalados, permitindo maior produtividade para as equipes de reposi\u00e7\u00e3o, j\u00e1 que elas passar\u00e3o menos tempo deslocando-os para o local de instala\u00e7\u00e3o apropriado.[\/vc_column_text]<\/div><div class=\"mkd-tab-container\" id=\"tab-caracteristicas-154\" >[vc_column_text]<\/p>\n<ul>\n<li>O Aurora usa uma combina\u00e7\u00e3o de c\u00e2meras e lasers para gerar uma imagem em 3D de alta resolu\u00e7\u00e3o de sua via<\/li>\n<li>O ve\u00edculo percorre a via a at\u00e9 42 milhas (67,5 km) por hora<\/li>\n<li>O Aurora atribui coordenadas de posto quilom\u00e9trico, coordenadas GPS e informa\u00e7\u00f5es de classifica\u00e7\u00e3o a cada dormente individual<\/li>\n<li>Os relat\u00f3rios de conformidade s\u00e3o personalizados de acordo com as necessidades espec\u00edficas de sua ferrovia<\/li>\n<li>Mensura RSD e desgaste das placas<\/li>\n<li>Identifica perdas cr\u00edticas da base ferrovi\u00e1ria<\/li>\n<\/ul>\n<p>[\/vc_column_text]<\/div><div class=\"mkd-tab-container\" id=\"tab-patents-858\" >[vc_column_text]US Patent #7616329<br \/>\nUS Patent #8081320<br \/>\nUS Patent #8209145<br \/>\nUS Patent #8405837<br \/>\nUS Patent #8711222<br \/>\nUS Patent #8958079<br \/>\nUS Patent #9441956[\/vc_column_text]<\/div><div class=\"mkd-tab-container\" id=\"tab-ficha-de-dados-288\" ><div class=\"mkd-elements-holder mkd-two-columns mkd-responsive-mode-768\" ><div class=\"mkd-elements-holder-item \"  >\n\t<div class=\"mkd-elements-holder-item-inner\">\n\t\t<div class=\"mkd-elements-holder-item-content mkd-elements-holder-custom-749259\" >\n\t\t\t\t\t\t[vc_single_image image=&#8221;19756&#8243; img_size=&#8221;spec&#8221; onclick=&#8221;custom_link&#8221; css=&#8221;&#8221; link=&#8221;https:\/\/loram.com\/wp-content\/uploads\/LMOW-Brazil_Aurora_PT-BR_digital.pdf&#8221;][vc_column_text]Folheto[\/vc_column_text]\t\t<\/div>\n\t<\/div>\n<\/div><\/div><\/div><\/div>[vc_gallery interval=&#8221;3&#8243; images=&#8221;7071,7073,7072&#8243; img_size=&#8221;1800&#215;900&#8243; css=&#8221;.vc_custom_1629744721846{margin-top: 2rem !important;}&#8221;][\/vc_column][\/vc_row][vc_row css=&#8221;.vc_custom_1629391609508{margin-top: 0px !important;margin-bottom: 0px !important;padding-top: 0px !important;padding-bottom: 0px !important;}&#8221;][vc_column]<div class=\"mkd-elements-holder mkd-responsive-mode-768\" ><div class=\"mkd-elements-holder-item \"  >\n\t<div class=\"mkd-elements-holder-item-inner\">\n\t\t<div class=\"mkd-elements-holder-item-content mkd-elements-holder-custom-231733\" >\n\t\t\t\t\t\t[vc_empty_space height=&#8221;0&#8243;]\t\t<\/div>\n\t<\/div>\n<\/div><\/div>[\/vc_column][\/vc_row]<\/p>\n<\/div>","protected":false},"excerpt":{"rendered":"<p>[vc_row content_width=&#8221;grid&#8221;][vc_column width=&#8221;1\/4&#8243;][vc_widget_sidebar sidebar_id=&#8221;sidebar&#8221;][\/vc_column][vc_column width=&#8221;3\/4&#8243;][vc_column_text] Aurora Usando tecnologia de diagn\u00f3stico por imagem de \u00faltima gera\u00e7\u00e3o, o Aurora\u00ae escaneia seus trilhos para revelar a condi\u00e7\u00e3o exata de cada dormente e seus&#8230;<\/p>\n","protected":false},"author":3,"featured_media":0,"parent":6632,"menu_order":0,"comment_status":"closed","ping_status":"closed","template":"template-single-product.php","meta":{"footnotes":""},"class_list":["post-6633","page","type-page","status-publish","hentry"],"_links":{"self":[{"href":"https:\/\/loram.com\/pt-br\/wp-json\/wp\/v2\/pages\/6633","targetHints":{"allow":["GET"]}}],"collection":[{"href":"https:\/\/loram.com\/pt-br\/wp-json\/wp\/v2\/pages"}],"about":[{"href":"https:\/\/loram.com\/pt-br\/wp-json\/wp\/v2\/types\/page"}],"author":[{"embeddable":true,"href":"https:\/\/loram.com\/pt-br\/wp-json\/wp\/v2\/users\/3"}],"replies":[{"embeddable":true,"href":"https:\/\/loram.com\/pt-br\/wp-json\/wp\/v2\/comments?post=6633"}],"version-history":[{"count":7,"href":"https:\/\/loram.com\/pt-br\/wp-json\/wp\/v2\/pages\/6633\/revisions"}],"predecessor-version":[{"id":19755,"href":"https:\/\/loram.com\/pt-br\/wp-json\/wp\/v2\/pages\/6633\/revisions\/19755"}],"up":[{"embeddable":true,"href":"https:\/\/loram.com\/pt-br\/wp-json\/wp\/v2\/pages\/6632"}],"wp:attachment":[{"href":"https:\/\/loram.com\/pt-br\/wp-json\/wp\/v2\/media?parent=6633"}],"curies":[{"name":"wp","href":"https:\/\/api.w.org\/{rel}","templated":true}]}}