{"id":6631,"date":"2021-12-03T08:30:47","date_gmt":"2021-12-03T14:30:47","guid":{"rendered":"https:\/\/loram.com\/?page_id=6631"},"modified":"2024-08-30T12:55:55","modified_gmt":"2024-08-30T17:55:55","slug":"riv","status":"publish","type":"page","link":"https:\/\/loram.com\/pt-br\/inspection-optimization\/inspection-services\/rail-inspection\/riv\/","title":{"rendered":"RIV"},"content":{"rendered":"<div class=\"wpb-content-wrapper\"><p>[vc_row content_width=&#8221;grid&#8221;][vc_column width=&#8221;1\/4&#8243;][vc_widget_sidebar sidebar_id=&#8221;sidebar&#8221;][\/vc_column][vc_column width=&#8221;3\/4&#8243;][vc_column_text]<\/p>\n<h2>Colete dados precisos sobre o esmerilhamento de trilhos<\/h2>\n<p><span style=\"font-weight: 400;\">O Loram Rail Inspection Vehicle (RIV) oferece uma solu\u00e7\u00e3o tecnol\u00f3gica de coleta de dados eficiente e econ\u00f4mica para o planejamento preciso do perfil e esmerilhamento do trilho.<\/span> <span style=\"font-weight: 400;\">Um t\u00e9cnico experiente da Loram conduz as inspe\u00e7\u00f5es de perfil e superf\u00edcie usando o sistema de medi\u00e7\u00e3o baseado em ve\u00edculos de trilho para determinar automaticamente os \u00e2ngulos, passagens, padr\u00f5es e velocidades ideais de esmerilhamento de trilhos para garantir que o perfil adequado seja alcan\u00e7ado tanto para o trabalho de linha principal quanto para o trabalho de trilhos especiais.<\/span><\/p>\n<p><span style=\"font-weight: 400;\">O RIV fornece um meio eficiente e preciso para a coleta de perfil de trilho, desgaste, bitola e dados de calhas para o gerenciamento de um programa de esmerilhamento de trilhos.<\/span> <span style=\"font-weight: 400;\">Os dados coletados s\u00e3o mapeados para os locais exatos da via para combinar positivamente com o plano e aplicar o esmerilhamento.<\/span> <span style=\"font-weight: 400;\">O RIV est\u00e1 equipado com um sistema de medi\u00e7\u00e3o de perfil ferrovi\u00e1rio e um pacote de relat\u00f3rios para avaliar a garantia de qualidade ferrovi\u00e1ria e as necessidades de planejamento.<\/span> <span style=\"font-weight: 400;\">Este pacote de v\u00e1rios componentes integrados \u00e9 um sistema comprovado em uso em toda a Am\u00e9rica do Norte e em outras localidades do mundo.<\/span>[\/vc_column_text]<div class=\"mkd-elements-holder mkd-responsive-mode-768\" ><div class=\"mkd-elements-holder-item \"  >\n\t<div class=\"mkd-elements-holder-item-inner\">\n\t\t<div class=\"mkd-elements-holder-item-content mkd-elements-holder-custom-479937\" >\n\t\t\t\t\t\t\t\t<\/div>\n\t<\/div>\n<\/div><\/div>[vc_empty_space height=&#8221;45px&#8221;]<div class=\"mkd-tabs mkd-horizontal-tab variable mkd-column-3 clearfix\">\n    <ul class=\"mkd-tabs-nav\">\n                    <li>\n            <h3 class=\"mkd-tab-title\">\n            <a href=\"#tab-caracteristicas\">\n                <span class=\"mkd-icon-frame\"><\/span>\n\n                <!--<span class=\"mkd-advanced-tab-text-after-icon\">-->\n                Caracter\u00edsticas                <!--<\/span>-->\n\n            <\/a>\n            <\/h3>\n\n\n            <\/li>\n                    <li>\n            <h3 class=\"mkd-tab-title\">\n            <a href=\"#tab-especificacoes\">\n                <span class=\"mkd-icon-frame\"><\/span>\n\n                <!--<span class=\"mkd-advanced-tab-text-after-icon\">-->\n                Especifica\u00e7\u00f5es                <!--<\/span>-->\n\n            <\/a>\n            <\/h3>\n\n\n            <\/li>\n                    <li>\n            <h3 class=\"mkd-tab-title\">\n            <a href=\"#tab-ficha-de-dados\">\n                <span class=\"mkd-icon-frame\"><\/span>\n\n                <!--<span class=\"mkd-advanced-tab-text-after-icon\">-->\n                Ficha de dados                <!--<\/span>-->\n\n            <\/a>\n            <\/h3>\n\n\n            <\/li>\n            <\/ul><!-- .mkd-tabs-nav -->\n\n    <div class=\"mkd-tab-container\" id=\"tab-caracteristicas-417\" >[vc_column_text]<span style=\"font-weight: 400;\">Caracter\u00edsticas do Loram RIV:<\/span><\/p>\n<ul>\n<li><span style=\"font-weight: 400;\">Cabine de tripula\u00e7\u00e3o com espa\u00e7o para 3 pessoas<\/span><\/li>\n<li><span style=\"font-weight: 400;\">Velocidades de inspe\u00e7\u00e3o de at\u00e9 40 mph (56 km\/h)<\/span><\/li>\n<li><span style=\"font-weight: 400;\">Sistemas de medi\u00e7\u00e3o de perfil transversal \u00f3ptico de trilho de \u00faltima gera\u00e7\u00e3o<\/span><\/li>\n<li><span style=\"font-weight: 400;\">Sistema exclusivo de localiza\u00e7\u00e3o de posi\u00e7\u00e3o baseado no sistema de posicionamento global diferencial (DGPS)<\/span><\/li>\n<li><span style=\"font-weight: 400;\">Imagens de alta resolu\u00e7\u00e3o da superf\u00edcie do trilho<\/span><\/li>\n<li><span style=\"font-weight: 400;\">Sistema exclusivo de an\u00e1lise, planejamento e gerenciamento de perfis ferrovi\u00e1rios com mapeamento de dados, controle de qualidade do esmerilhamento, visualiza\u00e7\u00e3o de dados e relat\u00f3rios Loram RailPro\u00ae.<\/span><\/li>\n<\/ul>\n<p>[\/vc_column_text]<\/div><div class=\"mkd-tab-container\" id=\"tab-especificacoes-570\" >[vc_column_text]<\/p>\n<table style=\"border-collapse: collapse; width: 100%; height: 272px;\">\n<tbody>\n<tr style=\"height: 24px;\">\n<td style=\"width: 50%; height: 24px;\"><\/td>\n<td style=\"width: 50%; height: 24px;\"><span style=\"font-weight: 400;\">VE\u00cdCULO DE INSPE\u00c7\u00c3O DE TRILHO LORAM RIV<\/span><\/td>\n<\/tr>\n<tr style=\"height: 31px;\">\n<td style=\"width: 50%; height: 31px;\"><span style=\"font-weight: 400;\">Comprimento<\/span>Length<sup>1<\/sup><\/td>\n<td style=\"width: 50%; height: 31px;\"><span style=\"font-weight: 400;\">21,7 p\u00e9s (6,6 m)<\/span><\/td>\n<\/tr>\n<tr style=\"height: 24px;\">\n<td style=\"width: 50%; height: 24px;\"><span style=\"font-weight: 400;\">Largura<\/span>Width<sup>1<\/sup><\/td>\n<td style=\"width: 50%; height: 24px;\"><span style=\"font-weight: 400;\">8,8 p\u00e9s (2,7 m)<\/span><\/td>\n<\/tr>\n<tr style=\"height: 24px;\">\n<td style=\"width: 50%; height: 24px;\"><span style=\"font-weight: 400;\">Altura<\/span>Height<sup>1<\/sup><\/td>\n<td style=\"width: 50%; height: 24px;\"><span style=\"font-weight: 400;\">6,7 p\u00e9s (2 m)<\/span><\/td>\n<\/tr>\n<tr style=\"height: 24px;\">\n<td style=\"width: 50%; height: 24px;\">PesoWeight<sup>1<\/sup><\/td>\n<td style=\"width: 50%; height: 24px;\"><span style=\"font-weight: 400;\">10.000 lb (4.500 kg) GVW<\/span><\/td>\n<\/tr>\n<tr style=\"height: 24px;\">\n<td style=\"width: 50%; height: 24px;\"><span style=\"font-weight: 400;\">Bitola do trilho<\/span><\/td>\n<td style=\"width: 50%; height: 24px;\"><span style=\"font-weight: 400;\">Terra-trilho equipado para bitola apropriada<\/span><\/td>\n<\/tr>\n<tr style=\"height: 24px;\">\n<td style=\"width: 50%; height: 24px;\"><span style=\"font-weight: 400;\">Velocidade de trabalho<\/span><\/td>\n<td style=\"width: 50%; height: 24px;\"><span style=\"font-weight: 400;\">At\u00e9 40 mph (56 km\/h)<\/span><\/td>\n<\/tr>\n<tr style=\"height: 24px;\">\n<td style=\"width: 50%; height: 24px;\"><span style=\"font-weight: 400;\">Precis\u00e3o<\/span><\/td>\n<td style=\"width: 50%; height: 24px;\"><span style=\"font-weight: 400;\">0,005 pol. (0,127 mm) no boleto do trilho<\/span><\/td>\n<\/tr>\n<tr style=\"height: 24px;\">\n<td style=\"width: 50%; height: 24px;\"><span style=\"font-weight: 400;\">Temperaturas de trabalho<\/span><\/td>\n<td style=\"width: 50%; height: 24px;\"><span style=\"font-weight: 400;\">-4\u00b0 a 131\u00b0 F (-20\u00b0 a 55\u00b0 C)<\/span><\/td>\n<\/tr>\n<\/tbody>\n<\/table>\n<p>[\/vc_column_text]<\/div><div class=\"mkd-tab-container\" id=\"tab-ficha-de-dados-335\" >[vc_single_image image=&#8221;19746&#8243; img_size=&#8221;spec&#8221; onclick=&#8221;custom_link&#8221; img_link_target=&#8221;_blank&#8221; css=&#8221;&#8221; link=&#8221;https:\/\/loram.com\/wp-content\/uploads\/RIV-SpecSheet-v3_12-21-INTL_PT-BR_digital.pdf&#8221;][vc_column_text]<span style=\"font-weight: 400;\">Ficha de especifica\u00e7\u00f5es<\/span>[\/vc_column_text]<\/div><\/div>[vc_gallery interval=&#8221;3&#8243; images=&#8221;6652,6653,6654&#8243; img_size=&#8221;1800&#215;900&#8243; css=&#8221;.vc_custom_1630420320259{margin-top: 2rem !important;}&#8221;][\/vc_column][\/vc_row][vc_row css=&#8221;.vc_custom_1629391341004{margin-top: 0px !important;margin-bottom: 0px !important;padding-top: 0px !important;padding-bottom: 0px !important;}&#8221;][vc_column]<div class=\"mkd-elements-holder mkd-responsive-mode-768\" ><div class=\"mkd-elements-holder-item \"  >\n\t<div class=\"mkd-elements-holder-item-inner\">\n\t\t<div class=\"mkd-elements-holder-item-content mkd-elements-holder-custom-773159\" >\n\t\t\t\t\t\t[vc_empty_space height=&#8221;0&#8243;]\t\t<\/div>\n\t<\/div>\n<\/div><\/div>[\/vc_column][\/vc_row]<\/p>\n<\/div>","protected":false},"excerpt":{"rendered":"<p>[vc_row content_width=&#8221;grid&#8221;][vc_column width=&#8221;1\/4&#8243;][vc_widget_sidebar sidebar_id=&#8221;sidebar&#8221;][\/vc_column][vc_column width=&#8221;3\/4&#8243;][vc_column_text] Colete dados precisos sobre o esmerilhamento de trilhos O Loram Rail Inspection Vehicle (RIV) oferece uma solu\u00e7\u00e3o tecnol\u00f3gica de coleta de dados eficiente e econ\u00f4mica&#8230;<\/p>\n","protected":false},"author":3,"featured_media":0,"parent":6607,"menu_order":0,"comment_status":"closed","ping_status":"closed","template":"template-single-product.php","meta":{"footnotes":""},"class_list":["post-6631","page","type-page","status-publish","hentry"],"_links":{"self":[{"href":"https:\/\/loram.com\/pt-br\/wp-json\/wp\/v2\/pages\/6631","targetHints":{"allow":["GET"]}}],"collection":[{"href":"https:\/\/loram.com\/pt-br\/wp-json\/wp\/v2\/pages"}],"about":[{"href":"https:\/\/loram.com\/pt-br\/wp-json\/wp\/v2\/types\/page"}],"author":[{"embeddable":true,"href":"https:\/\/loram.com\/pt-br\/wp-json\/wp\/v2\/users\/3"}],"replies":[{"embeddable":true,"href":"https:\/\/loram.com\/pt-br\/wp-json\/wp\/v2\/comments?post=6631"}],"version-history":[{"count":7,"href":"https:\/\/loram.com\/pt-br\/wp-json\/wp\/v2\/pages\/6631\/revisions"}],"predecessor-version":[{"id":19754,"href":"https:\/\/loram.com\/pt-br\/wp-json\/wp\/v2\/pages\/6631\/revisions\/19754"}],"up":[{"embeddable":true,"href":"https:\/\/loram.com\/pt-br\/wp-json\/wp\/v2\/pages\/6607"}],"wp:attachment":[{"href":"https:\/\/loram.com\/pt-br\/wp-json\/wp\/v2\/media?parent=6631"}],"curies":[{"name":"wp","href":"https:\/\/api.w.org\/{rel}","templated":true}]}}