{"id":6630,"date":"2021-12-03T08:30:41","date_gmt":"2021-12-03T14:30:41","guid":{"rendered":"https:\/\/loram.com\/?page_id=6630"},"modified":"2021-12-16T09:02:35","modified_gmt":"2021-12-16T15:02:35","slug":"rail-pro-software","status":"publish","type":"page","link":"https:\/\/loram.com\/pt-br\/inspection-optimization\/inspection-services\/rail-inspection\/rail-pro-software\/","title":{"rendered":"Rail Pro Software"},"content":{"rendered":"<div class=\"wpb-content-wrapper\"><p>[vc_row content_width=&#8221;grid&#8221; css=&#8221;.vc_custom_1630069487735{margin-top: 1rem !important;margin-bottom: 3rem !important;}&#8221;][vc_column width=&#8221;1\/4&#8243;][vc_widget_sidebar sidebar_id=&#8221;sidebar&#8221;][\/vc_column][vc_column width=&#8221;3\/4&#8243;][vc_column_text]<\/p>\n<h2>Gerenciamento abrangente de esmerilhamento de trilhos<\/h2>\n<p><span style=\"font-weight: 400;\">O sistema Rail Pro\u00ae exclusivo da Loram \u00e9 um conjunto integrado de ferramentas de software de \u00faltima gera\u00e7\u00e3o projetado especificamente para o gerenciamento abrangente do esmerilhamento de trilhos.<\/span> <span style=\"font-weight: 400;\">O sistema conta com a extensa base de intelig\u00eancia da Loram de conhecimento especializado em esmerilhamento de trilhos, acumulada atrav\u00e9s de d\u00e9cadas de experi\u00eancia na \u00e1rea de esmerilhamento e manuten\u00e7\u00e3o de trilhos.<\/span> <span style=\"font-weight: 400;\">Combinando este conhecimento e experi\u00eancia com dados precisos das condi\u00e7\u00f5es dos trilhos e dos ativos, s\u00e3o produzidos conhecimentos e informa\u00e7\u00f5es inestim\u00e1veis que d\u00e3o suporte ao planejamento otimizado de programas de esmerilhamento de trilhos em n\u00edvel micro e macro.<\/span><\/p>\n<p><span style=\"font-weight: 400;\">O Rail Pro oferece uma solu\u00e7\u00e3o completamente integrada de gerenciamento de esmerilhamento de trilhos, incluindo m\u00f3dulos para coleta de dados, inspe\u00e7\u00e3o ferrovi\u00e1ria, monitoramento de desempenho, gerenciamento de dados, an\u00e1lise e relat\u00f3rios, tornando os processos c\u00edclicos de um programa de esmerilhamento mais gerenci\u00e1veis.<\/span> <span style=\"font-weight: 400;\">O sistema foi projetado com as ferrovias grandes e pequenas em mente, e pode ser personalizado em diferentes configura\u00e7\u00f5es para atender a necessidades espec\u00edficas.<\/span><\/p>\n<p><span style=\"font-weight: 400;\">Um componente chave do conjunto Rail Pro \u00e9 o m\u00f3dulo de inspe\u00e7\u00e3o.<\/span> <span style=\"font-weight: 400;\">Este software utiliza algoritmos baseados em conhecimento e previs\u00e3o para analisar a condi\u00e7\u00e3o do trilho e determinar as passagens, padr\u00f5es e velocidades de esmerilhamento que remover\u00e3o a quantidade ideal de metal enquanto fornece um controle preciso do perfil do trilho.<\/span><\/p>\n<p><span style=\"font-weight: 400;\">O perfil do trilho e as informa\u00e7\u00f5es sobre as condi\u00e7\u00f5es da superf\u00edcie do trilho exigidas pelos algoritmos de planejamento do esmerilhamento s\u00e3o normalmente adquiridos por um Ve\u00edculo de Inspe\u00e7\u00e3o Ferrovi\u00e1ria (RIV).<\/span> <span style=\"font-weight: 400;\">O RIV da Loram \u00e9 equipado com hardware e software de \u00faltima gera\u00e7\u00e3o, incluindo o Sistema de Medi\u00e7\u00e3o \u00d3ptica de Perfil Ferrovi\u00e1rio (RPMS), Sistemas de Monitoramento de Superf\u00edcie Ferrovi\u00e1ria (RSMS) e software de Inspe\u00e7\u00e3o Rail Pro que permite que a ferrovia realize inspe\u00e7\u00f5es pr\u00e9vias de trilhos de forma autom\u00e1tica e eficiente.<\/span> <span style=\"font-weight: 400;\">Esta inspe\u00e7\u00e3o automatizada permite maior precis\u00e3o, consist\u00eancia e repetibilidade, o que, em \u00faltima an\u00e1lise, leva \u00e0 economia de custos atrav\u00e9s do prolongamento da vida \u00fatil dos trilhos.<\/span>[\/vc_column_text][vc_empty_space height=&#8221;45px&#8221;]<div class=\"mkd-tabs mkd-horizontal-tab variable mkd-column-1 clearfix\">\n    <ul class=\"mkd-tabs-nav\">\n                    <li>\n            <h3 class=\"mkd-tab-title\">\n            <a href=\"#tab-data-sheet\">\n                <span class=\"mkd-icon-frame\"><\/span>\n\n                <!--<span class=\"mkd-advanced-tab-text-after-icon\">-->\n                Data Sheet                <!--<\/span>-->\n\n            <\/a>\n            <\/h3>\n\n\n            <\/li>\n            <\/ul><!-- .mkd-tabs-nav -->\n\n    <div class=\"mkd-tab-container\" id=\"tab-data-sheet-428\" >[vc_single_image image=&#8221;7453&#8243; img_size=&#8221;spec&#8221; onclick=&#8221;custom_link&#8221; img_link_target=&#8221;_blank&#8221; link=&#8221;\/wp-content\/uploads\/RailPro_1210_web.pdf&#8221;][vc_column_text]<span style=\"font-weight: 400;\">Ficha de dados<\/span>[\/vc_column_text]<\/div><\/div>[\/vc_column][\/vc_row][vc_row css=&#8221;.vc_custom_1629391498831{margin-top: 0px !important;margin-bottom: 0px !important;padding-top: 0px !important;padding-bottom: 0px !important;}&#8221;][vc_column]<div class=\"mkd-elements-holder mkd-responsive-mode-768\" ><div class=\"mkd-elements-holder-item \"  >\n\t<div class=\"mkd-elements-holder-item-inner\">\n\t\t<div class=\"mkd-elements-holder-item-content mkd-elements-holder-custom-363876\" >\n\t\t\t\t\t\t[vc_empty_space height=&#8221;0&#8243;]\t\t<\/div>\n\t<\/div>\n<\/div><\/div>[\/vc_column][\/vc_row]<\/p>\n<\/div>","protected":false},"excerpt":{"rendered":"<p>[vc_row content_width=&#8221;grid&#8221; css=&#8221;.vc_custom_1630069487735{margin-top: 1rem !important;margin-bottom: 3rem !important;}&#8221;][vc_column width=&#8221;1\/4&#8243;][vc_widget_sidebar sidebar_id=&#8221;sidebar&#8221;][\/vc_column][vc_column width=&#8221;3\/4&#8243;][vc_column_text] Gerenciamento abrangente de esmerilhamento de trilhos O sistema Rail Pro\u00ae exclusivo da Loram \u00e9 um conjunto integrado de ferramentas de&#8230;<\/p>\n","protected":false},"author":3,"featured_media":0,"parent":6607,"menu_order":0,"comment_status":"closed","ping_status":"closed","template":"template-single-product.php","meta":{"footnotes":""},"class_list":["post-6630","page","type-page","status-publish","hentry"],"_links":{"self":[{"href":"https:\/\/loram.com\/pt-br\/wp-json\/wp\/v2\/pages\/6630","targetHints":{"allow":["GET"]}}],"collection":[{"href":"https:\/\/loram.com\/pt-br\/wp-json\/wp\/v2\/pages"}],"about":[{"href":"https:\/\/loram.com\/pt-br\/wp-json\/wp\/v2\/types\/page"}],"author":[{"embeddable":true,"href":"https:\/\/loram.com\/pt-br\/wp-json\/wp\/v2\/users\/3"}],"replies":[{"embeddable":true,"href":"https:\/\/loram.com\/pt-br\/wp-json\/wp\/v2\/comments?post=6630"}],"version-history":[{"count":4,"href":"https:\/\/loram.com\/pt-br\/wp-json\/wp\/v2\/pages\/6630\/revisions"}],"predecessor-version":[{"id":7746,"href":"https:\/\/loram.com\/pt-br\/wp-json\/wp\/v2\/pages\/6630\/revisions\/7746"}],"up":[{"embeddable":true,"href":"https:\/\/loram.com\/pt-br\/wp-json\/wp\/v2\/pages\/6607"}],"wp:attachment":[{"href":"https:\/\/loram.com\/pt-br\/wp-json\/wp\/v2\/media?parent=6630"}],"curies":[{"name":"wp","href":"https:\/\/api.w.org\/{rel}","templated":true}]}}