{"id":6609,"date":"2021-12-03T08:29:36","date_gmt":"2021-12-03T14:29:36","guid":{"rendered":"https:\/\/loram.com\/?page_id=6609"},"modified":"2022-02-15T09:59:03","modified_gmt":"2022-02-15T15:59:03","slug":"grind-planning-gis","status":"publish","type":"page","link":"https:\/\/loram.com\/pt-br\/inspection-optimization\/inspection-services\/rail-inspection\/grind-planning-gis\/","title":{"rendered":"Planejamento De Esmerilhamento\/GIS"},"content":{"rendered":"<div class=\"wpb-content-wrapper\"><p>[vc_row content_width=&#8221;grid&#8221; css=&#8221;.vc_custom_1630069443535{margin-top: 1rem !important;margin-bottom: 3rem !important;}&#8221;][vc_column width=&#8221;1\/4&#8243;][vc_widget_sidebar sidebar_id=&#8221;sidebar&#8221;][\/vc_column][vc_column width=&#8221;3\/4&#8243;][vc_column_text]<\/p>\n<h2>Planejamento do esmerilhamento\/GIS<\/h2>\n<p><span style=\"font-weight: 400;\">A Loram foi uma das primeiras a incorporar software de sistema de informa\u00e7\u00e3o geogr\u00e1fica (GIS) em conjuntos de sistemas de informa\u00e7\u00e3o projetados para gerenciar ativos de forma mais eficiente, maximizar o rendimento e a seguran\u00e7a, e minimizar interrup\u00e7\u00f5es e atrasos.<\/span> <span style=\"font-weight: 400;\">Atualmente, o GIS oferece suporte a muitas fun\u00e7\u00f5es ferrovi\u00e1rias, incluindo gerenciamento de infraestrutura e planejamento e execu\u00e7\u00e3o de manuten\u00e7\u00e3o, gerenciamento de material rodante, seguran\u00e7a e prote\u00e7\u00e3o, projeto e constru\u00e7\u00e3o.<\/span>[\/vc_column_text][\/vc_column][\/vc_row][vc_row css=&#8221;.vc_custom_1630069447629{margin-top: 0px !important;margin-bottom: 0px !important;padding-top: 0px !important;padding-bottom: 0px !important;}&#8221;][vc_column]<div class=\"mkd-elements-holder mkd-responsive-mode-768\" ><div class=\"mkd-elements-holder-item \"  >\n\t<div class=\"mkd-elements-holder-item-inner\">\n\t\t<div class=\"mkd-elements-holder-item-content mkd-elements-holder-custom-755205\" >\n\t\t\t\t\t\t[vc_empty_space height=&#8221;0&#8243;]\t\t<\/div>\n\t<\/div>\n<\/div><\/div>[\/vc_column][\/vc_row]<\/p>\n<\/div>","protected":false},"excerpt":{"rendered":"<p>[vc_row content_width=&#8221;grid&#8221; css=&#8221;.vc_custom_1630069443535{margin-top: 1rem !important;margin-bottom: 3rem !important;}&#8221;][vc_column width=&#8221;1\/4&#8243;][vc_widget_sidebar sidebar_id=&#8221;sidebar&#8221;][\/vc_column][vc_column width=&#8221;3\/4&#8243;][vc_column_text] Planejamento do esmerilhamento\/GIS A Loram foi uma das primeiras a incorporar software de sistema de informa\u00e7\u00e3o geogr\u00e1fica (GIS) em conjuntos&#8230;<\/p>\n","protected":false},"author":3,"featured_media":0,"parent":6607,"menu_order":0,"comment_status":"closed","ping_status":"closed","template":"template-single-product.php","meta":{"footnotes":""},"class_list":["post-6609","page","type-page","status-publish","hentry"],"_links":{"self":[{"href":"https:\/\/loram.com\/pt-br\/wp-json\/wp\/v2\/pages\/6609","targetHints":{"allow":["GET"]}}],"collection":[{"href":"https:\/\/loram.com\/pt-br\/wp-json\/wp\/v2\/pages"}],"about":[{"href":"https:\/\/loram.com\/pt-br\/wp-json\/wp\/v2\/types\/page"}],"author":[{"embeddable":true,"href":"https:\/\/loram.com\/pt-br\/wp-json\/wp\/v2\/users\/3"}],"replies":[{"embeddable":true,"href":"https:\/\/loram.com\/pt-br\/wp-json\/wp\/v2\/comments?post=6609"}],"version-history":[{"count":6,"href":"https:\/\/loram.com\/pt-br\/wp-json\/wp\/v2\/pages\/6609\/revisions"}],"predecessor-version":[{"id":10115,"href":"https:\/\/loram.com\/pt-br\/wp-json\/wp\/v2\/pages\/6609\/revisions\/10115"}],"up":[{"embeddable":true,"href":"https:\/\/loram.com\/pt-br\/wp-json\/wp\/v2\/pages\/6607"}],"wp:attachment":[{"href":"https:\/\/loram.com\/pt-br\/wp-json\/wp\/v2\/media?parent=6609"}],"curies":[{"name":"wp","href":"https:\/\/api.w.org\/{rel}","templated":true}]}}