{"id":6608,"date":"2021-12-03T08:29:19","date_gmt":"2021-12-03T14:29:19","guid":{"rendered":"https:\/\/loram.com\/?page_id=6608"},"modified":"2024-08-30T13:31:21","modified_gmt":"2024-08-30T18:31:21","slug":"ballastsaver","status":"publish","type":"page","link":"https:\/\/loram.com\/pt-br\/inspection-optimization\/geotechnical-services\/ballastsaver\/","title":{"rendered":"BallastSaver"},"content":{"rendered":"<div class=\"wpb-content-wrapper\"><p>[vc_row content_width=&#8221;grid&#8221;][vc_column width=&#8221;1\/4&#8243;][vc_widget_sidebar sidebar_id=&#8221;sidebar&#8221;][\/vc_column][vc_column width=&#8221;3\/4&#8243;][vc_column_text css=&#8221;&#8221;]<\/p>\n<h2>BallastSaver<\/h2>\n<p><span style=\"font-weight: 400;\">Elimine as d\u00favidas na hora de determinar suas necessidades de lastro com o BallastSaver\u00ae.<\/span> <span style=\"font-weight: 400;\">Esta tecnologia pioneira permite que voc\u00ea utilize somente o lastro de que precisa, exatamente onde ele \u00e9 necess\u00e1rio.<\/span> <span style=\"font-weight: 400;\">Usando LIDAR avan\u00e7ado, o BallastSaver pode analisar seu perfil de lastro existente e compar\u00e1-lo a um perfil idealizado, identificando toda e qualquer defici\u00eancia de lastro no processo.<\/span><\/p>\n<p><span style=\"font-weight: 400;\">Ao identificar suas necessidades de lastro, voc\u00ea pode remover a subjetividade de seu programa. Agora voc\u00ea pode determinar facilmente o n\u00famero de vag\u00f5es de lastro que precisa em uma determinada \u00e1rea ou priorizar a descarga de um vag\u00e3o que j\u00e1 est\u00e1 no local para despejar lastro somente nas \u00e1reas mais cr\u00edticas.<\/span><\/p>\n<p><span style=\"font-weight: 400;\">O BallastSaver pode trabalhar em conjunto com nosso sistema GateSync\u00ae para automatizar o processo de entrega de lastro.<\/span> <span style=\"font-weight: 400;\">A entrega automatizada minimiza a quantidade de lastro que voc\u00ea precisa, reduz a m\u00e3o-de-obra necess\u00e1ria para realizar o trabalho e evita interditar sua pista por mais tempo do que o necess\u00e1rio.<\/span><\/p>\n<p><span style=\"font-weight: 400;\">O BallastSaver pode agora ser integrado no mesmo ve\u00edculo rodoferrovi\u00e1rio que nosso sistema de inspe\u00e7\u00e3o de trilhos Aurora\u00ae para proporcionar uma vis\u00e3o abrangente do estado de sua via em uma \u00fanica passagem \u2013 desde defici\u00eancias no perfil do lastro at\u00e9 falhas em seus dormentes e trilhos individuais.<\/span> <span style=\"font-weight: 400;\">Com a vis\u00e3o completa \u00e0 sua frente, voc\u00ea pode planejar seus programas de manuten\u00e7\u00e3o de capital com confian\u00e7a.<\/span>[\/vc_column_text][vc_empty_space height=&#8221;45px&#8221;]<div class=\"mkd-tabs mkd-horizontal-tab variable mkd-column-5 clearfix\">\n    <ul class=\"mkd-tabs-nav\">\n                    <li>\n            <h3 class=\"mkd-tab-title\">\n            <a href=\"#tab-services\">\n                <span class=\"mkd-icon-frame\"><\/span>\n\n                <!--<span class=\"mkd-advanced-tab-text-after-icon\">-->\n                Services                <!--<\/span>-->\n\n            <\/a>\n            <\/h3>\n\n\n            <\/li>\n                    <li>\n            <h3 class=\"mkd-tab-title\">\n            <a href=\"#tab-features\">\n                <span class=\"mkd-icon-frame\"><\/span>\n\n                <!--<span class=\"mkd-advanced-tab-text-after-icon\">-->\n                Features                <!--<\/span>-->\n\n            <\/a>\n            <\/h3>\n\n\n            <\/li>\n                    <li>\n            <h3 class=\"mkd-tab-title\">\n            <a href=\"#tab-patents\">\n                <span class=\"mkd-icon-frame\"><\/span>\n\n                <!--<span class=\"mkd-advanced-tab-text-after-icon\">-->\n                Patents                <!--<\/span>-->\n\n            <\/a>\n            <\/h3>\n\n\n            <\/li>\n                    <li>\n            <h3 class=\"mkd-tab-title\">\n            <a href=\"#tab-video\">\n                <span class=\"mkd-icon-frame\"><\/span>\n\n                <!--<span class=\"mkd-advanced-tab-text-after-icon\">-->\n                Video                <!--<\/span>-->\n\n            <\/a>\n            <\/h3>\n\n\n            <\/li>\n                    <li>\n            <h3 class=\"mkd-tab-title\">\n            <a href=\"#tab-data-sheet\">\n                <span class=\"mkd-icon-frame\"><\/span>\n\n                <!--<span class=\"mkd-advanced-tab-text-after-icon\">-->\n                Data Sheet                <!--<\/span>-->\n\n            <\/a>\n            <\/h3>\n\n\n            <\/li>\n            <\/ul><!-- .mkd-tabs-nav -->\n\n    <div class=\"mkd-tab-container\" id=\"tab-services-806\" >[vc_column_text]<\/p>\n<h4><strong>Pesquisa de lastro localizada<\/strong><\/h4>\n<p><span style=\"font-weight: 400;\">As pesquisas com BallastSaver calculam as defici\u00eancias de lastro no leito, ombros e inclina\u00e7\u00f5es laterais da se\u00e7\u00e3o de lastro.<\/span> I<span style=\"font-weight: 400;\">Leva at\u00e9 mesmo em conta as exig\u00eancias de aumento de ombros nas curvas. Isso melhora a precis\u00e3o e a efici\u00eancia da coloca\u00e7\u00e3o do lastro e permite minimizar a quantidade de lastro a ser comprada.<\/span><\/p>\n<h4><strong>Prioriza\u00e7\u00e3o do sistema do programa de lastro<\/strong><\/h4>\n<p><span style=\"font-weight: 400;\">Usando fatores de pondera\u00e7\u00e3o baseados no desempenho, o BallastSaver pode priorizar suas necessidades de lastro para atender aos requisitos de desempenho vertical, lateral e longitudinal da via.<\/span> <span style=\"font-weight: 400;\">Crie facilmente programas de lastro de 10 a 20 milhas, baseados em se\u00e7\u00f5es que levam em conta a curvatura, locais de alto risco, vias de alta velocidade e muito mais.<\/span><\/p>\n<h4><strong>Defeitos de lastro na extremidade de dormentes<\/strong><\/h4>\n<p><span style=\"font-weight: 400;\">A falta de lastro no final dos dormentes \u00e9 uma situa\u00e7\u00e3o particularmente problem\u00e1tica que pode causar problemas de estabilidade lateral. O BallastSaver utiliza uma m\u00e9dia m\u00f3vel de 20 p\u00e9s para identificar \u00e1reas cr\u00edticas e as sinaliza com coordenadas para agilizar os reparos.<\/span><\/p>\n<h4><strong>Perfil da inclina\u00e7\u00e3o transversal e avalia\u00e7\u00e3o do envelope de espa\u00e7amento<\/strong><\/h4>\n<p><span style=\"font-weight: 400;\">O BallastsSaver<\/span><span style=\"font-weight: 400;\"> de lastro proporciona uma capacidade adicional para medir o perfil <\/span><span style=\"font-weight: 400;\">transversal,<\/span><span style=\"font-weight: 400;\"> bem como para avaliar viola\u00e7\u00f5es do envelope de espa\u00e7amento, incluindo poss\u00edveis viola\u00e7\u00f5es que possam resultar de uma eleva\u00e7\u00e3o da via.<\/span>[\/vc_column_text]<\/div><div class=\"mkd-tab-container\" id=\"tab-features-309\" >[vc_column_text]<\/p>\n<ul>\n<li>ve\u00edculo (caminh\u00e3o) rodoferroviario<\/li>\n<li><span style=\"font-weight: 400;\">Utiliza uma m\u00e9dia de 20 p\u00e9s de rolamento para identificar \u00e1reas cr\u00edticas<\/span><\/li>\n<li><span style=\"font-weight: 400;\">Sinaliza\u00e7\u00e3o de localiza\u00e7\u00e3o com coordenadas para f\u00e1cil identifica\u00e7\u00e3o<\/span><\/li>\n<li><span style=\"font-weight: 400;\">Resultados exatos e repet\u00edveis<\/span><\/li>\n<li><span style=\"font-weight: 400;\">Ajuda a priorizar a coloca\u00e7\u00e3o do lastro com base nos requisitos de desempenho<\/span><\/li>\n<li><span style=\"font-weight: 400;\">Pode criar programas de lastro de 10 a 20 milhas, baseados em se\u00e7\u00f5es<\/span><\/li>\n<li><span style=\"font-weight: 400;\">Otimiza a quantidade de lastro necess\u00e1ria<\/span><\/li>\n<li><span style=\"font-weight: 400;\">Atende \u00e0s exig\u00eancias de inspe\u00e7\u00e3o da ind\u00fastria<\/span><\/li>\n<li><span style=\"font-weight: 400;\">Utiliza LIDAR para detectar defici\u00eancias de lastro<\/span><\/li>\n<li><span style=\"font-weight: 400;\">Sistema baseado em codificador para rastrear localiza\u00e7\u00e3o<\/span><\/li>\n<li><span style=\"font-weight: 400;\">Coleta dados a 30 mph e os dados s\u00e3o processados internamente<\/span><\/li>\n<li><span style=\"font-weight: 400;\">Pode ser usado como um servi\u00e7o aut\u00f4nomo<\/span><\/li>\n<li><span style=\"font-weight: 400;\">Cumpre exig\u00eancias quil\u00f4metro a quil\u00f4metro de lastro (ft3 e carga do vag\u00e3o)<\/span><\/li>\n<li><span style=\"font-weight: 400;\">Fornece um FOV de 360 graus para t\u00faneis, \u00e1rvores, etc.<\/span><\/li>\n<li><span style=\"font-weight: 400;\">Inclui lastro necess\u00e1rio para eleva\u00e7\u00e3o de 1&#8243;, 2&#8243;, ou 3&#8243;, sem zonas de despejo, defeitos na extremidade do dormente e zonas de perigo.<\/span><\/li>\n<li><\/li>\n<\/ul>\n<p>[\/vc_column_text]<\/div><div class=\"mkd-tab-container\" id=\"tab-patents-921\" >[vc_column_text]US Patent #8875635<br \/>\nUS Patent #9175998[\/vc_column_text]<\/div><div class=\"mkd-tab-container\" id=\"tab-video-460\" >[vc_video link=&#8221;https:\/\/vimeo.com\/573134562&#8243;]<\/div><div class=\"mkd-tab-container\" id=\"tab-data-sheet-352\" >[vc_single_image image=&#8221;7198&#8243; img_size=&#8221;spec&#8221; onclick=&#8221;custom_link&#8221; img_link_target=&#8221;_blank&#8221; link=&#8221;\/wp-content\/uploads\/lti-ballast-saver-brochure.pdf&#8221;][vc_column_text]<span style=\"font-weight: 400;\">Folheto para download<\/span>[\/vc_column_text]<\/div><\/div>[vc_gallery interval=&#8221;3&#8243; images=&#8221;7020,7050,7021,7049&#8243; img_size=&#8221;1800&#215;900&#8243; css=&#8221;.vc_custom_1630010335284{margin-top: 2rem !important;}&#8221;][\/vc_column][\/vc_row][vc_row][vc_column]<div class=\"mkd-elements-holder mkd-responsive-mode-768\" ><div class=\"mkd-elements-holder-item \"  >\n\t<div class=\"mkd-elements-holder-item-inner\">\n\t\t<div class=\"mkd-elements-holder-item-content mkd-elements-holder-custom-652210\" >\n\t\t\t\t\t\t[vc_empty_space height=&#8221;0&#8243; css=&#8221;.vc_custom_1629392796053{margin-top: 0px !important;margin-bottom: 0px !important;padding-top: 0px !important;padding-bottom: 0px !important;}&#8221;]\t\t<\/div>\n\t<\/div>\n<\/div><\/div>[\/vc_column][\/vc_row]<\/p>\n<\/div>","protected":false},"excerpt":{"rendered":"<p>[vc_row content_width=&#8221;grid&#8221;][vc_column width=&#8221;1\/4&#8243;][vc_widget_sidebar sidebar_id=&#8221;sidebar&#8221;][\/vc_column][vc_column width=&#8221;3\/4&#8243;][vc_column_text css=&#8221;&#8221;] BallastSaver Elimine as d\u00favidas na hora de determinar suas necessidades de lastro com o BallastSaver\u00ae. Esta tecnologia pioneira permite que voc\u00ea utilize somente o&#8230;<\/p>\n","protected":false},"author":3,"featured_media":0,"parent":6603,"menu_order":30,"comment_status":"closed","ping_status":"closed","template":"template-single-product.php","meta":{"footnotes":""},"class_list":["post-6608","page","type-page","status-publish","hentry"],"_links":{"self":[{"href":"https:\/\/loram.com\/pt-br\/wp-json\/wp\/v2\/pages\/6608","targetHints":{"allow":["GET"]}}],"collection":[{"href":"https:\/\/loram.com\/pt-br\/wp-json\/wp\/v2\/pages"}],"about":[{"href":"https:\/\/loram.com\/pt-br\/wp-json\/wp\/v2\/types\/page"}],"author":[{"embeddable":true,"href":"https:\/\/loram.com\/pt-br\/wp-json\/wp\/v2\/users\/3"}],"replies":[{"embeddable":true,"href":"https:\/\/loram.com\/pt-br\/wp-json\/wp\/v2\/comments?post=6608"}],"version-history":[{"count":6,"href":"https:\/\/loram.com\/pt-br\/wp-json\/wp\/v2\/pages\/6608\/revisions"}],"predecessor-version":[{"id":19814,"href":"https:\/\/loram.com\/pt-br\/wp-json\/wp\/v2\/pages\/6608\/revisions\/19814"}],"up":[{"embeddable":true,"href":"https:\/\/loram.com\/pt-br\/wp-json\/wp\/v2\/pages\/6603"}],"wp:attachment":[{"href":"https:\/\/loram.com\/pt-br\/wp-json\/wp\/v2\/media?parent=6608"}],"curies":[{"name":"wp","href":"https:\/\/api.w.org\/{rel}","templated":true}]}}