{"id":6605,"date":"2021-12-03T08:29:12","date_gmt":"2021-12-03T14:29:12","guid":{"rendered":"https:\/\/loram.com\/?page_id=6605"},"modified":"2024-08-30T13:28:26","modified_gmt":"2024-08-30T18:28:26","slug":"lidar","status":"publish","type":"page","link":"https:\/\/loram.com\/pt-br\/inspection-optimization\/geotechnical-services\/lidar\/","title":{"rendered":"LIDAR"},"content":{"rendered":"<div class=\"wpb-content-wrapper\"><p>[vc_row content_width=&#8221;grid&#8221;][vc_column width=&#8221;1\/4&#8243;][vc_widget_sidebar sidebar_id=&#8221;sidebar&#8221;][\/vc_column][vc_column width=&#8221;3\/4&#8243;][vc_column_text]<\/p>\n<h2>LiDAR<\/h2>\n<p><span style=\"font-weight: 400;\">O mapeamento de dados LiDAR fornece uma varredura do direito de passagem para determinar as condi\u00e7\u00f5es dos ombros, localiza\u00e7\u00e3o da canaletas de drenagem e profundidade e condi\u00e7\u00f5es de corte\/enchimento. Esta topografia de via \u00e9 usada em conjunto com o GPR e a an\u00e1lise da geometria da via para identificar problemas de subestruturas espec\u00edficos e suas origens subjacentes.<\/span><\/p>\n<p><span style=\"font-weight: 400;\">As informa\u00e7\u00f5es do LiDAR tamb\u00e9m podem ser usadas para identificar a largura e a altura do ombro para determinar o volume em excesso ou faltante de lastro.<\/span><\/p>\n<p><span style=\"font-weight: 400;\">A integra\u00e7\u00e3o da topografia do LiDAR com os dados do \u00edndice de rejeitos GPR e do perfil de umidade fornece clareza documentada sobre a capacidade de drenagem interna da via, e a adequa\u00e7\u00e3o da vala para transportar \u00e1gua a partir dela.<\/span>[\/vc_column_text][vc_empty_space height=&#8221;45px&#8221;]<div class=\"mkd-tabs mkd-horizontal-tab variable mkd-column-1 clearfix\">\n    <ul class=\"mkd-tabs-nav\">\n                    <li>\n            <h3 class=\"mkd-tab-title\">\n            <a href=\"#tab-ficha-de-dados\">\n                <span class=\"mkd-icon-frame\"><\/span>\n\n                <!--<span class=\"mkd-advanced-tab-text-after-icon\">-->\n                Ficha de dados                <!--<\/span>-->\n\n            <\/a>\n            <\/h3>\n\n\n            <\/li>\n            <\/ul><!-- .mkd-tabs-nav -->\n\n    <div class=\"mkd-tab-container\" id=\"tab-ficha-de-dados-266\" >[vc_single_image image=&#8221;19804&#8243; img_size=&#8221;medium&#8221; onclick=&#8221;custom_link&#8221; img_link_target=&#8221;_blank&#8221; css=&#8221;&#8221; link=&#8221;https:\/\/loram.com\/wp-content\/uploads\/LMOW-Brazil_Geotechnical-Services_PT-BR_digital-1.pdf&#8221;]<\/div><\/div>[vc_gallery interval=&#8221;3&#8243; images=&#8221;19781,19795&#8243; img_size=&#8221;1800&#215;900&#8243; css=&#8221;.vc_custom_1725041644197{margin-top: 2rem !important;}&#8221;][\/vc_column][\/vc_row][vc_row][vc_column]<div class=\"mkd-elements-holder mkd-responsive-mode-768\" ><div class=\"mkd-elements-holder-item \"  >\n\t<div class=\"mkd-elements-holder-item-inner\">\n\t\t<div class=\"mkd-elements-holder-item-content mkd-elements-holder-custom-349472\" >\n\t\t\t\t\t\t[vc_empty_space height=&#8221;0&#8243; css=&#8221;.vc_custom_1629392655313{margin-top: 0px !important;margin-bottom: 0px !important;padding-top: 0px !important;padding-bottom: 0px !important;}&#8221;]\t\t<\/div>\n\t<\/div>\n<\/div><\/div>[\/vc_column][\/vc_row]<\/p>\n<\/div>","protected":false},"excerpt":{"rendered":"<p>[vc_row content_width=&#8221;grid&#8221;][vc_column width=&#8221;1\/4&#8243;][vc_widget_sidebar sidebar_id=&#8221;sidebar&#8221;][\/vc_column][vc_column width=&#8221;3\/4&#8243;][vc_column_text] LiDAR O mapeamento de dados LiDAR fornece uma varredura do direito de passagem para determinar as condi\u00e7\u00f5es dos ombros, localiza\u00e7\u00e3o da canaletas de drenagem e&#8230;<\/p>\n","protected":false},"author":3,"featured_media":0,"parent":6603,"menu_order":20,"comment_status":"closed","ping_status":"closed","template":"template-single-product.php","meta":{"footnotes":""},"class_list":["post-6605","page","type-page","status-publish","hentry"],"_links":{"self":[{"href":"https:\/\/loram.com\/pt-br\/wp-json\/wp\/v2\/pages\/6605","targetHints":{"allow":["GET"]}}],"collection":[{"href":"https:\/\/loram.com\/pt-br\/wp-json\/wp\/v2\/pages"}],"about":[{"href":"https:\/\/loram.com\/pt-br\/wp-json\/wp\/v2\/types\/page"}],"author":[{"embeddable":true,"href":"https:\/\/loram.com\/pt-br\/wp-json\/wp\/v2\/users\/3"}],"replies":[{"embeddable":true,"href":"https:\/\/loram.com\/pt-br\/wp-json\/wp\/v2\/comments?post=6605"}],"version-history":[{"count":5,"href":"https:\/\/loram.com\/pt-br\/wp-json\/wp\/v2\/pages\/6605\/revisions"}],"predecessor-version":[{"id":19812,"href":"https:\/\/loram.com\/pt-br\/wp-json\/wp\/v2\/pages\/6605\/revisions\/19812"}],"up":[{"embeddable":true,"href":"https:\/\/loram.com\/pt-br\/wp-json\/wp\/v2\/pages\/6603"}],"wp:attachment":[{"href":"https:\/\/loram.com\/pt-br\/wp-json\/wp\/v2\/media?parent=6605"}],"curies":[{"name":"wp","href":"https:\/\/api.w.org\/{rel}","templated":true}]}}