{"id":6604,"date":"2021-12-03T08:29:06","date_gmt":"2021-12-03T14:29:06","guid":{"rendered":"https:\/\/loram.com\/?page_id=6604"},"modified":"2024-08-30T13:11:25","modified_gmt":"2024-08-30T18:11:25","slug":"gpr","status":"publish","type":"page","link":"https:\/\/loram.com\/pt-br\/inspection-optimization\/geotechnical-services\/gpr\/","title":{"rendered":"GPR"},"content":{"rendered":"<div class=\"wpb-content-wrapper\"><p>[vc_row content_width=&#8221;grid&#8221;][vc_column width=&#8221;1\/4&#8243;][vc_widget_sidebar sidebar_id=&#8221;sidebar&#8221;][\/vc_column][vc_column width=&#8221;3\/4&#8243;][vc_column_text]<\/p>\n<h4>GPR<\/h4>\n<p><span style=\"font-weight: 400;\">A Loram oferece uma gama de solu\u00e7\u00f5es GPR, desde nossos servi\u00e7os completos de coleta e an\u00e1lise de dados at\u00e9 sistemas GPR dispon\u00edveis para a montagem em vag\u00f5es<\/span>.<\/p>\n<div class=\"docos-collapsible-replyview\">\n<div class=\"docos-replyview-static\">\n<div class=\"docos-replyview-body docos-anchoredreplyview-body\" dir=\"ltr\">O sistema de levantamento padr\u00e3o da Loram baseado em ve\u00edculo rodoferroviario usa tr\u00eas antenas de 400 MHz que s\u00e3o especialmente projetadas para uma medi\u00e7\u00e3o de alta velocidade e n\u00e3o invasiva do lastro e da forma\u00e7\u00e3o da via. <span style=\"font-weight: 400;\">As antenas s\u00e3o implementadas na linha central da via e em ambas as extremidades dos dormentes.<\/span><\/div>\n<\/div>\n<\/div>\n<p><span style=\"font-weight: 400;\">Al\u00e9m do m\u00e9todo de coleta de dados de GPR <\/span><span style=\"font-weight: 400;\">baseados em ve\u00edculos rodoferroviario<\/span><span style=\"font-weight: 400;\">a Loram oferece uma solu\u00e7\u00e3o a bordo, onde seu equipamento de levantamento GPR \u00e9 instalado em um dos vag\u00f5es de geometria da ferrovia para levantar a via \u00e0 medida que o vag\u00e3o se desloca.<\/span><\/p>\n<p><span style=\"font-weight: 400;\">Tanto os sistemas baseados <\/span><span style=\"font-weight: 400;\">rodoferrovi\u00e1rio <\/span><span style=\"font-weight: 400;\">quanto os de bordo funcionam em territ\u00f3rio de via eletrificada e em ambientes urbanos prejudicados pelo ru\u00eddo eletromagn\u00e9tico de fundo.<\/span>[\/vc_column_text][vc_empty_space height=&#8221;45px&#8221;]<div class=\"mkd-tabs mkd-horizontal-tab variable mkd-column-1 clearfix\">\n    <ul class=\"mkd-tabs-nav\">\n                    <li>\n            <h3 class=\"mkd-tab-title\">\n            <a href=\"#tab-ficha-de-dados\">\n                <span class=\"mkd-icon-frame\"><\/span>\n\n                <!--<span class=\"mkd-advanced-tab-text-after-icon\">-->\n                Ficha de dados                <!--<\/span>-->\n\n            <\/a>\n            <\/h3>\n\n\n            <\/li>\n            <\/ul><!-- .mkd-tabs-nav -->\n\n    <div class=\"mkd-tab-container\" id=\"tab-ficha-de-dados-851\" >[vc_single_image image=&#8221;19773&#8243; img_size=&#8221;medium&#8221; onclick=&#8221;custom_link&#8221; img_link_target=&#8221;_blank&#8221; css=&#8221;&#8221; link=&#8221;https:\/\/loram.com\/wp-content\/uploads\/LMOW-Brazil_Geotechnical-Services_PT-BR_digital.pdf&#8221;]<\/div><\/div>[vc_gallery interval=&#8221;3&#8243; images=&#8221;19795,19781&#8243; img_size=&#8221;1800&#215;900&#8243; css=&#8221;.vc_custom_1725041377957{margin-top: 2rem !important;}&#8221;][\/vc_column][\/vc_row][vc_row css=&#8221;.vc_custom_1629392552983{margin-top: 0px !important;margin-bottom: 0px !important;padding-top: 0px !important;padding-bottom: 0px !important;}&#8221;][vc_column]<div class=\"mkd-elements-holder mkd-responsive-mode-768\" ><div class=\"mkd-elements-holder-item \"  >\n\t<div class=\"mkd-elements-holder-item-inner\">\n\t\t<div class=\"mkd-elements-holder-item-content mkd-elements-holder-custom-861665\" >\n\t\t\t\t\t\t[vc_empty_space height=&#8221;0&#8243;]\t\t<\/div>\n\t<\/div>\n<\/div><\/div>[\/vc_column][\/vc_row]<\/p>\n<\/div>","protected":false},"excerpt":{"rendered":"<p>[vc_row content_width=&#8221;grid&#8221;][vc_column width=&#8221;1\/4&#8243;][vc_widget_sidebar sidebar_id=&#8221;sidebar&#8221;][\/vc_column][vc_column width=&#8221;3\/4&#8243;][vc_column_text] GPR A Loram oferece uma gama de solu\u00e7\u00f5es GPR, desde nossos servi\u00e7os completos de coleta e an\u00e1lise de dados at\u00e9 sistemas GPR dispon\u00edveis para a&#8230;<\/p>\n","protected":false},"author":3,"featured_media":0,"parent":6603,"menu_order":10,"comment_status":"closed","ping_status":"closed","template":"template-single-product.php","meta":{"footnotes":""},"class_list":["post-6604","page","type-page","status-publish","hentry"],"_links":{"self":[{"href":"https:\/\/loram.com\/pt-br\/wp-json\/wp\/v2\/pages\/6604","targetHints":{"allow":["GET"]}}],"collection":[{"href":"https:\/\/loram.com\/pt-br\/wp-json\/wp\/v2\/pages"}],"about":[{"href":"https:\/\/loram.com\/pt-br\/wp-json\/wp\/v2\/types\/page"}],"author":[{"embeddable":true,"href":"https:\/\/loram.com\/pt-br\/wp-json\/wp\/v2\/users\/3"}],"replies":[{"embeddable":true,"href":"https:\/\/loram.com\/pt-br\/wp-json\/wp\/v2\/comments?post=6604"}],"version-history":[{"count":6,"href":"https:\/\/loram.com\/pt-br\/wp-json\/wp\/v2\/pages\/6604\/revisions"}],"predecessor-version":[{"id":19803,"href":"https:\/\/loram.com\/pt-br\/wp-json\/wp\/v2\/pages\/6604\/revisions\/19803"}],"up":[{"embeddable":true,"href":"https:\/\/loram.com\/pt-br\/wp-json\/wp\/v2\/pages\/6603"}],"wp:attachment":[{"href":"https:\/\/loram.com\/pt-br\/wp-json\/wp\/v2\/media?parent=6604"}],"curies":[{"name":"wp","href":"https:\/\/api.w.org\/{rel}","templated":true}]}}