{"id":6603,"date":"2021-12-03T08:29:01","date_gmt":"2021-12-03T14:29:01","guid":{"rendered":"https:\/\/loram.com\/?page_id=6603"},"modified":"2021-12-16T15:50:16","modified_gmt":"2021-12-16T21:50:16","slug":"geotechnical-services","status":"publish","type":"page","link":"https:\/\/loram.com\/pt-br\/inspection-optimization\/geotechnical-services\/","title":{"rendered":"Servi\u00e7os Geot\u00e9cnicos"},"content":{"rendered":"<div class=\"wpb-content-wrapper\"><p>[vc_row content_width=&#8221;grid&#8221; css=&#8221;.vc_custom_1623767783918{margin-top: 0px !important;margin-bottom: 4rem !important;}&#8221;][vc_column width=&#8221;1\/4&#8243;][vc_widget_sidebar sidebar_id=&#8221;sidebar&#8221;][\/vc_column][vc_column width=&#8221;3\/4&#8243;][vc_column_text]<\/p>\n<h2>Diagn\u00f3stico e resolu\u00e7\u00e3o de problemas<\/h2>\n<p>Intelig\u00eancia acion\u00e1vel \u00e9 a confian\u00e7a em conhecer a condi\u00e7\u00e3o de toda a sua estrutura de trilhos para tomar decis\u00f5es informadas que otimizem os programas de manuten\u00e7\u00e3o e investimento. Os Geotechnical Services da Loram Technologies diagnosticam e resolvem problemas que afetam a condi\u00e7\u00e3o e o desempenho dos trilhos ferrovi\u00e1rios, combinando perfeitamente a experi\u00eancia em materiais, t\u00e9cnicas de manuten\u00e7\u00e3o e an\u00e1lise de dados de trilhos &#8211; resultando em um perfil de diagn\u00f3stico avan\u00e7ado da sa\u00fade de seus trilhos no momento e identificando tend\u00eancias ao longo do tempo para o planejamento pr\u00f3-ativo do programa de manuten\u00e7\u00e3o da subestrutura no futuro.<\/p>\n<h3>Experi\u00eancia em servi\u00e7os geot\u00e9cnicos<\/h3>\n<p>[\/vc_column_text]<div class=\"mkd-elements-holder mkd-responsive-mode-768\" ><div class=\"mkd-elements-holder-item \"  >\n\t<div class=\"mkd-elements-holder-item-inner\">\n\t\t<div class=\"mkd-elements-holder-item-content mkd-elements-holder-custom-205419\" >\n\t\t\t\t\t\t[vc_column_text]<\/p>\n<ul>\n<li>Coleta de dados GPR, calibra\u00e7\u00e3o, processamento, modelagem, visualiza\u00e7\u00e3o, interpreta\u00e7\u00e3o, automa\u00e7\u00e3o e QA\/QC<\/li>\n<li>An\u00e1lise de drenagem de via e m\u00e9todos de melhoria<\/li>\n<li>Opera\u00e7\u00f5es de inspe\u00e7\u00e3o e manuten\u00e7\u00e3o de seguran\u00e7a de trilhos e leitos ferrovi\u00e1rios<\/li>\n<li>T\u00e9cnicas de an\u00e1lise para interpreta\u00e7\u00e3o dos dados geom\u00e9tricos da via para planejamento de manuten\u00e7\u00e3o e avalia\u00e7\u00e3o da condi\u00e7\u00e3o<\/li>\n<li>Servi\u00e7os de extra\u00e7\u00e3o, manipula\u00e7\u00e3o, interpreta\u00e7\u00e3o e aplica\u00e7\u00e3o de dados espaciais, em particular, dados LiDAR (light detection and ranging), para mapeamento da superf\u00edcie do solo e localiza\u00e7\u00e3o de ativos<\/li>\n<li>M\u00e9todos convencionais e inovadores para manuten\u00e7\u00e3o e remedia\u00e7\u00e3o de subestruturas de vias<\/li>\n<li>Estudos de investiga\u00e7\u00e3o de campo, reconhecimento do local, GPR, levantamento em v\u00eddeo, poss\u00edveis cruzamentos e testes din\u00e2micos de penetra\u00e7\u00e3o de cone para entender os fatores que afetam o desempenho da via<\/li>\n<li>Armazenamento de dados, recupera\u00e7\u00e3o, manipula\u00e7\u00e3o e visualiza\u00e7\u00e3o de grandes e diversos volumes de dados digitais<\/li>\n<li>Materiais para o leito da ferrovia, incluindo lastro, sublastro e subleito<\/li>\n<li>Investiga\u00e7\u00f5es e an\u00e1lises geot\u00e9cnicas relacionadas a:\n<ul>\n<li>Bases superficiais e profundas<\/li>\n<li>Estruturas de reten\u00e7\u00e3o permanentes e tempor\u00e1rias \u2013 encostas de solo e rochas<\/li>\n<li>Estabiliza\u00e7\u00e3o do solo<\/li>\n<li>Supervis\u00e3o\/inspe\u00e7\u00e3o de campo<\/li>\n<\/ul>\n<\/li>\n<\/ul>\n<p>[\/vc_column_text]\t\t<\/div>\n\t<\/div>\n<\/div><\/div>[\/vc_column][\/vc_row][vc_row content_width=&#8221;grid&#8221; css=&#8221;.vc_custom_1623794254962{background-color: #000000 !important;}&#8221; el_class=&#8221;black-bar&#8221;][vc_column css=&#8221;.vc_custom_1626810160336{padding-top: 0.5rem !important;padding-bottom: 1rem !important;}&#8221;]<div class=\"mkd-elements-holder mkd-responsive-mode-768\" ><div class=\"mkd-elements-holder-item \"  >\n\t<div class=\"mkd-elements-holder-item-inner\">\n\t\t<div class=\"mkd-elements-holder-item-content mkd-elements-holder-custom-946145\" >\n\t\t\t\t\t\t[vc_column_text el_class=&#8221;sub-cat-landing-title-bar&#8221;]SERVI\u00c7OS GEOT\u00c9CNICOS DA LORAM[\/vc_column_text]\t\t<\/div>\n\t<\/div>\n<\/div><\/div>[\/vc_column][\/vc_row][vc_row content_width=&#8221;grid&#8221; css=&#8221;.vc_custom_1626451591955{padding-top: 3rem !important;padding-bottom: 1rem !important;background-color: #e5e5e5 !important;}&#8221;][vc_column]<div class=\"mkd-elements-holder mkd-two-columns mkd-responsive-mode-768\" ><div class=\"mkd-elements-holder-item mkd-fade-in lazyload\" data-animation=\"mkd-fade-in\" style=\"background-image:inherit\" data-bg-image=\"url(https:\/\/loram.com\/wp-content\/uploads\/gpr.jpg)\">\n\t<div class=\"mkd-elements-holder-item-inner\">\n\t\t<div class=\"mkd-elements-holder-item-content mkd-elements-holder-custom-740633\" style=\"padding: 0 0 0 0\">\n\t\t\t\t\t\t[vc_empty_space height=&#8221;348px&#8221;]\t\t<\/div>\n\t<\/div>\n<\/div><div class=\"mkd-elements-holder-item mkd-fade-in\" data-animation=\"mkd-fade-in\" >\n\t<div class=\"mkd-elements-holder-item-inner\">\n\t\t<div class=\"mkd-elements-holder-item-content mkd-elements-holder-custom-483624\" style=\"padding: 2rem 4rem 3.5rem 4rem\">\n\t\t\t\t\t\t<div class=\"mkd-st \">\n    <div class=\"mkd-st-inner\">\n        <div class=\"mkd-st-title-holder\">\n            <h2 class=\"mkd-st-title\">\n            <span>GPR<\/span>\n        <\/h2>\n    <\/div>\n\n    \n    <div class=\"mkd-st-text-holder\" >\n        <span class=\"mkd-st-text-text\">O Radar de Penetra\u00e7\u00e3o de Solo (GPR) fornece an\u00e1lise da profundidade da subestrutura, proporcionando o mapeamento de incrusta\u00e7\u00f5es, umidade e camada de subestrutura em profundidades de at\u00e9 3 metros.<\/span>\n    <\/div>\n<\/div>\n<\/div>[vc_empty_space height=&#8221;24px&#8221;]<a itemprop=\"url\" href=\"\/pt-br\/inspection-and-optimization\/geotechnical-services\/gpr\/\" target=\"_self\"  class=\"mkd-btn mkd-btn-medium mkd-btn-solid\"  >\n    <span class=\"mkd-btn-text\">Saiba mais<\/span>\n    <\/a>\t\t<\/div>\n\t<\/div>\n<\/div><\/div>[\/vc_column][\/vc_row][vc_row content_width=&#8221;grid&#8221; css=&#8221;.vc_custom_1626451584668{padding-top: 1rem !important;padding-bottom: 1rem !important;background-color: #e5e5e5 !important;}&#8221;][vc_column]<div class=\"mkd-elements-holder mkd-two-columns mkd-responsive-mode-768\" ><div class=\"mkd-elements-holder-item mkd-fade-in lazyload\" data-animation=\"mkd-fade-in\" style=\"background-image:inherit\" data-bg-image=\"url(https:\/\/loram.com\/wp-content\/uploads\/lidar.jpg)\">\n\t<div class=\"mkd-elements-holder-item-inner\">\n\t\t<div class=\"mkd-elements-holder-item-content mkd-elements-holder-custom-304927\" style=\"padding: 0 0 0 0\">\n\t\t\t\t\t\t[vc_empty_space height=&#8221;348px&#8221;]\t\t<\/div>\n\t<\/div>\n<\/div><div class=\"mkd-elements-holder-item mkd-fade-in\" data-animation=\"mkd-fade-in\" >\n\t<div class=\"mkd-elements-holder-item-inner\">\n\t\t<div class=\"mkd-elements-holder-item-content mkd-elements-holder-custom-508546\" style=\"padding: 2rem 4rem 3.5rem 4rem\">\n\t\t\t\t\t\t<div class=\"mkd-st \">\n    <div class=\"mkd-st-inner\">\n        <div class=\"mkd-st-title-holder\">\n            <h2 class=\"mkd-st-title\">\n            <span>LiDAR<\/span>\n        <\/h2>\n    <\/div>\n\n    \n    <div class=\"mkd-st-text-holder\" >\n        <span class=\"mkd-st-text-text\">O escaneamento Light Detection and Ranging (LiDAR) cria um mapeamento visual tridimensional preciso da superf\u00edcie do solo que se combinam com dados GPR para an\u00e1lise da estrutura.<\/span>\n    <\/div>\n<\/div>\n<\/div>[vc_empty_space height=&#8221;24px&#8221;]<a itemprop=\"url\" href=\"\/pt-br\/inspection-and-optimization\/geotechnical-services\/lidar\/\" target=\"_self\"  class=\"mkd-btn mkd-btn-medium mkd-btn-solid\"  >\n    <span class=\"mkd-btn-text\">Saiba mais<\/span>\n    <\/a>\t\t<\/div>\n\t<\/div>\n<\/div><\/div>[\/vc_column][\/vc_row][vc_row content_width=&#8221;grid&#8221; css=&#8221;.vc_custom_1626451604724{padding-top: 1rem !important;padding-bottom: 3rem !important;background-color: #e5e5e5 !important;}&#8221;][vc_column]<div class=\"mkd-elements-holder mkd-two-columns mkd-responsive-mode-768\" ><div class=\"mkd-elements-holder-item mkd-fade-in lazyload\" data-animation=\"mkd-fade-in\" style=\"background-image:inherit\" data-bg-image=\"url(https:\/\/loram.com\/wp-content\/uploads\/ballast-saver.jpg)\">\n\t<div class=\"mkd-elements-holder-item-inner\">\n\t\t<div class=\"mkd-elements-holder-item-content mkd-elements-holder-custom-429599\" style=\"padding: 0 0 0 0\">\n\t\t\t\t\t\t[vc_empty_space height=&#8221;348px&#8221;]\t\t<\/div>\n\t<\/div>\n<\/div><div class=\"mkd-elements-holder-item mkd-fade-in\" data-animation=\"mkd-fade-in\" >\n\t<div class=\"mkd-elements-holder-item-inner\">\n\t\t<div class=\"mkd-elements-holder-item-content mkd-elements-holder-custom-936309\" style=\"padding: 2rem 4rem 3.5rem 4rem\">\n\t\t\t\t\t\t<div class=\"mkd-st \">\n    <div class=\"mkd-st-inner\">\n        <div class=\"mkd-st-title-holder\">\n            <h2 class=\"mkd-st-title\">\n            <span>BallastSaver<\/span>\n        <\/h2>\n    <\/div>\n\n    \n    <div class=\"mkd-st-text-holder\" >\n        <span class=\"mkd-st-text-text\">Automatize a identifica\u00e7\u00e3o de defici\u00eancias localizadas de lastro com an\u00e1lises baseadas em LiDAR dos perfis de lastro existentes.<\/span>\n    <\/div>\n<\/div>\n<\/div>[vc_empty_space height=&#8221;24px&#8221;]<a itemprop=\"url\" href=\"\/pt-br\/inspection-and-optimization\/geotechnical-services\/ballastsaver\/\" target=\"_self\"  class=\"mkd-btn mkd-btn-medium mkd-btn-solid\"  >\n    <span class=\"mkd-btn-text\">Saiba mais<\/span>\n    <\/a>\t\t<\/div>\n\t<\/div>\n<\/div><\/div>[\/vc_column][\/vc_row][vc_row content_width=&#8221;grid&#8221; content_aligment=&#8221;center&#8221; el_class=&#8221;learn-how-we-help&#8221; css=&#8221;.vc_custom_1627056837288{margin-top: 1rem !important;margin-bottom: 3rem !important;padding-right: 0px !important;padding-left: 0px !important;background-image: url(https:\/\/loram.com\/wp-content\/uploads\/learn-how-we-can-help-technology.jpg?id=4512) !important;background-position: center !important;background-repeat: no-repeat !important;background-size: cover !important;}&#8221;][vc_column css=&#8221;.vc_custom_1623260528726{padding-top: 6rem !important;padding-right: 0px !important;padding-bottom: 3rem !important;padding-left: 0px !important;}&#8221;]<div class=\"mkd-elements-holder mkd-responsive-mode-768\" ><div class=\"mkd-elements-holder-item \"  >\n\t<div class=\"mkd-elements-holder-item-inner\">\n\t\t<div class=\"mkd-elements-holder-item-content mkd-elements-holder-custom-633440\" >\n\t\t\t\t\t\t<div class=\"mkd-st \">\n    <div class=\"mkd-st-inner\">\n        <div class=\"mkd-st-title-holder\">\n            <h2 class=\"mkd-st-title\">\n            <span>Ningu\u00e9m conhece melhor os trilhos<\/span>\n        <\/h2>\n    <\/div>\n\n    \n    <div class=\"mkd-st-text-holder\" >\n        <span class=\"mkd-st-text-text\">A Loram est\u00e1 liderando a transforma\u00e7\u00e3o digital da manuten\u00e7\u00e3o ferrovi\u00e1ria atrav\u00e9s de nosso avan\u00e7ado portf\u00f3lio de tecnologias de inspe\u00e7\u00e3o, monitoramento em tempo real e solu\u00e7\u00f5es de otimiza\u00e7\u00e3o para a efici\u00eancia orientada pelos dados. Ligue para +1 (512) 869-1542 ou entre em contato com nossa equipe t\u00e9cnica de vendas.<\/p>\n<p><\/span>\n    <\/div>\n<\/div>\n<\/div>[vc_empty_space height=&#8221;24px&#8221;]<a itemprop=\"url\" href=\"\/pt-br\/contact\/\" target=\"_self\"  class=\"mkd-btn mkd-btn-medium mkd-btn-solid\"  >\n    <span class=\"mkd-btn-text\">Vamos conversar<\/span>\n    <\/a>\t\t<\/div>\n\t<\/div>\n<\/div><\/div>[\/vc_column][\/vc_row][vc_row][vc_column]<div class=\"mkd-elements-holder mkd-responsive-mode-768\" ><div class=\"mkd-elements-holder-item \"  >\n\t<div class=\"mkd-elements-holder-item-inner\">\n\t\t<div class=\"mkd-elements-holder-item-content mkd-elements-holder-custom-469952\" >\n\t\t\t\t\t\t[vc_empty_space height=&#8221;0&#8243; css=&#8221;.vc_custom_1627056862533{margin-top: 0px !important;margin-bottom: 0px !important;padding-top: 0px !important;padding-bottom: 0px !important;}&#8221;]\t\t<\/div>\n\t<\/div>\n<\/div><\/div>[\/vc_column][\/vc_row]<\/p>\n<\/div>","protected":false},"excerpt":{"rendered":"<p>[vc_row content_width=&#8221;grid&#8221; css=&#8221;.vc_custom_1623767783918{margin-top: 0px !important;margin-bottom: 4rem !important;}&#8221;][vc_column width=&#8221;1\/4&#8243;][vc_widget_sidebar sidebar_id=&#8221;sidebar&#8221;][\/vc_column][vc_column width=&#8221;3\/4&#8243;][vc_column_text] Diagn\u00f3stico e resolu\u00e7\u00e3o de problemas Intelig\u00eancia acion\u00e1vel \u00e9 a confian\u00e7a em conhecer a condi\u00e7\u00e3o de toda a sua estrutura de&#8230;<\/p>\n","protected":false},"author":3,"featured_media":0,"parent":6560,"menu_order":0,"comment_status":"closed","ping_status":"closed","template":"template-subcategory.php","meta":{"footnotes":""},"class_list":["post-6603","page","type-page","status-publish","hentry"],"_links":{"self":[{"href":"https:\/\/loram.com\/pt-br\/wp-json\/wp\/v2\/pages\/6603","targetHints":{"allow":["GET"]}}],"collection":[{"href":"https:\/\/loram.com\/pt-br\/wp-json\/wp\/v2\/pages"}],"about":[{"href":"https:\/\/loram.com\/pt-br\/wp-json\/wp\/v2\/types\/page"}],"author":[{"embeddable":true,"href":"https:\/\/loram.com\/pt-br\/wp-json\/wp\/v2\/users\/3"}],"replies":[{"embeddable":true,"href":"https:\/\/loram.com\/pt-br\/wp-json\/wp\/v2\/comments?post=6603"}],"version-history":[{"count":5,"href":"https:\/\/loram.com\/pt-br\/wp-json\/wp\/v2\/pages\/6603\/revisions"}],"predecessor-version":[{"id":7798,"href":"https:\/\/loram.com\/pt-br\/wp-json\/wp\/v2\/pages\/6603\/revisions\/7798"}],"up":[{"embeddable":true,"href":"https:\/\/loram.com\/pt-br\/wp-json\/wp\/v2\/pages\/6560"}],"wp:attachment":[{"href":"https:\/\/loram.com\/pt-br\/wp-json\/wp\/v2\/media?parent=6603"}],"curies":[{"name":"wp","href":"https:\/\/api.w.org\/{rel}","templated":true}]}}