{"id":6602,"date":"2021-12-03T08:28:50","date_gmt":"2021-12-03T14:28:50","guid":{"rendered":"https:\/\/loram.com\/?page_id=6602"},"modified":"2022-02-15T10:36:50","modified_gmt":"2022-02-15T16:36:50","slug":"remote-monitoring","status":"publish","type":"page","link":"https:\/\/loram.com\/pt-br\/inspection-optimization\/friction-management\/services\/remote-monitoring\/","title":{"rendered":"Monitora\u00e7\u00e3o Remota"},"content":{"rendered":"<div class=\"wpb-content-wrapper\"><p>[vc_row content_width=&#8221;grid&#8221;][vc_column width=&#8221;1\/4&#8243;][vc_widget_sidebar sidebar_id=&#8221;sidebar&#8221;][\/vc_column][vc_column width=&#8221;3\/4&#8243;][vc_column_text]<\/p>\n<h2>Monitora\u00e7\u00e3o remota<\/h2>\n<p><span style=\"font-weight: 400;\">Os dados s\u00e3o mais importantes que nunca.<\/span> <span style=\"font-weight: 400;\">Com os sistemas de monitoramento remoto e os servi\u00e7os anal\u00edticos da Loram, as ferrovias podem receber todos os benef\u00edcios financeiros de seu programa de gerenciamento de atrito.<\/span><\/p>\n<h3>Coleta de dados. Relat\u00f3rios de dados. An\u00e1lise de dados.<\/h3>\n<p><span style=\"font-weight: 400;\">O sistema de monitoramento remoto da Loram coleta dados continuamente e os transforma em informa\u00e7\u00f5es compreens\u00edveis, utiliz\u00e1veis e gerenci\u00e1veis.<\/span> <span style=\"font-weight: 400;\">Esta informa\u00e7\u00e3o simplificada permite aos t\u00e9cnicos das ferrovias e de manuten\u00e7\u00e3o:<\/span><\/p>\n<ul>\n<li><span style=\"font-weight: 400;\">Maximizar o tempo de atividade<\/span><\/li>\n<li><span style=\"font-weight: 400;\">Prevenir problemas menores e maiores antes que eles ocorram<\/span><\/li>\n<li><span style=\"font-weight: 400;\">Aumentar a confiabilidade da unidade<\/span><\/li>\n<li><span style=\"font-weight: 400;\">Melhorar a utiliza\u00e7\u00e3o eficaz dos sistemas de gerenciamento de atrito<\/span><\/li>\n<li><span style=\"font-weight: 400;\">Coordenar visitas de revis\u00e3o<\/span><\/li>\n<\/ul>\n<p><span style=\"font-weight: 400;\">As unidades de monitoramento remoto da Loram s\u00e3o compat\u00edveis com qualquer sistema de gerenciamento de atrito padr\u00e3o da ind\u00fastria.<\/span> <span style=\"font-weight: 400;\">A Loram fornece um portal web acess\u00edvel para permitir que os t\u00e9cnicos das ferrovias e de manuten\u00e7\u00e3o possam ver dados sobre uma popula\u00e7\u00e3o inteira de unidades ou unidades em territ\u00f3rios espec\u00edficos.<\/span> <span style=\"font-weight: 400;\">As ferrovias podem controlar os n\u00edveis de permiss\u00e3o de seus t\u00e9cnicos de manuten\u00e7\u00e3o, para que eles possam visualizar os dados apenas para as unidades espec\u00edficas pelas quais s\u00e3o respons\u00e1veis.<\/span><\/p>\n<p><span style=\"font-weight: 400;\">O portal da Loram tamb\u00e9m fornece relat\u00f3rios di\u00e1rios, semanais e mensais compreens\u00edveis para l\u00edderes ferrovi\u00e1rios e outros profissionais necess\u00e1rios. O sistema de monitoramento remoto da Loram compila continuamente os dados do sistema de gerenciamento de atrito e treina dados espec\u00edficos durante cada evento.<\/span><\/p>\n<p><span style=\"font-weight: 400;\">As informa\u00e7\u00f5es espec\u00edficas do sistema incluem:<\/span><\/p>\n<ul>\n<li><span style=\"font-weight: 400;\">Tens\u00e3o de energia solar<\/span><\/li>\n<li><span style=\"font-weight: 400;\">Tens\u00e3o da fonte de alimenta\u00e7\u00e3o<\/span><\/li>\n<li><span style=\"font-weight: 400;\">Estado das portas<\/span><\/li>\n<li><span style=\"font-weight: 400;\">N\u00edvel do modificador de atrito<\/span><\/li>\n<li><span style=\"font-weight: 400;\">Leituras de outros sensores opcionais<\/span><\/li>\n<\/ul>\n<p><span style=\"font-weight: 400;\">As informa\u00e7\u00f5es coletadas do trem incluem:<\/span><\/p>\n<ul>\n<li><span style=\"font-weight: 400;\">Dire\u00e7\u00e3o de deslocamento<\/span><\/li>\n<li><span style=\"font-weight: 400;\">Contagem de eixos<\/span><\/li>\n<li><span style=\"font-weight: 400;\">Quantidade de material aplicado<\/span><\/li>\n<\/ul>\n<p><span style=\"font-weight: 400;\">Confie nos servi\u00e7os de monitoramento e an\u00e1lise remota da Loram para mant\u00ea-lo totalmente informado sobre o programa de gerenciamento de atrito e melhorar a utiliza\u00e7\u00e3o eficaz desses sistemas.<\/span>[\/vc_column_text][vc_empty_space height=&#8221;45px&#8221;]<div class=\"mkd-tabs mkd-horizontal-tab variable mkd-column-1 clearfix\">\n    <ul class=\"mkd-tabs-nav\">\n                    <li>\n            <h3 class=\"mkd-tab-title\">\n            <a href=\"#tab-ficha-de-dados\">\n                <span class=\"mkd-icon-frame\"><\/span>\n\n                <!--<span class=\"mkd-advanced-tab-text-after-icon\">-->\n                Ficha de dados                <!--<\/span>-->\n\n            <\/a>\n            <\/h3>\n\n\n            <\/li>\n            <\/ul><!-- .mkd-tabs-nav -->\n\n    <div class=\"mkd-tab-container\" id=\"tab-ficha-de-dados-664\" >[vc_single_image image=&#8221;7207&#8243; img_size=&#8221;spec&#8221; onclick=&#8221;custom_link&#8221; img_link_target=&#8221;_blank&#8221; link=&#8221;\/wp-content\/uploads\/lti-friction-management-brochure.pdf&#8221;][vc_column_text]<span style=\"font-weight: 400;\">Cat\u00e1logo de produtos de gerenciamento de atrito<\/span>[\/vc_column_text]<\/div><\/div>[vc_gallery interval=&#8221;3&#8243; images=&#8221;7187,7188,7189&#8243; img_size=&#8221;1800&#215;900&#8243; css=&#8221;.vc_custom_1629754188698{margin-top: 2rem !important;}&#8221;][\/vc_column][\/vc_row][vc_row css=&#8221;.vc_custom_1629394064747{margin-top: 0px !important;margin-bottom: 0px !important;padding-top: 0px !important;padding-bottom: 0px !important;}&#8221;][vc_column]<div class=\"mkd-elements-holder mkd-responsive-mode-768\" ><div class=\"mkd-elements-holder-item \"  >\n\t<div class=\"mkd-elements-holder-item-inner\">\n\t\t<div class=\"mkd-elements-holder-item-content mkd-elements-holder-custom-219525\" >\n\t\t\t\t\t\t[vc_empty_space height=&#8221;0&#8243;]\t\t<\/div>\n\t<\/div>\n<\/div><\/div>[\/vc_column][\/vc_row]<\/p>\n<\/div>","protected":false},"excerpt":{"rendered":"<p>[vc_row content_width=&#8221;grid&#8221;][vc_column width=&#8221;1\/4&#8243;][vc_widget_sidebar sidebar_id=&#8221;sidebar&#8221;][\/vc_column][vc_column width=&#8221;3\/4&#8243;][vc_column_text] Monitora\u00e7\u00e3o remota Os dados s\u00e3o mais importantes que nunca. Com os sistemas de monitoramento remoto e os servi\u00e7os anal\u00edticos da Loram, as ferrovias podem receber&#8230;<\/p>\n","protected":false},"author":3,"featured_media":0,"parent":6599,"menu_order":0,"comment_status":"closed","ping_status":"closed","template":"template-single-product.php","meta":{"footnotes":""},"class_list":["post-6602","page","type-page","status-publish","hentry"],"_links":{"self":[{"href":"https:\/\/loram.com\/pt-br\/wp-json\/wp\/v2\/pages\/6602","targetHints":{"allow":["GET"]}}],"collection":[{"href":"https:\/\/loram.com\/pt-br\/wp-json\/wp\/v2\/pages"}],"about":[{"href":"https:\/\/loram.com\/pt-br\/wp-json\/wp\/v2\/types\/page"}],"author":[{"embeddable":true,"href":"https:\/\/loram.com\/pt-br\/wp-json\/wp\/v2\/users\/3"}],"replies":[{"embeddable":true,"href":"https:\/\/loram.com\/pt-br\/wp-json\/wp\/v2\/comments?post=6602"}],"version-history":[{"count":6,"href":"https:\/\/loram.com\/pt-br\/wp-json\/wp\/v2\/pages\/6602\/revisions"}],"predecessor-version":[{"id":10124,"href":"https:\/\/loram.com\/pt-br\/wp-json\/wp\/v2\/pages\/6602\/revisions\/10124"}],"up":[{"embeddable":true,"href":"https:\/\/loram.com\/pt-br\/wp-json\/wp\/v2\/pages\/6599"}],"wp:attachment":[{"href":"https:\/\/loram.com\/pt-br\/wp-json\/wp\/v2\/media?parent=6602"}],"curies":[{"name":"wp","href":"https:\/\/api.w.org\/{rel}","templated":true}]}}