{"id":6601,"date":"2021-12-03T08:28:55","date_gmt":"2021-12-03T14:28:55","guid":{"rendered":"https:\/\/loram.com\/?page_id=6601"},"modified":"2022-02-15T10:31:40","modified_gmt":"2022-02-15T16:31:40","slug":"unit-services","status":"publish","type":"page","link":"https:\/\/loram.com\/pt-br\/inspection-optimization\/friction-management\/services\/unit-services\/","title":{"rendered":"Servi\u00e7os De Unidade"},"content":{"rendered":"<div class=\"wpb-content-wrapper\"><p>[vc_row content_width=&#8221;grid&#8221;][vc_column width=&#8221;1\/4&#8243;][vc_widget_sidebar sidebar_id=&#8221;sidebar&#8221;][\/vc_column][vc_column width=&#8221;3\/4&#8243;][vc_column_text]<\/p>\n<h2>Servi\u00e7os de Unidade<\/h2>\n<p><span style=\"font-weight: 400;\">Para conseguir o valor m\u00e1ximo de seu programa de gerenciamento de atrito, o tempo de funcionamento dos sistemas \u00e9 cr\u00edtico. Os servi\u00e7os Loram podem ajudar a manter seu programa funcionando atrav\u00e9s de nossos programas ferrovi\u00e1rios espec\u00edficos e adapt\u00e1veis.<\/span><\/p>\n<h3>Manuten\u00e7\u00e3o<\/h3>\n<p><span style=\"font-weight: 400;\">Consiga 90% ou mais de efici\u00eancia com os servi\u00e7os de manuten\u00e7\u00e3o da Loram.<\/span> <span style=\"font-weight: 400;\">O pessoal altamente treinado da Loram trabalha com qualquer sistema de gerenciamento de atrito para fornecer:<\/span><\/p>\n<ul>\n<li><span style=\"font-weight: 400;\">Manuten\u00e7\u00e3o preventiva<\/span><\/li>\n<li><span style=\"font-weight: 400;\">Manuten\u00e7\u00e3o corretiva<\/span><\/li>\n<li><span style=\"font-weight: 400;\">Manuten\u00e7\u00e3o preditiva<\/span><\/li>\n<li><span style=\"font-weight: 400;\">Servi\u00e7os de enchimento<\/span><\/li>\n<\/ul>\n<p><span style=\"font-weight: 400;\">Os servi\u00e7os de manuten\u00e7\u00e3o da Loram garantem que as ferrovias se beneficiem de nossa experi\u00eancia e opera\u00e7\u00e3o de gerenciamento de atrito verticalmente integrada.<\/span><\/p>\n<h3>Enchimento a granel<\/h3>\n<p><span style=\"font-weight: 400;\">Os servi\u00e7os de enchimento a granel da Loram podem preencher qualquer unidade de gerenciamento de atrito com qualquer modificador de atrito ou lubrificante.<\/span> <span style=\"font-weight: 400;\">A Loram pode transportar at\u00e9 20.000 libras de modificador de atrito ou lubrificante. A grande capacidade permite que mais unidades sejam preenchidas com uma \u00fanica carga para economizar tempo e dinheiro.<\/span> <span style=\"font-weight: 400;\">A Loram desenvolveu um sistema de bombeamento exclusivo que melhora muito a velocidade de enchimento e exige menos tempo no local.<\/span><\/p>\n<p><span style=\"font-weight: 400;\">Como parte dos servi\u00e7os de enchimento a granel da Loram, fornecemos inspe\u00e7\u00f5es unit\u00e1rias abrangentes para identificar problemas com o sistema de gerenciamento de atrito para evitar rupturas antes que elas aconte\u00e7am.<\/span><\/p>\n<h3>Inspe\u00e7\u00e3o<\/h3>\n<p><span style=\"font-weight: 400;\">O objetivo de Loram \u00e9 manter suas unidades de gerenciamento de atrito funcionando eficientemente.<\/span> <span style=\"font-weight: 400;\">Mesmo que a Loram n\u00e3o seja seu fornecedor de manuten\u00e7\u00e3o ou abastecimento em massa, a Loram fornece servi\u00e7os de inspe\u00e7\u00e3o no local para seu equipamento de gerenciamento de atrito independentemente do fabricante ou do tipo de sistema.<\/span><\/p>\n<p><span style=\"font-weight: 400;\">A Loram utiliza nosso aplicativo personalizado exclusivo para fornecer feedback, fotos e outras informa\u00e7\u00f5es.<\/span> <span style=\"font-weight: 400;\">Ap\u00f3s a inspe\u00e7\u00e3o, o aplicativo fornece informa\u00e7\u00f5es instant\u00e2neas para ajudar a identificar a urg\u00eancia dos resultados da inspe\u00e7\u00e3o.<\/span>[\/vc_column_text][vc_empty_space height=&#8221;45px&#8221;]<div class=\"mkd-tabs mkd-horizontal-tab variable mkd-column-1 clearfix\">\n    <ul class=\"mkd-tabs-nav\">\n                    <li>\n            <h3 class=\"mkd-tab-title\">\n            <a href=\"#tab-ficha-de-dados\">\n                <span class=\"mkd-icon-frame\"><\/span>\n\n                <!--<span class=\"mkd-advanced-tab-text-after-icon\">-->\n                Ficha de dados                <!--<\/span>-->\n\n            <\/a>\n            <\/h3>\n\n\n            <\/li>\n            <\/ul><!-- .mkd-tabs-nav -->\n\n    <div class=\"mkd-tab-container\" id=\"tab-ficha-de-dados-199\" >[vc_single_image image=&#8221;7207&#8243; img_size=&#8221;spec&#8221; onclick=&#8221;custom_link&#8221; img_link_target=&#8221;_blank&#8221; link=&#8221;\/wp-content\/uploads\/lti-friction-management-brochure.pdf&#8221;][vc_column_text]<span style=\"font-weight: 400;\">Cat\u00e1logo de produtos de gerenciamento de atrito<\/span>[\/vc_column_text]<\/div><\/div>[vc_gallery interval=&#8221;3&#8243; images=&#8221;7188,7187,7189&#8243; img_size=&#8221;1800&#215;900&#8243; css=&#8221;.vc_custom_1629753954274{margin-top: 2rem !important;}&#8221;][\/vc_column][\/vc_row][vc_row css=&#8221;.vc_custom_1629393998889{margin-top: 0px !important;margin-bottom: 0px !important;padding-top: 0px !important;padding-bottom: 0px !important;}&#8221;][vc_column]<div class=\"mkd-elements-holder mkd-responsive-mode-768\" ><div class=\"mkd-elements-holder-item \"  >\n\t<div class=\"mkd-elements-holder-item-inner\">\n\t\t<div class=\"mkd-elements-holder-item-content mkd-elements-holder-custom-936510\" >\n\t\t\t\t\t\t[vc_empty_space height=&#8221;0&#8243;]\t\t<\/div>\n\t<\/div>\n<\/div><\/div>[\/vc_column][\/vc_row]<\/p>\n<\/div>","protected":false},"excerpt":{"rendered":"<p>[vc_row content_width=&#8221;grid&#8221;][vc_column width=&#8221;1\/4&#8243;][vc_widget_sidebar sidebar_id=&#8221;sidebar&#8221;][\/vc_column][vc_column width=&#8221;3\/4&#8243;][vc_column_text] Servi\u00e7os de Unidade Para conseguir o valor m\u00e1ximo de seu programa de gerenciamento de atrito, o tempo de funcionamento dos sistemas \u00e9 cr\u00edtico. Os servi\u00e7os&#8230;<\/p>\n","protected":false},"author":3,"featured_media":0,"parent":6599,"menu_order":0,"comment_status":"closed","ping_status":"closed","template":"template-single-product.php","meta":{"footnotes":""},"class_list":["post-6601","page","type-page","status-publish","hentry"],"_links":{"self":[{"href":"https:\/\/loram.com\/pt-br\/wp-json\/wp\/v2\/pages\/6601","targetHints":{"allow":["GET"]}}],"collection":[{"href":"https:\/\/loram.com\/pt-br\/wp-json\/wp\/v2\/pages"}],"about":[{"href":"https:\/\/loram.com\/pt-br\/wp-json\/wp\/v2\/types\/page"}],"author":[{"embeddable":true,"href":"https:\/\/loram.com\/pt-br\/wp-json\/wp\/v2\/users\/3"}],"replies":[{"embeddable":true,"href":"https:\/\/loram.com\/pt-br\/wp-json\/wp\/v2\/comments?post=6601"}],"version-history":[{"count":7,"href":"https:\/\/loram.com\/pt-br\/wp-json\/wp\/v2\/pages\/6601\/revisions"}],"predecessor-version":[{"id":10122,"href":"https:\/\/loram.com\/pt-br\/wp-json\/wp\/v2\/pages\/6601\/revisions\/10122"}],"up":[{"embeddable":true,"href":"https:\/\/loram.com\/pt-br\/wp-json\/wp\/v2\/pages\/6599"}],"wp:attachment":[{"href":"https:\/\/loram.com\/pt-br\/wp-json\/wp\/v2\/media?parent=6601"}],"curies":[{"name":"wp","href":"https:\/\/api.w.org\/{rel}","templated":true}]}}