{"id":6600,"date":"2021-12-03T08:28:44","date_gmt":"2021-12-03T14:28:44","guid":{"rendered":"https:\/\/loram.com\/?page_id=6600"},"modified":"2022-02-15T10:31:10","modified_gmt":"2022-02-15T16:31:10","slug":"installation","status":"publish","type":"page","link":"https:\/\/loram.com\/pt-br\/inspection-optimization\/friction-management\/services\/installation\/","title":{"rendered":"Instala\u00e7\u00e3o"},"content":{"rendered":"<div class=\"wpb-content-wrapper\"><p>[vc_row content_width=&#8221;grid&#8221;][vc_column width=&#8221;1\/4&#8243;][vc_widget_sidebar sidebar_id=&#8221;sidebar&#8221;][\/vc_column][vc_column width=&#8221;3\/4&#8243;][vc_column_text]<\/p>\n<h2>Instala\u00e7\u00e3o<\/h2>\n<p><span style=\"font-weight: 400;\">O sucesso de um programa de gerenciamento de atrito depende da sele\u00e7\u00e3o adequada do local, da instala\u00e7\u00e3o e da calibra\u00e7\u00e3o das unidades laterais.<\/span> <span style=\"font-weight: 400;\">A Loram tem os especialistas para auxiliar o cliente durante todo o processo de instala\u00e7\u00e3o.<\/span><\/p>\n<p><span style=\"font-weight: 400;\">O processo de instala\u00e7\u00e3o da Loram envolve tr\u00eas etapas: pr\u00e9-instala\u00e7\u00e3o, prepara\u00e7\u00e3o do local e instala\u00e7\u00e3o.<\/span><\/p>\n<h3><strong>Pr\u00e9-instala\u00e7\u00e3o<\/strong><\/h3>\n<p><span style=\"font-weight: 400;\">A Loram determina a melhor localiza\u00e7\u00e3o para as unidades de gerenciamento de atrito.<\/span> <span style=\"font-weight: 400;\">A acessibilidade da via, a disponibilidade de servi\u00e7os celulares ou via sat\u00e9lite, a capacidade de usar energia solar, a classe da via, a proximidade de passagens de n\u00edvel e pontos de controle, e a seguran\u00e7a da \u00e1rea para dissuadir o vandalismo, tudo isso desempenha um papel na sele\u00e7\u00e3o do local.<\/span> <span style=\"font-weight: 400;\">Alguns dos m\u00e9todos da Loram para determinar a localiza\u00e7\u00e3o de unidades incluem inspe\u00e7\u00f5es no local e a utiliza\u00e7\u00e3o de dados GIS, cartas de trilhos e outros dados fornecidos pela ferrovia.<\/span> <span style=\"font-weight: 400;\">Uma vez selecionado o local, a Loram cria e coordena um plano de instala\u00e7\u00e3o abrangente.<\/span><\/p>\n<h3>Prepara\u00e7\u00e3o do local<\/h3>\n<p><span style=\"font-weight: 400;\">A Loram prepara o local.<\/span> <span style=\"font-weight: 400;\">A escova \u00e9 liberada.<\/span> <span style=\"font-weight: 400;\">Os detritos s\u00e3o removidos.<\/span> <span style=\"font-weight: 400;\">O solo \u00e9 nivelado e a vala para as mangueiras \u00e9 completada antes da coloca\u00e7\u00e3o da base do tanque.<\/span> <span style=\"font-weight: 400;\">Durante a prepara\u00e7\u00e3o do local, a Loram requer muito pouco tempo nos trilhos, de modo que a prepara\u00e7\u00e3o do local tem um impacto m\u00ednimo na opera\u00e7\u00e3o do trem.<\/span><\/p>\n<h3>Instala\u00e7\u00e3o<\/h3>\n<p><span style=\"font-weight: 400;\">As unidades de gerenciamento de atrito s\u00e3o colocadas na base do tanque, as mangueiras s\u00e3o roteadas e os aplicadores s\u00e3o instalados no trilho de acordo com o projeto da Loram ou com a especifica\u00e7\u00e3o da ferrovia.<\/span> <span style=\"font-weight: 400;\">As unidades s\u00e3o ent\u00e3o programadas, calibradas e iniciadas.<\/span><\/p>\n<h3>Instalamos confian\u00e7a.<\/h3>\n<p><span style=\"font-weight: 400;\">Nossa equipe experiente e capacitada j\u00e1 instalou milhares de unidades.<\/span> <span style=\"font-weight: 400;\">Somos especialistas em coloca\u00e7\u00e3o, localiza\u00e7\u00e3o e comissionamento oportuno de unidades.<\/span> <span style=\"font-weight: 400;\">A Loram fornece a experi\u00eancia t\u00e9cnica para treinar os clientes na opera\u00e7\u00e3o, manuten\u00e7\u00e3o e solu\u00e7\u00e3o de problemas dos sistemas laterais.<\/span> <span style=\"font-weight: 400;\">Este treinamento \u00e9 essencial para manter corretamente as unidades e aumentar a longevidade dos sistemas.<\/span>[\/vc_column_text][vc_empty_space height=&#8221;45px&#8221;]<div class=\"mkd-tabs mkd-horizontal-tab variable mkd-column-1 clearfix\">\n    <ul class=\"mkd-tabs-nav\">\n                    <li>\n            <h3 class=\"mkd-tab-title\">\n            <a href=\"#tab-ficha-de-dados\">\n                <span class=\"mkd-icon-frame\"><\/span>\n\n                <!--<span class=\"mkd-advanced-tab-text-after-icon\">-->\n                Ficha de dados                <!--<\/span>-->\n\n            <\/a>\n            <\/h3>\n\n\n            <\/li>\n            <\/ul><!-- .mkd-tabs-nav -->\n\n    <div class=\"mkd-tab-container\" id=\"tab-ficha-de-dados-224\" >[vc_single_image image=&#8221;7207&#8243; img_size=&#8221;spec&#8221; onclick=&#8221;custom_link&#8221; img_link_target=&#8221;_blank&#8221; link=&#8221;\/wp-content\/uploads\/lti-friction-management-brochure.pdf&#8221;][vc_column_text]<span style=\"font-weight: 400;\">Cat\u00e1logo de produtos de gerenciamento de atrito<\/span>[\/vc_column_text]<\/div><\/div>[vc_gallery interval=&#8221;3&#8243; images=&#8221;7184,7183,7185&#8243; img_size=&#8221;1800&#215;900&#8243; css=&#8221;.vc_custom_1629393934441{margin-top: 2rem !important;}&#8221;][\/vc_column][\/vc_row][vc_row css=&#8221;.vc_custom_1629393909250{margin-top: 0px !important;margin-bottom: 0px !important;padding-top: 0px !important;padding-bottom: 0px !important;}&#8221;][vc_column]<div class=\"mkd-elements-holder mkd-responsive-mode-768\" ><div class=\"mkd-elements-holder-item \"  >\n\t<div class=\"mkd-elements-holder-item-inner\">\n\t\t<div class=\"mkd-elements-holder-item-content mkd-elements-holder-custom-273082\" >\n\t\t\t\t\t\t[vc_empty_space height=&#8221;0&#8243;]\t\t<\/div>\n\t<\/div>\n<\/div><\/div>[\/vc_column][\/vc_row]<\/p>\n<\/div>","protected":false},"excerpt":{"rendered":"<p>[vc_row content_width=&#8221;grid&#8221;][vc_column width=&#8221;1\/4&#8243;][vc_widget_sidebar sidebar_id=&#8221;sidebar&#8221;][\/vc_column][vc_column width=&#8221;3\/4&#8243;][vc_column_text] Instala\u00e7\u00e3o O sucesso de um programa de gerenciamento de atrito depende da sele\u00e7\u00e3o adequada do local, da instala\u00e7\u00e3o e da calibra\u00e7\u00e3o das unidades laterais. A&#8230;<\/p>\n","protected":false},"author":3,"featured_media":0,"parent":6599,"menu_order":0,"comment_status":"closed","ping_status":"closed","template":"template-single-product.php","meta":{"footnotes":""},"class_list":["post-6600","page","type-page","status-publish","hentry"],"_links":{"self":[{"href":"https:\/\/loram.com\/pt-br\/wp-json\/wp\/v2\/pages\/6600","targetHints":{"allow":["GET"]}}],"collection":[{"href":"https:\/\/loram.com\/pt-br\/wp-json\/wp\/v2\/pages"}],"about":[{"href":"https:\/\/loram.com\/pt-br\/wp-json\/wp\/v2\/types\/page"}],"author":[{"embeddable":true,"href":"https:\/\/loram.com\/pt-br\/wp-json\/wp\/v2\/users\/3"}],"replies":[{"embeddable":true,"href":"https:\/\/loram.com\/pt-br\/wp-json\/wp\/v2\/comments?post=6600"}],"version-history":[{"count":7,"href":"https:\/\/loram.com\/pt-br\/wp-json\/wp\/v2\/pages\/6600\/revisions"}],"predecessor-version":[{"id":10121,"href":"https:\/\/loram.com\/pt-br\/wp-json\/wp\/v2\/pages\/6600\/revisions\/10121"}],"up":[{"embeddable":true,"href":"https:\/\/loram.com\/pt-br\/wp-json\/wp\/v2\/pages\/6599"}],"wp:attachment":[{"href":"https:\/\/loram.com\/pt-br\/wp-json\/wp\/v2\/media?parent=6600"}],"curies":[{"name":"wp","href":"https:\/\/api.w.org\/{rel}","templated":true}]}}