{"id":6599,"date":"2021-12-03T08:28:32","date_gmt":"2021-12-03T14:28:32","guid":{"rendered":"https:\/\/loram.com\/?page_id=6599"},"modified":"2021-12-16T15:52:37","modified_gmt":"2021-12-16T21:52:37","slug":"services","status":"publish","type":"page","link":"https:\/\/loram.com\/pt-br\/inspection-optimization\/friction-management\/services\/","title":{"rendered":"Servi\u00e7os"},"content":{"rendered":"<div class=\"wpb-content-wrapper\"><p>[vc_row content_width=&#8221;grid&#8221; css=&#8221;.vc_custom_1623767783918{margin-top: 0px !important;margin-bottom: 4rem !important;}&#8221;][vc_column width=&#8221;1\/4&#8243;][vc_widget_sidebar sidebar_id=&#8221;sidebar&#8221;][\/vc_column][vc_column width=&#8221;3\/4&#8243;][vc_column_text]<\/p>\n<h2>Nossa experi\u00eancia e conhecimento resultam em seu sucesso.<\/h2>\n<p><span style=\"font-weight: 400;\">Nosso objetivo \u00e9 ajudar cada ferrovia a alcan\u00e7ar seu programa ideal de gerenciamento de atrito.<\/span> <span style=\"font-weight: 400;\">O pessoal experiente e capacitado da Loram faz a diferen\u00e7a.<\/span> <span style=\"font-weight: 400;\">A equipe Loram tem os especialistas que podem ajudar com programas h\u00edbridos de gerenciamento de atrito, em um local espec\u00edfico ou centrados no sistema, com base nas necessidades e especifica\u00e7\u00f5es de cada ferrovia.<\/span>[\/vc_column_text][\/vc_column][\/vc_row][vc_row content_width=&#8221;grid&#8221; css=&#8221;.vc_custom_1623794254962{background-color: #000000 !important;}&#8221; el_class=&#8221;black-bar&#8221;][vc_column css=&#8221;.vc_custom_1626811230038{padding-top: 0.5rem !important;padding-bottom: 1rem !important;}&#8221;]<div class=\"mkd-elements-holder mkd-responsive-mode-768\" ><div class=\"mkd-elements-holder-item \"  >\n\t<div class=\"mkd-elements-holder-item-inner\">\n\t\t<div class=\"mkd-elements-holder-item-content mkd-elements-holder-custom-504361\" >\n\t\t\t\t\t\t[vc_column_text el_class=&#8221;sub-cat-landing-title-bar&#8221;]<span style=\"font-weight: 400;\">Servi\u00e7os de Gerenciamento de Atrito<\/span>[\/vc_column_text]\t\t<\/div>\n\t<\/div>\n<\/div><\/div>[\/vc_column][\/vc_row][vc_row content_width=&#8221;grid&#8221; css=&#8221;.vc_custom_1623260206196{padding-top: 3rem !important;padding-bottom: 1rem !important;background-color: #e5e5e5 !important;}&#8221;][vc_column]<div class=\"mkd-elements-holder mkd-two-columns mkd-responsive-mode-768\" ><div class=\"mkd-elements-holder-item mkd-fade-in lazyload\" data-animation=\"mkd-fade-in\" style=\"background-image:inherit\" data-bg-image=\"url(https:\/\/loram.com\/wp-content\/uploads\/consulting.jpg)\">\n\t<div class=\"mkd-elements-holder-item-inner\">\n\t\t<div class=\"mkd-elements-holder-item-content mkd-elements-holder-custom-603972\" style=\"padding: 0 0 0 0\">\n\t\t\t\t\t\t[vc_empty_space height=&#8221;348px&#8221;]\t\t<\/div>\n\t<\/div>\n<\/div><div class=\"mkd-elements-holder-item mkd-fade-in\" data-animation=\"mkd-fade-in\" >\n\t<div class=\"mkd-elements-holder-item-inner\">\n\t\t<div class=\"mkd-elements-holder-item-content mkd-elements-holder-custom-203910\" style=\"padding: 2rem 4rem 3.5rem 4rem\">\n\t\t\t\t\t\t<div class=\"mkd-st \">\n    <div class=\"mkd-st-inner\">\n        <div class=\"mkd-st-title-holder\">\n            <h2 class=\"mkd-st-title\">\n            <span>Consultoria<\/span>\n        <\/h2>\n    <\/div>\n\n    \n    <div class=\"mkd-st-text-holder\" >\n        <span class=\"mkd-st-text-text\"><span style=\"font-weight: 400;\">Nossa experi\u00eancia e especializa\u00e7\u00e3o em todas as facetas da intera\u00e7\u00e3o entre a roda e o trilho, incluindo o gerenciamento do atrito, ajudam a Loram a compreender firmemente os desafios espec\u00edficos, par\u00e2metros e outras vari\u00e1veis que devem ser levados em conta na identifica\u00e7\u00e3o do programa ideal.<\/span><\/span>\n    <\/div>\n<\/div>\n<\/div>[vc_empty_space height=&#8221;24px&#8221;]<a itemprop=\"url\" href=\"\/pt-br\/inspection-and-optimization\/friction-management\/services\/consulting\/\" target=\"_self\"  class=\"mkd-btn mkd-btn-medium mkd-btn-solid\"  >\n    <span class=\"mkd-btn-text\">Saiba mais<\/span>\n    <\/a>\t\t<\/div>\n\t<\/div>\n<\/div><\/div>[\/vc_column][\/vc_row][vc_row content_width=&#8221;grid&#8221; css=&#8221;.vc_custom_1623260313185{padding-top: 1rem !important;padding-bottom: 1rem !important;background-color: #e5e5e5 !important;}&#8221;][vc_column]<div class=\"mkd-elements-holder mkd-two-columns mkd-responsive-mode-768\" ><div class=\"mkd-elements-holder-item mkd-fade-in lazyload\" data-animation=\"mkd-fade-in\" style=\"background-image:inherit\" data-bg-image=\"url(https:\/\/loram.com\/wp-content\/uploads\/installation-services.jpg)\">\n\t<div class=\"mkd-elements-holder-item-inner\">\n\t\t<div class=\"mkd-elements-holder-item-content mkd-elements-holder-custom-824849\" style=\"padding: 0 0 0 0\">\n\t\t\t\t\t\t[vc_empty_space height=&#8221;348px&#8221;]\t\t<\/div>\n\t<\/div>\n<\/div><div class=\"mkd-elements-holder-item mkd-fade-in\" data-animation=\"mkd-fade-in\" >\n\t<div class=\"mkd-elements-holder-item-inner\">\n\t\t<div class=\"mkd-elements-holder-item-content mkd-elements-holder-custom-790154\" style=\"padding: 2rem 4rem 3.5rem 4rem\">\n\t\t\t\t\t\t<div class=\"mkd-st \">\n    <div class=\"mkd-st-inner\">\n        <div class=\"mkd-st-title-holder\">\n            <h2 class=\"mkd-st-title\">\n            <span>Instala\u00e7\u00e3o<\/span>\n        <\/h2>\n    <\/div>\n\n    \n    <div class=\"mkd-st-text-holder\" >\n        <span class=\"mkd-st-text-text\"><span style=\"font-weight: 400;\">O sucesso de um programa de gerenciamento de atrito depende da sele\u00e7\u00e3o adequada do local, da instala\u00e7\u00e3o e da calibra\u00e7\u00e3o das unidades laterais.<\/span> <span style=\"font-weight: 400;\">A Loram tem os especialistas para auxiliar o cliente durante todo o processo de instala\u00e7\u00e3o.<\/span><\/span>\n    <\/div>\n<\/div>\n<\/div>[vc_empty_space height=&#8221;24px&#8221;]<a itemprop=\"url\" href=\"\/pt-br\/inspection-and-optimization\/friction-management\/services\/installation\/\" target=\"_self\"  class=\"mkd-btn mkd-btn-medium mkd-btn-solid\"  >\n    <span class=\"mkd-btn-text\">Saiba mais<\/span>\n    <\/a>\t\t<\/div>\n\t<\/div>\n<\/div><\/div>[\/vc_column][\/vc_row][vc_row content_width=&#8221;grid&#8221; css=&#8221;.vc_custom_1623260406639{padding-top: 1rem !important;padding-bottom: 3rem !important;background-color: #e5e5e5 !important;}&#8221;][vc_column]<div class=\"mkd-elements-holder mkd-two-columns mkd-responsive-mode-768\" ><div class=\"mkd-elements-holder-item mkd-fade-in lazyload\" data-animation=\"mkd-fade-in\" style=\"background-image:inherit\" data-bg-image=\"url(https:\/\/loram.com\/wp-content\/uploads\/FM-Services.png)\">\n\t<div class=\"mkd-elements-holder-item-inner\">\n\t\t<div class=\"mkd-elements-holder-item-content mkd-elements-holder-custom-942036\" style=\"padding: 0 0 0 0\">\n\t\t\t\t\t\t[vc_empty_space height=&#8221;348px&#8221;]\t\t<\/div>\n\t<\/div>\n<\/div><div class=\"mkd-elements-holder-item mkd-fade-in\" data-animation=\"mkd-fade-in\" >\n\t<div class=\"mkd-elements-holder-item-inner\">\n\t\t<div class=\"mkd-elements-holder-item-content mkd-elements-holder-custom-301067\" style=\"padding: 2rem 4rem 3.5rem 4rem\">\n\t\t\t\t\t\t<div class=\"mkd-st \">\n    <div class=\"mkd-st-inner\">\n        <div class=\"mkd-st-title-holder\">\n            <h2 class=\"mkd-st-title\">\n            <span>Monitora\u00e7\u00e3o remota<\/span>\n        <\/h2>\n    <\/div>\n\n    \n    <div class=\"mkd-st-text-holder\" >\n        <span class=\"mkd-st-text-text\"><span style=\"font-weight: 400;\">Os dados s\u00e3o mais importantes que nunca.<\/span> <span style=\"font-weight: 400;\">Com os sistemas de monitoramento remoto e os servi\u00e7os anal\u00edticos da Loram, as ferrovias podem receber todos os benef\u00edcios financeiros de seu programa de gerenciamento de atrito.<\/span><\/span>\n    <\/div>\n<\/div>\n<\/div>[vc_empty_space height=&#8221;24px&#8221;]<a itemprop=\"url\" href=\"\/pt-br\/inspection-and-optimization\/friction-management\/services\/remote-monitoring\/\" target=\"_self\"  class=\"mkd-btn mkd-btn-medium mkd-btn-solid\"  >\n    <span class=\"mkd-btn-text\">Saiba mais<\/span>\n    <\/a>\t\t<\/div>\n\t<\/div>\n<\/div><\/div>[\/vc_column][\/vc_row][vc_row content_width=&#8221;grid&#8221; css=&#8221;.vc_custom_1623260406639{padding-top: 1rem !important;padding-bottom: 3rem !important;background-color: #e5e5e5 !important;}&#8221;][vc_column]<div class=\"mkd-elements-holder mkd-two-columns mkd-responsive-mode-768\" ><div class=\"mkd-elements-holder-item mkd-fade-in lazyload\" data-animation=\"mkd-fade-in\" style=\"background-image:inherit\" data-bg-image=\"url(https:\/\/loram.com\/wp-content\/uploads\/FM_Unit-Services-png.png)\">\n\t<div class=\"mkd-elements-holder-item-inner\">\n\t\t<div class=\"mkd-elements-holder-item-content mkd-elements-holder-custom-960189\" style=\"padding: 0 0 0 0\">\n\t\t\t\t\t\t[vc_empty_space height=&#8221;348px&#8221;]\t\t<\/div>\n\t<\/div>\n<\/div><div class=\"mkd-elements-holder-item mkd-fade-in\" data-animation=\"mkd-fade-in\" >\n\t<div class=\"mkd-elements-holder-item-inner\">\n\t\t<div class=\"mkd-elements-holder-item-content mkd-elements-holder-custom-752158\" style=\"padding: 2rem 4rem 3.5rem 4rem\">\n\t\t\t\t\t\t<div class=\"mkd-st \">\n    <div class=\"mkd-st-inner\">\n        <div class=\"mkd-st-title-holder\">\n            <h2 class=\"mkd-st-title\">\n            <span>Servi\u00e7os de Unidade<\/span>\n        <\/h2>\n    <\/div>\n\n    \n    <div class=\"mkd-st-text-holder\" >\n        <span class=\"mkd-st-text-text\"><span style=\"font-weight: 400;\">Para conseguir o valor m\u00e1ximo de seu programa de gerenciamento de atrito, o tempo de funcionamento dos sistemas \u00e9 cr\u00edtico.<\/span> <span style=\"font-weight: 400;\">Os servi\u00e7os Loram podem ajudar a manter seu programa funcionando atrav\u00e9s de nossos programas ferrovi\u00e1rios espec\u00edficos e adapt\u00e1veis.<\/span><\/span>\n    <\/div>\n<\/div>\n<\/div>[vc_empty_space height=&#8221;24px&#8221;]<a itemprop=\"url\" href=\"\/pt-br\/inspection-and-optimization\/friction-management\/services\/unit-services\/\" target=\"_self\"  class=\"mkd-btn mkd-btn-medium mkd-btn-solid\"  >\n    <span class=\"mkd-btn-text\">Saiba mais<\/span>\n    <\/a>\t\t<\/div>\n\t<\/div>\n<\/div><\/div>[\/vc_column][\/vc_row][vc_row content_width=&#8221;grid&#8221; css=&#8221;.vc_custom_1623260947677{margin-top: 3rem !important;margin-bottom: 3rem !important;}&#8221;][vc_column]<div class=\"mkd-elements-holder mkd-responsive-mode-768\" ><div class=\"mkd-elements-holder-item \"  >\n\t<div class=\"mkd-elements-holder-item-inner\">\n\t\t<div class=\"mkd-elements-holder-item-content mkd-elements-holder-custom-712127\" >\n\t\t\t\t\t\t[vc_column_text el_class=&#8221;landing-contract-services&#8221;]<\/p>\n<h2>SERVI\u00c7OS CONTRATUAIS DA LORAM<\/h2>\n<h3>Seguran\u00e7a, integridade, prepara\u00e7\u00e3o.<\/h3>\n<p><span style=\"font-weight: 400;\">Loram acredita e compreende a import\u00e2ncia da seguran\u00e7a e do treinamento. Cada membro da equipe de servi\u00e7o da Loram passa por um treinamento de seguran\u00e7a espec\u00edfico da Loram e das ferrovias anualmente ou conforme necess\u00e1rio.<\/span> <span style=\"font-weight: 400;\">Os funcion\u00e1rios de campo da Loram tamb\u00e9m recebem treinamento cont\u00ednuo e avan\u00e7ado sobre como instalar e manter de forma segura e adequada todos os sistemas de gerenciamento de atrito.<\/span><\/p>\n<p><span style=\"font-weight: 400;\">Como l\u00edder no gerenciamento de atrito ferrovi\u00e1rio, a Loram est\u00e1 comprometida em oferecer os melhores servi\u00e7os da categoria, ao mesmo tempo em que mant\u00e9m padr\u00f5es de seguran\u00e7a superiores.<\/span>[\/vc_column_text]\t\t<\/div>\n\t<\/div>\n<\/div><\/div>[\/vc_column][\/vc_row][vc_row content_width=&#8221;grid&#8221; content_aligment=&#8221;center&#8221; el_class=&#8221;learn-how-we-help&#8221; css=&#8221;.vc_custom_1627057048926{margin-top: 1rem !important;margin-bottom: 3rem !important;padding-right: 0px !important;padding-left: 0px !important;background-image: url(https:\/\/loram.com\/wp-content\/uploads\/learn-how-we-can-help-technology.jpg?id=4512) !important;background-position: center !important;background-repeat: no-repeat !important;background-size: cover !important;}&#8221;][vc_column css=&#8221;.vc_custom_1623260528726{padding-top: 6rem !important;padding-right: 0px !important;padding-bottom: 3rem !important;padding-left: 0px !important;}&#8221;]<div class=\"mkd-elements-holder mkd-responsive-mode-768\" ><div class=\"mkd-elements-holder-item \"  >\n\t<div class=\"mkd-elements-holder-item-inner\">\n\t\t<div class=\"mkd-elements-holder-item-content mkd-elements-holder-custom-141676\" >\n\t\t\t\t\t\t<div class=\"mkd-st \">\n    <div class=\"mkd-st-inner\">\n        <div class=\"mkd-st-title-holder\">\n            <h2 class=\"mkd-st-title\">\n            <span>Ningu\u00e9m conhece melhor os trilhos<\/span>\n        <\/h2>\n    <\/div>\n\n    \n    <div class=\"mkd-st-text-holder\" >\n        <span class=\"mkd-st-text-text\"><span style=\"font-weight: 400;\">A Loram est\u00e1 liderando a transforma\u00e7\u00e3o digital da manuten\u00e7\u00e3o ferrovi\u00e1ria atrav\u00e9s de nosso avan\u00e7ado portf\u00f3lio de tecnologias de inspe\u00e7\u00e3o, monitoramento em tempo real e solu\u00e7\u00f5es de otimiza\u00e7\u00e3o para a efici\u00eancia orientada pelos dados.<\/span> <span style=\"font-weight: 400;\">Ligue para +1 (512) 869-1542 ou entre em contato com nossa equipe t\u00e9cnica de vendas.<\/span><\/span>\n    <\/div>\n<\/div>\n<\/div>[vc_empty_space height=&#8221;24px&#8221;]<a itemprop=\"url\" href=\"\/pt-br\/contact\/\" target=\"_self\"  class=\"mkd-btn mkd-btn-medium mkd-btn-solid\"  >\n    <span class=\"mkd-btn-text\">Vamos conversar<\/span>\n    <\/a>\t\t<\/div>\n\t<\/div>\n<\/div><\/div>[\/vc_column][\/vc_row][vc_row css=&#8221;.vc_custom_1627057076510{margin-top: 0px !important;margin-bottom: 0px !important;padding-top: 0px !important;padding-bottom: 0px !important;}&#8221;][vc_column]<div class=\"mkd-elements-holder mkd-responsive-mode-768\" ><div class=\"mkd-elements-holder-item \"  >\n\t<div class=\"mkd-elements-holder-item-inner\">\n\t\t<div class=\"mkd-elements-holder-item-content mkd-elements-holder-custom-870752\" >\n\t\t\t\t\t\t[vc_empty_space height=&#8221;0&#8243;]\t\t<\/div>\n\t<\/div>\n<\/div><\/div>[\/vc_column][\/vc_row]<\/p>\n<\/div>","protected":false},"excerpt":{"rendered":"<p>[vc_row content_width=&#8221;grid&#8221; css=&#8221;.vc_custom_1623767783918{margin-top: 0px !important;margin-bottom: 4rem !important;}&#8221;][vc_column width=&#8221;1\/4&#8243;][vc_widget_sidebar sidebar_id=&#8221;sidebar&#8221;][\/vc_column][vc_column width=&#8221;3\/4&#8243;][vc_column_text] Nossa experi\u00eancia e conhecimento resultam em seu sucesso. Nosso objetivo \u00e9 ajudar cada ferrovia a alcan\u00e7ar seu programa ideal de&#8230;<\/p>\n","protected":false},"author":3,"featured_media":0,"parent":6590,"menu_order":0,"comment_status":"closed","ping_status":"closed","template":"template-subcategory.php","meta":{"footnotes":""},"class_list":["post-6599","page","type-page","status-publish","hentry"],"_links":{"self":[{"href":"https:\/\/loram.com\/pt-br\/wp-json\/wp\/v2\/pages\/6599","targetHints":{"allow":["GET"]}}],"collection":[{"href":"https:\/\/loram.com\/pt-br\/wp-json\/wp\/v2\/pages"}],"about":[{"href":"https:\/\/loram.com\/pt-br\/wp-json\/wp\/v2\/types\/page"}],"author":[{"embeddable":true,"href":"https:\/\/loram.com\/pt-br\/wp-json\/wp\/v2\/users\/3"}],"replies":[{"embeddable":true,"href":"https:\/\/loram.com\/pt-br\/wp-json\/wp\/v2\/comments?post=6599"}],"version-history":[{"count":6,"href":"https:\/\/loram.com\/pt-br\/wp-json\/wp\/v2\/pages\/6599\/revisions"}],"predecessor-version":[{"id":7802,"href":"https:\/\/loram.com\/pt-br\/wp-json\/wp\/v2\/pages\/6599\/revisions\/7802"}],"up":[{"embeddable":true,"href":"https:\/\/loram.com\/pt-br\/wp-json\/wp\/v2\/pages\/6590"}],"wp:attachment":[{"href":"https:\/\/loram.com\/pt-br\/wp-json\/wp\/v2\/media?parent=6599"}],"curies":[{"name":"wp","href":"https:\/\/api.w.org\/{rel}","templated":true}]}}