{"id":6598,"date":"2021-12-03T08:28:38","date_gmt":"2021-12-03T14:28:38","guid":{"rendered":"https:\/\/loram.com\/?page_id=6598"},"modified":"2021-12-16T08:27:10","modified_gmt":"2021-12-16T14:27:10","slug":"consulting","status":"publish","type":"page","link":"https:\/\/loram.com\/pt-br\/inspection-optimization\/friction-management\/services\/consulting\/","title":{"rendered":"Consultoria"},"content":{"rendered":"<div class=\"wpb-content-wrapper\"><p>[vc_row content_width=&#8221;grid&#8221;][vc_column width=&#8221;1\/4&#8243;][vc_widget_sidebar sidebar_id=&#8221;sidebar&#8221;][\/vc_column][vc_column width=&#8221;3\/4&#8243;][vc_column_text]<\/p>\n<h2><strong>Consultoria<\/strong><\/h2>\n<p><span style=\"font-weight: 400;\">Os servi\u00e7os de consultoria da Loram fornecem uma solu\u00e7\u00e3o de gerenciamento de atrito personalizada para qualquer necessidade ferrovi\u00e1ria.<\/span> <span style=\"font-weight: 400;\">Nossa experi\u00eancia e especializa\u00e7\u00e3o em todas as facetas da intera\u00e7\u00e3o entre a roda e o trilho, incluindo o gerenciamento do atrito, ajudam a Loram a compreender firmemente os desafios espec\u00edficos, par\u00e2metros e outras vari\u00e1veis que devem ser levados em conta na identifica\u00e7\u00e3o do programa ideal.<\/span><\/p>\n<p><span style=\"font-weight: 400;\">A Loram realiza visitas ao local, testes e an\u00e1lises, e nos comunicamos amplamente com os escrit\u00f3rios ferrovi\u00e1rios e o pessoal em campo.<\/span> <span style=\"font-weight: 400;\">A Loram analisa dados hist\u00f3ricos e atuais para compreender claramente os desafios espec\u00edficos, par\u00e2metros e outras vari\u00e1veis que devem ser consideradas ao criar um programa de sucesso.<\/span><\/p>\n<p><span style=\"font-weight: 400;\">A Loram fornece numerosas avalia\u00e7\u00f5es de trilhos e rodas, inclusive:<\/span><\/p>\n<ul>\n<li><span style=\"font-weight: 400;\">Trib\u00f4metro<\/span><\/li>\n<li><span style=\"font-weight: 400;\">For\u00e7a lateral\/vertical<\/span><\/li>\n<li>TESTES dist\u00e3ncia de cobertura<\/li>\n<\/ul>\n<p><span style=\"font-weight: 400;\">O pessoal da Loram no local avalia os resultados dos testes e fornece o feedback inicial em tempo h\u00e1bil.<\/span> <span style=\"font-weight: 400;\">Os dados coletados tamb\u00e9m s\u00e3o enviados \u00e0 nossa equipe de an\u00e1lise especializada para verificar os dados de forma eficiente e fornecer uma conclus\u00e3o da situa\u00e7\u00e3o atual e recomenda\u00e7\u00f5es de melhoria.<\/span><\/p>\n<p><span style=\"font-weight: 400;\">Para garantir a longevidade do sistema, a Loram oferece:<\/span><\/p>\n<ul>\n<li><span style=\"font-weight: 400;\">Treinamento t\u00e9cnico cont\u00ednuo<\/span><\/li>\n<li><span style=\"font-weight: 400;\">Informa\u00e7\u00f5es atualizadas sobre a cria\u00e7\u00e3o, opera\u00e7\u00e3o, manuten\u00e7\u00e3o e solu\u00e7\u00e3o de problemas de sistemas de gerenciamento de atrito<\/span><\/li>\n<li><span style=\"font-weight: 400;\">Suporte ao cliente<\/span><\/li>\n<\/ul>\n<p><span style=\"font-weight: 400;\">Os produtos, servi\u00e7os e manuten\u00e7\u00e3o l\u00edderes de mercado da Loram fornecem a nossos clientes uma solu\u00e7\u00e3o completa de gerenciamento de atrito.<\/span>[\/vc_column_text][vc_empty_space height=&#8221;45px&#8221;]<div class=\"mkd-tabs mkd-horizontal-tab variable mkd-column-1 clearfix\">\n    <ul class=\"mkd-tabs-nav\">\n                    <li>\n            <h3 class=\"mkd-tab-title\">\n            <a href=\"#tab-data-sheet\">\n                <span class=\"mkd-icon-frame\"><\/span>\n\n                <!--<span class=\"mkd-advanced-tab-text-after-icon\">-->\n                Data Sheet                <!--<\/span>-->\n\n            <\/a>\n            <\/h3>\n\n\n            <\/li>\n            <\/ul><!-- .mkd-tabs-nav -->\n\n    <div class=\"mkd-tab-container\" id=\"tab-data-sheet-904\" >[vc_single_image image=&#8221;7207&#8243; img_size=&#8221;spec&#8221; onclick=&#8221;custom_link&#8221; img_link_target=&#8221;_blank&#8221; link=&#8221;\/wp-content\/uploads\/lti-friction-management-brochure.pdf&#8221;][vc_column_text]<span style=\"font-weight: 400;\">Cat\u00e1logo de produtos de gerenciamento de atrito<\/span>[\/vc_column_text]<\/div><\/div>[vc_gallery interval=&#8221;3&#8243; images=&#8221;7188,7185,7184&#8243; img_size=&#8221;1800&#215;900&#8243; css=&#8221;.vc_custom_1629395867287{margin-top: 2rem !important;}&#8221;][\/vc_column][\/vc_row][vc_row css=&#8221;.vc_custom_1629395836312{margin-top: 0px !important;margin-bottom: 0px !important;padding-top: 0px !important;padding-bottom: 0px !important;}&#8221;][vc_column]<div class=\"mkd-elements-holder mkd-responsive-mode-768\" ><div class=\"mkd-elements-holder-item \"  >\n\t<div class=\"mkd-elements-holder-item-inner\">\n\t\t<div class=\"mkd-elements-holder-item-content mkd-elements-holder-custom-751909\" >\n\t\t\t\t\t\t[vc_empty_space height=&#8221;0&#8243;]\t\t<\/div>\n\t<\/div>\n<\/div><\/div>[\/vc_column][\/vc_row]<\/p>\n<\/div>","protected":false},"excerpt":{"rendered":"<p>[vc_row content_width=&#8221;grid&#8221;][vc_column width=&#8221;1\/4&#8243;][vc_widget_sidebar sidebar_id=&#8221;sidebar&#8221;][\/vc_column][vc_column width=&#8221;3\/4&#8243;][vc_column_text] Consultoria Os servi\u00e7os de consultoria da Loram fornecem uma solu\u00e7\u00e3o de gerenciamento de atrito personalizada para qualquer necessidade ferrovi\u00e1ria. Nossa experi\u00eancia e especializa\u00e7\u00e3o em todas&#8230;<\/p>\n","protected":false},"author":3,"featured_media":0,"parent":6599,"menu_order":0,"comment_status":"closed","ping_status":"closed","template":"template-single-product.php","meta":{"footnotes":""},"class_list":["post-6598","page","type-page","status-publish","hentry"],"_links":{"self":[{"href":"https:\/\/loram.com\/pt-br\/wp-json\/wp\/v2\/pages\/6598","targetHints":{"allow":["GET"]}}],"collection":[{"href":"https:\/\/loram.com\/pt-br\/wp-json\/wp\/v2\/pages"}],"about":[{"href":"https:\/\/loram.com\/pt-br\/wp-json\/wp\/v2\/types\/page"}],"author":[{"embeddable":true,"href":"https:\/\/loram.com\/pt-br\/wp-json\/wp\/v2\/users\/3"}],"replies":[{"embeddable":true,"href":"https:\/\/loram.com\/pt-br\/wp-json\/wp\/v2\/comments?post=6598"}],"version-history":[{"count":5,"href":"https:\/\/loram.com\/pt-br\/wp-json\/wp\/v2\/pages\/6598\/revisions"}],"predecessor-version":[{"id":7714,"href":"https:\/\/loram.com\/pt-br\/wp-json\/wp\/v2\/pages\/6598\/revisions\/7714"}],"up":[{"embeddable":true,"href":"https:\/\/loram.com\/pt-br\/wp-json\/wp\/v2\/pages\/6599"}],"wp:attachment":[{"href":"https:\/\/loram.com\/pt-br\/wp-json\/wp\/v2\/media?parent=6598"}],"curies":[{"name":"wp","href":"https:\/\/api.w.org\/{rel}","templated":true}]}}