{"id":6597,"date":"2021-12-03T08:28:27","date_gmt":"2021-12-03T14:28:27","guid":{"rendered":"https:\/\/loram.com\/?page_id=6597"},"modified":"2022-02-15T10:30:35","modified_gmt":"2022-02-15T16:30:35","slug":"top-of-rail-friction-modifiers","status":"publish","type":"page","link":"https:\/\/loram.com\/pt-br\/inspection-optimization\/friction-management\/friction-modifiers-curve-lubricants\/top-of-rail-friction-modifiers\/","title":{"rendered":"Modificadores De Atrito De Topo De Trilhos"},"content":{"rendered":"<div class=\"wpb-content-wrapper\"><p>[vc_row content_width=&#8221;grid&#8221;][vc_column width=&#8221;1\/4&#8243;][vc_widget_sidebar sidebar_id=&#8221;sidebar&#8221;][\/vc_column][vc_column width=&#8221;3\/4&#8243;][vc_column_text]<\/p>\n<h2>Uma gama completa de solu\u00e7\u00f5es de modificadores de atrito<\/h2>\n<p><span style=\"font-weight: 400;\">Como os desafios de atrito de rodas e trilhos s\u00e3o diferentes com base em v\u00e1rios ambientes e condi\u00e7\u00f5es locais, a Loram oferece uma gama de solu\u00e7\u00f5es modificadoras de atrito projetadas para funcionar bem.<\/span> <span style=\"font-weight: 400;\">Desde formula\u00e7\u00f5es ecol\u00f3gicas \u00e0 base de \u00e1gua a sint\u00e9ticos de alto desempenho \u00e0 base de petr\u00f3leo, e um produto h\u00edbrido que oferece uma combina\u00e7\u00e3o de ambos, a Loram tem os modificadores de atrito adequados para proporcionar benef\u00edcios impressionantes para melhor intera\u00e7\u00e3o roda\/trilho, economia de combust\u00edvel e vida \u00fatil de ativos para qualquer condi\u00e7\u00e3o.<\/span><\/p>\n<p><span style=\"font-weight: 400;\">Saiba como podemos ajudar.<\/span> <span style=\"font-weight: 400;\">Ligue para (630) 580-9602 ou entre em contato com sales@loram.com.<\/span>[\/vc_column_text][vc_empty_space height=&#8221;45px&#8221;]<div class=\"mkd-tabs mkd-horizontal-tab variable mkd-column-2 clearfix\">\n    <ul class=\"mkd-tabs-nav\">\n                    <li>\n            <h3 class=\"mkd-tab-title\">\n            <a href=\"#tab-caracteristicas\">\n                <span class=\"mkd-icon-frame\"><\/span>\n\n                <!--<span class=\"mkd-advanced-tab-text-after-icon\">-->\n                CARACTER\u00cdSTICAS                <!--<\/span>-->\n\n            <\/a>\n            <\/h3>\n\n\n            <\/li>\n                    <li>\n            <h3 class=\"mkd-tab-title\">\n            <a href=\"#tab-ficha-de-dados\">\n                <span class=\"mkd-icon-frame\"><\/span>\n\n                <!--<span class=\"mkd-advanced-tab-text-after-icon\">-->\n                Ficha de dados                <!--<\/span>-->\n\n            <\/a>\n            <\/h3>\n\n\n            <\/li>\n            <\/ul><!-- .mkd-tabs-nav -->\n\n    <div class=\"mkd-tab-container\" id=\"tab-caracteristicas-717\" >[vc_column_text]<\/p>\n<table style=\"border-collapse: collapse; width: 100%; height: 396px;\">\n<tbody>\n<tr style=\"height: 24px;\">\n<td style=\"width: 32.852%; height: 24px;\"><\/td>\n<td style=\"width: 35.1817%; height: 26px; text-align: left;\"><span style=\"color: #ffffff;\">TOR-XTEND<\/span><\/td>\n<td style=\"width: 15.5403%; height: 26px; text-align: left;\"><span style=\"color: #ffffff;\">TOR-H<sub>2<\/sub>OX<\/span><\/td>\n<\/tr>\n<tr style=\"height: 24px;\">\n<td style=\"width: 32.852%; height: 24px;\"><span style=\"font-weight: 400;\">Composi\u00e7\u00e3o<\/span><\/td>\n<td style=\"width: 35.1817%; height: 24px; text-align: left;\"><span style=\"font-weight: 400;\">Solu\u00e7\u00e3o sint\u00e9tica<\/span><\/td>\n<td style=\"width: 15.5403%; height: 24px; text-align: left;\"><span style=\"font-weight: 400;\">Solu\u00e7\u00e3o sint\u00e9tica<\/span><\/td>\n<\/tr>\n<tr style=\"height: 24px;\">\n<td style=\"width: 32.852%; height: 24px;\"><span style=\"font-weight: 400;\">Prote\u00e7\u00e3o para todas as esta\u00e7\u00f5es do ano<\/span><\/td>\n<td style=\"width: 35.1817%; height: 24px; text-align: left;\">\n<ul>\n<li><span style=\"font-weight: 400;\">Funciona em temperaturas extremas (-20\u00b0 F a 150\u00b0 F \/ -29\u00b0 C a 66\u00b0 C)<\/span><\/li>\n<li><span style=\"font-weight: 400;\">N\u00e3o precisa ser misturado ou mexido<\/span><\/li>\n<\/ul>\n<\/td>\n<td style=\"width: 15.5403%; height: 24px; text-align: left;\">\n<ul>\n<li><span style=\"font-weight: 400;\">Funciona em temperaturas de at\u00e9 0\u00b0 F (-17\u00b0 C)<\/span><\/li>\n<li><span style=\"font-weight: 400;\">N\u00e3o precisa ser misturado ou mexido<\/span><\/li>\n<\/ul>\n<\/td>\n<\/tr>\n<tr style=\"height: 24px;\">\n<td style=\"width: 32.852%; height: 24px;\"><span style=\"font-weight: 400;\">N\u00e3o-corrosivo<\/span><\/td>\n<td style=\"width: 35.1817%; height: 24px; text-align: left;\"><span style=\"font-weight: 400;\">Sim<\/span><\/td>\n<td style=\"width: 15.5403%; height: 24px; text-align: left;\"><span style=\"font-weight: 400;\">Sim<\/span><\/td>\n<\/tr>\n<tr style=\"height: 24px;\">\n<td style=\"width: 32.852%; height: 24px;\"><span style=\"font-weight: 400;\">Maior capacidade de transporte<\/span><\/td>\n<td style=\"width: 35.1817%; height: 24px; text-align: left;\"><span style=\"font-weight: 400;\">Transporte de 4 a 6 milhas (6 a 10 km), o que significa menos unidades, menos modificador de atrito e um maior ROI<\/span><\/td>\n<td style=\"width: 15.5403%; height: 24px; text-align: left;\"><span style=\"font-weight: 400;\">Transporte de 4 a 6 milhas (6 a 10 km), o que significa menos unidades, menos modificador de atrito e um maior ROI<\/span><\/td>\n<\/tr>\n<tr style=\"height: 24px;\">\n<td style=\"width: 32.852%; height: 24px;\"><span style=\"font-weight: 400;\">Benef\u00edcios<\/span><\/td>\n<td style=\"width: 35.1817%; height: 24px; text-align: left;\">\n<ul>\n<li><span style=\"font-weight: 400;\">Resistente \u00e0 chuva<\/span><\/li>\n<li><span style=\"font-weight: 400;\">Mant\u00e9m sua efic\u00e1cia por mais tempo, especialmente em p\u00e1tios e em linhas principais<\/span><\/li>\n<\/ul>\n<\/td>\n<td style=\"width: 15.5403%; height: 24px; text-align: left;\"><span style=\"font-weight: 400;\">Requer 33% a 50% menos na aplica\u00e7\u00e3o do que os modificadores de atrito convencionais de topo de trilho<\/span><\/td>\n<\/tr>\n<\/tbody>\n<\/table>\n<p>[\/vc_column_text]<\/div><div class=\"mkd-tab-container\" id=\"tab-ficha-de-dados-784\" ><div class=\"mkd-elements-holder mkd-responsive-mode-768\" ><div class=\"mkd-elements-holder-item \"  >\n\t<div class=\"mkd-elements-holder-item-inner\">\n\t\t<div class=\"mkd-elements-holder-item-content mkd-elements-holder-custom-915808\" >\n\t\t\t\t\t\t[vc_single_image image=&#8221;7475&#8243; img_size=&#8221;spec&#8221; onclick=&#8221;custom_link&#8221; link=&#8221;https:\/\/loram.com\/wp-content\/uploads\/TOR-WB_0616_web.pdf&#8221;][vc_column_text]<span style=\"font-weight: 400;\">Especifica\u00e7\u00f5es do \u200b\u200bTOR-WB<\/span>[\/vc_column_text]\t\t<\/div>\n\t<\/div>\n<\/div><div class=\"mkd-elements-holder-item \"  >\n\t<div class=\"mkd-elements-holder-item-inner\">\n\t\t<div class=\"mkd-elements-holder-item-content mkd-elements-holder-custom-489096\" >\n\t\t\t\t\t\t[vc_single_image image=&#8221;7476&#8243; img_size=&#8221;spec&#8221; onclick=&#8221;custom_link&#8221; link=&#8221;https:\/\/loram.com\/wp-content\/uploads\/TOR-H20x_0616_web.pdf&#8221;][vc_column_text]<span style=\"font-weight: 400;\">Especifica\u00e7\u00f5es do TOR-H20X<\/span>[\/vc_column_text]\t\t<\/div>\n\t<\/div>\n<\/div><div class=\"mkd-elements-holder-item \"  >\n\t<div class=\"mkd-elements-holder-item-inner\">\n\t\t<div class=\"mkd-elements-holder-item-content mkd-elements-holder-custom-989938\" >\n\t\t\t\t\t\t[vc_single_image image=&#8221;7477&#8243; img_size=&#8221;spec&#8221; onclick=&#8221;custom_link&#8221; link=&#8221;https:\/\/loram.com\/wp-content\/uploads\/TOR-XTEND_0616_web.pdf&#8221;][vc_column_text]<span style=\"font-weight: 400;\">Especifica\u00e7\u00f5es do TOR-XTEND<\/span>[\/vc_column_text]\t\t<\/div>\n\t<\/div>\n<\/div><\/div><div class=\"mkd-elements-holder mkd-responsive-mode-768\" ><div class=\"mkd-elements-holder-item \"  >\n\t<div class=\"mkd-elements-holder-item-inner\">\n\t\t<div class=\"mkd-elements-holder-item-content mkd-elements-holder-custom-287368\" >\n\t\t\t\t\t\t[vc_single_image image=&#8221;7207&#8243; img_size=&#8221;spec&#8221; onclick=&#8221;custom_link&#8221; link=&#8221;\/wp-content\/uploads\/lti-friction-management-brochure.pdf&#8221;][vc_column_text]<span style=\"font-weight: 400;\">Cat\u00e1logo de produtos de gerenciamento de atrito<\/span>[\/vc_column_text]\t\t<\/div>\n\t<\/div>\n<\/div><\/div><\/div><\/div>[\/vc_column][\/vc_row][vc_row css=&#8221;.vc_custom_1629393759060{margin-top: 0px !important;margin-bottom: 0px !important;padding-top: 0px !important;padding-bottom: 0px !important;}&#8221;][vc_column]<div class=\"mkd-elements-holder mkd-responsive-mode-768\" ><div class=\"mkd-elements-holder-item \"  >\n\t<div class=\"mkd-elements-holder-item-inner\">\n\t\t<div class=\"mkd-elements-holder-item-content mkd-elements-holder-custom-520072\" >\n\t\t\t\t\t\t[vc_empty_space height=&#8221;50&#8243;]\t\t<\/div>\n\t<\/div>\n<\/div><\/div>[\/vc_column][\/vc_row]<\/p>\n<\/div>","protected":false},"excerpt":{"rendered":"<p>[vc_row content_width=&#8221;grid&#8221;][vc_column width=&#8221;1\/4&#8243;][vc_widget_sidebar sidebar_id=&#8221;sidebar&#8221;][\/vc_column][vc_column width=&#8221;3\/4&#8243;][vc_column_text] Uma gama completa de solu\u00e7\u00f5es de modificadores de atrito Como os desafios de atrito de rodas e trilhos s\u00e3o diferentes com base em v\u00e1rios ambientes&#8230;<\/p>\n","protected":false},"author":3,"featured_media":0,"parent":6594,"menu_order":0,"comment_status":"closed","ping_status":"closed","template":"template-single-product.php","meta":{"footnotes":""},"class_list":["post-6597","page","type-page","status-publish","hentry"],"_links":{"self":[{"href":"https:\/\/loram.com\/pt-br\/wp-json\/wp\/v2\/pages\/6597","targetHints":{"allow":["GET"]}}],"collection":[{"href":"https:\/\/loram.com\/pt-br\/wp-json\/wp\/v2\/pages"}],"about":[{"href":"https:\/\/loram.com\/pt-br\/wp-json\/wp\/v2\/types\/page"}],"author":[{"embeddable":true,"href":"https:\/\/loram.com\/pt-br\/wp-json\/wp\/v2\/users\/3"}],"replies":[{"embeddable":true,"href":"https:\/\/loram.com\/pt-br\/wp-json\/wp\/v2\/comments?post=6597"}],"version-history":[{"count":7,"href":"https:\/\/loram.com\/pt-br\/wp-json\/wp\/v2\/pages\/6597\/revisions"}],"predecessor-version":[{"id":10120,"href":"https:\/\/loram.com\/pt-br\/wp-json\/wp\/v2\/pages\/6597\/revisions\/10120"}],"up":[{"embeddable":true,"href":"https:\/\/loram.com\/pt-br\/wp-json\/wp\/v2\/pages\/6594"}],"wp:attachment":[{"href":"https:\/\/loram.com\/pt-br\/wp-json\/wp\/v2\/media?parent=6597"}],"curies":[{"name":"wp","href":"https:\/\/api.w.org\/{rel}","templated":true}]}}