{"id":6596,"date":"2021-12-03T08:28:04","date_gmt":"2021-12-03T14:28:04","guid":{"rendered":"https:\/\/loram.com\/?page_id=6596"},"modified":"2022-02-15T10:28:27","modified_gmt":"2022-02-15T16:28:27","slug":"top-of-rail-tracshield","status":"publish","type":"page","link":"https:\/\/loram.com\/pt-br\/inspection-optimization\/friction-management\/application-systems\/top-of-rail-tracshield\/","title":{"rendered":"Topo Do Trilho \u2013 Tracshield"},"content":{"rendered":"<div class=\"wpb-content-wrapper\"><p>[vc_row content_width=&#8221;grid&#8221;][vc_column width=&#8221;1\/4&#8243;][vc_widget_sidebar sidebar_id=&#8221;sidebar&#8221;][\/vc_column][vc_column width=&#8221;3\/4&#8243;][vc_column_text]<\/p>\n<h2><strong>Versatilidade. Precis\u00e3o. Durabilidade<\/strong><\/h2>\n<p><span style=\"font-weight: 400;\">O TracShield \u00e9 o principal sistema de gerenciamento de atrito de trilhos da ind\u00fastria.<\/span> <span style=\"font-weight: 400;\">Ele detecta a passagem das rodas do trem sobre os sensores dur\u00e1veis do TracShield e dispensa automaticamente uma quantidade controlada de modificador de atrito na parte superior do trilho.<\/span><\/p>\n<p><span style=\"font-weight: 400;\">O aplicador do TracShield consiste de apenas tr\u00eas componentes que s\u00e3o constru\u00eddos para durar e f\u00e1ceis de manter no campo.<\/span> <span style=\"font-weight: 400;\">Com um projeto patenteado com mola ou mola pneum\u00e1tica, o aplicador de barras resiste a danos causados por truques com terra-trilho ou rodas ocas desgastadas.<\/span> <span style=\"font-weight: 400;\">Os aplicadores de trilhos da Loram s\u00e3o compat\u00edveis com qualquer sistema de gerenciamento e modificador de atrito padr\u00e3o da ind\u00fastria.<\/span><\/p>\n<p><span style=\"font-weight: 400;\">O TracShield o mant\u00e9m informado.<\/span> <span style=\"font-weight: 400;\">Os sensores capturam as condi\u00e7\u00f5es do sistema em todos os momentos e monitoram o n\u00edvel do modificador de atrito, chuva, estado das portas, carga da bateria, temperatura e muito mais.<\/span> <span style=\"font-weight: 400;\">Para reduzir a quantidade necess\u00e1ria de unidades de topo do trilhos, o TracShield da Loram utiliza um \u00fanico controlador digital que \u00e9 capaz de controlar a sa\u00edda para duas vias separadas.<\/span><\/p>\n<p><span style=\"font-weight: 400;\">A Loram oferece tr\u00eas sistemas de aplica\u00e7\u00e3o TracShield de diferentes tamanhos que oferecem op\u00e7\u00f5es para selecionar se uma \u00e1rea menor, um tanque de grande capacidade ou uma combina\u00e7\u00e3o desses dois \u00e9 a caracter\u00edstica mais importante.<\/span><\/p>\n<p><strong>Capacidade de 25 gal\u00f5es (95L)<\/strong><br \/>\n<span style=\"font-weight: 400;\">Se encaixa em espa\u00e7os apertados com as mesmas funcionalidades<\/span><\/p>\n<p><strong>Capacidade de 100 gal\u00f5es (379L)<\/strong><br \/>\n<span style=\"font-weight: 400;\">Op\u00e7\u00e3o de inser\u00e7\u00e3o remov\u00edvel e pegada reduzida<\/span><\/p>\n<p><strong>Capacidade de 200 gal\u00f5es (757L)<\/strong><br \/>\n<span style=\"font-weight: 400;\">Capacidade maior requer reabastecimento menos frequente<\/span>[\/vc_column_text][vc_empty_space height=&#8221;45px&#8221;]<div class=\"mkd-tabs mkd-horizontal-tab variable mkd-column-3 clearfix\">\n    <ul class=\"mkd-tabs-nav\">\n                    <li>\n            <h3 class=\"mkd-tab-title\">\n            <a href=\"#tab-features\">\n                <span class=\"mkd-icon-frame\"><\/span>\n\n                <!--<span class=\"mkd-advanced-tab-text-after-icon\">-->\n                Features                <!--<\/span>-->\n\n            <\/a>\n            <\/h3>\n\n\n            <\/li>\n                    <li>\n            <h3 class=\"mkd-tab-title\">\n            <a href=\"#tab-video\">\n                <span class=\"mkd-icon-frame\"><\/span>\n\n                <!--<span class=\"mkd-advanced-tab-text-after-icon\">-->\n                Video                <!--<\/span>-->\n\n            <\/a>\n            <\/h3>\n\n\n            <\/li>\n                    <li>\n            <h3 class=\"mkd-tab-title\">\n            <a href=\"#tab-data-sheet\">\n                <span class=\"mkd-icon-frame\"><\/span>\n\n                <!--<span class=\"mkd-advanced-tab-text-after-icon\">-->\n                Data Sheet                <!--<\/span>-->\n\n            <\/a>\n            <\/h3>\n\n\n            <\/li>\n            <\/ul><!-- .mkd-tabs-nav -->\n\n    <div class=\"mkd-tab-container\" id=\"tab-features-945\" >[vc_column_text]<span style=\"font-weight: 400;\">O sistema lateral TracShield \u00e9 projetado para:<\/span><\/p>\n<ul>\n<li><span style=\"font-weight: 400;\">Precis\u00e3o\u2014aplica a quantidade precisa de modificador de atrito<\/span><\/li>\n<li><span style=\"font-weight: 400;\">Consist\u00eancia\u2014possui uma bomba de deslocamento positivo que aplica consistentemente a quantidade correta de modificador de atrito as barras aplicadoras em qualquer temperatura<\/span><\/li>\n<li><span style=\"font-weight: 400;\">Funcionalidade\u2014dispensa uma ampla gama de modificadores de atrito<\/span><\/li>\n<li><span style=\"font-weight: 400;\">Confiabilidade\u2014projetado com foco na facilidade de conserva\u00e7\u00e3o e requer muito pouca manuten\u00e7\u00e3o<\/span><\/li>\n<\/ul>\n<p>[\/vc_column_text]<\/div><div class=\"mkd-tab-container\" id=\"tab-video-412\" >[vc_video link=&#8221;https:\/\/vimeo.com\/573086116&#8243;]<\/div><div class=\"mkd-tab-container\" id=\"tab-data-sheet-442\" ><div class=\"mkd-elements-holder mkd-responsive-mode-768\" ><div class=\"mkd-elements-holder-item \"  >\n\t<div class=\"mkd-elements-holder-item-inner\">\n\t\t<div class=\"mkd-elements-holder-item-content mkd-elements-holder-custom-223922\" >\n\t\t\t\t\t\t[vc_single_image image=&#8221;7472&#8243; img_size=&#8221;spec&#8221; onclick=&#8221;custom_link&#8221; link=&#8221;https:\/\/loram.com\/wp-content\/uploads\/TracShield_0516_web.pdf&#8221;][vc_column_text]<span style=\"font-weight: 400;\">Especifica\u00e7\u00f5es do TracShield<\/span>[\/vc_column_text]\t\t<\/div>\n\t<\/div>\n<\/div><div class=\"mkd-elements-holder-item \"  >\n\t<div class=\"mkd-elements-holder-item-inner\">\n\t\t<div class=\"mkd-elements-holder-item-content mkd-elements-holder-custom-441010\" >\n\t\t\t\t\t\t[vc_single_image image=&#8221;7471&#8243; img_size=&#8221;spec&#8221; onclick=&#8221;custom_link&#8221; link=&#8221;https:\/\/loram.com\/wp-content\/uploads\/TracShieldTransit_0512_web.pdf&#8221;][vc_column_text]<span style=\"font-weight: 400;\">Especifica\u00e7\u00f5es do TracShield Transit<\/span>[\/vc_column_text]\t\t<\/div>\n\t<\/div>\n<\/div><div class=\"mkd-elements-holder-item \"  >\n\t<div class=\"mkd-elements-holder-item-inner\">\n\t\t<div class=\"mkd-elements-holder-item-content mkd-elements-holder-custom-990399\" >\n\t\t\t\t\t\t[vc_single_image image=&#8221;7471&#8243; img_size=&#8221;spec&#8221; onclick=&#8221;custom_link&#8221; link=&#8221;https:\/\/loram.com\/wp-content\/uploads\/loram-friction-management-catalog-english.pdf&#8221;][vc_column_text]<span style=\"font-weight: 400;\">Cat\u00e1logo de produtos de gerenciamento de atrito<\/span>[\/vc_column_text]\t\t<\/div>\n\t<\/div>\n<\/div><\/div><\/div><\/div>[\/vc_column][\/vc_row][vc_row css=&#8221;.vc_custom_1629393379064{margin-top: 0px !important;margin-bottom: 0px !important;padding-top: 0px !important;padding-bottom: 0px !important;}&#8221;][vc_column]<div class=\"mkd-elements-holder mkd-responsive-mode-768\" ><div class=\"mkd-elements-holder-item \"  >\n\t<div class=\"mkd-elements-holder-item-inner\">\n\t\t<div class=\"mkd-elements-holder-item-content mkd-elements-holder-custom-923323\" >\n\t\t\t\t\t\t[vc_empty_space height=&#8221;50&#8243;]\t\t<\/div>\n\t<\/div>\n<\/div><\/div>[\/vc_column][\/vc_row]<\/p>\n<\/div>","protected":false},"excerpt":{"rendered":"<p>[vc_row content_width=&#8221;grid&#8221;][vc_column width=&#8221;1\/4&#8243;][vc_widget_sidebar sidebar_id=&#8221;sidebar&#8221;][\/vc_column][vc_column width=&#8221;3\/4&#8243;][vc_column_text] Versatilidade. Precis\u00e3o. Durabilidade O TracShield \u00e9 o principal sistema de gerenciamento de atrito de trilhos da ind\u00fastria. Ele detecta a passagem das rodas do trem&#8230;<\/p>\n","protected":false},"author":3,"featured_media":0,"parent":6591,"menu_order":0,"comment_status":"closed","ping_status":"closed","template":"template-single-product.php","meta":{"footnotes":""},"class_list":["post-6596","page","type-page","status-publish","hentry"],"_links":{"self":[{"href":"https:\/\/loram.com\/pt-br\/wp-json\/wp\/v2\/pages\/6596","targetHints":{"allow":["GET"]}}],"collection":[{"href":"https:\/\/loram.com\/pt-br\/wp-json\/wp\/v2\/pages"}],"about":[{"href":"https:\/\/loram.com\/pt-br\/wp-json\/wp\/v2\/types\/page"}],"author":[{"embeddable":true,"href":"https:\/\/loram.com\/pt-br\/wp-json\/wp\/v2\/users\/3"}],"replies":[{"embeddable":true,"href":"https:\/\/loram.com\/pt-br\/wp-json\/wp\/v2\/comments?post=6596"}],"version-history":[{"count":7,"href":"https:\/\/loram.com\/pt-br\/wp-json\/wp\/v2\/pages\/6596\/revisions"}],"predecessor-version":[{"id":10118,"href":"https:\/\/loram.com\/pt-br\/wp-json\/wp\/v2\/pages\/6596\/revisions\/10118"}],"up":[{"embeddable":true,"href":"https:\/\/loram.com\/pt-br\/wp-json\/wp\/v2\/pages\/6591"}],"wp:attachment":[{"href":"https:\/\/loram.com\/pt-br\/wp-json\/wp\/v2\/media?parent=6596"}],"curies":[{"name":"wp","href":"https:\/\/api.w.org\/{rel}","templated":true}]}}