{"id":6595,"date":"2021-12-03T08:28:22","date_gmt":"2021-12-03T14:28:22","guid":{"rendered":"https:\/\/loram.com\/?page_id=6595"},"modified":"2022-02-15T10:30:01","modified_gmt":"2022-02-15T16:30:01","slug":"gauge-face-curve-lubricant","status":"publish","type":"page","link":"https:\/\/loram.com\/pt-br\/inspection-optimization\/friction-management\/friction-modifiers-curve-lubricants\/gauge-face-curve-lubricant\/","title":{"rendered":"Lubrificante Para A Curva Da Face Da Bitola"},"content":{"rendered":"<div class=\"wpb-content-wrapper\"><p>[vc_row content_width=&#8221;grid&#8221;][vc_column width=&#8221;1\/4&#8243;][vc_widget_sidebar sidebar_id=&#8221;sidebar&#8221;][\/vc_column][vc_column width=&#8221;3\/4&#8243;][vc_column_text]<\/p>\n<h2>Performance superior. Ecologicamente correta.<\/h2>\n<p><span style=\"font-weight: 400;\">O lubrificante de alto desempenho EcoCurve Heavy Haul da Loram oferece desempenho l\u00edder da ind\u00fastria e \u00e9 ecologicamente correto.<\/span> <span style=\"font-weight: 400;\">O EcoCurve \u00e9 resistente \u00e0 \u00e1gua, para todas as esta\u00e7\u00f5es do ano, que proporciona um desempenho superior enquanto ajuda a reduzir o impacto nocivo sobre o meio ambiente.<\/span> <span style=\"font-weight: 400;\">O EcoCurve da Loram resiste aos climas mais rigorosos e \u00e0s condi\u00e7\u00f5es de tr\u00e1fego ferrovi\u00e1rio mais severas.<\/span><\/p>\n<p><span style=\"font-weight: 400;\">A graxa altamente adesiva do EcoCurve foi projetada para permanecer no canto do trilho sob extrema press\u00e3o e temperatura, assim como para suportar cargas pesadas de trabalho e chuvas torrenciais. Esta ader\u00eancia superior ajuda a reduzir o escorrimento para o subsolo e len\u00e7ol fre\u00e1tico. O EcoCurve n\u00e3o possui metais pesados ou aditivos t\u00f3xicos.<\/span><\/p>\n<p><span style=\"font-weight: 400;\">O EcoCurve Heavy Haul est\u00e1 dispon\u00edvel em:<\/span><\/p>\n<ul>\n<li><span style=\"font-weight: 400;\">Baldes de 20 kg (44 libras)<\/span><\/li>\n<li><span style=\"font-weight: 400;\">Totes a granel de 1.874 libras (850 kg)<\/span><\/li>\n<\/ul>\n<p>[\/vc_column_text][vc_empty_space height=&#8221;45px&#8221;]<div class=\"mkd-tabs mkd-horizontal-tab variable mkd-column-2 clearfix\">\n    <ul class=\"mkd-tabs-nav\">\n                    <li>\n            <h3 class=\"mkd-tab-title\">\n            <a href=\"#tab-features\">\n                <span class=\"mkd-icon-frame\"><\/span>\n\n                <!--<span class=\"mkd-advanced-tab-text-after-icon\">-->\n                Features                <!--<\/span>-->\n\n            <\/a>\n            <\/h3>\n\n\n            <\/li>\n                    <li>\n            <h3 class=\"mkd-tab-title\">\n            <a href=\"#tab-ficha-de-dados\">\n                <span class=\"mkd-icon-frame\"><\/span>\n\n                <!--<span class=\"mkd-advanced-tab-text-after-icon\">-->\n                Ficha de dados                <!--<\/span>-->\n\n            <\/a>\n            <\/h3>\n\n\n            <\/li>\n            <\/ul><!-- .mkd-tabs-nav -->\n\n    <div class=\"mkd-tab-container\" id=\"tab-features-659\" >[vc_column_text]<\/p>\n<table style=\"border-collapse: collapse; width: 100%; height: 352px;\">\n<tbody>\n<tr style=\"height: 24px;\">\n<td style=\"width: 25%; height: 24px; text-align: left;\"><\/td>\n<td style=\"width: 25%; height: 24px; text-align: left;\"><span style=\"font-weight: 400;\">LUBRIFICANTE ECOCURVE PARA TRANSPORTE PESADO<\/span><\/td>\n<td style=\"width: 25%; height: 24px; text-align: left;\"><span style=\"font-weight: 400;\">ECOCURVE TRACKSIDE<\/span><\/td>\n<td style=\"width: 25%; height: 24px; text-align: left;\"><span style=\"font-weight: 400;\">RAILKING HL<\/span><\/td>\n<\/tr>\n<tr style=\"height: 24px;\">\n<td style=\"width: 25%; height: 24px;\"><span style=\"font-weight: 400;\">Resistente \u00e0 \u00e1gua<\/span><\/td>\n<td style=\"width: 25%; height: 24px;\"><span style=\"font-weight: 400;\">Resistente \u00e0 remo\u00e7\u00e3o por \u00e1gua<\/span><\/td>\n<td style=\"width: 25%; height: 24px; text-align: left;\"><span style=\"font-weight: 400;\">Resistente \u00e0 remo\u00e7\u00e3o por \u00e1gua<\/span><\/td>\n<td style=\"width: 25%; height: 24px;\"><span style=\"font-weight: 400;\">Resistente \u00e0 remo\u00e7\u00e3o por \u00e1gua<\/span><\/td>\n<\/tr>\n<tr style=\"height: 80px;\">\n<td style=\"width: 25%; height: 80px;\"><span style=\"font-weight: 400;\">Adequado para uso em<\/span><\/td>\n<td style=\"width: 25%; height: 80px;\">\n<ul>\n<li style=\"text-align: left;\"><span style=\"font-weight: 400;\">Qualquer sistema de aplica\u00e7\u00e3o lateral<\/span><\/li>\n<li style=\"text-align: left;\"><span style=\"font-weight: 400;\">Condi\u00e7\u00f5es de carga muito pesada<\/span><\/li>\n<\/ul>\n<\/td>\n<td style=\"width: 25%; height: 80px;\">\n<ul>\n<li style=\"text-align: left;\"><span style=\"font-weight: 400;\">Qualquer sistema de aplica\u00e7\u00e3o lateral<\/span><\/li>\n<li style=\"text-align: left;\"><span style=\"font-weight: 400;\">Condi\u00e7\u00f5es de carga muito pesada<\/span><\/li>\n<\/ul>\n<\/td>\n<td style=\"width: 25%; height: 80px;\">\n<ul>\n<li><span style=\"font-weight: 400;\">Qualquer sistema de aplica\u00e7\u00e3o lateral<\/span><\/li>\n<li><span style=\"font-weight: 400;\">Condi\u00e7\u00f5es de carga muito pesada<\/span><\/li>\n<\/ul>\n<\/td>\n<\/tr>\n<tr style=\"height: 104px;\">\n<td style=\"width: 25%; height: 104px;\"><span style=\"font-weight: 400;\">Temperatura<\/span><\/td>\n<td style=\"width: 25%; height: 104px;\">\n<ul>\n<li><span style=\"font-weight: 400;\">Graxa formulada que \u00e9 est\u00e1vel em todas as temperaturas<\/span><\/li>\n<li><span style=\"font-weight: 400;\">Bombe\u00e1vel at\u00e9 -40\u00b0F<\/span><\/li>\n<\/ul>\n<\/td>\n<td style=\"width: 25%; height: 104px;\">\n<ul>\n<li><span style=\"font-weight: 400;\">Graxa formulada que \u00e9 est\u00e1vel em todas as temperaturas<\/span><\/li>\n<li><span style=\"font-weight: 400;\">Bombe\u00e1vel at\u00e9 -40\u00b0F<\/span><\/li>\n<\/ul>\n<\/td>\n<td style=\"width: 25%; height: 104px;\">\n<ul>\n<li><span style=\"font-weight: 400;\">Graxa formulada que \u00e9 est\u00e1vel em todas as temperaturas<\/span><\/li>\n<li><span style=\"font-weight: 400;\">Bombe\u00e1vel at\u00e9 -22\u00b0 F (-33\u00b0 C)<\/span><\/li>\n<\/ul>\n<\/td>\n<\/tr>\n<tr style=\"height: 24px;\">\n<td style=\"width: 25%; height: 24px;\"><span style=\"font-weight: 400;\">Durabilidade<\/span><\/td>\n<td style=\"width: 25%; height: 24px; text-align: left;\"><span style=\"font-weight: 400;\">Prote\u00e7\u00e3o mais duradoura contra o desgaste e a corros\u00e3o<\/span><\/td>\n<td style=\"width: 25%; height: 24px;\"><\/td>\n<td style=\"width: 25%; height: 24px; text-align: left;\"><span style=\"font-weight: 400;\">Cont\u00e9m dissulfeto de molibd\u00eanio (MoS2) para melhor redu\u00e7\u00e3o do desgaste e resist\u00eancia extrema \u00e0 press\u00e3o<\/span><\/td>\n<\/tr>\n<tr style=\"height: 24px;\">\n<td style=\"width: 25%; height: 24px; text-align: left;\"><span style=\"font-weight: 400;\">Sustentabilidade<\/span><\/td>\n<td style=\"width: 25%; height: 24px; text-align: left;\">\n<ul>\n<li><span style=\"font-weight: 400;\">Utiliza 75 a 90% de conte\u00fado renov\u00e1vel<\/span><\/li>\n<li><span style=\"font-weight: 400;\">N\u00e3o-t\u00f3xico<\/span><\/li>\n<li><span style=\"font-weight: 400;\">Livre de metais pesados; as propriedades de transporte reduzem a quantidade de graxa necess\u00e1ria<\/span><\/li>\n<\/ul>\n<\/td>\n<td style=\"width: 25%; height: 24px; text-align: left;\">\n<ul>\n<li><span style=\"font-weight: 400;\">Utiliza 75 a 90% de conte\u00fado renov\u00e1vel<\/span><\/li>\n<li><span style=\"font-weight: 400;\">N\u00e3o-t\u00f3xico<\/span><\/li>\n<li><span style=\"font-weight: 400;\">Livre de metais pesados; as propriedades de transporte reduzem a quantidade de graxa necess\u00e1ria<\/span><\/li>\n<\/ul>\n<\/td>\n<td style=\"width: 25%; height: 24px;\">\n<ul>\n<li style=\"text-align: left;\"><span style=\"font-weight: 400;\">\u00c0 base de \u00f3leo mineral<\/span><\/li>\n<li style=\"text-align: left;\"><span style=\"font-weight: 400;\">N\u00e3o-t\u00f3xico<\/span><\/li>\n<\/ul>\n<\/td>\n<\/tr>\n<tr style=\"height: 24px;\">\n<td style=\"width: 25%; height: 24px; text-align: left;\"><span style=\"font-weight: 400;\">Biodegradabilidade<\/span><\/td>\n<td style=\"width: 25%; height: 24px; text-align: left;\"><span style=\"font-weight: 400;\">Facilmente biodegrad\u00e1vel; converte para 60% <\/span>CO<sub>2<\/sub> <span style=\"font-weight: 400;\">dentro de um estudo de 28 dias<\/span><\/td>\n<td style=\"width: 25%; height: 24px; text-align: left;\"><span style=\"font-weight: 400;\">Facilmente biodegrad\u00e1vel<\/span><\/td>\n<td style=\"width: 25%; height: 24px; text-align: left;\"><span style=\"font-weight: 400;\">Inerentemente biodegrad\u00e1vel; converte para &gt;20%, mas &lt;60% <\/span> CO<sub>2<\/sub> <span style=\"font-weight: 400;\">dentro de um estudo de 28 dias<\/span><\/td>\n<\/tr>\n<tr style=\"height: 24px;\">\n<td style=\"width: 25%; height: 24px;\"><span style=\"font-weight: 400;\">Bombas<\/span><\/td>\n<td style=\"width: 75%; height: 24px;\" colspan=\"3\"><span style=\"font-weight: 400;\">A bomba de deslocamento positivo aplica consistentemente a quantidade correta de lubrificante e modificador de atrito ao aplicador em qualquer temperatura<\/span><\/td>\n<\/tr>\n<tr style=\"height: 24px;\">\n<td style=\"width: 25%; height: 24px;\"><span style=\"font-weight: 400;\">Sistema de controle digital<\/span><\/td>\n<td style=\"width: 75%; height: 24px;\" colspan=\"3\"><span style=\"font-weight: 400;\">Controlador digital \u00fanico que pode controlar a sa\u00edda para duas vias separadas<\/span><\/td>\n<\/tr>\n<\/tbody>\n<\/table>\n<p>[\/vc_column_text]<\/div><div class=\"mkd-tab-container\" id=\"tab-ficha-de-dados-745\" >[vc_single_image image=&#8221;7207&#8243; img_size=&#8221;spec&#8221; onclick=&#8221;custom_link&#8221; link=&#8221;\/wp-content\/uploads\/lti-friction-management-brochure.pdf&#8221;][vc_column_text]<span style=\"font-weight: 400;\">Cat\u00e1logo de produtos de gerenciamento de atrito<\/span>[\/vc_column_text]<\/div><\/div>[\/vc_column][\/vc_row][vc_row css=&#8221;.vc_custom_1629393827697{margin-top: 0px !important;margin-bottom: 0px !important;padding-top: 0px !important;padding-bottom: 0px !important;}&#8221;][vc_column]<div class=\"mkd-elements-holder mkd-responsive-mode-768\" ><div class=\"mkd-elements-holder-item \"  >\n\t<div class=\"mkd-elements-holder-item-inner\">\n\t\t<div class=\"mkd-elements-holder-item-content mkd-elements-holder-custom-758194\" >\n\t\t\t\t\t\t[vc_empty_space height=&#8221;50&#8243;]\t\t<\/div>\n\t<\/div>\n<\/div><\/div>[\/vc_column][\/vc_row]<\/p>\n<\/div>","protected":false},"excerpt":{"rendered":"<p>[vc_row content_width=&#8221;grid&#8221;][vc_column width=&#8221;1\/4&#8243;][vc_widget_sidebar sidebar_id=&#8221;sidebar&#8221;][\/vc_column][vc_column width=&#8221;3\/4&#8243;][vc_column_text] Performance superior. Ecologicamente correta. O lubrificante de alto desempenho EcoCurve Heavy Haul da Loram oferece desempenho l\u00edder da ind\u00fastria e \u00e9 ecologicamente correto. O EcoCurve&#8230;<\/p>\n","protected":false},"author":3,"featured_media":0,"parent":6594,"menu_order":0,"comment_status":"closed","ping_status":"closed","template":"template-single-product.php","meta":{"footnotes":""},"class_list":["post-6595","page","type-page","status-publish","hentry"],"_links":{"self":[{"href":"https:\/\/loram.com\/pt-br\/wp-json\/wp\/v2\/pages\/6595","targetHints":{"allow":["GET"]}}],"collection":[{"href":"https:\/\/loram.com\/pt-br\/wp-json\/wp\/v2\/pages"}],"about":[{"href":"https:\/\/loram.com\/pt-br\/wp-json\/wp\/v2\/types\/page"}],"author":[{"embeddable":true,"href":"https:\/\/loram.com\/pt-br\/wp-json\/wp\/v2\/users\/3"}],"replies":[{"embeddable":true,"href":"https:\/\/loram.com\/pt-br\/wp-json\/wp\/v2\/comments?post=6595"}],"version-history":[{"count":7,"href":"https:\/\/loram.com\/pt-br\/wp-json\/wp\/v2\/pages\/6595\/revisions"}],"predecessor-version":[{"id":10119,"href":"https:\/\/loram.com\/pt-br\/wp-json\/wp\/v2\/pages\/6595\/revisions\/10119"}],"up":[{"embeddable":true,"href":"https:\/\/loram.com\/pt-br\/wp-json\/wp\/v2\/pages\/6594"}],"wp:attachment":[{"href":"https:\/\/loram.com\/pt-br\/wp-json\/wp\/v2\/media?parent=6595"}],"curies":[{"name":"wp","href":"https:\/\/api.w.org\/{rel}","templated":true}]}}