{"id":6594,"date":"2021-12-03T08:28:16","date_gmt":"2021-12-03T14:28:16","guid":{"rendered":"https:\/\/loram.com\/?page_id=6594"},"modified":"2021-12-16T15:52:21","modified_gmt":"2021-12-16T21:52:21","slug":"friction-modifiers-curve-lubricants","status":"publish","type":"page","link":"https:\/\/loram.com\/pt-br\/inspection-optimization\/friction-management\/friction-modifiers-curve-lubricants\/","title":{"rendered":"Modificadores De Atrito E Lubrificantes De Curvas"},"content":{"rendered":"<div class=\"wpb-content-wrapper\"><p>[vc_row content_width=&#8221;grid&#8221; css=&#8221;.vc_custom_1623767783918{margin-top: 0px !important;margin-bottom: 4rem !important;}&#8221;][vc_column width=&#8221;1\/4&#8243;][vc_widget_sidebar sidebar_id=&#8221;sidebar&#8221;][\/vc_column][vc_column width=&#8221;3\/4&#8243;][vc_column_text]<\/p>\n<h2>Aumente a vida \u00fatil de suas rodas e trilhos<\/h2>\n<p><span style=\"font-weight: 400;\">A Loram tem mais de 60 anos de experi\u00eancia estudando o desempenho em ferrovias.<\/span> <span style=\"font-weight: 400;\">Nossas pesquisas abrangentes ajudaram a Loram a compreender as causas fundamentais dos problemas de intera\u00e7\u00e3o entre rodas e trilhos e a amea\u00e7a que eles representam para a vida desses componentes.<\/span> <span style=\"font-weight: 400;\">Aumentar a vida \u00fatil desses ativos leva a Loram a fornecer os modificadores de atrito e lubrificantes de curva ideais para o topo do trilho.<\/span><\/p>\n<p><span style=\"font-weight: 400;\">Desde formula\u00e7\u00f5es ecol\u00f3gicas \u00e0 base de \u00e1gua a sint\u00e9ticos de alto desempenho \u00e0 base de petr\u00f3leo, e um produto h\u00edbrido que oferece uma combina\u00e7\u00e3o de ambos, a Loram tem os modificadores de atrito e lubrificante de curva adequados para proporcionar benef\u00edcios impressionantes para melhor intera\u00e7\u00e3o roda\/trilho, economia de combust\u00edvel e vida \u00fatil de ativos para qualquer condi\u00e7\u00e3o.<\/span><\/p>\n<h3>Benef\u00edcios e caracter\u00edsticas do modificador de atrito e do lubrificante de curvas<\/h3>\n<p><span style=\"font-weight: 400;\">Trabalhando com Loram, voc\u00ea tem acesso aos \u00faltimos desenvolvimentos e solu\u00e7\u00f5es em modificadores de atrito e lubrificantes de curvas.<\/span> <span style=\"font-weight: 400;\">Com base nos requisitos individuais da ferrovia, a Loram pode fornecer o modificador de atrito apropriado para:<\/span>[\/vc_column_text]<div class=\"mkd-elements-holder mkd-two-columns mkd-responsive-mode-768\" ><div class=\"mkd-elements-holder-item \"  >\n\t<div class=\"mkd-elements-holder-item-inner\">\n\t\t<div class=\"mkd-elements-holder-item-content mkd-elements-holder-custom-165584\" >\n\t\t\t\t\t\t[vc_column_text]<\/p>\n<ul>\n<li><span style=\"font-weight: 400;\">Reduz as for\u00e7as laterais\/verticais<\/span><\/li>\n<li><span style=\"font-weight: 400;\">Produzir economia de combust\u00edvel<\/span><\/li>\n<li><span style=\"font-weight: 400;\">Maximizar a dist\u00e2ncia de transporte<\/span><\/li>\n<li><span style=\"font-weight: 400;\">Aumentar a vida \u00fatil da roda e do trilho<\/span><\/li>\n<li><span style=\"font-weight: 400;\">Reduz o ru\u00eddo<\/span><\/li>\n<li><span style=\"font-weight: 400;\">Atuar em todas as esta\u00e7\u00f5es do ano<\/span><\/li>\n<li><span style=\"font-weight: 400;\">Proporciona prote\u00e7\u00e3o duradoura<\/span><\/li>\n<\/ul>\n<p>[\/vc_column_text]\t\t<\/div>\n\t<\/div>\n<\/div><\/div>[\/vc_column][\/vc_row][vc_row content_width=&#8221;grid&#8221; css=&#8221;.vc_custom_1623794254962{background-color: #000000 !important;}&#8221; el_class=&#8221;black-bar&#8221;][vc_column css=&#8221;.vc_custom_1626811200272{padding-top: 0.5rem !important;padding-bottom: 1rem !important;}&#8221;]<div class=\"mkd-elements-holder mkd-responsive-mode-768\" ><div class=\"mkd-elements-holder-item \"  >\n\t<div class=\"mkd-elements-holder-item-inner\">\n\t\t<div class=\"mkd-elements-holder-item-content mkd-elements-holder-custom-465512\" >\n\t\t\t\t\t\t[vc_column_text el_class=&#8221;sub-cat-landing-title-bar&#8221;]<span style=\"font-weight: 400;\">MODIFICADORES DE ATRITO E LUBRIFICADORES LORAM<\/span>[\/vc_column_text]\t\t<\/div>\n\t<\/div>\n<\/div><\/div>[\/vc_column][\/vc_row][vc_row content_width=&#8221;grid&#8221; css=&#8221;.vc_custom_1630506640624{padding-top: 3rem !important;padding-bottom: 1rem !important;background-color: #e5e5e5 !important;}&#8221;][vc_column]<div class=\"mkd-elements-holder mkd-two-columns mkd-responsive-mode-768\" ><div class=\"mkd-elements-holder-item mkd-fade-in lazyload\" data-animation=\"mkd-fade-in\" style=\"background-image:inherit\" data-bg-image=\"url(https:\/\/loram.com\/wp-content\/uploads\/friction-modifiers-grease.jpg)\">\n\t<div class=\"mkd-elements-holder-item-inner\">\n\t\t<div class=\"mkd-elements-holder-item-content mkd-elements-holder-custom-601819\" style=\"padding: 0 0 0 0\">\n\t\t\t\t\t\t[vc_empty_space height=&#8221;348px&#8221;]\t\t<\/div>\n\t<\/div>\n<\/div><div class=\"mkd-elements-holder-item mkd-fade-in\" data-animation=\"mkd-fade-in\" >\n\t<div class=\"mkd-elements-holder-item-inner\">\n\t\t<div class=\"mkd-elements-holder-item-content mkd-elements-holder-custom-211060\" style=\"padding: 2rem 4rem 3.5rem 4rem\">\n\t\t\t\t\t\t<div class=\"mkd-st \">\n    <div class=\"mkd-st-inner\">\n        <div class=\"mkd-st-title-holder\">\n            <h2 class=\"mkd-st-title\">\n            <span>Modificadores de atrito de topo de trilhos<\/span>\n        <\/h2>\n    <\/div>\n\n    \n    <div class=\"mkd-st-text-holder\" >\n        <span class=\"mkd-st-text-text\"><span style=\"font-weight: 400;\">Como os desafios de atrito de rodas e trilhos s\u00e3o diferentes com base em v\u00e1rios ambientes e condi\u00e7\u00f5es locais, a Loram oferece uma gama de solu\u00e7\u00f5es modificadoras de atrito projetadas para funcionar bem.<\/span><\/span>\n    <\/div>\n<\/div>\n<\/div>[vc_empty_space height=&#8221;24px&#8221;]<a itemprop=\"url\" href=\"\/pt-br\/inspection-and-optimization\/friction-management\/friction-modifiers-and-curve-lubricants\/top-of-rail-friction-modifiers\/\" target=\"_self\"  class=\"mkd-btn mkd-btn-medium mkd-btn-solid\"  >\n    <span class=\"mkd-btn-text\">Saiba mais<\/span>\n    <\/a>\t\t<\/div>\n\t<\/div>\n<\/div><\/div>[\/vc_column][\/vc_row][vc_row content_width=&#8221;grid&#8221; css=&#8221;.vc_custom_1630506640624{padding-top: 3rem !important;padding-bottom: 1rem !important;background-color: #e5e5e5 !important;}&#8221;][vc_column]<div class=\"mkd-elements-holder mkd-two-columns mkd-responsive-mode-768\" ><div class=\"mkd-elements-holder-item mkd-fade-in lazyload\" data-animation=\"mkd-fade-in\" style=\"background-image:inherit\" data-bg-image=\"url(https:\/\/loram.com\/wp-content\/uploads\/gauge-face-curve-lubricant.jpg)\">\n\t<div class=\"mkd-elements-holder-item-inner\">\n\t\t<div class=\"mkd-elements-holder-item-content mkd-elements-holder-custom-158197\" style=\"padding: 0 0 0 0\">\n\t\t\t\t\t\t[vc_empty_space height=&#8221;348px&#8221;]\t\t<\/div>\n\t<\/div>\n<\/div><div class=\"mkd-elements-holder-item mkd-fade-in\" data-animation=\"mkd-fade-in\" >\n\t<div class=\"mkd-elements-holder-item-inner\">\n\t\t<div class=\"mkd-elements-holder-item-content mkd-elements-holder-custom-438684\" style=\"padding: 2rem 4rem 3.5rem 4rem\">\n\t\t\t\t\t\t<div class=\"mkd-st \">\n    <div class=\"mkd-st-inner\">\n        <div class=\"mkd-st-title-holder\">\n            <h2 class=\"mkd-st-title\">\n            <span>Lubrificante para a curva da face da bitola<\/span>\n        <\/h2>\n    <\/div>\n\n    \n    <div class=\"mkd-st-text-holder\" >\n        <span class=\"mkd-st-text-text\"><span style=\"font-weight: 400;\">A Loram oferece v\u00e1rios produtos lubrificantes de curva de face de bitola que s\u00e3o projetados para condi\u00e7\u00f5es desafios espec\u00edficos, incluindo amplas faixas de temperatura de trabalho e capacidade de bombeamento, capacidade de transporte de carga e responsabilidade ambiental.<\/span><\/span>\n    <\/div>\n<\/div>\n<\/div>[vc_empty_space height=&#8221;24px&#8221;]<a itemprop=\"url\" href=\"\/pt-br\/https:\/\/loram.com\/inspection-and-optimization\/friction-management\/friction-modifiers-and-curve-lubricants\/gauge-face-curve-lubricant\/top-of-rail-friction-modifiers\/\" target=\"_self\"  class=\"mkd-btn mkd-btn-medium mkd-btn-solid\"  >\n    <span class=\"mkd-btn-text\">Saiba mais<\/span>\n    <\/a>\t\t<\/div>\n\t<\/div>\n<\/div><\/div>[\/vc_column][\/vc_row][vc_row content_width=&#8221;grid&#8221; css=&#8221;.vc_custom_1623260947677{margin-top: 3rem !important;margin-bottom: 3rem !important;}&#8221;][vc_column]<div class=\"mkd-elements-holder mkd-responsive-mode-768\" ><div class=\"mkd-elements-holder-item \"  >\n\t<div class=\"mkd-elements-holder-item-inner\">\n\t\t<div class=\"mkd-elements-holder-item-content mkd-elements-holder-custom-125204\" >\n\t\t\t\t\t\t[vc_column_text el_class=&#8221;landing-contract-services&#8221;]<\/p>\n<h2>SERVI\u00c7OS CONTRATUAIS DA LORAM<\/h2>\n<h3>Pesquisa cont\u00ednua e inova\u00e7\u00e3o avan\u00e7ada.<\/h3>\n<p><span style=\"font-weight: 400;\">A Loram investe fortemente e faz parcerias com os l\u00edderes da ind\u00fastria para avan\u00e7ar agressivamente nas atividades de pesquisa e desenvolvimento em modificadores de atrito e lubrificantes de curvas.<\/span> <span style=\"font-weight: 400;\">Entendemos que \u00e0 medida que a tecnologia continua a avan\u00e7ar e evoluir, o mesmo deve acontecer com as ferrovias que servimos.<\/span> <span style=\"font-weight: 400;\">Nossos esfor\u00e7os cont\u00ednuos de pesquisa e desenvolvimento est\u00e3o focados na inova\u00e7\u00e3o que maximiza o ROI da ferrovia.<\/span><\/p>\n<p><span style=\"font-weight: 400;\">Confie nos especialistas da Loram.<\/span> <span style=\"font-weight: 400;\">Nosso foco \u00e9 proporcionar um desempenho superior que aumente a vida \u00fatil de seus ativos mais importantes.<\/span>[\/vc_column_text]\t\t<\/div>\n\t<\/div>\n<\/div><\/div>[\/vc_column][\/vc_row][vc_row content_width=&#8221;grid&#8221; content_aligment=&#8221;center&#8221; el_class=&#8221;learn-how-we-help&#8221; css=&#8221;.vc_custom_1627057016334{margin-top: 1rem !important;margin-bottom: 3rem !important;padding-right: 0px !important;padding-left: 0px !important;background-image: url(https:\/\/loram.com\/wp-content\/uploads\/learn-how-we-can-help-technology.jpg?id=4512) !important;background-position: center !important;background-repeat: no-repeat !important;background-size: cover !important;}&#8221;][vc_column css=&#8221;.vc_custom_1623260528726{padding-top: 6rem !important;padding-right: 0px !important;padding-bottom: 3rem !important;padding-left: 0px !important;}&#8221;]<div class=\"mkd-elements-holder mkd-responsive-mode-768\" ><div class=\"mkd-elements-holder-item \"  >\n\t<div class=\"mkd-elements-holder-item-inner\">\n\t\t<div class=\"mkd-elements-holder-item-content mkd-elements-holder-custom-435527\" >\n\t\t\t\t\t\t<div class=\"mkd-st \">\n    <div class=\"mkd-st-inner\">\n        <div class=\"mkd-st-title-holder\">\n            <h2 class=\"mkd-st-title\">\n            <span>Ningu\u00e9m conhece melhor os trilhos<\/span>\n        <\/h2>\n    <\/div>\n\n    \n    <div class=\"mkd-st-text-holder\" >\n        <span class=\"mkd-st-text-text\"><span style=\"font-weight: 400;\">A Loram est\u00e1 liderando a transforma\u00e7\u00e3o digital da manuten\u00e7\u00e3o ferrovi\u00e1ria atrav\u00e9s de nosso avan\u00e7ado portf\u00f3lio de tecnologias de inspe\u00e7\u00e3o, monitoramento em tempo real e solu\u00e7\u00f5es de otimiza\u00e7\u00e3o para a efici\u00eancia orientada pelos dados. Ligue para +1 (512) 869-1542 ou entre em contato com nossa equipe t\u00e9cnica de vendas.<\/span><\/span>\n    <\/div>\n<\/div>\n<\/div>[vc_empty_space height=&#8221;24px&#8221;]<a itemprop=\"url\" href=\"\/pt-br\/contact\/\" target=\"_self\"  class=\"mkd-btn mkd-btn-medium mkd-btn-solid\"  >\n    <span class=\"mkd-btn-text\">Vamos conversar<\/span>\n    <\/a>\t\t<\/div>\n\t<\/div>\n<\/div><\/div>[\/vc_column][\/vc_row][vc_row][vc_column]<div class=\"mkd-elements-holder mkd-responsive-mode-768\" ><div class=\"mkd-elements-holder-item \"  >\n\t<div class=\"mkd-elements-holder-item-inner\">\n\t\t<div class=\"mkd-elements-holder-item-content mkd-elements-holder-custom-904718\" >\n\t\t\t\t\t\t[vc_empty_space height=&#8221;0&#8243; css=&#8221;.vc_custom_1627057011248{margin-top: 0px !important;margin-bottom: 0px !important;padding-top: 0px !important;padding-bottom: 0px !important;}&#8221;]\t\t<\/div>\n\t<\/div>\n<\/div><\/div>[\/vc_column][\/vc_row]<\/p>\n<\/div>","protected":false},"excerpt":{"rendered":"<p>[vc_row content_width=&#8221;grid&#8221; css=&#8221;.vc_custom_1623767783918{margin-top: 0px !important;margin-bottom: 4rem !important;}&#8221;][vc_column width=&#8221;1\/4&#8243;][vc_widget_sidebar sidebar_id=&#8221;sidebar&#8221;][\/vc_column][vc_column width=&#8221;3\/4&#8243;][vc_column_text] Aumente a vida \u00fatil de suas rodas e trilhos A Loram tem mais de 60 anos de experi\u00eancia estudando o&#8230;<\/p>\n","protected":false},"author":3,"featured_media":0,"parent":6590,"menu_order":0,"comment_status":"closed","ping_status":"closed","template":"template-subcategory.php","meta":{"footnotes":""},"class_list":["post-6594","page","type-page","status-publish","hentry"],"_links":{"self":[{"href":"https:\/\/loram.com\/pt-br\/wp-json\/wp\/v2\/pages\/6594","targetHints":{"allow":["GET"]}}],"collection":[{"href":"https:\/\/loram.com\/pt-br\/wp-json\/wp\/v2\/pages"}],"about":[{"href":"https:\/\/loram.com\/pt-br\/wp-json\/wp\/v2\/types\/page"}],"author":[{"embeddable":true,"href":"https:\/\/loram.com\/pt-br\/wp-json\/wp\/v2\/users\/3"}],"replies":[{"embeddable":true,"href":"https:\/\/loram.com\/pt-br\/wp-json\/wp\/v2\/comments?post=6594"}],"version-history":[{"count":6,"href":"https:\/\/loram.com\/pt-br\/wp-json\/wp\/v2\/pages\/6594\/revisions"}],"predecessor-version":[{"id":7801,"href":"https:\/\/loram.com\/pt-br\/wp-json\/wp\/v2\/pages\/6594\/revisions\/7801"}],"up":[{"embeddable":true,"href":"https:\/\/loram.com\/pt-br\/wp-json\/wp\/v2\/pages\/6590"}],"wp:attachment":[{"href":"https:\/\/loram.com\/pt-br\/wp-json\/wp\/v2\/media?parent=6594"}],"curies":[{"name":"wp","href":"https:\/\/api.w.org\/{rel}","templated":true}]}}