{"id":6593,"date":"2021-12-03T08:28:10","date_gmt":"2021-12-03T14:28:10","guid":{"rendered":"https:\/\/loram.com\/?page_id=6593"},"modified":"2022-02-15T10:26:57","modified_gmt":"2022-02-15T16:26:57","slug":"top-of-rail-yardglide","status":"publish","type":"page","link":"https:\/\/loram.com\/pt-br\/inspection-optimization\/friction-management\/application-systems\/top-of-rail-yardglide\/","title":{"rendered":"Topo Do Trilho \u2013 Yardglide"},"content":{"rendered":"<div class=\"wpb-content-wrapper\"><p>[vc_row content_width=&#8221;grid&#8221;][vc_column width=&#8221;1\/4&#8243;][vc_widget_sidebar sidebar_id=&#8221;sidebar&#8221;][\/vc_column][vc_column width=&#8221;3\/4&#8243;][vc_column_text]<\/p>\n<h2><strong>Resist\u00eancia de rolagem previs\u00edvel para sistemas de controle de p\u00e1tios<\/strong><\/h2>\n<p><span style=\"font-weight: 400;\">O YardGlide\u00ae garante um p\u00e1tio ferrovi\u00e1rio de opera\u00e7\u00e3o mais suave.<\/span> Normalmente instalado ap\u00f3s cada grupo retardador em um p\u00e1tio de forma\u00e7\u00e3o de trens por gravidade ou ap\u00f3s o retardador mestre em um p\u00e1tio plano, o YardGlide garante um coeficiente de atrito adequado para cada vag\u00e3o.<\/p>\n<p><span style=\"font-weight: 400;\">O YardGlide detecta a passagem de carros sobre sensores dur\u00e1veis em um p\u00e1tio e automaticamente dispensa a quantidade precisa de modificador de atrito na parte superior do trilho para garantir uma rolamento consistente do vag\u00e3o.<\/span><\/p>\n<p><span style=\"font-weight: 400;\">Nenhum outro produto oferece maior precis\u00e3o em seu p\u00e1tio ferrovi\u00e1rio do que o YardGlide.<\/span><\/p>\n<p><span style=\"font-weight: 400;\">A Loram oferece tr\u00eas sistemas de aplica\u00e7\u00e3o YardGlide de diferentes tamanhos que oferecem op\u00e7\u00f5es para selecionar se uma \u00e1rea menor, um tanque de grande capacidade ou uma combina\u00e7\u00e3o desses dois \u00e9 a caracter\u00edstica mais importante.<\/span><\/p>\n<p><strong>Capacidade de 54 gal\u00f5es (204L)<\/strong><br \/>\n<span style=\"font-weight: 400;\">N\u00e3o considerado armazenamento de lubrificante em massa<\/span><\/p>\n<p><strong>Capacidade de 100 gal\u00f5es (379L)<\/strong><br \/>\nRedu\u00e7\u00e3o de ocupa\u00e7\u00e3o da via<\/p>\n<p><strong>Capacidade de 200 gal\u00f5es (757L)<\/strong><br \/>\n<span style=\"font-weight: 400;\">Capacidade maior requer reabastecimento menos frequente<\/span>[\/vc_column_text][vc_empty_space height=&#8221;45px&#8221;]<div class=\"mkd-tabs mkd-horizontal-tab variable mkd-column-2 clearfix\">\n    <ul class=\"mkd-tabs-nav\">\n                    <li>\n            <h3 class=\"mkd-tab-title\">\n            <a href=\"#tab-features\">\n                <span class=\"mkd-icon-frame\"><\/span>\n\n                <!--<span class=\"mkd-advanced-tab-text-after-icon\">-->\n                Features                <!--<\/span>-->\n\n            <\/a>\n            <\/h3>\n\n\n            <\/li>\n                    <li>\n            <h3 class=\"mkd-tab-title\">\n            <a href=\"#tab-data-sheet\">\n                <span class=\"mkd-icon-frame\"><\/span>\n\n                <!--<span class=\"mkd-advanced-tab-text-after-icon\">-->\n                Data Sheet                <!--<\/span>-->\n\n            <\/a>\n            <\/h3>\n\n\n            <\/li>\n            <\/ul><!-- .mkd-tabs-nav -->\n\n    <div class=\"mkd-tab-container\" id=\"tab-features-162\" >[vc_column_text]<span style=\"font-weight: 400;\">O YardGlide \u00e9 um sistema inteligente de gerenciamento de atrito de trilhos que oferece:<\/span><\/p>\n<ul>\n<li><span style=\"font-weight: 400;\">Resist\u00eancia de rolagem previs\u00edvel para sistemas de controle de p\u00e1tios<\/span><\/li>\n<li><span style=\"font-weight: 400;\">Compatibilidade com sistemas de interface de controle de p\u00e1tio<\/span><\/li>\n<li><span style=\"font-weight: 400;\">Desempenho comprovado em campo para reduzir for\u00e7as laterais\/verticais em p\u00e1tios de crista<\/span><\/li>\n<li><span style=\"font-weight: 400;\">Resultados poderosos com pouca ou nenhuma confus\u00e3o<\/span><\/li>\n<li><span style=\"font-weight: 400;\">Perda de velocidade do vag\u00e3o minimizada<\/span><\/li>\n<li>Patina\u00e7\u00f5es e fracionamentos<\/li>\n<li><span style=\"font-weight: 400;\">Menos ajustes de deslocamento de carga<\/span><\/li>\n<li><span style=\"font-weight: 400;\">Menos distribui\u00e7\u00f5es<\/span><\/li>\n<\/ul>\n<p>[\/vc_column_text]<\/div><div class=\"mkd-tab-container\" id=\"tab-data-sheet-275\" ><div class=\"mkd-elements-holder mkd-responsive-mode-768\" ><div class=\"mkd-elements-holder-item \"  >\n\t<div class=\"mkd-elements-holder-item-inner\">\n\t\t<div class=\"mkd-elements-holder-item-content mkd-elements-holder-custom-884843\" >\n\t\t\t\t\t\t[vc_single_image image=&#8221;7473&#8243; img_size=&#8221;spec&#8221; onclick=&#8221;custom_link&#8221; link=&#8221;https:\/\/loram.com\/wp-content\/uploads\/YardGlideWL1000_0512_web-1.pdf&#8221;][vc_column_text]<span style=\"font-weight: 400;\">Especifica\u00e7\u00f5es do WL1000<\/span>[\/vc_column_text]\t\t<\/div>\n\t<\/div>\n<\/div><div class=\"mkd-elements-holder-item \"  >\n\t<div class=\"mkd-elements-holder-item-inner\">\n\t\t<div class=\"mkd-elements-holder-item-content mkd-elements-holder-custom-725521\" >\n\t\t\t\t\t\t[vc_single_image image=&#8221;7474&#8243; img_size=&#8221;spec&#8221; onclick=&#8221;custom_link&#8221; link=&#8221;https:\/\/loram.com\/wp-content\/uploads\/YardGlideWL2000_0512_web-1.pdf&#8221;][vc_column_text]<span style=\"font-weight: 400;\">Especifica\u00e7\u00f5es do WL2000<\/span>[\/vc_column_text]\t\t<\/div>\n\t<\/div>\n<\/div><div class=\"mkd-elements-holder-item \"  >\n\t<div class=\"mkd-elements-holder-item-inner\">\n\t\t<div class=\"mkd-elements-holder-item-content mkd-elements-holder-custom-940912\" >\n\t\t\t\t\t\t[vc_single_image image=&#8221;7207&#8243; img_size=&#8221;spec&#8221; onclick=&#8221;custom_link&#8221; link=&#8221;\/wp-content\/uploads\/lti-friction-management-brochure.pdf&#8221;][vc_column_text]<span style=\"font-weight: 400;\">Cat\u00e1logo de produtos de gerenciamento de atrito<\/span>[\/vc_column_text]\t\t<\/div>\n\t<\/div>\n<\/div><\/div><div class=\"mkd-elements-holder mkd-responsive-mode-768\" ><div class=\"mkd-elements-holder-item \"  >\n\t<div class=\"mkd-elements-holder-item-inner\">\n\t\t<div class=\"mkd-elements-holder-item-content mkd-elements-holder-custom-409398\" >\n\t\t\t\t\t\t[vc_single_image image=&#8221;7475&#8243; img_size=&#8221;spec&#8221; onclick=&#8221;custom_link&#8221; link=&#8221;https:\/\/loram.com\/wp-content\/uploads\/TOR-WB_0616_web.pdf&#8221;][vc_column_text]<span style=\"font-weight: 400;\">Especifica\u00e7\u00f5es do TOR-WB<\/span>[\/vc_column_text]\t\t<\/div>\n\t<\/div>\n<\/div><div class=\"mkd-elements-holder-item \"  >\n\t<div class=\"mkd-elements-holder-item-inner\">\n\t\t<div class=\"mkd-elements-holder-item-content mkd-elements-holder-custom-860047\" >\n\t\t\t\t\t\t[vc_single_image image=&#8221;7476&#8243; img_size=&#8221;spec&#8221; onclick=&#8221;custom_link&#8221; link=&#8221;https:\/\/loram.com\/wp-content\/uploads\/TOR-H20x_0616_web.pdf&#8221;][vc_column_text]<span style=\"font-weight: 400;\">Especifica\u00e7\u00f5es do TOR-H20X<\/span>[\/vc_column_text]\t\t<\/div>\n\t<\/div>\n<\/div><div class=\"mkd-elements-holder-item \"  >\n\t<div class=\"mkd-elements-holder-item-inner\">\n\t\t<div class=\"mkd-elements-holder-item-content mkd-elements-holder-custom-638852\" >\n\t\t\t\t\t\t[vc_single_image image=&#8221;7477&#8243; img_size=&#8221;spec&#8221; onclick=&#8221;custom_link&#8221; link=&#8221;https:\/\/loram.com\/wp-content\/uploads\/TOR-XTEND_0616_web.pdf&#8221;][vc_column_text]<span style=\"font-weight: 400;\">Especifica\u00e7\u00f5es do TOR-XTEND<\/span>[\/vc_column_text]\t\t<\/div>\n\t<\/div>\n<\/div><\/div><\/div><\/div>[\/vc_column][\/vc_row][vc_row css=&#8221;.vc_custom_1629393425475{margin-top: 0px !important;margin-bottom: 0px !important;padding-top: 0px !important;padding-bottom: 0px !important;}&#8221;][vc_column]<div class=\"mkd-elements-holder mkd-responsive-mode-768\" ><div class=\"mkd-elements-holder-item \"  >\n\t<div class=\"mkd-elements-holder-item-inner\">\n\t\t<div class=\"mkd-elements-holder-item-content mkd-elements-holder-custom-904604\" >\n\t\t\t\t\t\t[vc_empty_space height=&#8221;50&#8243;]\t\t<\/div>\n\t<\/div>\n<\/div><\/div>[\/vc_column][\/vc_row]<\/p>\n<\/div>","protected":false},"excerpt":{"rendered":"<p>[vc_row content_width=&#8221;grid&#8221;][vc_column width=&#8221;1\/4&#8243;][vc_widget_sidebar sidebar_id=&#8221;sidebar&#8221;][\/vc_column][vc_column width=&#8221;3\/4&#8243;][vc_column_text] Resist\u00eancia de rolagem previs\u00edvel para sistemas de controle de p\u00e1tios O YardGlide\u00ae garante um p\u00e1tio ferrovi\u00e1rio de opera\u00e7\u00e3o mais suave. Normalmente instalado ap\u00f3s cada grupo&#8230;<\/p>\n","protected":false},"author":3,"featured_media":0,"parent":6591,"menu_order":0,"comment_status":"closed","ping_status":"closed","template":"template-single-product.php","meta":{"footnotes":""},"class_list":["post-6593","page","type-page","status-publish","hentry"],"_links":{"self":[{"href":"https:\/\/loram.com\/pt-br\/wp-json\/wp\/v2\/pages\/6593","targetHints":{"allow":["GET"]}}],"collection":[{"href":"https:\/\/loram.com\/pt-br\/wp-json\/wp\/v2\/pages"}],"about":[{"href":"https:\/\/loram.com\/pt-br\/wp-json\/wp\/v2\/types\/page"}],"author":[{"embeddable":true,"href":"https:\/\/loram.com\/pt-br\/wp-json\/wp\/v2\/users\/3"}],"replies":[{"embeddable":true,"href":"https:\/\/loram.com\/pt-br\/wp-json\/wp\/v2\/comments?post=6593"}],"version-history":[{"count":7,"href":"https:\/\/loram.com\/pt-br\/wp-json\/wp\/v2\/pages\/6593\/revisions"}],"predecessor-version":[{"id":10117,"href":"https:\/\/loram.com\/pt-br\/wp-json\/wp\/v2\/pages\/6593\/revisions\/10117"}],"up":[{"embeddable":true,"href":"https:\/\/loram.com\/pt-br\/wp-json\/wp\/v2\/pages\/6591"}],"wp:attachment":[{"href":"https:\/\/loram.com\/pt-br\/wp-json\/wp\/v2\/media?parent=6593"}],"curies":[{"name":"wp","href":"https:\/\/api.w.org\/{rel}","templated":true}]}}