{"id":6592,"date":"2021-12-03T08:27:57","date_gmt":"2021-12-03T14:27:57","guid":{"rendered":"https:\/\/loram.com\/?page_id=6592"},"modified":"2022-02-15T10:26:18","modified_gmt":"2022-02-15T16:26:18","slug":"gauge-face-gaugeshield","status":"publish","type":"page","link":"https:\/\/loram.com\/pt-br\/inspection-optimization\/friction-management\/application-systems\/gauge-face-gaugeshield\/","title":{"rendered":"Face Da Bitola \u2013 Gaugeshield"},"content":{"rendered":"<div class=\"wpb-content-wrapper\"><p>[vc_row content_width=&#8221;grid&#8221;][vc_column width=&#8221;1\/4&#8243;][vc_widget_sidebar sidebar_id=&#8221;sidebar&#8221;][\/vc_column][vc_column width=&#8221;3\/4&#8243;][vc_column_text]<\/p>\n<h2>Melhore a dire\u00e7\u00e3o. Reduza o ru\u00eddo.<\/h2>\n<p><span style=\"font-weight: 400;\">O sistema de lubrifica\u00e7\u00e3o GaugeShield\u00ae da Loram \u00e9 um sistema inteligente que detecta a passagem de rodas de trem sobre os sensores dur\u00e1veis do GaugeShield e dispensa automaticamente uma quantidade controlada de lubrificante na face da bitola do trilho.<\/span> <span style=\"font-weight: 400;\">O sistema de aplica\u00e7\u00e3o da face da bitola GaugeShield cria uma intera\u00e7\u00e3o suave entre a face da bitola do trilho e a flange da roda para melhorar a dire\u00e7\u00e3o e reduzir o ru\u00eddo.<\/span><\/p>\n<p><span style=\"font-weight: 400;\">O aplicador de barras GaugeShield consiste de apenas tr\u00eas componentes que foram constru\u00eddos para durar e s\u00e3o f\u00e1ceis de ser mantidos no campo.<\/span> C<span style=\"font-weight: 400;\">om um projeto patenteado com mola ou mola pneum\u00e1tica, o aplicador de barras resiste a danos causados por truques com terra-trilho ou rodas ocas desgastadas.<\/span> <span style=\"font-weight: 400;\">Os aplicadores de barras de press\u00e3o Loram s\u00e3o compat\u00edveis com qualquer lubrificante de press\u00e3o padr\u00e3o da ind\u00fastria.<\/span><\/p>\n<p><span style=\"font-weight: 400;\">O design confi\u00e1vel da Loram requer muito pouca manuten\u00e7\u00e3o e tem sensores que captam as condi\u00e7\u00f5es do sistema a todo momento.<\/span> <span style=\"font-weight: 400;\">Para reduzir a quantidade necess\u00e1ria de unidades de face de bitola, o GaugeShield da Loram utiliza um \u00fanico controlador digital que \u00e9 capaz de controlar a sa\u00edda para duas vias separadas.<\/span><\/p>\n<p><span style=\"font-weight: 400;\">O sistema GaugeShield Wayside est\u00e1 dispon\u00edvel em dois tamanhos para melhor atender suas necessidades.<\/span><\/p>\n<p><strong>Capacidade de 200 libras<\/strong><br \/>\n(91 KG)<br \/>\nGaugeShield<\/p>\n<p><strong>Capacidade de 800 libras<\/strong><br \/>\n(363 KG)<br \/>\nGaugeShield[\/vc_column_text][vc_empty_space height=&#8221;45px&#8221;]<div class=\"mkd-tabs mkd-horizontal-tab variable mkd-column-2 clearfix\">\n    <ul class=\"mkd-tabs-nav\">\n                    <li>\n            <h3 class=\"mkd-tab-title\">\n            <a href=\"#tab-caracteristicas\">\n                <span class=\"mkd-icon-frame\"><\/span>\n\n                <!--<span class=\"mkd-advanced-tab-text-after-icon\">-->\n                Caracter\u00edsticas                <!--<\/span>-->\n\n            <\/a>\n            <\/h3>\n\n\n            <\/li>\n                    <li>\n            <h3 class=\"mkd-tab-title\">\n            <a href=\"#tab-ficha-de-dados\">\n                <span class=\"mkd-icon-frame\"><\/span>\n\n                <!--<span class=\"mkd-advanced-tab-text-after-icon\">-->\n                FICHA DE DADOS                <!--<\/span>-->\n\n            <\/a>\n            <\/h3>\n\n\n            <\/li>\n            <\/ul><!-- .mkd-tabs-nav -->\n\n    <div class=\"mkd-tab-container\" id=\"tab-caracteristicas-513\" >[vc_column_text]<span style=\"font-weight: 400;\">GaugeShield oferece design e caracter\u00edsticas inteligentes, incluindo:<\/span><\/p>\n<ul>\n<li><span style=\"font-weight: 400;\">Bomba e sistema de controle personaliz\u00e1veis com maior resolu\u00e7\u00e3o para garantir uma aplica\u00e7\u00e3o precisa de lubrificante<\/span><\/li>\n<li><span style=\"font-weight: 400;\">Projeto propriet\u00e1rio de alimenta\u00e7\u00e3o inferior que reduz a cavita\u00e7\u00e3o<\/span><\/li>\n<li><span style=\"font-weight: 400;\">Sa\u00edda de lubrificante em \u00e2ngulo em dire\u00e7\u00e3o ao canto da bitola do trilho para melhorar a coleta<\/span><\/li>\n<li><span style=\"font-weight: 400;\">Aplicador de barras de borracha moldada, resistente a UV e outros elementos externos<\/span><\/li>\n<li><span style=\"font-weight: 400;\">Sistema aplicador de barras projetado para remo\u00e7\u00e3o r\u00e1pida durante a manuten\u00e7\u00e3o da via<\/span><\/li>\n<\/ul>\n<p>[\/vc_column_text]<\/div><div class=\"mkd-tab-container\" id=\"tab-ficha-de-dados-777\" ><div class=\"mkd-elements-holder mkd-responsive-mode-768\" ><div class=\"mkd-elements-holder-item \"  >\n\t<div class=\"mkd-elements-holder-item-inner\">\n\t\t<div class=\"mkd-elements-holder-item-content mkd-elements-holder-custom-164558\" >\n\t\t\t\t\t\t[vc_single_image image=&#8221;7478&#8243; img_size=&#8221;spec&#8221; onclick=&#8221;custom_link&#8221; link=&#8221;https:\/\/loram.com\/wp-content\/uploads\/Gauge-Face-Lubrication.pdf&#8221;][vc_column_text]<span style=\"font-weight: 400;\">Especifica\u00e7\u00f5es de lubrifica\u00e7\u00e3o da face da bitola<\/span>[\/vc_column_text]\t\t<\/div>\n\t<\/div>\n<\/div><div class=\"mkd-elements-holder-item \"  >\n\t<div class=\"mkd-elements-holder-item-inner\">\n\t\t<div class=\"mkd-elements-holder-item-content mkd-elements-holder-custom-998371\" >\n\t\t\t\t\t\t[vc_single_image image=&#8221;7207&#8243; img_size=&#8221;spec&#8221; onclick=&#8221;custom_link&#8221; link=&#8221;\/wp-content\/uploads\/lti-friction-management-brochure.pdf&#8221;][vc_column_text]<span style=\"font-weight: 400;\">Cat\u00e1logo de produtos de gerenciamento de atrito<\/span>[\/vc_column_text]\t\t<\/div>\n\t<\/div>\n<\/div><\/div><\/div><\/div>[\/vc_column][\/vc_row][vc_row css=&#8221;.vc_custom_1629393500905{margin-top: 0px !important;margin-bottom: 0px !important;padding-top: 0px !important;padding-bottom: 0px !important;}&#8221;][vc_column]<div class=\"mkd-elements-holder mkd-responsive-mode-768\" ><div class=\"mkd-elements-holder-item \"  >\n\t<div class=\"mkd-elements-holder-item-inner\">\n\t\t<div class=\"mkd-elements-holder-item-content mkd-elements-holder-custom-532128\" >\n\t\t\t\t\t\t[vc_empty_space height=&#8221;50&#8243; css=&#8221;.vc_custom_1630012391868{margin-top: 0px !important;margin-bottom: 0px !important;padding-top: 0px !important;padding-bottom: 0px !important;}&#8221;]\t\t<\/div>\n\t<\/div>\n<\/div><\/div>[\/vc_column][\/vc_row]<\/p>\n<\/div>","protected":false},"excerpt":{"rendered":"<p>[vc_row content_width=&#8221;grid&#8221;][vc_column width=&#8221;1\/4&#8243;][vc_widget_sidebar sidebar_id=&#8221;sidebar&#8221;][\/vc_column][vc_column width=&#8221;3\/4&#8243;][vc_column_text] Melhore a dire\u00e7\u00e3o. Reduza o ru\u00eddo. O sistema de lubrifica\u00e7\u00e3o GaugeShield\u00ae da Loram \u00e9 um sistema inteligente que detecta a passagem de rodas de trem&#8230;<\/p>\n","protected":false},"author":3,"featured_media":0,"parent":6591,"menu_order":0,"comment_status":"closed","ping_status":"closed","template":"template-single-product.php","meta":{"footnotes":""},"class_list":["post-6592","page","type-page","status-publish","hentry"],"_links":{"self":[{"href":"https:\/\/loram.com\/pt-br\/wp-json\/wp\/v2\/pages\/6592","targetHints":{"allow":["GET"]}}],"collection":[{"href":"https:\/\/loram.com\/pt-br\/wp-json\/wp\/v2\/pages"}],"about":[{"href":"https:\/\/loram.com\/pt-br\/wp-json\/wp\/v2\/types\/page"}],"author":[{"embeddable":true,"href":"https:\/\/loram.com\/pt-br\/wp-json\/wp\/v2\/users\/3"}],"replies":[{"embeddable":true,"href":"https:\/\/loram.com\/pt-br\/wp-json\/wp\/v2\/comments?post=6592"}],"version-history":[{"count":7,"href":"https:\/\/loram.com\/pt-br\/wp-json\/wp\/v2\/pages\/6592\/revisions"}],"predecessor-version":[{"id":10116,"href":"https:\/\/loram.com\/pt-br\/wp-json\/wp\/v2\/pages\/6592\/revisions\/10116"}],"up":[{"embeddable":true,"href":"https:\/\/loram.com\/pt-br\/wp-json\/wp\/v2\/pages\/6591"}],"wp:attachment":[{"href":"https:\/\/loram.com\/pt-br\/wp-json\/wp\/v2\/media?parent=6592"}],"curies":[{"name":"wp","href":"https:\/\/api.w.org\/{rel}","templated":true}]}}