{"id":6590,"date":"2021-12-03T08:27:43","date_gmt":"2021-12-03T14:27:43","guid":{"rendered":"https:\/\/loram.com\/?page_id=6590"},"modified":"2022-02-15T15:01:04","modified_gmt":"2022-02-15T21:01:04","slug":"friction-management","status":"publish","type":"page","link":"https:\/\/loram.com\/pt-br\/inspection-optimization\/friction-management\/","title":{"rendered":"Gerenciamento De Atrito"},"content":{"rendered":"<div class=\"wpb-content-wrapper\"><p>[vc_row content_width=&#8221;grid&#8221; css=&#8221;.vc_custom_1622550211962{margin-top: 0px !important;margin-bottom: 4rem !important;}&#8221;][vc_column width=&#8221;1\/4&#8243;][vc_widget_sidebar sidebar_id=&#8221;sidebar&#8221;][\/vc_column][vc_column width=&#8221;3\/4&#8243; el_class=&#8221;product-intro&#8221;]<div class=\"mkd-elements-holder mkd-two-columns mkd-responsive-mode-768\" ><div class=\"mkd-elements-holder-item mkd-vertical-alignment-top mkd-fade-in\" data-animation=\"mkd-fade-in\" >\n\t<div class=\"mkd-elements-holder-item-inner\">\n\t\t<div class=\"mkd-elements-holder-item-content mkd-elements-holder-custom-275164\" style=\"padding: 0px 0px 0px 0px\">\n\t\t\t\t\t\t<div class=\"mkd-st mkd-content-aligment-left\">\n    <div class=\"mkd-st-inner\">\n        <div class=\"mkd-st-title-holder\">\n            <h2 class=\"mkd-st-title\">\n            <span>Prolongue a vida \u00fatil de seus ativos<\/span>\n        <\/h2>\n    <\/div>\n\n    \n    <div class=\"mkd-st-text-holder\" mkd-content-aligment-left>\n        <span class=\"mkd-st-text-text\">Os problemas de intera\u00e7\u00e3o roda\/trem representam uma das maiores amea\u00e7as \u00e0 vida dos trilhos e ao desempenho de seus ativos ferrovi\u00e1rios rodantes. <span style=\"font-weight: 400;\">Como pioneira na manuten\u00e7\u00e3o de solu\u00e7\u00f5es, servi\u00e7os e equipamentos de via desde 1954, a Loram fornece experi\u00eancia em intera\u00e7\u00e3o entre rodas e trilhos.<\/span><\/p>\n<p><\/span>\n    <\/div>\n<\/div>\n<\/div>\t\t<\/div>\n\t<\/div>\n<\/div><div class=\"mkd-elements-holder-item mkd-vertical-alignment-top mkd-fade-in\" data-animation=\"mkd-fade-in\" >\n\t<div class=\"mkd-elements-holder-item-inner\">\n\t\t<div class=\"mkd-elements-holder-item-content mkd-elements-holder-custom-857695\" >\n\t\t\t\t\t\t[vc_single_image image=&#8221;7027&#8243; img_size=&#8221;large&#8221; alignment=&#8221;center&#8221;]\t\t<\/div>\n\t<\/div>\n<\/div><\/div>[\/vc_column][\/vc_row][vc_row content_width=&#8221;grid&#8221; css=&#8221;.vc_custom_1624565615703{background-color: #000000 !important;}&#8221;][vc_column css=&#8221;.vc_custom_1624565604522{padding-top: 0.5rem !important;padding-bottom: 1rem !important;}&#8221;]<div class=\"mkd-elements-holder mkd-responsive-mode-768\" ><div class=\"mkd-elements-holder-item \"  >\n\t<div class=\"mkd-elements-holder-item-inner\">\n\t\t<div class=\"mkd-elements-holder-item-content mkd-elements-holder-custom-675311\" >\n\t\t\t\t\t\t[vc_column_text el_class=&#8221;landing-title-bar&#8221;]<span style=\"font-weight: 400;\">GERENCIAMENTO DE ATRITO LORAM<\/span>[\/vc_column_text][vc_column_text el_class=&#8221;landing-title-bar&#8221;]<span style=\"font-weight: 400;\">| PORTF\u00d3LIO DE INSPE\u00c7\u00c3O E OTIMIZA\u00c7\u00c3O<\/span><\/p>\n<p>[\/vc_column_text]\t\t<\/div>\n\t<\/div>\n<\/div><\/div>[\/vc_column][\/vc_row][vc_row content_width=&#8221;grid&#8221; css=&#8221;.vc_custom_1622543804493{background-color: #323232 !important;}&#8221;][vc_column el_class=&#8221;half-image-half-gray&#8221; css=&#8221;.vc_custom_1622543828684{padding-right: 0px !important;padding-left: 0px !important;}&#8221;]<div class=\"mkd-elements-holder mkd-two-columns mkd-responsive-mode-768\" ><div class=\"mkd-elements-holder-item mkd-fade-in lazyload\" data-animation=\"mkd-fade-in\" style=\"background-image:inherit\" data-bg-image=\"url(https:\/\/loram.com\/wp-content\/uploads\/application-systems.jpg)\">\n\t<div class=\"mkd-elements-holder-item-inner\">\n\t\t<div class=\"mkd-elements-holder-item-content mkd-elements-holder-custom-962710\" style=\"padding: 0 0 0 0\">\n\t\t\t\t\t\t[vc_empty_space height=&#8221;348px&#8221;]\t\t<\/div>\n\t<\/div>\n<\/div><div class=\"mkd-elements-holder-item mkd-fade-in\" data-animation=\"mkd-fade-in\" >\n\t<div class=\"mkd-elements-holder-item-inner\">\n\t\t<div class=\"mkd-elements-holder-item-content mkd-elements-holder-custom-166232\" style=\"padding: 2rem 4rem 3.5rem 4rem\">\n\t\t\t\t\t\t<div class=\"mkd-st \">\n    <div class=\"mkd-st-inner\">\n        <div class=\"mkd-st-title-holder\">\n            <h2 class=\"mkd-st-title\">\n            <span>Sistemas de aplica\u00e7\u00e3o<\/span>\n        <\/h2>\n    <\/div>\n\n    \n    <div class=\"mkd-st-text-holder\" >\n        <span class=\"mkd-st-text-text\"><span style=\"font-weight: 400;\">Os sistemas de aplica\u00e7\u00e3o Loram oferecem a melhor inova\u00e7\u00e3o e desempenho da categoria.<\/span><\/span>\n    <\/div>\n<\/div>\n<\/div>[vc_empty_space height=&#8221;24px&#8221;]<a itemprop=\"url\" href=\"\/pt-br\/inspection-and-optimization\/friction-management\/application-systems\/\" target=\"_self\"  class=\"mkd-btn mkd-btn-medium mkd-btn-solid\"  >\n    <span class=\"mkd-btn-text\">Solu\u00e7\u00f5es<\/span>\n    <\/a>\t\t<\/div>\n\t<\/div>\n<\/div><\/div>[\/vc_column][\/vc_row][vc_row content_width=&#8221;grid&#8221; css=&#8221;.vc_custom_1622543804493{background-color: #323232 !important;}&#8221;][vc_column el_class=&#8221;half-image-half-gray&#8221; css=&#8221;.vc_custom_1622543828684{padding-right: 0px !important;padding-left: 0px !important;}&#8221;]<div class=\"mkd-elements-holder mkd-two-columns mkd-responsive-mode-768\" ><div class=\"mkd-elements-holder-item mkd-fade-in\" data-animation=\"mkd-fade-in\" >\n\t<div class=\"mkd-elements-holder-item-inner\">\n\t\t<div class=\"mkd-elements-holder-item-content mkd-elements-holder-custom-542174\" style=\"padding: 2rem 4rem 3.5rem 4rem\">\n\t\t\t\t\t\t<div class=\"mkd-st \">\n    <div class=\"mkd-st-inner\">\n        <div class=\"mkd-st-title-holder\">\n            <h2 class=\"mkd-st-title\">\n            <span>Modificadores de atrito e lubrificantes de curvas<\/span>\n        <\/h2>\n    <\/div>\n\n    \n    <div class=\"mkd-st-text-holder\" >\n        <span class=\"mkd-st-text-text\"><span style=\"font-weight: 400;\">Somos especialistas em instala\u00e7\u00e3o, servi\u00e7os de unidade e monitoramento remoto.<\/span> <span style=\"font-weight: 400;\">Tamb\u00e9m estamos aqui para prestar consultoria em seu pr\u00f3ximo projeto ferrovi\u00e1rio.<\/span><\/span>\n    <\/div>\n<\/div>\n<\/div>[vc_empty_space height=&#8221;24px&#8221;]<a itemprop=\"url\" href=\"\/pt-br\/inspection-and-optimization\/friction-management\/friction-modifiers-and-curve-lubricants\/\" target=\"_self\"  class=\"mkd-btn mkd-btn-medium mkd-btn-solid\"  >\n    <span class=\"mkd-btn-text\">Solu\u00e7\u00f5es<\/span>\n    <\/a>\t\t<\/div>\n\t<\/div>\n<\/div><div class=\"mkd-elements-holder-item mkd-fade-in lazyload\" data-animation=\"mkd-fade-in\" style=\"background-image:inherit\" data-bg-image=\"url(https:\/\/loram.com\/wp-content\/uploads\/friction-modifiers-grease.jpg)\">\n\t<div class=\"mkd-elements-holder-item-inner\">\n\t\t<div class=\"mkd-elements-holder-item-content mkd-elements-holder-custom-903967\" style=\"padding: 0 0 0 0\">\n\t\t\t\t\t\t[vc_empty_space height=&#8221;348px&#8221;]\t\t<\/div>\n\t<\/div>\n<\/div><\/div>[\/vc_column][\/vc_row][vc_row content_width=&#8221;grid&#8221; css=&#8221;.vc_custom_1622543804493{background-color: #323232 !important;}&#8221;][vc_column el_class=&#8221;half-image-half-gray&#8221; css=&#8221;.vc_custom_1622543828684{padding-right: 0px !important;padding-left: 0px !important;}&#8221;]<div class=\"mkd-elements-holder mkd-two-columns mkd-responsive-mode-768\" ><div class=\"mkd-elements-holder-item mkd-fade-in lazyload\" data-animation=\"mkd-fade-in\" style=\"background-image:inherit\" data-bg-image=\"url(https:\/\/loram.com\/wp-content\/uploads\/friction-management-services.jpg)\">\n\t<div class=\"mkd-elements-holder-item-inner\">\n\t\t<div class=\"mkd-elements-holder-item-content mkd-elements-holder-custom-160670\" style=\"padding: 0 0 0 0\">\n\t\t\t\t\t\t[vc_empty_space height=&#8221;348px&#8221;]\t\t<\/div>\n\t<\/div>\n<\/div><div class=\"mkd-elements-holder-item mkd-fade-in\" data-animation=\"mkd-fade-in\" >\n\t<div class=\"mkd-elements-holder-item-inner\">\n\t\t<div class=\"mkd-elements-holder-item-content mkd-elements-holder-custom-543740\" style=\"padding: 2rem 4rem 3.5rem 4rem\">\n\t\t\t\t\t\t<div class=\"mkd-st \">\n    <div class=\"mkd-st-inner\">\n        <div class=\"mkd-st-title-holder\">\n            <h2 class=\"mkd-st-title\">\n            <span>Servi\u00e7os de Gerenciamento de Atrito<\/span>\n        <\/h2>\n    <\/div>\n\n    \n    <div class=\"mkd-st-text-holder\" >\n        <span class=\"mkd-st-text-text\"><span style=\"font-weight: 400;\">Nossos modificadores de atrito e lubrificantes para a face da bitola s\u00e3o capazes de proporcionar benef\u00edcios impressionantes \u00e0 su excluir ferrovia.<\/span><\/span>\n    <\/div>\n<\/div>\n<\/div>[vc_empty_space height=&#8221;24px&#8221;]<a itemprop=\"url\" href=\"\/pt-br\/inspection-and-optimization\/friction-management\/services\/\" target=\"_self\"  class=\"mkd-btn mkd-btn-medium mkd-btn-solid\"  >\n    <span class=\"mkd-btn-text\">Solu\u00e7\u00f5es<\/span>\n    <\/a>\t\t<\/div>\n\t<\/div>\n<\/div><\/div>[\/vc_column][\/vc_row][vc_row content_width=&#8221;grid&#8221; el_class=&#8221;loram-difference-row&#8221; css=&#8221;.vc_custom_1624569252557{margin-top: 4rem !important;margin-bottom: 4rem !important;}&#8221;][vc_column width=&#8221;1\/2&#8243;][vc_column_text]<\/p>\n<h2><strong>Retorno sobre o Investimento<\/strong><\/h2>\n<p><span style=\"font-weight: 400;\">Loram agrega valor e ROI com produtos de gerenciamento de atrito que:<\/span><\/p>\n<ul>\n<li><span style=\"font-weight: 400;\">Otimizam a intera\u00e7\u00e3o roda\/trilho<\/span><\/li>\n<li><span style=\"font-weight: 400;\">Desenvolvem maior vida \u00fatil das rodas e trilhos<\/span><\/li>\n<li><span style=\"font-weight: 400;\">Melhoram o desempenho dos ve\u00edculos ferrovi\u00e1rios<\/span><\/li>\n<li><span style=\"font-weight: 400;\">Aumentam a economia de combust\u00edvel<\/span><\/li>\n<li><span style=\"font-weight: 400;\">Reduz o ru\u00eddo<\/span><\/li>\n<li><span style=\"font-weight: 400;\">Proporciona prote\u00e7\u00e3o duradoura<\/span><\/li>\n<\/ul>\n<p>[\/vc_column_text][\/vc_column][vc_column width=&#8221;1\/2&#8243;][vc_column_text el_class=&#8221;loram-difference&#8221;]<span style=\"font-weight: 400;\">O DIFERENCIAL LORAM<\/span>[\/vc_column_text][vc_column_text]<\/p>\n<h2><strong>Produtos inovadores e excelente servi\u00e7o ao cliente<\/strong><\/h2>\n<p><span style=\"font-weight: 400;\">A Loram desafia o status quo, utilizando as mais recentes tecnologias para criar novos produtos e melhorar os processos, servi\u00e7os e projetos existentes.<\/span> <span style=\"font-weight: 400;\">A Loram combina pessoal com conhecimento, equipamentos inovadores, propriedade intelectual e tecnologia exclusiva para oferecer aos clientes um valor sem igual na ind\u00fastria.<\/span><\/p>\n<p><span style=\"font-weight: 400;\">Com um portf\u00f3lio de produtos inigual\u00e1vel, a Loram \u00e9 l\u00edder no desenvolvimento de sistemas de aplica\u00e7\u00e3o de gerenciamento de atrito apoiados por capacidades abrangentes em engenharia, fabrica\u00e7\u00e3o, instala\u00e7\u00e3o, monitoramento remoto, an\u00e1lise de dados, consultoria, revis\u00e3o, manuten\u00e7\u00e3o e armazenagem.<\/span> <span style=\"font-weight: 400;\">A Loram \u00e9 a resposta para todas as suas necessidades de gerenciamento de atrito.<\/span>[\/vc_column_text][\/vc_column][\/vc_row][vc_row content_width=&#8221;grid&#8221; content_aligment=&#8221;center&#8221; el_class=&#8221;learn-how-we-help&#8221; css=&#8221;.vc_custom_1627056650165{margin-top: 1rem !important;margin-bottom: 3rem !important;padding-right: 0px !important;padding-left: 0px !important;background-image: url(https:\/\/loram.com\/wp-content\/uploads\/learn-how-we-can-help-technology.jpg?id=4512) !important;background-position: center !important;background-repeat: no-repeat !important;background-size: cover !important;}&#8221;][vc_column css=&#8221;.vc_custom_1622544874136{padding-top: 6rem !important;padding-right: 0px !important;padding-bottom: 3rem !important;padding-left: 0px !important;}&#8221;]<div class=\"mkd-elements-holder mkd-responsive-mode-768\" ><div class=\"mkd-elements-holder-item \"  >\n\t<div class=\"mkd-elements-holder-item-inner\">\n\t\t<div class=\"mkd-elements-holder-item-content mkd-elements-holder-custom-175037\" >\n\t\t\t\t\t\t<div class=\"mkd-st mkd-content-aligment-center\">\n    <div class=\"mkd-st-inner\">\n        <div class=\"mkd-st-title-holder\">\n            <h2 class=\"mkd-st-title\">\n            <span>Ningu\u00e9m conhece melhor os trilhos<\/span>\n        <\/h2>\n    <\/div>\n\n    \n    <div class=\"mkd-st-text-holder\" mkd-content-aligment-center>\n        <span class=\"mkd-st-text-text\"><span style=\"font-weight: 400;\">A Loram est\u00e1 liderando a transforma\u00e7\u00e3o digital da manuten\u00e7\u00e3o ferrovi\u00e1ria atrav\u00e9s de nosso avan\u00e7ado portf\u00f3lio de tecnologias de inspe\u00e7\u00e3o, monitoramento em tempo real e solu\u00e7\u00f5es de otimiza\u00e7\u00e3o para a efici\u00eancia orientada pelos dados.<\/span> Call +1 (512) 869-1542 or contact our technical sales team.<\/span>\n    <\/div>\n<\/div>\n<\/div>[vc_empty_space height=&#8221;24px&#8221;]<a itemprop=\"url\" href=\"\/pt-br\/contact\/\" target=\"_self\"  class=\"mkd-btn mkd-btn-medium mkd-btn-solid\"  >\n    <span class=\"mkd-btn-text\">Vamos conversar<\/span>\n    <\/a>\t\t<\/div>\n\t<\/div>\n<\/div><\/div>[\/vc_column][\/vc_row][vc_row][vc_column]<div class=\"mkd-elements-holder mkd-responsive-mode-768\" ><div class=\"mkd-elements-holder-item \"  >\n\t<div class=\"mkd-elements-holder-item-inner\">\n\t\t<div class=\"mkd-elements-holder-item-content mkd-elements-holder-custom-758401\" >\n\t\t\t\t\t\t[vc_empty_space height=&#8221;0&#8243; css=&#8221;.vc_custom_1627056671036{margin-top: 0px !important;margin-bottom: 0px !important;padding-top: 0px !important;padding-bottom: 0px !important;}&#8221;]\t\t<\/div>\n\t<\/div>\n<\/div><\/div>[\/vc_column][\/vc_row]<\/p>\n<\/div>","protected":false},"excerpt":{"rendered":"<p>[vc_row content_width=&#8221;grid&#8221; css=&#8221;.vc_custom_1622550211962{margin-top: 0px !important;margin-bottom: 4rem !important;}&#8221;][vc_column width=&#8221;1\/4&#8243;][vc_widget_sidebar sidebar_id=&#8221;sidebar&#8221;][\/vc_column][vc_column width=&#8221;3\/4&#8243; el_class=&#8221;product-intro&#8221;][\/vc_column][\/vc_row][vc_row content_width=&#8221;grid&#8221; css=&#8221;.vc_custom_1624565615703{background-color: #000000 !important;}&#8221;][vc_column css=&#8221;.vc_custom_1624565604522{padding-top: 0.5rem !important;padding-bottom: 1rem !important;}&#8221;][\/vc_column][\/vc_row][vc_row content_width=&#8221;grid&#8221; css=&#8221;.vc_custom_1622543804493{background-color: #323232 !important;}&#8221;][vc_column el_class=&#8221;half-image-half-gray&#8221; css=&#8221;.vc_custom_1622543828684{padding-right: 0px !important;padding-left: 0px !important;}&#8221;][\/vc_column][\/vc_row][vc_row&#8230;<\/p>\n","protected":false},"author":3,"featured_media":0,"parent":6560,"menu_order":0,"comment_status":"closed","ping_status":"closed","template":"template-product-category.php","meta":{"footnotes":""},"class_list":["post-6590","page","type-page","status-publish","hentry"],"_links":{"self":[{"href":"https:\/\/loram.com\/pt-br\/wp-json\/wp\/v2\/pages\/6590","targetHints":{"allow":["GET"]}}],"collection":[{"href":"https:\/\/loram.com\/pt-br\/wp-json\/wp\/v2\/pages"}],"about":[{"href":"https:\/\/loram.com\/pt-br\/wp-json\/wp\/v2\/types\/page"}],"author":[{"embeddable":true,"href":"https:\/\/loram.com\/pt-br\/wp-json\/wp\/v2\/users\/3"}],"replies":[{"embeddable":true,"href":"https:\/\/loram.com\/pt-br\/wp-json\/wp\/v2\/comments?post=6590"}],"version-history":[{"count":7,"href":"https:\/\/loram.com\/pt-br\/wp-json\/wp\/v2\/pages\/6590\/revisions"}],"predecessor-version":[{"id":10147,"href":"https:\/\/loram.com\/pt-br\/wp-json\/wp\/v2\/pages\/6590\/revisions\/10147"}],"up":[{"embeddable":true,"href":"https:\/\/loram.com\/pt-br\/wp-json\/wp\/v2\/pages\/6560"}],"wp:attachment":[{"href":"https:\/\/loram.com\/pt-br\/wp-json\/wp\/v2\/media?parent=6590"}],"curies":[{"name":"wp","href":"https:\/\/api.w.org\/{rel}","templated":true}]}}