{"id":6577,"date":"2021-12-02T16:03:36","date_gmt":"2021-12-02T22:03:36","guid":{"rendered":"https:\/\/loram.com\/?page_id=6577"},"modified":"2024-08-30T13:39:26","modified_gmt":"2024-08-30T18:39:26","slug":"hydradump","status":"publish","type":"page","link":"https:\/\/loram.com\/pt-br\/inspection-optimization\/ballast-technologies\/products-solutions\/hydradump\/","title":{"rendered":"HydraDump"},"content":{"rendered":"<div class=\"wpb-content-wrapper\"><p>[vc_row content_width=&#8221;grid&#8221;][vc_column width=&#8221;1\/4&#8243;][vc_widget_sidebar sidebar_id=&#8221;sidebar&#8221;][\/vc_column][vc_column width=&#8221;3\/4&#8243;][vc_column_text]<\/p>\n<h2>HydraDump<\/h2>\n<p><span style=\"font-weight: 400;\">O HydraDump\u00ae \u00e9 um sistema f\u00e1cil de instalar que converte seus vag\u00f5es basculantes laterais existentes de opera\u00e7\u00e3o pneum\u00e1tica para opera\u00e7\u00e3o hidr\u00e1ulica.<\/span> <span style=\"font-weight: 400;\">Isto torna seus vag\u00f5es mais confi\u00e1veis de usar, mais previs\u00edveis de operar e muito menos dispendiosos de manter.<\/span><\/p>\n<p><span style=\"font-weight: 400;\">Com os sistemas pneum\u00e1ticos tradicionais, as descargas muitas vezes se completam com um lan\u00e7amento r\u00e1pido e descontrolado no topo do ciclo.<\/span> <span style=\"font-weight: 400;\">Sistemas hidr\u00e1ulicos como o HydraDump evitam isso e proporcionam um movimento suave, consistente e seguro durante toda a descarga.<\/span><\/p>\n<p><span style=\"font-weight: 400;\">Os sistemas hidr\u00e1ulicos tamb\u00e9m evitam problemas comuns que afetam os sistemas pneum\u00e1ticos.<\/span> <span style=\"font-weight: 400;\">Combatemos qualquer condi\u00e7\u00e3o de congelamento utilizando um lubrificante anticongelante que se dispersa pela por\u00e7\u00e3o pneum\u00e1tica de nosso sistema.<\/span> <span style=\"font-weight: 400;\">E como o HydraDump utiliza componentes padr\u00e3o, os reparos podem ser conclu\u00eddos rapidamente nas raras ocasi\u00f5es em que eles ocorrem.<\/span>[\/vc_column_text][vc_empty_space height=&#8221;45px&#8221;]<div class=\"mkd-tabs mkd-horizontal-tab variable mkd-column-4 clearfix\">\n    <ul class=\"mkd-tabs-nav\">\n                    <li>\n            <h3 class=\"mkd-tab-title\">\n            <a href=\"#tab-caracteristicas\">\n                <span class=\"mkd-icon-frame\"><\/span>\n\n                <!--<span class=\"mkd-advanced-tab-text-after-icon\">-->\n                Caracter\u00edsticas                <!--<\/span>-->\n\n            <\/a>\n            <\/h3>\n\n\n            <\/li>\n                    <li>\n            <h3 class=\"mkd-tab-title\">\n            <a href=\"#tab-especificacoes\">\n                <span class=\"mkd-icon-frame\"><\/span>\n\n                <!--<span class=\"mkd-advanced-tab-text-after-icon\">-->\n                Especifica\u00e7\u00f5es                <!--<\/span>-->\n\n            <\/a>\n            <\/h3>\n\n\n            <\/li>\n                    <li>\n            <h3 class=\"mkd-tab-title\">\n            <a href=\"#tab-video\">\n                <span class=\"mkd-icon-frame\"><\/span>\n\n                <!--<span class=\"mkd-advanced-tab-text-after-icon\">-->\n                Video                <!--<\/span>-->\n\n            <\/a>\n            <\/h3>\n\n\n            <\/li>\n                    <li>\n            <h3 class=\"mkd-tab-title\">\n            <a href=\"#tab-ficha-de-dados\">\n                <span class=\"mkd-icon-frame\"><\/span>\n\n                <!--<span class=\"mkd-advanced-tab-text-after-icon\">-->\n                Ficha de dados                <!--<\/span>-->\n\n            <\/a>\n            <\/h3>\n\n\n            <\/li>\n            <\/ul><!-- .mkd-tabs-nav -->\n\n    <div class=\"mkd-tab-container\" id=\"tab-caracteristicas-597\" >[vc_column_text]<\/p>\n<ul>\n<li><span style=\"font-weight: 400;\">Opera\u00e7\u00e3o de controle remoto em at\u00e9 100 metros<\/span><\/li>\n<li><span style=\"font-weight: 400;\">Hidr\u00e1ulica confi\u00e1vel de 2 est\u00e1gios<\/span><\/li>\n<li><span style=\"font-weight: 400;\">Baixos custos de manuten\u00e7\u00e3o ao longo da vida \u00fatil<\/span><\/li>\n<li><span style=\"font-weight: 400;\">Certificado para opera\u00e7\u00e3o em clima frio<\/span><\/li>\n<li><span style=\"font-weight: 400;\">Opera\u00e7\u00e3o segura consideravelmente melhorada<\/span><\/li>\n<\/ul>\n<p>[\/vc_column_text]<\/div><div class=\"mkd-tab-container\" id=\"tab-especificacoes-724\" >[vc_column_text]<\/p>\n<ul>\n<li><span style=\"font-weight: 400;\">Pode ser projetado para caber em diferentes vag\u00f5es<\/span><\/li>\n<li><span style=\"font-weight: 400;\">O ar auxiliar \u00e9 fornecido pela locomotiva separadamente da fonte de ar do freio<\/span><\/li>\n<li><span style=\"font-weight: 400;\">Pain\u00e9is solares resistentes \u00e0 interfer\u00eancia, caixa eletr\u00f4nica e caixa de bateria em cada vag\u00e3o<\/span><\/li>\n<li><span style=\"font-weight: 400;\">O Conjunto da Estrutura do Amplificador inclui amplificador, v\u00e1lvulas de ar, conjunto do coletor, v\u00e1lvulas piloto e um tanque reservat\u00f3rio<\/span><\/li>\n<\/ul>\n<p>[\/vc_column_text]<\/div><div class=\"mkd-tab-container\" id=\"tab-video-297\" >[vc_video link=&#8221;https:\/\/vimeo.com\/573179361&#8243;]<\/div><div class=\"mkd-tab-container\" id=\"tab-ficha-de-dados-815\" >[vc_single_image image=&#8221;19825&#8243; img_size=&#8221;spec&#8221; onclick=&#8221;custom_link&#8221; img_link_target=&#8221;_blank&#8221; css=&#8221;&#8221; link=&#8221;https:\/\/loram.com\/wp-content\/uploads\/LMOW-Brazil_HydraDump_PT-BR_digital.pdf&#8221;][vc_column_text]<span style=\"font-weight: 400;\">Folheto para download<\/span>[\/vc_column_text]<\/div><\/div>[vc_gallery interval=&#8221;3&#8243; images=&#8221;7019&#8243; img_size=&#8221;1800&#215;900&#8243; css=&#8221;.vc_custom_1630010712190{margin-top: 2rem !important;}&#8221;][\/vc_column][\/vc_row][vc_row css=&#8221;.vc_custom_1629392921411{margin-top: 0px !important;margin-bottom: 0px !important;padding-top: 0px !important;padding-bottom: 0px !important;}&#8221;][vc_column]<div class=\"mkd-elements-holder mkd-responsive-mode-768\" ><div class=\"mkd-elements-holder-item \"  >\n\t<div class=\"mkd-elements-holder-item-inner\">\n\t\t<div class=\"mkd-elements-holder-item-content mkd-elements-holder-custom-430472\" >\n\t\t\t\t\t\t[vc_empty_space height=&#8221;0&#8243;]\t\t<\/div>\n\t<\/div>\n<\/div><\/div>[\/vc_column][\/vc_row]<\/p>\n<\/div>","protected":false},"excerpt":{"rendered":"<p>[vc_row content_width=&#8221;grid&#8221;][vc_column width=&#8221;1\/4&#8243;][vc_widget_sidebar sidebar_id=&#8221;sidebar&#8221;][\/vc_column][vc_column width=&#8221;3\/4&#8243;][vc_column_text] HydraDump O HydraDump\u00ae \u00e9 um sistema f\u00e1cil de instalar que converte seus vag\u00f5es basculantes laterais existentes de opera\u00e7\u00e3o pneum\u00e1tica para opera\u00e7\u00e3o hidr\u00e1ulica. Isto torna seus&#8230;<\/p>\n","protected":false},"author":3,"featured_media":0,"parent":6575,"menu_order":0,"comment_status":"closed","ping_status":"closed","template":"template-single-product.php","meta":{"footnotes":""},"class_list":["post-6577","page","type-page","status-publish","hentry"],"_links":{"self":[{"href":"https:\/\/loram.com\/pt-br\/wp-json\/wp\/v2\/pages\/6577","targetHints":{"allow":["GET"]}}],"collection":[{"href":"https:\/\/loram.com\/pt-br\/wp-json\/wp\/v2\/pages"}],"about":[{"href":"https:\/\/loram.com\/pt-br\/wp-json\/wp\/v2\/types\/page"}],"author":[{"embeddable":true,"href":"https:\/\/loram.com\/pt-br\/wp-json\/wp\/v2\/users\/3"}],"replies":[{"embeddable":true,"href":"https:\/\/loram.com\/pt-br\/wp-json\/wp\/v2\/comments?post=6577"}],"version-history":[{"count":6,"href":"https:\/\/loram.com\/pt-br\/wp-json\/wp\/v2\/pages\/6577\/revisions"}],"predecessor-version":[{"id":19832,"href":"https:\/\/loram.com\/pt-br\/wp-json\/wp\/v2\/pages\/6577\/revisions\/19832"}],"up":[{"embeddable":true,"href":"https:\/\/loram.com\/pt-br\/wp-json\/wp\/v2\/pages\/6575"}],"wp:attachment":[{"href":"https:\/\/loram.com\/pt-br\/wp-json\/wp\/v2\/media?parent=6577"}],"curies":[{"name":"wp","href":"https:\/\/api.w.org\/{rel}","templated":true}]}}