{"id":6576,"date":"2021-12-02T16:03:31","date_gmt":"2021-12-02T22:03:31","guid":{"rendered":"https:\/\/loram.com\/?page_id=6576"},"modified":"2025-11-25T10:01:30","modified_gmt":"2025-11-25T16:01:30","slug":"gatesync","status":"publish","type":"page","link":"https:\/\/loram.com\/pt-br\/inspection-optimization\/ballast-technologies\/products-solutions\/gatesync\/","title":{"rendered":"GateSync"},"content":{"rendered":"<div class=\"wpb-content-wrapper\"><p>[vc_row content_width=&#8221;grid&#8221;][vc_column width=&#8221;1\/4&#8243;][vc_widget_sidebar sidebar_id=&#8221;sidebar&#8221;][\/vc_column][vc_column width=&#8221;3\/4&#8243;][vc_column_text css=&#8221;&#8221;]<\/p>\n<h4>GateSync<\/h4>\n<p>A solu\u00e7\u00e3o de software GateSync opera independentemente os port\u00f5es controlados remotamente em seus vag\u00f5es existentes para automatizar a distribui\u00e7\u00e3o do lastro. Ele remove a m\u00e3o-de-obra do processo de coloca\u00e7\u00e3o do lastro, otimiza a quantidade de lastro que voc\u00ea precisa colocar e reduz a quantidade de tempo de via que voc\u00ea precisa dedicar ao processo.<\/p>\n<p>O GateSync conta com o levantamento pr\u00e9-despejo de nosso sistema de avalia\u00e7\u00e3o de lastro BallastSaver\u00ae. Os dados das varreduras do BallastSaver s\u00e3o carregados no GateSync, que sincroniza a abertura e o fechamento dos port\u00f5es em seus vag\u00f5es de lastro para colocar o lastro exatamente onde ele \u00e9 necess\u00e1rio, evitando cruzamentos, comutadores e outras zonas &#8220;sem despejo&#8221;. De 2 a 50 vag\u00f5es, o GateSync fornece descarga cont\u00ednua de lastro a at\u00e9 10 milhas (16 km) por hora, tornando o trabalho leve at\u00e9 mesmo nos trechos mais longos.[\/vc_column_text][vc_empty_space height=&#8221;45px&#8221;]<div class=\"mkd-tabs mkd-horizontal-tab variable mkd-column-5 clearfix\">\n    <ul class=\"mkd-tabs-nav\">\n                    <li>\n            <h3 class=\"mkd-tab-title\">\n            <a href=\"#tab-caracteristicas\">\n                <span class=\"mkd-icon-frame\"><\/span>\n\n                <!--<span class=\"mkd-advanced-tab-text-after-icon\">-->\n                Caracter\u00edsticas                <!--<\/span>-->\n\n            <\/a>\n            <\/h3>\n\n\n            <\/li>\n                    <li>\n            <h3 class=\"mkd-tab-title\">\n            <a href=\"#tab-especificacoes\">\n                <span class=\"mkd-icon-frame\"><\/span>\n\n                <!--<span class=\"mkd-advanced-tab-text-after-icon\">-->\n                Especifica\u00e7\u00f5es                <!--<\/span>-->\n\n            <\/a>\n            <\/h3>\n\n\n            <\/li>\n                    <li>\n            <h3 class=\"mkd-tab-title\">\n            <a href=\"#tab-video\">\n                <span class=\"mkd-icon-frame\"><\/span>\n\n                <!--<span class=\"mkd-advanced-tab-text-after-icon\">-->\n                V\u00eddeo                <!--<\/span>-->\n\n            <\/a>\n            <\/h3>\n\n\n            <\/li>\n                    <li>\n            <h3 class=\"mkd-tab-title\">\n            <a href=\"#tab-acessorios\">\n                <span class=\"mkd-icon-frame\"><\/span>\n\n                <!--<span class=\"mkd-advanced-tab-text-after-icon\">-->\n                Acess\u00f3rios                <!--<\/span>-->\n\n            <\/a>\n            <\/h3>\n\n\n            <\/li>\n                    <li>\n            <h3 class=\"mkd-tab-title\">\n            <a href=\"#tab-ficha-de-dados\">\n                <span class=\"mkd-icon-frame\"><\/span>\n\n                <!--<span class=\"mkd-advanced-tab-text-after-icon\">-->\n                Ficha de dados                <!--<\/span>-->\n\n            <\/a>\n            <\/h3>\n\n\n            <\/li>\n            <\/ul><!-- .mkd-tabs-nav -->\n\n    <div class=\"mkd-tab-container\" id=\"tab-caracteristicas-39\" >[vc_column_text]<\/p>\n<ul>\n<li>Entrega automatizada, protocolo Zigbee de 2,4 GHz e tecnologia de rede de malha aut\u00f4noma.<\/li>\n<li>Comunica\u00e7\u00e3o bidirecional, computador-ve\u00edculo-computador.<\/li>\n<li>Diagn\u00f3stico de tempo ferrovi\u00e1rio do vag\u00e3o para o painel de controle do software ou para o dispositivo de controle remoto<\/li>\n<li>Capacidade de adicionar sensores e verificar o status, incorporar dados dos sensores no software (melhorar a precis\u00e3o, flexibilidade, tempo de prepara\u00e7\u00e3o da opera\u00e7\u00e3o, relat\u00f3rios, etc.)<\/li>\n<li>O sistema \u00e9 refor\u00e7ado com prote\u00e7\u00e3o EMI que n\u00e3o limita drasticamente a for\u00e7a do sinal<\/li>\n<li>Opera\u00e7\u00e3o automatizada entrega lastro a 10-11 mph (16km\/h)<\/li>\n<\/ul>\n<p>[\/vc_column_text]<\/div><div class=\"mkd-tab-container\" id=\"tab-especificacoes-273\" >[vc_column_text]<\/p>\n<ul>\n<li>Dois pain\u00e9is solares resistentes \u00e0 interfer\u00eancia por vag\u00e3o<\/li>\n<li>Bomba hidr\u00e1ulica el\u00e9trica de 24 volts com fluido ATF padr\u00e3o<\/li>\n<li>Conjunto de painel de v\u00e1lvulas em cada vag\u00e3o com 16 portas para acomodar todos os oito cilindros de dupla a\u00e7\u00e3o<\/li>\n<li>Os cilindros hidr\u00e1ulicos s\u00e3o classificados para 3000 psi, operam em torno de 2000 psi, e os oito cilindros por kit acomodam todos os oito port\u00f5es<\/li>\n<\/ul>\n<p>[\/vc_column_text]<\/div><div class=\"mkd-tab-container\" id=\"tab-video-829\" >[vc_video link=&#8221;https:\/\/vimeo.com\/1121304877?share=copy&#8221; css=&#8221;&#8221;]<\/div><div class=\"mkd-tab-container\" id=\"tab-acessorios-188\" >[vc_column_text css=&#8221;&#8221;]<\/p>\n<h4>Limpador de lastro<\/h4>\n<p>O Ballast Plow Loram elimina o tempo e o maquin\u00e1rio extra durante a entrega do lastro. O a\u00e7o de alto grau usado na face do limpador para garantir uma longa vida \u00fatil e os 100 graus em formato V incentivam o fluxo do lastro para longe do centro em vez de passar pelo limpador. A liga\u00e7\u00e3o e o projeto hidr\u00e1ulico garantem um contato positivo entre limpador e trilho, mesmo com mudan\u00e7as excessivas de eleva\u00e7\u00e3o do trilho ou inclina\u00e7\u00e3o do vag\u00e3o. O limpador usa juntas esf\u00e9ricas cromadas r\u00edgidas &#8220;sem necessidade de manuten\u00e7\u00e3o&#8221; e um modo flutuante que permite que o limpador passe por cima de obst\u00e1culos sem &#8220;press\u00e3o de reten\u00e7\u00e3o&#8221;. Aciona automaticamente o sistema de travamento com engate de mola redundante.<\/p>\n<p>O limpador do Loram \u00e9 uma opera\u00e7\u00e3o de um s\u00f3 homem e pode ser operado de ambos os lados do vag\u00e3o com simples controles de tr\u00eas bot\u00f5es automaticamente, assegurando que apenas um limpador esteja pressionado no trilho. O design da chapa de prote\u00e7\u00e3o n\u00e3o danifica os trilhos e \u00e9 projetado para ser facilmente integrado com a unidade de energia Solaris existente. \u00c9 um sistema leve de apenas 2000 libras (907 kg) e requer apenas 700 psi para operar. O limpador pode ser armazenado com seguran\u00e7a para o tr\u00e2nsito e tem espa\u00e7o ideal para ser armazenado com seguran\u00e7a usando um par de macacos, no caso de um sistema hidr\u00e1ulico inativo.[\/vc_column_text]<\/div><div class=\"mkd-tab-container\" id=\"tab-ficha-de-dados-60\" >[vc_single_image image=&#8221;21091&#8243; img_size=&#8221;spec&#8221; onclick=&#8221;custom_link&#8221; img_link_target=&#8221;_blank&#8221; css=&#8221;&#8221; link=&#8221;https:\/\/loram.com\/wp-content\/uploads\/GateSync-Brochure-Portuguese.pdf&#8221;][vc_column_text]Folheto para download[\/vc_column_text]<\/div><\/div>[vc_gallery interval=&#8221;3&#8243; images=&#8221;7039,21034,7018,21041&#8243; img_size=&#8221;1800&#215;900&#8243; css=&#8221;.vc_custom_1764086289014{margin-top: 2rem !important;}&#8221;][\/vc_column][\/vc_row][vc_row][vc_column]<div class=\"mkd-elements-holder mkd-responsive-mode-768\" ><div class=\"mkd-elements-holder-item \"  >\n\t<div class=\"mkd-elements-holder-item-inner\">\n\t\t<div class=\"mkd-elements-holder-item-content mkd-elements-holder-custom-556661\" >\n\t\t\t\t\t\t[vc_empty_space height=&#8221;0&#8243; css=&#8221;.vc_custom_1629393075785{margin-top: 0px !important;margin-bottom: 0px !important;padding-top: 0px !important;padding-bottom: 0px !important;}&#8221;]\t\t<\/div>\n\t<\/div>\n<\/div><\/div>[\/vc_column][\/vc_row]<\/p>\n<\/div>","protected":false},"excerpt":{"rendered":"<p>[vc_row content_width=&#8221;grid&#8221;][vc_column width=&#8221;1\/4&#8243;][vc_widget_sidebar sidebar_id=&#8221;sidebar&#8221;][\/vc_column][vc_column width=&#8221;3\/4&#8243;][vc_column_text css=&#8221;&#8221;] GateSync A solu\u00e7\u00e3o de software GateSync opera independentemente os port\u00f5es controlados remotamente em seus vag\u00f5es existentes para automatizar a distribui\u00e7\u00e3o do lastro. Ele remove&#8230;<\/p>\n","protected":false},"author":3,"featured_media":0,"parent":6575,"menu_order":0,"comment_status":"closed","ping_status":"closed","template":"template-single-product.php","meta":{"footnotes":""},"class_list":["post-6576","page","type-page","status-publish","hentry"],"_links":{"self":[{"href":"https:\/\/loram.com\/pt-br\/wp-json\/wp\/v2\/pages\/6576","targetHints":{"allow":["GET"]}}],"collection":[{"href":"https:\/\/loram.com\/pt-br\/wp-json\/wp\/v2\/pages"}],"about":[{"href":"https:\/\/loram.com\/pt-br\/wp-json\/wp\/v2\/types\/page"}],"author":[{"embeddable":true,"href":"https:\/\/loram.com\/pt-br\/wp-json\/wp\/v2\/users\/3"}],"replies":[{"embeddable":true,"href":"https:\/\/loram.com\/pt-br\/wp-json\/wp\/v2\/comments?post=6576"}],"version-history":[{"count":9,"href":"https:\/\/loram.com\/pt-br\/wp-json\/wp\/v2\/pages\/6576\/revisions"}],"predecessor-version":[{"id":21098,"href":"https:\/\/loram.com\/pt-br\/wp-json\/wp\/v2\/pages\/6576\/revisions\/21098"}],"up":[{"embeddable":true,"href":"https:\/\/loram.com\/pt-br\/wp-json\/wp\/v2\/pages\/6575"}],"wp:attachment":[{"href":"https:\/\/loram.com\/pt-br\/wp-json\/wp\/v2\/media?parent=6576"}],"curies":[{"name":"wp","href":"https:\/\/api.w.org\/{rel}","templated":true}]}}