{"id":6559,"date":"2021-12-02T16:02:45","date_gmt":"2021-12-02T22:02:45","guid":{"rendered":"https:\/\/loram.com\/?page_id=6559"},"modified":"2021-12-16T07:55:07","modified_gmt":"2021-12-16T13:55:07","slug":"wagonvac","status":"publish","type":"page","link":"https:\/\/loram.com\/pt-br\/maintenance-of-way\/material-handling\/wagonvac\/","title":{"rendered":"Wagonvac"},"content":{"rendered":"<div class=\"wpb-content-wrapper\"><p>[vc_row content_width=&#8221;grid&#8221;][vc_column width=&#8221;1\/4&#8243;][vc_widget_sidebar sidebar_id=&#8221;sidebar&#8221;][\/vc_column][vc_column width=&#8221;3\/4&#8243;][vc_column_text]<\/p>\n<h3><strong>Remova o material residual dos vag\u00f5es, mais r\u00e1pido<\/strong><\/h3>\n<p><span style=\"font-weight: 400;\">O Wagonvac da Loram \u00e9 um poderoso intensificador de produtividade que limpa e extrai rapidamente o excesso de material do fundo dos vag\u00f5es e tremonhas utilizando uma poderosa for\u00e7a de v\u00e1cuo.<\/span> <span style=\"font-weight: 400;\">Comparado aos processos de limpeza manual, o Wagonvac mostrou que pode ser 20 vezes mais produtivo, reduzir m\u00e3o-de-obra e custos manuais e devolver vag\u00f5es limpos ao servi\u00e7o muito mais rapidamente.<\/span><\/p>\n<p><span style=\"font-weight: 400;\">O Wagonvac montado lateralmente carrega at\u00e9 50 metros c\u00fabicos de material por hora a partir de uma posi\u00e7\u00e3o estacion\u00e1ria, tanto aumentando a produtividade como aumentando a seguran\u00e7a do operador de dentro da cabine fechada da unidade. A opera\u00e7\u00e3o estacion\u00e1ria do Wagonvac proporciona uma indexa\u00e7\u00e3o perfeita de vag\u00e3o a vag\u00e3o, pois cada um deles \u00e9 rapidamente limpo, oferece m\u00e1xima pot\u00eancia e fluxo de ar, e reduz o custo do material rodante associado a unidades m\u00f3veis menos potentes.<\/span>[\/vc_column_text][vc_empty_space height=&#8221;45px&#8221;]<div class=\"mkd-tabs mkd-horizontal-tab equal mkd-column-1 clearfix\">\n    <ul class=\"mkd-tabs-nav\">\n                    <li>\n            <h6 class=\"mkd-tab-title\">\n            <a href=\"#tab-video\">\n                <span class=\"mkd-icon-frame\"><\/span>\n\n                <!--<span class=\"mkd-advanced-tab-text-after-icon\">-->\n                Video                <!--<\/span>-->\n\n            <\/a>\n            <\/h6>\n\n\n            <\/li>\n            <\/ul><!-- .mkd-tabs-nav -->\n\n    <div class=\"mkd-tab-container\" id=\"tab-video-733\" >[vc_video link=&#8221;https:\/\/vimeo.com\/578586624&#8243;]<\/div><\/div>[vc_gallery interval=&#8221;3&#8243; images=&#8221;7188,7187,7186&#8243; img_size=&#8221;1800&#215;900&#8243; css=&#8221;.vc_custom_1629391255934{margin-top: 2rem !important;}&#8221;][\/vc_column][\/vc_row][vc_row css=&#8221;.vc_custom_1629391248741{margin-top: 0px !important;margin-bottom: 0px !important;padding-top: 0px !important;padding-bottom: 0px !important;}&#8221;][vc_column]<div class=\"mkd-elements-holder mkd-responsive-mode-768\" ><div class=\"mkd-elements-holder-item \"  >\n\t<div class=\"mkd-elements-holder-item-inner\">\n\t\t<div class=\"mkd-elements-holder-item-content mkd-elements-holder-custom-826908\" >\n\t\t\t\t\t\t[vc_empty_space height=&#8221;0&#8243;]\t\t<\/div>\n\t<\/div>\n<\/div><\/div>[\/vc_column][\/vc_row]<\/p>\n<\/div>","protected":false},"excerpt":{"rendered":"<p>[vc_row content_width=&#8221;grid&#8221;][vc_column width=&#8221;1\/4&#8243;][vc_widget_sidebar sidebar_id=&#8221;sidebar&#8221;][\/vc_column][vc_column width=&#8221;3\/4&#8243;][vc_column_text] Remova o material residual dos vag\u00f5es, mais r\u00e1pido O Wagonvac da Loram \u00e9 um poderoso intensificador de produtividade que limpa e extrai rapidamente o excesso&#8230;<\/p>\n","protected":false},"author":3,"featured_media":0,"parent":6554,"menu_order":50,"comment_status":"closed","ping_status":"closed","template":"template-single-product.php","meta":{"footnotes":""},"class_list":["post-6559","page","type-page","status-publish","hentry"],"_links":{"self":[{"href":"https:\/\/loram.com\/pt-br\/wp-json\/wp\/v2\/pages\/6559","targetHints":{"allow":["GET"]}}],"collection":[{"href":"https:\/\/loram.com\/pt-br\/wp-json\/wp\/v2\/pages"}],"about":[{"href":"https:\/\/loram.com\/pt-br\/wp-json\/wp\/v2\/types\/page"}],"author":[{"embeddable":true,"href":"https:\/\/loram.com\/pt-br\/wp-json\/wp\/v2\/users\/3"}],"replies":[{"embeddable":true,"href":"https:\/\/loram.com\/pt-br\/wp-json\/wp\/v2\/comments?post=6559"}],"version-history":[{"count":3,"href":"https:\/\/loram.com\/pt-br\/wp-json\/wp\/v2\/pages\/6559\/revisions"}],"predecessor-version":[{"id":7686,"href":"https:\/\/loram.com\/pt-br\/wp-json\/wp\/v2\/pages\/6559\/revisions\/7686"}],"up":[{"embeddable":true,"href":"https:\/\/loram.com\/pt-br\/wp-json\/wp\/v2\/pages\/6554"}],"wp:attachment":[{"href":"https:\/\/loram.com\/pt-br\/wp-json\/wp\/v2\/media?parent=6559"}],"curies":[{"name":"wp","href":"https:\/\/api.w.org\/{rel}","templated":true}]}}