{"id":6557,"date":"2021-12-02T16:02:34","date_gmt":"2021-12-02T22:02:34","guid":{"rendered":"https:\/\/loram.com\/?page_id=6557"},"modified":"2025-02-18T10:13:38","modified_gmt":"2025-02-18T16:13:38","slug":"mhc-series-material-handling-car","status":"publish","type":"page","link":"https:\/\/loram.com\/pt-br\/maintenance-of-way\/material-handling\/mhc-series-material-handling-car\/","title":{"rendered":"Vag\u00e3o De Manuseio De Material S\u00e9rie MHC"},"content":{"rendered":"<div class=\"wpb-content-wrapper\"><p>[vc_row content_width=&#8221;grid&#8221;][vc_column width=&#8221;1\/4&#8243;][vc_widget_sidebar sidebar_id=&#8221;sidebar&#8221;][\/vc_column][vc_column width=&#8221;3\/4&#8243;][vc_column_text css=&#8221;&#8221;]<\/p>\n<h3>Mova mais. Para mais longe. Com menos.<\/h3>\n<p>Os Vag\u00f5es de Manuseio de Materiais da S\u00e9rie MHC da Loram s\u00e3o ideais para qualquer projeto que envolva transfer\u00eancia e descarregamento de lastro novo ou de despojos e materiais escavados no leito da via. Com uma esteira transportadora potente e integrada baseada em componentes testados da Loram, a s\u00e9rie MHC fornece um fluxo de transfer\u00eancia cont\u00ednuo e de alto rendimento para a m\u00e1xima produtividade.<\/p>\n<p>Os vag\u00f5es da S\u00e9rie MHC est\u00e3o dispon\u00edveis em tr\u00eas modelos: o MHC50, com tremonha de 38 m\u00b3, o MHC60, com tremonha com capacidade de 45 m\u00b3 e o MHC80, com tremonha com capacidade de 61 m\u00b3. Em compara\u00e7\u00e3o com outros vag\u00f5es de manuseio de materiais no mercado, a S\u00e9rie MHC oferece uma combina\u00e7\u00e3o \u00fanica de redu\u00e7\u00e3o do peso da tara e aumento da capacidade de transfer\u00eancia de material. Os vag\u00f5es da S\u00e9rie MHC excedem a taxa de transfer\u00eancia padr\u00e3o do setor em at\u00e9 30% e podem autodescarregar materiais at\u00e9 20% mais longe. Eles podem ser acoplados e receber material de desguarnecedoras, desguarnecedoras do ombro de lastro, limpadores de vala, aspiradores, vag\u00f5es de manuseio de materiais e outros equipamentos.<\/p>\n<p>A esteira transportadora de velocidade vari\u00e1vel entrega 90 hp l\u00edder do setor para descarregar materiais em uma maior taxa de produtividade enquanto previne paradas. Os vag\u00f5es da s\u00e9rie MHC s\u00e3o projetados para acomodar materiais que v\u00e3o desde o lastro de especifica\u00e7\u00e3o UIC\/AREMA, at\u00e9 o lastro e despojos mais pesados e saturados com \u00e1gua.[\/vc_column_text][vc_empty_space height=&#8221;45px&#8221;]<div class=\"mkd-tabs mkd-horizontal-tab variable mkd-column-3 clearfix\">\n    <ul class=\"mkd-tabs-nav\">\n                    <li>\n            <h3 class=\"mkd-tab-title\">\n            <a href=\"#tab-features\">\n                <span class=\"mkd-icon-frame\"><\/span>\n\n                <!--<span class=\"mkd-advanced-tab-text-after-icon\">-->\n                Features                <!--<\/span>-->\n\n            <\/a>\n            <\/h3>\n\n\n            <\/li>\n                    <li>\n            <h3 class=\"mkd-tab-title\">\n            <a href=\"#tab-specifications\">\n                <span class=\"mkd-icon-frame\"><\/span>\n\n                <!--<span class=\"mkd-advanced-tab-text-after-icon\">-->\n                Specifications                <!--<\/span>-->\n\n            <\/a>\n            <\/h3>\n\n\n            <\/li>\n                    <li>\n            <h3 class=\"mkd-tab-title\">\n            <a href=\"#tab-data-sheet\">\n                <span class=\"mkd-icon-frame\"><\/span>\n\n                <!--<span class=\"mkd-advanced-tab-text-after-icon\">-->\n                Data Sheet                <!--<\/span>-->\n\n            <\/a>\n            <\/h3>\n\n\n            <\/li>\n            <\/ul><!-- .mkd-tabs-nav -->\n\n    <div class=\"mkd-tab-container\" id=\"tab-features-267\" >[vc_column_text css=&#8221;&#8221;]<span style=\"font-weight: 400;\">As caracter\u00edsticas e funcionalidades do Vag\u00e3o de Manuseio de Materiais da Loram s\u00e9rie MHC incluem:<\/span><\/p>\n<ul>\n<li>Tremonha de alta capacidade 50 yd3 (38 m3), 60 yd3 (45 m3) ou 80 yd3 (60 m3)<\/li>\n<li>Taxa de transfer\u00eancia m\u00e9dia de materiais at\u00e9 30% maior do que a de vag\u00f5es concorrentes<\/li>\n<li>20% a mais de dist\u00e2ncia de descarregamento\/lan\u00e7amento do que a concorr\u00eancia<\/li>\n<li>Velocidade de esteira de piso ajust\u00e1vel de 0 a 85 ft\/min (0 a 26 m\/min)<\/li>\n<li>Alta capacidade de at\u00e9 190.000 lb (86.000 kg)<\/li>\n<li>Bombas e motores de acionamento direto para redu\u00e7\u00e3o de custos de manuten\u00e7\u00e3o e opera\u00e7\u00e3o<\/li>\n<li>Projetado com menos pe\u00e7as e manuten\u00e7\u00e3o mais f\u00e1cil no n\u00edvel do operador<\/li>\n<\/ul>\n<p>[\/vc_column_text]<\/div><div class=\"mkd-tab-container\" id=\"tab-specifications-657\" >[vc_column_text css=&#8221;&#8221;]<\/p>\n<table style=\"border-collapse: collapse; width: 100.749%; height: 310px;\">\n<tbody>\n<tr style=\"height: 24px;\">\n<td style=\"width: 50%; height: 24px;\"><\/td>\n<td style=\"width: 18.4981%; height: 24px;\">MHC50<\/td>\n<td style=\"width: 19.6094%; height: 24px;\">MHC60<\/td>\n<td style=\"width: 12.6423%; height: 24px;\">MHC80<\/td>\n<\/tr>\n<tr style=\"height: 71px;\">\n<td style=\"width: 50%; height: 71px;\"><span style=\"font-weight: 400;\">Comprimento<\/span><br \/>\n&#8211; <span style=\"font-weight: 400;\">Sobre face do puxador<\/span><br \/>\n&#8211; <span style=\"font-weight: 400;\">Sobre esteira<\/span><\/td>\n<td style=\"width: 18.4981%; text-align: left; height: 71px;\">&#8211; <span style=\"font-weight: 400;\">62 p\u00e9s (18,9 m)<\/span><br \/>\n&#8211; 75<span style=\"font-weight: 400;\"> p\u00e9s (22,9 m)<\/span><\/td>\n<td style=\"width: 19.6094%; text-align: left; height: 71px;\">&#8211; <span style=\"font-weight: 400;\">60 p\u00e9s (18,2 m)<\/span><br \/>\n&#8211; 7<span style=\"font-weight: 400;\">3 p\u00e9s (22,3 m)<\/span><\/td>\n<td style=\"width: 12.6423%; height: 71px;\">&#8211; <span style=\"font-weight: 400;\">68 p\u00e9s (20,6 m)<\/span><br \/>\n&#8211; <span style=\"font-weight: 400;\">81 p\u00e9s (24,7 m)<\/span><\/td>\n<\/tr>\n<tr style=\"height: 24px;\">\n<td style=\"width: 50%; height: 24px;\"><span style=\"font-weight: 400;\">Largura<\/span><\/td>\n<td style=\"width: 18.4981%; text-align: left; height: 24px;\"><span style=\"font-weight: 400;\">9.3 p\u00e9s (2,8 m)<\/span><\/td>\n<td style=\"width: 19.6094%; height: 24px; text-align: left;\"><span style=\"font-weight: 400;\">10 p\u00e9s (3,1 m)<\/span><\/td>\n<td style=\"width: 12.6423%; height: 24px;\"><span style=\"font-weight: 400;\">10 p\u00e9s (3,1 m)<\/span><\/td>\n<\/tr>\n<tr style=\"height: 24px;\">\n<td style=\"width: 50%; height: 24px;\"><span style=\"font-weight: 400;\">Altura<\/span><\/td>\n<td style=\"width: 18.4981%; text-align: left; height: 24px;\"><span style=\"font-weight: 400;\">12,8 p\u00e9s (3,9 m)<\/span><\/td>\n<td style=\"width: 19.6094%; height: 24px; text-align: left;\"><span style=\"font-weight: 400;\">13,5 p\u00e9s (4,1 m)<\/span><\/td>\n<td style=\"width: 12.6423%; height: 24px;\"><span style=\"font-weight: 400;\">13,5 p\u00e9s (4,1 m)<\/span><\/td>\n<\/tr>\n<tr style=\"height: 24px;\">\n<td style=\"width: 50%; height: 24px;\"><span style=\"font-weight: 400;\">Peso (Tara)<\/span><\/td>\n<td style=\"width: 18.4981%; text-align: left; height: 24px;\"><span style=\"font-weight: 400;\">40 T (44 MT)<\/span><\/td>\n<td style=\"width: 19.6094%; height: 24px; text-align: left;\"><span style=\"font-weight: 400;\">45 T (41 MT)<\/span><\/td>\n<td style=\"width: 12.6423%; height: 24px;\"><span style=\"font-weight: 400;\">48 T (43 MT)<\/span><\/td>\n<\/tr>\n<tr style=\"height: 24px;\">\n<td style=\"width: 50%; height: 24px;\"><span style=\"font-weight: 400;\">Capacidade da tremonha<\/span><\/td>\n<td style=\"width: 18.4981%; text-align: left; height: 24px;\"><span style=\"font-weight: 400;\">50 yd\u00b3 (40 m\u00b3)<\/span><\/td>\n<td style=\"width: 19.6094%; height: 24px; text-align: left;\"><span style=\"font-weight: 400;\">60 yd\u00b3 (45 m\u00b3)<\/span><\/td>\n<td style=\"width: 12.6423%; height: 24px;\"><span style=\"font-weight: 400;\">80 yd\u00b3 (60 m\u00b3)<\/span><\/td>\n<\/tr>\n<tr style=\"height: 24px;\">\n<td style=\"width: 50%; height: 24px;\"><span style=\"font-weight: 400;\">Capacidade de peso<\/span><\/td>\n<td style=\"width: 18.4981%; text-align: left; height: 24px;\"><span style=\"font-weight: 400;\">50 T (55 MT)<\/span><\/td>\n<td style=\"width: 19.6094%; height: 24px; text-align: left;\"><span style=\"font-weight: 400;\">95 T (86 MT)<\/span><\/td>\n<td style=\"width: 12.6423%; height: 24px;\"><span style=\"font-weight: 400;\">95 T (86 MT)<\/span><\/td>\n<\/tr>\n<tr style=\"height: 24px;\">\n<td style=\"width: 50%; height: 24px;\"><span style=\"font-weight: 400;\">Taxa de transfer\u00eancia<\/span><\/td>\n<td style=\"width: 18.4981%; text-align: left; height: 24px;\"><span style=\"font-weight: 400;\">1.270 yd\u00b3\/h <\/span><span style=\"font-weight: 400;\">(900 m\u00b3\/h)<\/span><\/td>\n<td style=\"width: 19.6094%; height: 24px; text-align: left;\"><span style=\"font-weight: 400;\">1.570 yd\u00b3\/h (1.200 m\u00b3\/h)<\/span><\/td>\n<td style=\"width: 12.6423%; height: 24px;\"><span style=\"font-weight: 400;\">1.570 yd\u00b3\/h (1.200 m\u00b3\/h)<\/span><\/td>\n<\/tr>\n<tr style=\"height: 24px;\">\n<td style=\"width: 50%; height: 24px;\"><span style=\"font-weight: 400;\">Dist\u00e2ncia de descarregamento<\/span><\/td>\n<td style=\"width: 18.4981%; text-align: left; height: 24px;\"><span style=\"font-weight: 400;\">20 ft (6 m)<\/span><\/td>\n<td style=\"width: 19.6094%; height: 24px; text-align: left;\">23 ft (7 m)<\/td>\n<td style=\"width: 12.6423%; height: 24px;\">23 ft (7 m)<\/td>\n<\/tr>\n<tr style=\"height: 23px;\">\n<td style=\"width: 50%; height: 23px;\">Conformidade<span style=\"font-weight: 400;\"><br \/>\n<\/span><\/td>\n<td style=\"width: 18.4981%; text-align: left; height: 23px;\"><span style=\"font-weight: 400;\">EN\/UIC<\/span><\/td>\n<td style=\"width: 19.6094%; text-align: left; height: 23px;\"><span style=\"font-weight: 400;\">AAR\/FRA<\/span><\/td>\n<td style=\"width: 12.6423%; height: 23px;\"><span style=\"font-weight: 400;\">AAR\/FRA<\/span><\/td>\n<\/tr>\n<tr style=\"height: 24px;\">\n<td style=\"width: 50%; height: 24px;\">Velocidade m\u00e1xima de esteira de piso<\/td>\n<td style=\"width: 18.4981%; text-align: left; height: 24px;\"><span style=\"font-weight: 400;\">Vari\u00e1vel at\u00e9 85 (26)<\/span><\/td>\n<td style=\"width: 19.6094%; height: 24px; text-align: left;\">\u00a0<span style=\"font-weight: 400;\">Vari\u00e1vel at\u00e9 85 (26)<\/span><\/td>\n<td style=\"width: 12.6423%; height: 24px;\">\u00a0<span style=\"font-weight: 400;\">Vari\u00e1vel at\u00e9 85 (26)<\/span><\/td>\n<\/tr>\n<\/tbody>\n<\/table>\n<p><em>Especifica\u00e7\u00f5es sujeitas a altera\u00e7\u00f5es<\/em>[\/vc_column_text]<\/div><div class=\"mkd-tab-container\" id=\"tab-data-sheet-577\" >[vc_single_image image=&#8221;20382&#8243; img_size=&#8221;spec&#8221; onclick=&#8221;custom_link&#8221; img_link_target=&#8221;_blank&#8221; css=&#8221;&#8221; link=&#8221;https:\/\/loram.com\/wp-content\/uploads\/MHC-SpecSheet-v4_08-24_DIGITAL-1.pdf&#8221;][vc_column_text]<span style=\"font-weight: 400;\">Ficha de especifica\u00e7\u00f5es<\/span>[\/vc_column_text]<\/div><\/div>[vc_gallery interval=&#8221;3&#8243; images=&#8221;7114,7113,7112,7111&#8243; img_size=&#8221;1800&#215;900&#8243; css=&#8221;.vc_custom_1725044411875{margin-top: 2rem !important;}&#8221;][\/vc_column][\/vc_row][vc_row css=&#8221;.vc_custom_1629390910643{margin-top: 0px !important;margin-bottom: 0px !important;padding-top: 0px !important;padding-bottom: 0px !important;}&#8221;][vc_column]<div class=\"mkd-elements-holder mkd-responsive-mode-768\" ><div class=\"mkd-elements-holder-item \"  >\n\t<div class=\"mkd-elements-holder-item-inner\">\n\t\t<div class=\"mkd-elements-holder-item-content mkd-elements-holder-custom-325686\" >\n\t\t\t\t\t\t[vc_empty_space height=&#8221;0&#8243;]\t\t<\/div>\n\t<\/div>\n<\/div><\/div>[\/vc_column][\/vc_row]<\/p>\n<\/div>","protected":false},"excerpt":{"rendered":"<p>[vc_row content_width=&#8221;grid&#8221;][vc_column width=&#8221;1\/4&#8243;][vc_widget_sidebar sidebar_id=&#8221;sidebar&#8221;][\/vc_column][vc_column width=&#8221;3\/4&#8243;][vc_column_text css=&#8221;&#8221;] Mova mais. Para mais longe. Com menos. Os Vag\u00f5es de Manuseio de Materiais da S\u00e9rie MHC da Loram s\u00e3o ideais para qualquer projeto que&#8230;<\/p>\n","protected":false},"author":3,"featured_media":0,"parent":6554,"menu_order":30,"comment_status":"closed","ping_status":"closed","template":"template-single-product.php","meta":{"footnotes":""},"class_list":["post-6557","page","type-page","status-publish","hentry"],"_links":{"self":[{"href":"https:\/\/loram.com\/pt-br\/wp-json\/wp\/v2\/pages\/6557","targetHints":{"allow":["GET"]}}],"collection":[{"href":"https:\/\/loram.com\/pt-br\/wp-json\/wp\/v2\/pages"}],"about":[{"href":"https:\/\/loram.com\/pt-br\/wp-json\/wp\/v2\/types\/page"}],"author":[{"embeddable":true,"href":"https:\/\/loram.com\/pt-br\/wp-json\/wp\/v2\/users\/3"}],"replies":[{"embeddable":true,"href":"https:\/\/loram.com\/pt-br\/wp-json\/wp\/v2\/comments?post=6557"}],"version-history":[{"count":12,"href":"https:\/\/loram.com\/pt-br\/wp-json\/wp\/v2\/pages\/6557\/revisions"}],"predecessor-version":[{"id":20392,"href":"https:\/\/loram.com\/pt-br\/wp-json\/wp\/v2\/pages\/6557\/revisions\/20392"}],"up":[{"embeddable":true,"href":"https:\/\/loram.com\/pt-br\/wp-json\/wp\/v2\/pages\/6554"}],"wp:attachment":[{"href":"https:\/\/loram.com\/pt-br\/wp-json\/wp\/v2\/media?parent=6557"}],"curies":[{"name":"wp","href":"https:\/\/api.w.org\/{rel}","templated":true}]}}