{"id":6556,"date":"2021-12-02T16:02:30","date_gmt":"2021-12-02T22:02:30","guid":{"rendered":"https:\/\/loram.com\/?page_id=6556"},"modified":"2024-08-30T12:01:21","modified_gmt":"2024-08-30T17:01:21","slug":"slotmachine-sps","status":"publish","type":"page","link":"https:\/\/loram.com\/pt-br\/maintenance-of-way\/material-handling\/slotmachine-sps\/","title":{"rendered":"SlotMachine \/ SPS"},"content":{"rendered":"<div class=\"wpb-content-wrapper\"><p>[vc_row content_width=&#8221;grid&#8221;][vc_column width=&#8221;1\/4&#8243;][vc_widget_sidebar sidebar_id=&#8221;sidebar&#8221;][\/vc_column][vc_column width=&#8221;3\/4&#8243;][vc_column_text]<\/p>\n<h3><strong>Escavar, colocar, ou recuperar materiais<\/strong><\/h3>\n<p><span style=\"font-weight: 400;\">Com as plataformas de trabalho m\u00f3veis SlotMachine\u00ae e SPS Self-Powered Slot\u00ae, voc\u00ea pode lidar com uma ampla gama de trabalhos de forma mais r\u00e1pida e eficiente do que nunca.<\/span> <span style=\"font-weight: 400;\">Manobre rapidamente a m\u00e1quina em posi\u00e7\u00e3o e inicie a limpeza da vala a at\u00e9 250 toneladas por hora, descarregue o agregado a at\u00e9 450 toneladas por hora, ou manuseie qualquer n\u00famero de outros materiais com agilidade semelhante.<\/span><\/p>\n<p><span style=\"font-weight: 400;\">Ambas consistem de uma s\u00e9rie de g\u00f4ndolas curtas sem as anteparas nas extremidades.<\/span> <span style=\"font-weight: 400;\">Uma escavadeira a bordo \u00e9 livre para se mover por todo o comprimento dos vag\u00f5es unidos (at\u00e9 378 p\u00e9s) enquanto montada de forma segura no ch\u00e3o.<\/span> <span style=\"font-weight: 400;\">O material \u00e9 carregado em toda a extens\u00e3o da plataforma, para que n\u00e3o haja perda de tempo na troca de vag\u00f5es.<\/span> <span style=\"font-weight: 400;\">Al\u00e9m disso, a configura\u00e7\u00e3o e o travamento demoram apenas alguns minutos, permitindo que voc\u00ea aproveite ao m\u00e1ximo janelas de trabalho limitadas.<\/span><\/p>\n<p><span style=\"font-weight: 400;\">O SPS inclui uma unidade de for\u00e7a que move a composi\u00e7\u00e3o.<\/span> <span style=\"font-weight: 400;\">Uma vez fornecido um EIC, a composi\u00e7\u00e3o pode operar sem tripula\u00e7\u00e3o ou locomotivas.<\/span>[\/vc_column_text][vc_empty_space height=&#8221;45px&#8221;]<div class=\"mkd-tabs mkd-horizontal-tab variable mkd-column-3 clearfix\">\n    <ul class=\"mkd-tabs-nav\">\n                    <li>\n            <h3 class=\"mkd-tab-title\">\n            <a href=\"#tab-features\">\n                <span class=\"mkd-icon-frame\"><\/span>\n\n                <!--<span class=\"mkd-advanced-tab-text-after-icon\">-->\n                Features                <!--<\/span>-->\n\n            <\/a>\n            <\/h3>\n\n\n            <\/li>\n                    <li>\n            <h3 class=\"mkd-tab-title\">\n            <a href=\"#tab-specifications\">\n                <span class=\"mkd-icon-frame\"><\/span>\n\n                <!--<span class=\"mkd-advanced-tab-text-after-icon\">-->\n                Specifications                <!--<\/span>-->\n\n            <\/a>\n            <\/h3>\n\n\n            <\/li>\n                    <li>\n            <h3 class=\"mkd-tab-title\">\n            <a href=\"#tab-data-sheet\">\n                <span class=\"mkd-icon-frame\"><\/span>\n\n                <!--<span class=\"mkd-advanced-tab-text-after-icon\">-->\n                Data Sheet                <!--<\/span>-->\n\n            <\/a>\n            <\/h3>\n\n\n            <\/li>\n            <\/ul><!-- .mkd-tabs-nav -->\n\n    <div class=\"mkd-tab-container\" id=\"tab-features-159\" >[vc_column_text]<span style=\"font-weight: 400;\">A versatilidade de ambas as m\u00e1quinas \u00e9 ideal para otimizar seus trabalhos mais comuns de manuten\u00e7\u00e3o de trilhos:<\/span><\/p>\n<ul>\n<li><span style=\"font-weight: 400;\">Trabalho pesado em vala<\/span><\/li>\n<li><span style=\"font-weight: 400;\">Coleta de dormente<\/span><\/li>\n<li><span style=\"font-weight: 400;\">Coleta de trilho<\/span><\/li>\n<li><span style=\"font-weight: 400;\">Distribui\u00e7\u00e3o de dormente<\/span><\/li>\n<li><span style=\"font-weight: 400;\">Coloca\u00e7\u00e3o de enrocamento<\/span><\/li>\n<li><span style=\"font-weight: 400;\">Receber despojos<\/span><\/li>\n<li><span style=\"font-weight: 400;\">Acess\u00f3rio de corte de trilho para trilho inutilizado<\/span><\/li>\n<li><span style=\"font-weight: 400;\">Eficiente acess\u00f3rio de corte com escova<\/span><\/li>\n<\/ul>\n<p>[\/vc_column_text]<\/div><div class=\"mkd-tab-container\" id=\"tab-specifications-825\" >[vc_column_text]<\/p>\n<table style=\"border-collapse: collapse; width: 96.7054%; height: 123px;\">\n<tbody>\n<tr style=\"height: 24px;\">\n<td style=\"width: 50%; height: 24px;\"><\/td>\n<td style=\"width: 50%; height: 24px;\">SlotMachine\/SPS<\/td>\n<\/tr>\n<tr style=\"height: 27px;\">\n<td style=\"width: 50%; height: 27px;\"><span style=\"font-weight: 400;\">Comprimento<\/span><\/td>\n<td style=\"width: 50%; height: 27px;\"><span style=\"font-weight: 400;\">246 &#8211; 430 p\u00e9s (75 &#8211; 131 m)<\/span><\/td>\n<\/tr>\n<tr>\n<td style=\"width: 50%;\"><span style=\"font-weight: 400;\">Taxa de descarregamento<\/span><\/td>\n<td style=\"width: 50%;\"><span style=\"font-weight: 400;\">450 toneladas\/hora<\/span><\/td>\n<\/tr>\n<tr>\n<td style=\"width: 50%;\"><span style=\"font-weight: 400;\">Taxa de coleta de dormente<\/span><\/td>\n<td style=\"width: 50%;\"><\/td>\n<\/tr>\n<tr>\n<td style=\"width: 50%;\"><span style=\"font-weight: 400;\">Taxa de coloca\u00e7\u00e3o de dormente<\/span><\/td>\n<td style=\"width: 50%;\"><\/td>\n<\/tr>\n<tr>\n<td style=\"width: 50%;\"><span style=\"font-weight: 400;\">Taxa de vala<\/span><\/td>\n<td style=\"width: 50%;\"><span style=\"font-weight: 400;\">250 toneladas\/hora<\/span><\/td>\n<\/tr>\n<tr>\n<td style=\"width: 50%;\"><span style=\"font-weight: 400;\">Capacidade de transporte de massa total<\/span><\/td>\n<td style=\"width: 50%;\"><span style=\"font-weight: 400;\">At\u00e9 550 toneladas<\/span><\/td>\n<\/tr>\n<\/tbody>\n<\/table>\n<p>[\/vc_column_text]<\/div><div class=\"mkd-tab-container\" id=\"tab-data-sheet-86\" ><div class=\"mkd-elements-holder mkd-responsive-mode-768\" ><div class=\"mkd-elements-holder-item \"  >\n\t<div class=\"mkd-elements-holder-item-inner\">\n\t\t<div class=\"mkd-elements-holder-item-content mkd-elements-holder-custom-616797\" style=\"padding: 10px 0 0 0\">\n\t\t\t\t\t\t[vc_single_image image=&#8221;19619&#8243; img_size=&#8221;spec&#8221; onclick=&#8221;custom_link&#8221; css=&#8221;&#8221; link=&#8221;https:\/\/loram.com\/wp-content\/uploads\/SPS-SlotMachine-SpecSheet-v3_12-21-INTL_PT-BR_digital.pdf&#8221;][vc_column_text]<span style=\"font-weight: 400;\">Folheto<\/span>[\/vc_column_text]\t\t<\/div>\n\t<\/div>\n<\/div><\/div><\/div><\/div>[vc_gallery interval=&#8221;3&#8243; images=&#8221;7034,7033,7008&#8243; img_size=&#8221;1800&#215;900&#8243; css=&#8221;.vc_custom_1630508322916{margin-top: 2rem !important;}&#8221;][\/vc_column][\/vc_row][vc_row][vc_column]<div class=\"mkd-elements-holder mkd-responsive-mode-768\" ><div class=\"mkd-elements-holder-item \"  >\n\t<div class=\"mkd-elements-holder-item-inner\">\n\t\t<div class=\"mkd-elements-holder-item-content mkd-elements-holder-custom-802113\" >\n\t\t\t\t\t\t[vc_empty_space height=&#8221;0&#8243; css=&#8221;.vc_custom_1629388480798{margin-top: 0px !important;margin-bottom: 0px !important;padding-top: 0px !important;padding-bottom: 0px !important;}&#8221;]\t\t<\/div>\n\t<\/div>\n<\/div><\/div>[\/vc_column][\/vc_row]<\/p>\n<\/div>","protected":false},"excerpt":{"rendered":"<p>[vc_row content_width=&#8221;grid&#8221;][vc_column width=&#8221;1\/4&#8243;][vc_widget_sidebar sidebar_id=&#8221;sidebar&#8221;][\/vc_column][vc_column width=&#8221;3\/4&#8243;][vc_column_text] Escavar, colocar, ou recuperar materiais Com as plataformas de trabalho m\u00f3veis SlotMachine\u00ae e SPS Self-Powered Slot\u00ae, voc\u00ea pode lidar com uma ampla gama de trabalhos&#8230;<\/p>\n","protected":false},"author":3,"featured_media":0,"parent":6554,"menu_order":20,"comment_status":"closed","ping_status":"closed","template":"template-single-product.php","meta":{"footnotes":""},"class_list":["post-6556","page","type-page","status-publish","hentry"],"_links":{"self":[{"href":"https:\/\/loram.com\/pt-br\/wp-json\/wp\/v2\/pages\/6556","targetHints":{"allow":["GET"]}}],"collection":[{"href":"https:\/\/loram.com\/pt-br\/wp-json\/wp\/v2\/pages"}],"about":[{"href":"https:\/\/loram.com\/pt-br\/wp-json\/wp\/v2\/types\/page"}],"author":[{"embeddable":true,"href":"https:\/\/loram.com\/pt-br\/wp-json\/wp\/v2\/users\/3"}],"replies":[{"embeddable":true,"href":"https:\/\/loram.com\/pt-br\/wp-json\/wp\/v2\/comments?post=6556"}],"version-history":[{"count":6,"href":"https:\/\/loram.com\/pt-br\/wp-json\/wp\/v2\/pages\/6556\/revisions"}],"predecessor-version":[{"id":19627,"href":"https:\/\/loram.com\/pt-br\/wp-json\/wp\/v2\/pages\/6556\/revisions\/19627"}],"up":[{"embeddable":true,"href":"https:\/\/loram.com\/pt-br\/wp-json\/wp\/v2\/pages\/6554"}],"wp:attachment":[{"href":"https:\/\/loram.com\/pt-br\/wp-json\/wp\/v2\/media?parent=6556"}],"curies":[{"name":"wp","href":"https:\/\/api.w.org\/{rel}","templated":true}]}}