{"id":6555,"date":"2021-12-02T16:02:25","date_gmt":"2021-12-02T22:02:25","guid":{"rendered":"https:\/\/loram.com\/?page_id=6555"},"modified":"2024-08-30T11:49:07","modified_gmt":"2024-08-30T16:49:07","slug":"dumptrain","status":"publish","type":"page","link":"https:\/\/loram.com\/pt-br\/maintenance-of-way\/material-handling\/dumptrain\/","title":{"rendered":"DumpTrain"},"content":{"rendered":"<div class=\"wpb-content-wrapper\"><p>[vc_row content_width=&#8221;grid&#8221;][vc_column width=&#8221;1\/4&#8243;][vc_widget_sidebar sidebar_id=&#8221;sidebar&#8221;][\/vc_column][vc_column width=&#8221;3\/4&#8243;][vc_column_text]<\/p>\n<h3>Um operador. Uma hora. 2.000 toneladas.<\/h3>\n<p><span style=\"font-weight: 400;\">O DumpTrain\u00ae agiliza a entrega de agregados para que voc\u00ea possa entrar, trabalhar e voltar \u00e0s opera\u00e7\u00f5es de carga ou de passageiros em um piscar de olhos.<\/span><\/p>\n<p><span style=\"font-weight: 400;\">Usando um \u00fanico DumpTrain, um operador de m\u00e1quina pode descarregar o agregado a uma taxa de at\u00e9 2000 toneladas por hora \u2013 e faz\u00ea-lo com precis\u00e3o exata a at\u00e9 52 p\u00e9s da linha central da via.<\/span> <span style=\"font-weight: 400;\">O material de cada vag\u00e3o \u00e9 descarregado em uma \u00fanica esteira transportadora que percorre todo o comprimento do trem, permitindo a entrega cont\u00ednua.<\/span> <span style=\"font-weight: 400;\">Esse aumento dram\u00e1tico na produtividade, efici\u00eancia e precis\u00e3o faz com que os trabalhos de entrega mais pesados se tornem leves, e libera suas equipes para lidar com tarefas mais importantes.<\/span><\/p>\n<p><span style=\"font-weight: 400;\">Nosso DumpTrain for Curves\u00ae de \u00faltima gera\u00e7\u00e3o acrescenta ainda mais funcionalidades.<\/span> <span style=\"font-weight: 400;\">Cada vag\u00e3o \u00e9 equipado com sua pr\u00f3pria correia e sistema de acionamento, permitindo que o material seja entregue no vag\u00e3o adjacente at\u00e9 o empilhador.<\/span> <span style=\"font-weight: 400;\">O resultado \u00e9 um DumpTrain que pode distribuir o material uniformemente em curvas.<\/span> <span style=\"font-weight: 400;\">Tamb\u00e9m proporciona \u00e0s ferrovias a flexibilidade para criar trens basculantes de tamanho personalizado para atender \u00e0s necessidades espec\u00edficas de projetos individuais.<\/span>[\/vc_column_text][vc_empty_space height=&#8221;45px&#8221;]<div class=\"mkd-tabs mkd-horizontal-tab variable mkd-column-4 clearfix\">\n    <ul class=\"mkd-tabs-nav\">\n                    <li>\n            <h3 class=\"mkd-tab-title\">\n            <a href=\"#tab-caracteristicas\">\n                <span class=\"mkd-icon-frame\"><\/span>\n\n                <!--<span class=\"mkd-advanced-tab-text-after-icon\">-->\n                Caracter\u00edsticas                <!--<\/span>-->\n\n            <\/a>\n            <\/h3>\n\n\n            <\/li>\n                    <li>\n            <h3 class=\"mkd-tab-title\">\n            <a href=\"#tab-especificacoes\">\n                <span class=\"mkd-icon-frame\"><\/span>\n\n                <!--<span class=\"mkd-advanced-tab-text-after-icon\">-->\n                Especifica\u00e7\u00f5es                <!--<\/span>-->\n\n            <\/a>\n            <\/h3>\n\n\n            <\/li>\n                    <li>\n            <h3 class=\"mkd-tab-title\">\n            <a href=\"#tab-video\">\n                <span class=\"mkd-icon-frame\"><\/span>\n\n                <!--<span class=\"mkd-advanced-tab-text-after-icon\">-->\n                V\u00cdDEO                <!--<\/span>-->\n\n            <\/a>\n            <\/h3>\n\n\n            <\/li>\n                    <li>\n            <h3 class=\"mkd-tab-title\">\n            <a href=\"#tab-ficha-de-dados\">\n                <span class=\"mkd-icon-frame\"><\/span>\n\n                <!--<span class=\"mkd-advanced-tab-text-after-icon\">-->\n                Ficha de dados                <!--<\/span>-->\n\n            <\/a>\n            <\/h3>\n\n\n            <\/li>\n            <\/ul><!-- .mkd-tabs-nav -->\n\n    <div class=\"mkd-tab-container\" id=\"tab-caracteristicas-28\" >[vc_column_text]<span style=\"font-weight: 400;\">A versatilidade do DumpTrain e do DumpTrain for Curves se presta a uma ampla gama de aplica\u00e7\u00f5es.<\/span> <span style=\"font-weight: 400;\">Utilize-o em sua ferrovia para agilizar tarefas que antes exigiam trabalho intensivo:<\/span><\/p>\n<ul>\n<li><span style=\"font-weight: 400;\">Coloca\u00e7\u00e3o de lastro de passarela<\/span><\/li>\n<li><span style=\"font-weight: 400;\">Reparo de danos por enchente<\/span><\/li>\n<li><span style=\"font-weight: 400;\">Constru\u00e7\u00e3o de leitos rodovi\u00e1rios<\/span><\/li>\n<li><span style=\"font-weight: 400;\">Coloca\u00e7\u00e3o de material de ponte<\/span><\/li>\n<li><span style=\"font-weight: 400;\">Substitui\u00e7\u00e3o do material de cruzamento<\/span><\/li>\n<li><span style=\"font-weight: 400;\">Estocagem de materiais<\/span><\/li>\n<\/ul>\n<p>[\/vc_column_text]<\/div><div class=\"mkd-tab-container\" id=\"tab-especificacoes-33\" >[vc_column_text]<\/p>\n<table style=\"border-collapse: collapse; width: 96.7054%; height: 166px;\">\n<tbody>\n<tr style=\"height: 24px;\">\n<td style=\"width: 50%; height: 24px;\"><\/td>\n<td style=\"width: 50%; height: 24px;\">DumpTrain<\/td>\n<\/tr>\n<tr style=\"height: 27px;\">\n<td style=\"width: 50%; height: 27px;\"><span style=\"font-weight: 400;\">Comprimento<\/span><\/td>\n<td style=\"width: 50%; height: 27px;\"><span style=\"font-weight: 400;\">728 &#8211; 1.023 p\u00e9s (221 &#8211; 311 m)<\/span><\/td>\n<\/tr>\n<tr style=\"height: 23px;\">\n<td style=\"width: 50%; height: 23px;\"><span style=\"font-weight: 400;\">Fixar dist\u00e2ncia da linha de centro da via<\/span><\/td>\n<td style=\"width: 50%; height: 23px;\"><span style=\"font-weight: 400;\">At\u00e9 52 p\u00e9s (16 m)<\/span><\/td>\n<\/tr>\n<tr style=\"height: 23px;\">\n<td style=\"width: 50%; height: 23px;\"><span style=\"font-weight: 400;\">Taxa de descarga<\/span><\/td>\n<td style=\"width: 50%; height: 23px;\"><span style=\"font-weight: 400;\">At\u00e9 2.000 toneladas por hora (1.815 toneladas m\u00e9tricas\/hora)<\/span><\/td>\n<\/tr>\n<tr style=\"height: 23px;\">\n<td style=\"width: 50%; height: 23px;\"><span style=\"font-weight: 400;\">Curva m\u00e1xima para descarregamento<\/span><\/td>\n<td style=\"width: 50%; height: 23px;\">18\u00b0<\/td>\n<\/tr>\n<tr style=\"height: 23px;\">\n<td style=\"width: 50%; height: 23px;\"><span style=\"font-weight: 400;\">Capacidade de carga total<\/span><\/td>\n<td style=\"width: 50%; height: 23px;\"><\/td>\n<\/tr>\n<\/tbody>\n<\/table>\n<p>[\/vc_column_text][vc_column_text]<span style=\"font-weight: 400;\">Especifica\u00e7\u00f5es<\/span>[\/vc_column_text]<\/div><div class=\"mkd-tab-container\" id=\"tab-video-484\" >[vc_video link=&#8221;https:\/\/vimeo.com\/573134609&#8243;]<\/div><div class=\"mkd-tab-container\" id=\"tab-ficha-de-dados-80\" ><div class=\"mkd-elements-holder mkd-responsive-mode-768\" ><div class=\"mkd-elements-holder-item \"  >\n\t<div class=\"mkd-elements-holder-item-inner\">\n\t\t<div class=\"mkd-elements-holder-item-content mkd-elements-holder-custom-179243\" >\n\t\t\t\t\t\t[vc_single_image image=&#8221;19610&#8243; img_size=&#8221;spec&#8221; onclick=&#8221;custom_link&#8221; css=&#8221;&#8221; link=&#8221;https:\/\/loram.com\/wp-content\/uploads\/DumpTrain-SpecSheet-v3_12-21-INTL_PT-BR_digital.pdf&#8221;][vc_column_text]<span style=\"font-weight: 400;\">Folheto<\/span>[\/vc_column_text]\t\t<\/div>\n\t<\/div>\n<\/div><\/div><\/div><\/div>[vc_gallery interval=&#8221;3&#8243; images=&#8221;7045,7044,7043,7042&#8243; img_size=&#8221;1800&#215;900&#8243; css=&#8221;.vc_custom_1629811617952{margin-top: 2rem !important;}&#8221;][\/vc_column][\/vc_row][vc_row css=&#8221;.vc_custom_1629388404510{margin-top: 0px !important;margin-bottom: 0px !important;padding-top: 0px !important;padding-bottom: 0px !important;}&#8221;][vc_column]<div class=\"mkd-elements-holder mkd-responsive-mode-768\" ><div class=\"mkd-elements-holder-item \"  >\n\t<div class=\"mkd-elements-holder-item-inner\">\n\t\t<div class=\"mkd-elements-holder-item-content mkd-elements-holder-custom-439111\" >\n\t\t\t\t\t\t[vc_empty_space height=&#8221;0&#8243;]\t\t<\/div>\n\t<\/div>\n<\/div><\/div>[\/vc_column][\/vc_row]<\/p>\n<\/div>","protected":false},"excerpt":{"rendered":"<p>[vc_row content_width=&#8221;grid&#8221;][vc_column width=&#8221;1\/4&#8243;][vc_widget_sidebar sidebar_id=&#8221;sidebar&#8221;][\/vc_column][vc_column width=&#8221;3\/4&#8243;][vc_column_text] Um operador. Uma hora. 2.000 toneladas. O DumpTrain\u00ae agiliza a entrega de agregados para que voc\u00ea possa entrar, trabalhar e voltar \u00e0s opera\u00e7\u00f5es de carga&#8230;<\/p>\n","protected":false},"author":3,"featured_media":0,"parent":6554,"menu_order":10,"comment_status":"closed","ping_status":"closed","template":"template-single-product.php","meta":{"footnotes":""},"class_list":["post-6555","page","type-page","status-publish","hentry"],"_links":{"self":[{"href":"https:\/\/loram.com\/pt-br\/wp-json\/wp\/v2\/pages\/6555","targetHints":{"allow":["GET"]}}],"collection":[{"href":"https:\/\/loram.com\/pt-br\/wp-json\/wp\/v2\/pages"}],"about":[{"href":"https:\/\/loram.com\/pt-br\/wp-json\/wp\/v2\/types\/page"}],"author":[{"embeddable":true,"href":"https:\/\/loram.com\/pt-br\/wp-json\/wp\/v2\/users\/3"}],"replies":[{"embeddable":true,"href":"https:\/\/loram.com\/pt-br\/wp-json\/wp\/v2\/comments?post=6555"}],"version-history":[{"count":7,"href":"https:\/\/loram.com\/pt-br\/wp-json\/wp\/v2\/pages\/6555\/revisions"}],"predecessor-version":[{"id":19618,"href":"https:\/\/loram.com\/pt-br\/wp-json\/wp\/v2\/pages\/6555\/revisions\/19618"}],"up":[{"embeddable":true,"href":"https:\/\/loram.com\/pt-br\/wp-json\/wp\/v2\/pages\/6554"}],"wp:attachment":[{"href":"https:\/\/loram.com\/pt-br\/wp-json\/wp\/v2\/media?parent=6555"}],"curies":[{"name":"wp","href":"https:\/\/api.w.org\/{rel}","templated":true}]}}