{"id":6553,"date":"2021-12-02T16:02:16","date_gmt":"2021-12-02T22:02:16","guid":{"rendered":"https:\/\/loram.com\/?page_id=6553"},"modified":"2024-08-30T12:50:58","modified_gmt":"2024-08-30T17:50:58","slug":"uc1200","status":"publish","type":"page","link":"https:\/\/loram.com\/pt-br\/maintenance-of-way\/ballast-maintenance\/undercutting\/uc1200\/","title":{"rendered":"UC1200"},"content":{"rendered":"<div class=\"wpb-content-wrapper\"><p>[vc_row content_width=&#8221;grid&#8221;][vc_column width=&#8221;1\/4&#8243;][vc_widget_sidebar sidebar_id=&#8221;sidebar&#8221;][\/vc_column][vc_column width=&#8221;3\/4&#8243;][vc_column_text]<\/p>\n<h3><strong>Dobro de produtividade de desguarnecimento por menos tempo na linha principal<\/strong><\/h3>\n<p><span style=\"font-weight: 400;\">O limpador UC1200 da Loram \u00e9 o sistema independente mais avan\u00e7ado, mais produtivo e de maior capacidade da ind\u00fastria para qualquer programa de desguarnecimento. A UC1200 apresenta tecnologia inovadora de desguarnecimento rotativo duplo e descarga dupla de material para manuseio e limpeza de at\u00e9 1.200 m\u00b3 de lastro escavado por hora a velocidades operacionais aprimoradas.<\/span><\/p>\n<p><span style=\"font-weight: 400;\">As rodas g\u00eameas de corte patenteadas da Loram permitem que a UC1200 tenha enorme agilidade. Ao contr\u00e1rio dos cortadores de corrente, a UC1200 n\u00e3o precisa de nenhum equipamento auxiliar para remover dormentes ou lastros para cortar. As rodas da UC1200 podem cortar um trilho pr\u00f3ximo a trilhos adjacentes que tenham centros de trilhos de 14 p\u00e9s ou maiores, sem perturbar o trilho adjacente.<\/span> <span style=\"font-weight: 400;\">Com a versatilidade das rodas desguarnecedoras da Loram, trilhos com dormentes de 8 a 10 p\u00e9s podem ser desguarnecidos.<\/span><\/p>\n<p><span style=\"font-weight: 400;\">Uma solu\u00e7\u00e3o abrangente e vers\u00e1til para a manuten\u00e7\u00e3o de lastro, a UC1200 da Loram integra as capacidades de desguarnecimento l\u00edderes da ind\u00fastria, juntamente com a capacidade de realizar a limpeza de lastro ou a remo\u00e7\u00e3o apenas de res\u00edduos.<\/span> <span style=\"font-weight: 400;\">Uma tela separadora de dois n\u00edveis de 7\u00d720 p\u00e9s, com agita\u00e7\u00e3o el\u00edptica exclusiva e nivelamento vari\u00e1vel, separa o lastro reutiliz\u00e1vel da sujeira, lama e part\u00edculas.<\/span> <span style=\"font-weight: 400;\">A UC1200 restaura ent\u00e3o o lastro recuperado at\u00e9 a parte superior do dormente, e os despojos s\u00e3o colocados em uma esteira basculante que pode descarregar o material at\u00e9 35 p\u00e9s do centro da via.<\/span> <span style=\"font-weight: 400;\">A esteira tamb\u00e9m pode transferir os despojos para um vag\u00e3o de manuseio de material ou basculante.<\/span>[\/vc_column_text][vc_empty_space height=&#8221;45px&#8221;]<div class=\"mkd-tabs mkd-horizontal-tab variable mkd-column-4 clearfix\">\n    <ul class=\"mkd-tabs-nav\">\n                    <li>\n            <h3 class=\"mkd-tab-title\">\n            <a href=\"#tab-caracteristicas\">\n                <span class=\"mkd-icon-frame\"><\/span>\n\n                <!--<span class=\"mkd-advanced-tab-text-after-icon\">-->\n                Caracter\u00edsticas                <!--<\/span>-->\n\n            <\/a>\n            <\/h3>\n\n\n            <\/li>\n                    <li>\n            <h3 class=\"mkd-tab-title\">\n            <a href=\"#tab-especificacoes\">\n                <span class=\"mkd-icon-frame\"><\/span>\n\n                <!--<span class=\"mkd-advanced-tab-text-after-icon\">-->\n                Especifica\u00e7\u00f5es                <!--<\/span>-->\n\n            <\/a>\n            <\/h3>\n\n\n            <\/li>\n                    <li>\n            <h3 class=\"mkd-tab-title\">\n            <a href=\"#tab-video\">\n                <span class=\"mkd-icon-frame\"><\/span>\n\n                <!--<span class=\"mkd-advanced-tab-text-after-icon\">-->\n                V\u00cdDEO                <!--<\/span>-->\n\n            <\/a>\n            <\/h3>\n\n\n            <\/li>\n                    <li>\n            <h3 class=\"mkd-tab-title\">\n            <a href=\"#tab-ficha-de-dados\">\n                <span class=\"mkd-icon-frame\"><\/span>\n\n                <!--<span class=\"mkd-advanced-tab-text-after-icon\">-->\n                Ficha de dados                <!--<\/span>-->\n\n            <\/a>\n            <\/h3>\n\n\n            <\/li>\n            <\/ul><!-- .mkd-tabs-nav -->\n\n    <div class=\"mkd-tab-container\" id=\"tab-caracteristicas-992\" >[vc_column_text]<span style=\"font-weight: 400;\">A tecnologia mais avan\u00e7ada de seu tipo, a UC1200 possui as seguintes caracter\u00edsticas:<\/span><\/p>\n<ul>\n<li><span style=\"font-weight: 400;\">R\u00e1pida configura\u00e7\u00e3o ou armazenamento que leva de 5 a 15 minutos (com base nas condi\u00e7\u00f5es)<\/span><\/li>\n<li><span style=\"font-weight: 400;\">Opera\u00e7\u00e3o automatizada e aut\u00f4noma, sem a necessidade de equipamento auxiliar<\/span><\/li>\n<li><span style=\"font-weight: 400;\">Rodas girat\u00f3rias g\u00eameas com profundidade de corte t\u00edpica de 8 a 10 polegadas (200 a 250 mm) por passagem com desguarnecimento m\u00e1ximo<\/span><\/li>\n<li><span style=\"font-weight: 400;\">profundidade de 16 polegadas da parte inferior do dormente<\/span><\/li>\n<li><span style=\"font-weight: 400;\">Velocidade de corte de alta produtividade de 1.400 p\u00e9s (427 m) por hora, potencial de at\u00e9 2.300 p\u00e9s (700 m) por hora<\/span><\/li>\n<li><span style=\"font-weight: 400;\">Capacidade de processamento de lastro de 1.200 m\u00b3 (1.570 yd\u00b3) por hora<\/span><\/li>\n<li><span style=\"font-weight: 400;\">Distribui\u00e7\u00e3o do lastro recuperado diretamente atr\u00e1s das rodas de desguarnecimento<\/span><\/li>\n<li><span style=\"font-weight: 400;\">Capacidade de deslocar res\u00edduos e despojos a at\u00e9 35 p\u00e9s do centro da via<\/span><\/li>\n<li><span style=\"font-weight: 400;\">Capaz de operar em curvas de 16\u00b0<\/span><\/li>\n<li><span style=\"font-weight: 400;\">Toler\u00e2ncias de alinhamento de via de +\/- 2 polegadas (+\/- 50 mm)<\/span><\/li>\n<li><span style=\"font-weight: 400;\">Capaz de operar sobre trilho articulado e trilho soldado cont\u00ednuo<\/span><\/li>\n<li><span style=\"font-weight: 400;\">Capaz de puxar at\u00e9 seis vag\u00f5es de lastro de 100 toneladas, totalmente carregados<\/span><\/li>\n<\/ul>\n<p>[\/vc_column_text]<\/div><div class=\"mkd-tab-container\" id=\"tab-especificacoes-963\" >[vc_column_text]<\/p>\n<table style=\"border-collapse: collapse; width: 100%; height: 360px;\">\n<tbody>\n<tr style=\"height: 24px;\">\n<td style=\"width: 50%; height: 24px;\"><\/td>\n<td style=\"width: 50%; height: 24px;\"><span style=\"font-weight: 400;\">DESGUARNECEDORA UC1200<\/span><\/td>\n<\/tr>\n<tr style=\"height: 24px;\">\n<td style=\"width: 50%; height: 24px;\"><span style=\"font-weight: 400;\">Comprimento<\/span><sup>1<\/sup><\/td>\n<td style=\"width: 50%; height: 24px;\"><span style=\"font-weight: 400;\">252 p\u00e9s (76,8 m)<\/span><\/td>\n<\/tr>\n<tr style=\"height: 24px;\">\n<td style=\"width: 50%; height: 24px;\"><span style=\"font-weight: 400;\">Largura<\/span><sup>1<\/sup><\/td>\n<td style=\"width: 50%; height: 24px;\"><span style=\"font-weight: 400;\">10,1 p\u00e9s (3,1 m)<\/span><\/td>\n<\/tr>\n<tr style=\"height: 24px;\">\n<td style=\"width: 50%; height: 24px;\">Altura<sup>1<\/sup><\/td>\n<td style=\"width: 50%; height: 24px;\"><span style=\"font-weight: 400;\">15,8 p\u00e9s (4,8 m)<\/span><\/td>\n<\/tr>\n<tr style=\"height: 24px;\">\n<td style=\"width: 50%; height: 24px;\">Peso<sup>1<\/sup><\/td>\n<td style=\"width: 50%; height: 24px;\"><span style=\"font-weight: 400;\">553.200 lb (250.930 kg)<\/span><\/td>\n<\/tr>\n<tr style=\"height: 24px;\">\n<td style=\"width: 50%; height: 24px;\"><span style=\"font-weight: 400;\">Velocidade de trabalho<\/span><\/td>\n<td style=\"width: 50%; height: 24px;\"><span style=\"font-weight: 400;\">At\u00e9 2.300 p\u00e9s\/h (700 m\/h)<\/span><\/td>\n<\/tr>\n<tr style=\"height: 24px;\">\n<td style=\"width: 50%; height: 24px;\"><span style=\"font-weight: 400;\">Taxa de produ\u00e7\u00e3o<\/span>Production Rate<sup>2<\/sup><\/td>\n<td style=\"width: 50%; height: 24px;\">1.570 jd<sup>3<\/sup>\/hr (1,200 m<sup>3<\/sup>\/hr)<\/td>\n<\/tr>\n<tr style=\"height: 24px;\">\n<td style=\"width: 50%; height: 24px;\"><span style=\"font-weight: 400;\">M\u00e1x. profundidade de desguarnecimento<\/span><\/td>\n<td style=\"width: 50%; height: 24px;\"><span style=\"font-weight: 400;\">16 pol. (400 mm) da parte inferior do dormente<\/span><\/td>\n<\/tr>\n<tr style=\"height: 24px;\">\n<td style=\"width: 50%; height: 24px;\"><span style=\"font-weight: 400;\">Largura de Escava\u00e7\u00e3o<\/span><\/td>\n<td style=\"width: 50%; height: 24px;\"><span style=\"font-weight: 400;\">17 p\u00e9s (5,2 m)<\/span><\/td>\n<\/tr>\n<tr style=\"height: 24px;\">\n<td style=\"width: 50%; height: 24px;\"><span style=\"font-weight: 400;\">Min. profundidade de desguarnecimento<\/span><\/td>\n<td style=\"width: 50%; height: 24px;\"><span style=\"font-weight: 400;\">6 pol. (150 mm) da parte inferior do dormente<\/span><\/td>\n<\/tr>\n<tr style=\"height: 24px;\">\n<td style=\"width: 50%; height: 24px;\"><span style=\"font-weight: 400;\">Descarga de detritos<\/span><\/td>\n<td style=\"width: 50%; height: 24px;\"><span style=\"font-weight: 400;\">At\u00e9 35 p\u00e9s (11 m) de qualquer lado do centro da via ou<\/span><br \/>\n<span style=\"font-weight: 400;\">em um vag\u00e3o auxiliar<\/span><\/td>\n<\/tr>\n<tr style=\"height: 24px;\">\n<td style=\"width: 50%; height: 24px;\"><span style=\"font-weight: 400;\">Velocidade de Deslocamento<\/span><\/td>\n<td style=\"width: 50%; height: 24px;\"><span style=\"font-weight: 400;\">\u2013 Autopropulsionado:<\/span> <span style=\"font-weight: 400;\">At\u00e9 40 mph (64 km\/h)<\/span><br \/>\n<span style=\"font-weight: 400;\">\u2013 Na composi\u00e7\u00e3o do trem:<\/span> <span style=\"font-weight: 400;\">At\u00e9 60 mph (100 km\/h)<\/span><\/td>\n<\/tr>\n<tr style=\"height: 24px;\">\n<td style=\"width: 50%; height: 24px;\"><span style=\"font-weight: 400;\">Gradabilidade<\/span><\/td>\n<td style=\"width: 50%; height: 24px;\"><span style=\"font-weight: 400;\">At\u00e9 4%<\/span><\/td>\n<\/tr>\n<tr style=\"height: 24px;\">\n<td style=\"width: 50%; height: 24px;\"><span style=\"font-weight: 400;\">Raio m\u00ednimo de trabalho<\/span><\/td>\n<td style=\"width: 50%; height: 24px;\"><span style=\"font-weight: 400;\">Curva de grau raio<\/span> 13<sup>\u00b0<\/sup>\u2000<span style=\"font-weight: 400;\">(raio de 130 m)<\/span><\/td>\n<\/tr>\n<tr style=\"height: 24px;\">\n<td style=\"width: 50%; height: 24px;\"><span style=\"font-weight: 400;\">Raio m\u00ednimo de deslocamento<\/span><\/td>\n<td style=\"width: 50%; height: 24px;\"><span style=\"font-weight: 400;\">Curva de grau <\/span><span style=\"font-weight: 400;\">raio 17<\/span><span style=\"font-weight: 400;\">\u00b0<\/span><span style=\"font-weight: 400;\"> (raio de 100 m)<\/span><\/td>\n<\/tr>\n<\/tbody>\n<\/table>\n<p><sup>1<\/sup> <span style=\"font-weight: 400;\">Excluindo Vag\u00f5es Auxiliares<\/span><br \/>\n<sup>2<\/sup> <span style=\"font-weight: 400;\">T\u00edpico; sujeito \u00e0 aplica\u00e7\u00e3o e condi\u00e7\u00f5es materiais<\/span><br \/>\n<em><span style=\"font-weight: 400;\">Especifica\u00e7\u00f5es sujeitas a altera\u00e7\u00f5es<\/span><\/em>[\/vc_column_text]<\/div><div class=\"mkd-tab-container\" id=\"tab-video-710\" >[vc_video link=&#8221;https:\/\/vimeo.com\/573103249&#8243; title=&#8221;Product Video&#8221;]<\/div><div class=\"mkd-tab-container\" id=\"tab-ficha-de-dados-134\" >[vc_single_image image=&#8221;19716&#8243; img_size=&#8221;spec&#8221; onclick=&#8221;custom_link&#8221; img_link_target=&#8221;_blank&#8221; css=&#8221;&#8221; link=&#8221;https:\/\/loram.com\/wp-content\/uploads\/UC1200-SpecSheet-v3_12-21-INTL_PT-BR_digital.pdf&#8221;][vc_column_text]Ficha de especifica\u00e7\u00f5es[\/vc_column_text]<\/div><\/div>[vc_gallery interval=&#8221;3&#8243; images=&#8221;19731,19738,19724&#8243; img_size=&#8221;1800&#215;900&#8243; css=&#8221;.vc_custom_1725040192014{margin-top: 2rem !important;}&#8221;][\/vc_column][\/vc_row][vc_row css=&#8221;.vc_custom_1629388018284{margin-top: 0px !important;margin-bottom: 0px !important;padding-top: 0px !important;padding-bottom: 0px !important;}&#8221;][vc_column]<div class=\"mkd-elements-holder mkd-responsive-mode-768\" ><div class=\"mkd-elements-holder-item \"  >\n\t<div class=\"mkd-elements-holder-item-inner\">\n\t\t<div class=\"mkd-elements-holder-item-content mkd-elements-holder-custom-600908\" >\n\t\t\t\t\t\t[vc_empty_space height=&#8221;0&#8243;]\t\t<\/div>\n\t<\/div>\n<\/div><\/div>[\/vc_column][\/vc_row]<\/p>\n<\/div>","protected":false},"excerpt":{"rendered":"<p>[vc_row content_width=&#8221;grid&#8221;][vc_column width=&#8221;1\/4&#8243;][vc_widget_sidebar sidebar_id=&#8221;sidebar&#8221;][\/vc_column][vc_column width=&#8221;3\/4&#8243;][vc_column_text] Dobro de produtividade de desguarnecimento por menos tempo na linha principal O limpador UC1200 da Loram \u00e9 o sistema independente mais avan\u00e7ado, mais produtivo e&#8230;<\/p>\n","protected":false},"author":3,"featured_media":0,"parent":6551,"menu_order":0,"comment_status":"closed","ping_status":"closed","template":"template-single-product.php","meta":{"footnotes":""},"class_list":["post-6553","page","type-page","status-publish","hentry"],"_links":{"self":[{"href":"https:\/\/loram.com\/pt-br\/wp-json\/wp\/v2\/pages\/6553","targetHints":{"allow":["GET"]}}],"collection":[{"href":"https:\/\/loram.com\/pt-br\/wp-json\/wp\/v2\/pages"}],"about":[{"href":"https:\/\/loram.com\/pt-br\/wp-json\/wp\/v2\/types\/page"}],"author":[{"embeddable":true,"href":"https:\/\/loram.com\/pt-br\/wp-json\/wp\/v2\/users\/3"}],"replies":[{"embeddable":true,"href":"https:\/\/loram.com\/pt-br\/wp-json\/wp\/v2\/comments?post=6553"}],"version-history":[{"count":9,"href":"https:\/\/loram.com\/pt-br\/wp-json\/wp\/v2\/pages\/6553\/revisions"}],"predecessor-version":[{"id":19745,"href":"https:\/\/loram.com\/pt-br\/wp-json\/wp\/v2\/pages\/6553\/revisions\/19745"}],"up":[{"embeddable":true,"href":"https:\/\/loram.com\/pt-br\/wp-json\/wp\/v2\/pages\/6551"}],"wp:attachment":[{"href":"https:\/\/loram.com\/pt-br\/wp-json\/wp\/v2\/media?parent=6553"}],"curies":[{"name":"wp","href":"https:\/\/api.w.org\/{rel}","templated":true}]}}