{"id":6552,"date":"2021-12-02T16:02:11","date_gmt":"2021-12-02T22:02:11","guid":{"rendered":"https:\/\/loram.com\/?page_id=6552"},"modified":"2024-08-30T12:16:10","modified_gmt":"2024-08-30T17:16:10","slug":"tlu","status":"publish","type":"page","link":"https:\/\/loram.com\/pt-br\/maintenance-of-way\/ballast-maintenance\/undercutting\/tlu\/","title":{"rendered":"TLU"},"content":{"rendered":"<div class=\"wpb-content-wrapper\"><p>[vc_row content_width=&#8221;grid&#8221;][vc_column width=&#8221;1\/4&#8243;][vc_widget_sidebar sidebar_id=&#8221;sidebar&#8221;][\/vc_column][vc_column width=&#8221;3\/4&#8243;][vc_column_text]<\/p>\n<h3><strong>A solu\u00e7\u00e3o singular e produtiva para eleva\u00e7\u00e3o e desguarnecimento<\/strong><\/h3>\n<p><span style=\"font-weight: 400;\">A Loram Track Lifter Undercutter (TLU) oferece desguarnecimento de res\u00edduos l\u00edder do setor. A Loram TLU \u00e9 constru\u00edda sobre a mesma plataforma que a Loram Track Lifter e a UC1200, e pode realizar desguarnecimento simples para o levantamento de via somente de res\u00edduos.<\/span><\/p>\n<p><span style=\"font-weight: 400;\">Junto com maior rapidez, a Loram TLU oferece uma solu\u00e7\u00e3o mais produtiva e econ\u00f4mica em compara\u00e7\u00e3o com os servi\u00e7os convencionais de desguarnecimento.<\/span> <span style=\"font-weight: 400;\">A Loram TLU requer apenas uma calcadeira e um regulador, o que reduz enormemente a quantidade t\u00edpica de equipamento de apoio necess\u00e1rio para desguarnecimento de res\u00edduos.<\/span> <span style=\"font-weight: 400;\">Ao contr\u00e1rio das desguarnecedoras de corrente, a TLU n\u00e3o precisa de uma escavadeira para remover dormentes ou lastros. As rodas girat\u00f3rias g\u00eameas patenteadas da Loram permitem que a TLU opere com agilidade.\u00a0<\/span> <span style=\"font-weight: 400;\">Esta caracter\u00edstica \u00e9 ben\u00e9fica ao realizar qualquer tipo de desguarnecimento, mas \u00e9 extremamente produtiva ao lidar com m\u00faltiplos pontos de lama em um dia.<\/span><\/p>\n<p><span style=\"font-weight: 400;\">Ao mesmo tempo em que executa o desguarnecimento padr\u00e3o de res\u00edduos com a TLU, a TLU eleva a via e uma roda em cada lado escava o material nos ombros e abaixo do leito. O material \u00e9 ent\u00e3o transportado atrav\u00e9s de esteiras de coleta em cada lado da m\u00e1quina at\u00e9 a esteira de res\u00edduos que pode coloc\u00e1-los at\u00e9 35 p\u00e9s do centro da via ou em um vag\u00e3o de manuseio de material ou basculante.<\/span>[\/vc_column_text][vc_empty_space height=&#8221;45px&#8221;]<div class=\"mkd-tabs mkd-horizontal-tab variable mkd-column-3 clearfix\">\n    <ul class=\"mkd-tabs-nav\">\n                    <li>\n            <h3 class=\"mkd-tab-title\">\n            <a href=\"#tab-caracteristicas\">\n                <span class=\"mkd-icon-frame\"><\/span>\n\n                <!--<span class=\"mkd-advanced-tab-text-after-icon\">-->\n                Caracter\u00edsticas                <!--<\/span>-->\n\n            <\/a>\n            <\/h3>\n\n\n            <\/li>\n                    <li>\n            <h3 class=\"mkd-tab-title\">\n            <a href=\"#tab-especificacoes\">\n                <span class=\"mkd-icon-frame\"><\/span>\n\n                <!--<span class=\"mkd-advanced-tab-text-after-icon\">-->\n                Especifica\u00e7\u00f5es                <!--<\/span>-->\n\n            <\/a>\n            <\/h3>\n\n\n            <\/li>\n                    <li>\n            <h3 class=\"mkd-tab-title\">\n            <a href=\"#tab-ficha-de-dados\">\n                <span class=\"mkd-icon-frame\"><\/span>\n\n                <!--<span class=\"mkd-advanced-tab-text-after-icon\">-->\n                Ficha de dados                <!--<\/span>-->\n\n            <\/a>\n            <\/h3>\n\n\n            <\/li>\n            <\/ul><!-- .mkd-tabs-nav -->\n\n    <div class=\"mkd-tab-container\" id=\"tab-caracteristicas-715\" >[vc_column_text]<span style=\"font-weight: 400;\">As caracter\u00edsticas e benef\u00edcios da Loram TLU incluem:<\/span><\/p>\n<ul>\n<li><span style=\"font-weight: 400;\">R\u00e1pida configura\u00e7\u00e3o ou armazenamento que leva de 5 a 15 minutos (com base nas condi\u00e7\u00f5es)<\/span><\/li>\n<li><span style=\"font-weight: 400;\">Opera\u00e7\u00e3o automatizada e aut\u00f4noma, sem a necessidade de equipamento auxiliar<\/span><\/li>\n<li><span style=\"font-weight: 400;\">Profundidade de corte t\u00edpica de 8 a 10 polegadas (200 a 250 mm) por passagem a partir do fundo do dormente<\/span><\/li>\n<li><span style=\"font-weight: 400;\">Profundidade de corte m\u00e1xima de 16 polegadas (400 mm) a partir do fundo do dormente<\/span><\/li>\n<li><span style=\"font-weight: 400;\">Capaz de operar em curvas de 16\u00b0<\/span><\/li>\n<li><span style=\"font-weight: 400;\">Toler\u00e2ncias de alinhamento de via de +\/- 2 polegadas (+\/- 50 mm)<\/span><\/li>\n<li><span style=\"font-weight: 400;\">Capaz de operar sobre trilho articulado e trilho soldado cont\u00ednuo<\/span><\/li>\n<\/ul>\n<p>[\/vc_column_text]<\/div><div class=\"mkd-tab-container\" id=\"tab-especificacoes-867\" >[vc_column_text]<\/p>\n<table style=\"border-collapse: collapse; width: 100%; height: 336px;\">\n<tbody>\n<tr style=\"height: 24px;\">\n<td style=\"width: 50%; height: 24px;\"><\/td>\n<td style=\"width: 50%; height: 24px;\"><span style=\"font-weight: 400;\">S\u00c9RIE TRACK LIFTER (TLU)<\/span><\/td>\n<\/tr>\n<tr>\n<td style=\"width: 50%;\"><span style=\"font-weight: 400;\">Comprimento<\/span><\/td>\n<td style=\"width: 50%;\"><span style=\"font-weight: 400;\">89 p\u00e9s (1.068 polegadas)<\/span><\/td>\n<\/tr>\n<tr style=\"height: 24px;\">\n<td style=\"width: 50%; height: 24px;\"><span style=\"font-weight: 400;\">Largura<\/span><\/td>\n<td style=\"width: 50%; height: 24px;\"><span style=\"font-weight: 400;\">9 p\u00e9s 8 polegadas (116 polegadas)<\/span><\/td>\n<\/tr>\n<tr style=\"height: 24px;\">\n<td style=\"width: 50%; height: 24px;\">Altura<\/td>\n<td style=\"width: 50%; height: 24px;\"><span style=\"font-weight: 400;\">12 p\u00e9s e 6 polegadas (150 polegadas)<\/span><\/td>\n<\/tr>\n<tr style=\"height: 24px;\">\n<td style=\"width: 50%; height: 24px;\"><span style=\"font-weight: 400;\">Peso Total<\/span><\/td>\n<td style=\"width: 50%; height: 24px;\"><span style=\"font-weight: 400;\">190.000 libras<\/span> <span style=\"font-weight: 400;\">(95 Tons)<\/span><\/td>\n<\/tr>\n<tr style=\"height: 24px;\">\n<td style=\"width: 50%; height: 24px;\"><span style=\"font-weight: 400;\">Propuls\u00e3o<\/span><\/td>\n<td style=\"width: 50%; height: 24px;\"><span style=\"font-weight: 400;\">\u2013 Autopropelido (4 eixos)<\/span><br \/>\n<span style=\"font-weight: 400;\">\u2013 Velocidades de deslocamento autopropulsionado de at\u00e9 60 MPH (100 km\/h)<\/span><br \/>\n<span style=\"font-weight: 400;\">\u2013 Dois truques motorizados sob a unidade de for\u00e7a<\/span><\/td>\n<\/tr>\n<tr style=\"height: 24px;\">\n<td style=\"width: 50%; height: 24px;\">Motor<\/td>\n<td style=\"width: 50%; height: 24px;\">\u2013 <span style=\"font-weight: 400;\">Hidr\u00e1ulica<\/span>: <span style=\"font-weight: 400;\">QST 30 (acionamento por 4 eixos)<\/span><br \/>\n\u2013 <span style=\"font-weight: 400;\">El\u00e9trico:<\/span> Kubota 30 kW<\/td>\n<\/tr>\n<tr style=\"height: 24px;\">\n<td style=\"width: 50%; height: 24px;\"><span style=\"font-weight: 400;\">Freios<\/span><\/td>\n<td style=\"width: 50%; height: 24px;\"><span style=\"font-weight: 400;\">\u2013 Compat\u00edvel com AAR 400 e 401<\/span><br \/>\n<span style=\"font-weight: 400;\">\u2013 Freio de estacionamento capaz de ser acionado do solo<\/span><\/td>\n<\/tr>\n<tr style=\"height: 24px;\">\n<td style=\"width: 50%; height: 24px;\"><span style=\"font-weight: 400;\">Armazenamento de Combust\u00edvel<\/span><\/td>\n<td style=\"width: 50%; height: 24px;\"><span style=\"font-weight: 400;\">1.300 gal\u00f5es<\/span><\/td>\n<\/tr>\n<tr style=\"height: 24px;\">\n<td style=\"width: 50%; height: 24px;\"><span style=\"font-weight: 400;\">Velocidade<\/span><\/td>\n<td style=\"width: 50%; height: 24px;\">1.0 \u2013 4 mph<\/td>\n<\/tr>\n<\/tbody>\n<\/table>\n<p><em><span style=\"font-weight: 400;\">Sujeito a altera\u00e7\u00e3o<\/span><\/em>[\/vc_column_text]<\/div><div class=\"mkd-tab-container\" id=\"tab-ficha-de-dados-745\" >[vc_single_image image=&#8221;19646&#8243; img_size=&#8221;spec&#8221; onclick=&#8221;custom_link&#8221; img_link_target=&#8221;_blank&#8221; css=&#8221;&#8221; link=&#8221;https:\/\/loram.com\/wp-content\/uploads\/TLU-SpecSheet-v3_12-21-INTL_PT-BR_digital.pdf&#8221;][vc_column_text]Ficha de especifica\u00e7\u00f5es[\/vc_column_text]<\/div><\/div>[vc_gallery interval=&#8221;3&#8243; images=&#8221;19655,19662,19669&#8243; img_size=&#8221;1800&#215;900&#8243; css=&#8221;.vc_custom_1725038166960{margin-top: 2rem !important;}&#8221;][\/vc_column][\/vc_row][vc_row css=&#8221;.vc_custom_1629388096145{margin-top: 0px !important;margin-bottom: 0px !important;padding-top: 0px !important;padding-bottom: 0px !important;}&#8221;][vc_column]<div class=\"mkd-elements-holder mkd-responsive-mode-768\" ><div class=\"mkd-elements-holder-item \"  >\n\t<div class=\"mkd-elements-holder-item-inner\">\n\t\t<div class=\"mkd-elements-holder-item-content mkd-elements-holder-custom-493355\" >\n\t\t\t\t\t\t[vc_empty_space height=&#8221;0&#8243;]\t\t<\/div>\n\t<\/div>\n<\/div><\/div>[\/vc_column][\/vc_row]<\/p>\n<\/div>","protected":false},"excerpt":{"rendered":"<p>[vc_row content_width=&#8221;grid&#8221;][vc_column width=&#8221;1\/4&#8243;][vc_widget_sidebar sidebar_id=&#8221;sidebar&#8221;][\/vc_column][vc_column width=&#8221;3\/4&#8243;][vc_column_text] A solu\u00e7\u00e3o singular e produtiva para eleva\u00e7\u00e3o e desguarnecimento A Loram Track Lifter Undercutter (TLU) oferece desguarnecimento de res\u00edduos l\u00edder do setor. A Loram TLU&#8230;<\/p>\n","protected":false},"author":3,"featured_media":0,"parent":6551,"menu_order":0,"comment_status":"closed","ping_status":"closed","template":"template-single-product.php","meta":{"footnotes":""},"class_list":["post-6552","page","type-page","status-publish","hentry"],"_links":{"self":[{"href":"https:\/\/loram.com\/pt-br\/wp-json\/wp\/v2\/pages\/6552","targetHints":{"allow":["GET"]}}],"collection":[{"href":"https:\/\/loram.com\/pt-br\/wp-json\/wp\/v2\/pages"}],"about":[{"href":"https:\/\/loram.com\/pt-br\/wp-json\/wp\/v2\/types\/page"}],"author":[{"embeddable":true,"href":"https:\/\/loram.com\/pt-br\/wp-json\/wp\/v2\/users\/3"}],"replies":[{"embeddable":true,"href":"https:\/\/loram.com\/pt-br\/wp-json\/wp\/v2\/comments?post=6552"}],"version-history":[{"count":9,"href":"https:\/\/loram.com\/pt-br\/wp-json\/wp\/v2\/pages\/6552\/revisions"}],"predecessor-version":[{"id":19676,"href":"https:\/\/loram.com\/pt-br\/wp-json\/wp\/v2\/pages\/6552\/revisions\/19676"}],"up":[{"embeddable":true,"href":"https:\/\/loram.com\/pt-br\/wp-json\/wp\/v2\/pages\/6551"}],"wp:attachment":[{"href":"https:\/\/loram.com\/pt-br\/wp-json\/wp\/v2\/media?parent=6552"}],"curies":[{"name":"wp","href":"https:\/\/api.w.org\/{rel}","templated":true}]}}