{"id":6551,"date":"2021-12-02T16:02:05","date_gmt":"2021-12-02T22:02:05","guid":{"rendered":"https:\/\/loram.com\/?page_id=6551"},"modified":"2021-12-16T15:47:19","modified_gmt":"2021-12-16T21:47:19","slug":"undercutting","status":"publish","type":"page","link":"https:\/\/loram.com\/pt-br\/maintenance-of-way\/ballast-maintenance\/undercutting\/","title":{"rendered":"Desguarnecimento"},"content":{"rendered":"<div class=\"wpb-content-wrapper\"><p>[vc_row content_width=&#8221;grid&#8221; css=&#8221;.vc_custom_1623767783918{margin-top: 0px !important;margin-bottom: 4rem !important;}&#8221;][vc_column width=&#8221;1\/4&#8243;][vc_widget_sidebar sidebar_id=&#8221;sidebar&#8221;][\/vc_column][vc_column width=&#8221;3\/4&#8243;][vc_column_text]<\/p>\n<h2>Desguarnecimento total<\/h2>\n<p><span style=\"font-weight: 400;\">A manuten\u00e7\u00e3o da camada de lastro diretamente abaixo dos dormentes \u00e9 uma parte essencial de uma estrutura de via saud\u00e1vel.<\/span> <span style=\"font-weight: 400;\">O lastro se degrada com o tempo e fica cada vez mais cheio de res\u00edduos, reduzindo sua capacidade de drenagem, de fornecer suporte adequado de carga e de for\u00e7as verticais, laterais e longitudinais.<\/span> <span style=\"font-weight: 400;\">\u00c9 necess\u00e1rio o d<\/span><span style=\"font-weight: 400;\">esguarnecimento total<\/span><span style=\"font-weight: 400;\"> para restaurar as propriedades desejadas do lastro depois dele ter se degradado. O desguarnecimento total \u00e9 a escava\u00e7\u00e3o cont\u00ednua do material por baixo dos dormentes.<\/span> <span style=\"font-weight: 400;\">O material escavado pode ser totalmente descartado ou peneirado e devolvido \u00e0 via com apenas as part\u00edculas sendo descartadas.<\/span><\/p>\n<p><span style=\"font-weight: 400;\">A Loram oferece duas solu\u00e7\u00f5es automatizadas de plataforma de desguarnecedora que oferecem produtividade l\u00edder do setor, restabelecendo um lastro mais perme\u00e1vel e uma estrutura mais forte.<\/span> <span style=\"font-weight: 400;\">A UC1200 da Loram \u00e9 uma desguarnecedora que permite que o lastro maior e limpo seja recuperado. <\/span>O Track Lifter Undercutter (TLU) da Loram \u00e9 uma desguarnecedora que descarta todo o material escavado. <span style=\"font-weight: 400;\">Ambos os tipos de desguarnecedoras utilizam rodas de escava\u00e7\u00e3o patenteadas, de \u00faltima gera\u00e7\u00e3o, que proporcionam capacidades de corte aut\u00f4nomas.<\/span> <span style=\"font-weight: 400;\">A UC1200 e a TLU se tornam operacionais em uma fra\u00e7\u00e3o do tempo de m\u00e1quinas concorrentes e n\u00e3o requerem equipamentos de apoio adicionais ou escavadeiras que complicam as opera\u00e7\u00f5es e aumentam custos<\/span>.<\/p>\n<h3><strong>Vantagens do portf\u00f3lio de desguarnecimento da Loram<\/strong><\/h3>\n<p><span style=\"font-weight: 400;\">Outras vantagens do portf\u00f3lio de desguarnecimento da Loram incluem:<\/span><\/p>\n<ul>\n<li><span style=\"font-weight: 400;\">As solu\u00e7\u00f5es mais poderosas, comprovadas, aut\u00f4nomas e transport\u00e1veis de desguarnecimento<\/span><\/li>\n<li><span style=\"font-weight: 400;\">Maiores velocidades e capacidades operacionais em sua classe<\/span><\/li>\n<li><span style=\"font-weight: 400;\">Muito superior \u00e0s escavadeiras de corrente<\/span><\/li>\n<li><span style=\"font-weight: 400;\">Funcionalidades avan\u00e7adas de seguran\u00e7a<\/span><\/li>\n<li><span style=\"font-weight: 400;\">Desloca o res\u00edduo para mais longe dos trilhos com maior versatilidade<\/span><\/li>\n<li><span style=\"font-weight: 400;\">Solu\u00e7\u00f5es de desguarnecimento de alta produtividade no setor<\/span><\/li>\n<\/ul>\n<p>[\/vc_column_text][\/vc_column][\/vc_row][vc_row content_width=&#8221;grid&#8221; css=&#8221;.vc_custom_1623794254962{background-color: #000000 !important;}&#8221; el_class=&#8221;black-bar&#8221;][vc_column css=&#8221;.vc_custom_1623794274000{padding-top: 0.5rem !important;padding-right: 0px !important;padding-bottom: 1rem !important;padding-left: 0px !important;}&#8221;]<div class=\"mkd-elements-holder mkd-responsive-mode-768\" ><div class=\"mkd-elements-holder-item \"  >\n\t<div class=\"mkd-elements-holder-item-inner\">\n\t\t<div class=\"mkd-elements-holder-item-content mkd-elements-holder-custom-250924\" >\n\t\t\t\t\t\t[vc_column_text el_class=&#8221;sub-cat-landing-title-bar&#8221;]<span style=\"font-weight: 400;\">PORTF\u00d3LIO DE EQUIPAMENTOS DE DESGUARNECIMENTO LORAM<\/span>[\/vc_column_text]\t\t<\/div>\n\t<\/div>\n<\/div><\/div>[\/vc_column][\/vc_row][vc_row content_width=&#8221;grid&#8221; css=&#8221;.vc_custom_1624482323829{padding-top: 3rem !important;padding-bottom: 1rem !important;background-color: #e5e5e5 !important;}&#8221; el_class=&#8221;subcategory-product-listing&#8221;][vc_column]<div class=\"mkd-elements-holder mkd-two-columns mkd-responsive-mode-768\" ><div class=\"mkd-elements-holder-item mkd-fade-in lazyload\" data-animation=\"mkd-fade-in\" style=\"background-image:inherit\" data-bg-image=\"url(https:\/\/loram.com\/wp-content\/uploads\/uc1200-series-undercutter.jpg)\">\n\t<div class=\"mkd-elements-holder-item-inner\">\n\t\t<div class=\"mkd-elements-holder-item-content mkd-elements-holder-custom-280965\" style=\"padding: 0 0 0 0\">\n\t\t\t\t\t\t[vc_empty_space height=&#8221;348px&#8221;]\t\t<\/div>\n\t<\/div>\n<\/div><div class=\"mkd-elements-holder-item mkd-fade-in\" data-animation=\"mkd-fade-in\" >\n\t<div class=\"mkd-elements-holder-item-inner\">\n\t\t<div class=\"mkd-elements-holder-item-content mkd-elements-holder-custom-752878\" style=\"padding: 2rem 4rem 3.5rem 4rem\">\n\t\t\t\t\t\t<div class=\"mkd-st \">\n    <div class=\"mkd-st-inner\">\n        <div class=\"mkd-st-title-holder\">\n            <h2 class=\"mkd-st-title\">\n            <span>UC1200<\/span>\n        <\/h2>\n    <\/div>\n\n    \n    <div class=\"mkd-st-text-holder\" >\n        <span class=\"mkd-st-text-text\"><span style=\"font-weight: 400;\">A desguarnecedora total<\/span><span style=\"font-weight: 400;\"> UC1200 da Loram \u00e9 o sistema independente mais avan\u00e7ado, mais produtivo e de maior capacidade da ind\u00fastria para qualquer programa de desguarnecimento, apresentando tecnologia inovadora rotativa dupla e descarga dupla de material para manuseio e limpeza.<\/span><\/span>\n    <\/div>\n<\/div>\n<\/div>[vc_empty_space height=&#8221;24px&#8221;]<a itemprop=\"url\" href=\"\/pt-br\/maintenance-of-way\/ballast-maintenance\/undercutting\/uc1200\/\" target=\"_self\"  class=\"mkd-btn mkd-btn-medium mkd-btn-solid\"  >\n    <span class=\"mkd-btn-text\">Saiba mais<\/span>\n    <\/a>\t\t<\/div>\n\t<\/div>\n<\/div><\/div>[\/vc_column][\/vc_row][vc_row content_width=&#8221;grid&#8221; css=&#8221;.vc_custom_1624482327943{padding-top: 1rem !important;padding-bottom: 3rem !important;background-color: #e5e5e5 !important;}&#8221; el_class=&#8221;subcategory-product-listing&#8221;][vc_column]<div class=\"mkd-elements-holder mkd-two-columns mkd-responsive-mode-768\" ><div class=\"mkd-elements-holder-item mkd-fade-in lazyload\" data-animation=\"mkd-fade-in\" style=\"background-image:inherit\" data-bg-image=\"url(https:\/\/loram.com\/wp-content\/uploads\/TLU2-CN-Grand-Cache-AB-2.jpg)\">\n\t<div class=\"mkd-elements-holder-item-inner\">\n\t\t<div class=\"mkd-elements-holder-item-content mkd-elements-holder-custom-155293\" style=\"padding: 0 0 0 0\">\n\t\t\t\t\t\t[vc_empty_space height=&#8221;348px&#8221;]\t\t<\/div>\n\t<\/div>\n<\/div><div class=\"mkd-elements-holder-item mkd-fade-in\" data-animation=\"mkd-fade-in\" >\n\t<div class=\"mkd-elements-holder-item-inner\">\n\t\t<div class=\"mkd-elements-holder-item-content mkd-elements-holder-custom-683654\" style=\"padding: 2rem 4rem 3.5rem 4rem\">\n\t\t\t\t\t\t<div class=\"mkd-st \">\n    <div class=\"mkd-st-inner\">\n        <div class=\"mkd-st-title-holder\">\n            <h2 class=\"mkd-st-title\">\n            <span>Desguarnecedora Track Lifter (TLU)<\/span>\n        <\/h2>\n    <\/div>\n\n    \n    <div class=\"mkd-st-text-holder\" >\n        <span class=\"mkd-st-text-text\">A Loram TLU oferece desguarnecimento somente para descarte total do res\u00edduos,que \u00e9 l\u00edder da ind\u00fastria. A Loram TLU \u00e9 constru\u00edda sobre a mesma plataforma que a Loram Track Lifter e a UC1200, e pode realizar desguarnecimento simples para o levantamento de via somente descarte total dos res\u00edduos.<\/span>\n    <\/div>\n<\/div>\n<\/div>[vc_empty_space height=&#8221;24px&#8221;]<a itemprop=\"url\" href=\"\/pt-br\/maintenance-of-way\/ballast-maintenance\/undercutting\/tlu\/\" target=\"_self\"  class=\"mkd-btn mkd-btn-medium mkd-btn-solid\"  >\n    <span class=\"mkd-btn-text\">Saiba mais<\/span>\n    <\/a>\t\t<\/div>\n\t<\/div>\n<\/div><\/div>[\/vc_column][\/vc_row][vc_row content_width=&#8221;grid&#8221; css=&#8221;.vc_custom_1623260947677{margin-top: 3rem !important;margin-bottom: 3rem !important;}&#8221;][vc_column]<div class=\"mkd-elements-holder mkd-responsive-mode-768\" ><div class=\"mkd-elements-holder-item \"  >\n\t<div class=\"mkd-elements-holder-item-inner\">\n\t\t<div class=\"mkd-elements-holder-item-content mkd-elements-holder-custom-606127\" >\n\t\t\t\t\t\t[vc_column_text el_class=&#8221;landing-contract-services&#8221;]<\/p>\n<h2><strong>SERVI\u00c7OS CONTRATUAIS DA LORAM<\/strong><\/h2>\n<h3><strong>Liderando a ind\u00fastria com solu\u00e7\u00f5es avan\u00e7adas.<\/strong><\/h3>\n<p><span style=\"font-weight: 400;\">Quando se trata de solu\u00e7\u00f5es que oferecem resultados que mudam o jogo, oferecem m\u00e1ximo ROI e a melhor produtividade e seguran\u00e7a da categoria, a ind\u00fastria se volta para a Loram.<\/span> <span style=\"font-weight: 400;\">Solu\u00e7\u00f5es dedicadas, inova\u00e7\u00e3o cont\u00ednua, tecnologias avan\u00e7adas, servi\u00e7os abrangentes e profunda experi\u00eancia representam os servi\u00e7os e equipamentos da Loram, proporcionando um valor \u00fanico e inigual\u00e1vel para a ind\u00fastria ferrovi\u00e1ria.<\/span>[\/vc_column_text]\t\t<\/div>\n\t<\/div>\n<\/div><\/div>[\/vc_column][\/vc_row][vc_row content_width=&#8221;grid&#8221; content_aligment=&#8221;center&#8221; el_class=&#8221;learn-how-we-help&#8221; css=&#8221;.vc_custom_1626702641828{margin-top: 1rem !important;margin-bottom: 3rem !important;padding-right: 0px !important;padding-left: 0px !important;background-image: url(https:\/\/loram.com\/wp-content\/uploads\/learn-how-we-can-help.jpg?id=3598) !important;background-position: center !important;background-repeat: no-repeat !important;background-size: cover !important;}&#8221;][vc_column css=&#8221;.vc_custom_1623260528726{padding-top: 6rem !important;padding-right: 0px !important;padding-bottom: 3rem !important;padding-left: 0px !important;}&#8221;]<div class=\"mkd-elements-holder mkd-responsive-mode-768\" ><div class=\"mkd-elements-holder-item \"  >\n\t<div class=\"mkd-elements-holder-item-inner\">\n\t\t<div class=\"mkd-elements-holder-item-content mkd-elements-holder-custom-598029\" >\n\t\t\t\t\t\t<div class=\"mkd-st \">\n    <div class=\"mkd-st-inner\">\n        <div class=\"mkd-st-title-holder\">\n            <h2 class=\"mkd-st-title\">\n            <span>Saiba como podemos ajudar<\/span>\n        <\/h2>\n    <\/div>\n\n    \n    <div class=\"mkd-st-text-holder\" >\n        <span class=\"mkd-st-text-text\"><span style=\"font-weight: 400;\">Como l\u00edder global em manuten\u00e7\u00e3o de vias por mais de 50 anos, o amplo portf\u00f3lio de equipamentos e equipes altamente treinadas da Loram oferecem os melhores servi\u00e7os da categoria com desempenho e padr\u00f5es de seguran\u00e7a inigual\u00e1veis.<\/span> <span style=\"font-weight: 400;\">Ligue para tel Brasil.<\/span><\/span>\n    <\/div>\n<\/div>\n<\/div>[vc_empty_space height=&#8221;24px&#8221;]<a itemprop=\"url\" href=\"\/pt-br\/contact\/\" target=\"_self\"  class=\"mkd-btn mkd-btn-medium mkd-btn-solid\"  >\n    <span class=\"mkd-btn-text\">Vamos conversar<\/span>\n    <\/a>\t\t<\/div>\n\t<\/div>\n<\/div><\/div>[\/vc_column][\/vc_row][vc_row css=&#8221;.vc_custom_1626702636405{margin-top: 0px !important;margin-bottom: 0px !important;padding-top: 0px !important;padding-bottom: 0px !important;}&#8221;][vc_column]<div class=\"mkd-elements-holder mkd-responsive-mode-768\" ><div class=\"mkd-elements-holder-item \"  >\n\t<div class=\"mkd-elements-holder-item-inner\">\n\t\t<div class=\"mkd-elements-holder-item-content mkd-elements-holder-custom-634610\" >\n\t\t\t\t\t\t[vc_empty_space height=&#8221;0&#8243;]\t\t<\/div>\n\t<\/div>\n<\/div><\/div>[\/vc_column][\/vc_row]<\/p>\n<\/div>","protected":false},"excerpt":{"rendered":"<p>[vc_row content_width=&#8221;grid&#8221; css=&#8221;.vc_custom_1623767783918{margin-top: 0px !important;margin-bottom: 4rem !important;}&#8221;][vc_column width=&#8221;1\/4&#8243;][vc_widget_sidebar sidebar_id=&#8221;sidebar&#8221;][\/vc_column][vc_column width=&#8221;3\/4&#8243;][vc_column_text] Desguarnecimento total A manuten\u00e7\u00e3o da camada de lastro diretamente abaixo dos dormentes \u00e9 uma parte essencial de uma estrutura de&#8230;<\/p>\n","protected":false},"author":3,"featured_media":0,"parent":6534,"menu_order":40,"comment_status":"closed","ping_status":"closed","template":"template-subcategory.php","meta":{"footnotes":""},"class_list":["post-6551","page","type-page","status-publish","hentry"],"_links":{"self":[{"href":"https:\/\/loram.com\/pt-br\/wp-json\/wp\/v2\/pages\/6551","targetHints":{"allow":["GET"]}}],"collection":[{"href":"https:\/\/loram.com\/pt-br\/wp-json\/wp\/v2\/pages"}],"about":[{"href":"https:\/\/loram.com\/pt-br\/wp-json\/wp\/v2\/types\/page"}],"author":[{"embeddable":true,"href":"https:\/\/loram.com\/pt-br\/wp-json\/wp\/v2\/users\/3"}],"replies":[{"embeddable":true,"href":"https:\/\/loram.com\/pt-br\/wp-json\/wp\/v2\/comments?post=6551"}],"version-history":[{"count":6,"href":"https:\/\/loram.com\/pt-br\/wp-json\/wp\/v2\/pages\/6551\/revisions"}],"predecessor-version":[{"id":7796,"href":"https:\/\/loram.com\/pt-br\/wp-json\/wp\/v2\/pages\/6551\/revisions\/7796"}],"up":[{"embeddable":true,"href":"https:\/\/loram.com\/pt-br\/wp-json\/wp\/v2\/pages\/6534"}],"wp:attachment":[{"href":"https:\/\/loram.com\/pt-br\/wp-json\/wp\/v2\/media?parent=6551"}],"curies":[{"name":"wp","href":"https:\/\/api.w.org\/{rel}","templated":true}]}}