{"id":6550,"date":"2021-12-02T16:02:02","date_gmt":"2021-12-02T22:02:02","guid":{"rendered":"https:\/\/loram.com\/?page_id=6550"},"modified":"2021-12-16T15:38:35","modified_gmt":"2021-12-16T21:38:35","slug":"trv","status":"publish","type":"page","link":"https:\/\/loram.com\/pt-br\/maintenance-of-way\/ballast-maintenance\/specialty-excavating\/trv\/","title":{"rendered":"TRV"},"content":{"rendered":"<div class=\"wpb-content-wrapper\"><p>[vc_row content_width=&#8221;grid&#8221;][vc_column width=&#8221;1\/4&#8243;][vc_widget_sidebar sidebar_id=&#8221;sidebar&#8221;][\/vc_column][vc_column width=&#8221;3\/4&#8243;][vc_column_text]<\/p>\n<h3>Poder de escava\u00e7\u00e3o nos espa\u00e7os mais apertados<\/h3>\n<p>A Loram TRV tem as mesmas capacidades de desempenho de escava\u00e7\u00e3o que a Loram LRV, mas em uma configura\u00e7\u00e3o de dois vag\u00f5es, projetados especificamente para vias de tr\u00e2nsito e ferrovias com cargas de eixos mais leves e requisitos de espa\u00e7amento mais apertados.<\/p>\n<p>A TRV \u00e9 projetada com cabines exclusivas de dupla rota\u00e7\u00e3o que garantem total visibilidade do local de trabalho e opera\u00e7\u00f5es mais seguras. Capazes de girar 60 graus em cada dire\u00e7\u00e3o, as cabines oferecem a capacidade de utilizar uma s\u00f3 cabine para toda a opera\u00e7\u00e3o sem comprometer a produ\u00e7\u00e3o nem a visibilidade. Em \u00e1reas de trabalho especializado em um lado da via, a caracter\u00edstica de cabine dupla d\u00e1 ao operador uma vis\u00e3o de perto da opera\u00e7\u00e3o sem que ele precise estar no ch\u00e3o.<\/p>\n<p>A TRV oferece uma flexibilidade inigual\u00e1vel para acomodar estruturas de trilhos de dif\u00edcil acesso. O bocal pode inclinar-se 45\u00b0 na vertical em qualquer dire\u00e7\u00e3o para alcan\u00e7ar o lastro sob estruturas de via de dif\u00edcil acesso, tais como o terceiro trilho. O bocal tamb\u00e9m pode trabalhar a dist\u00e2ncias de at\u00e9 15 p\u00e9s da linha de centro da via, maximizando a \u00e1rea de trabalho e tem 5.000 libras de for\u00e7a para quebrar material resistente de uma forma que um bico rotativo sozinho n\u00e3o conseguiria.[\/vc_column_text][vc_empty_space height=&#8221;45px&#8221;]<div class=\"mkd-tabs mkd-horizontal-tab variable mkd-column-3 clearfix\">\n    <ul class=\"mkd-tabs-nav\">\n                    <li>\n            <h3 class=\"mkd-tab-title\">\n            <a href=\"#tab-features\">\n                <span class=\"mkd-icon-frame\"><\/span>\n\n                <!--<span class=\"mkd-advanced-tab-text-after-icon\">-->\n                Features                <!--<\/span>-->\n\n            <\/a>\n            <\/h3>\n\n\n            <\/li>\n                    <li>\n            <h3 class=\"mkd-tab-title\">\n            <a href=\"#tab-specifications\">\n                <span class=\"mkd-icon-frame\"><\/span>\n\n                <!--<span class=\"mkd-advanced-tab-text-after-icon\">-->\n                Specifications                <!--<\/span>-->\n\n            <\/a>\n            <\/h3>\n\n\n            <\/li>\n                    <li>\n            <h3 class=\"mkd-tab-title\">\n            <a href=\"#tab-data-sheet\">\n                <span class=\"mkd-icon-frame\"><\/span>\n\n                <!--<span class=\"mkd-advanced-tab-text-after-icon\">-->\n                Data Sheet                <!--<\/span>-->\n\n            <\/a>\n            <\/h3>\n\n\n            <\/li>\n            <\/ul><!-- .mkd-tabs-nav -->\n\n    <div class=\"mkd-tab-container\" id=\"tab-features-689\" >[vc_column_text]<span style=\"font-weight: 400;\">Caracter\u00edsticas da TRV:<\/span><\/p>\n<ul>\n<li><span style=\"font-weight: 400;\">Projeto de duas cabines constru\u00eddo especificamente para escava\u00e7\u00e3o especial de tr\u00e2nsito<\/span><\/li>\n<li><span style=\"font-weight: 400;\">Versatilidade para aplica\u00e7\u00f5es incluindo comutadores, cruzamentos de estradas, pontes, bases de postes de arame, valas para cabos, t\u00faneis e esta\u00e7\u00f5es<\/span><\/li>\n<li><span style=\"font-weight: 400;\">Projeto de cabine dupla rotativa para maior efic\u00e1cia, visibilidade e seguran\u00e7a operacional<\/span><\/li>\n<li><span style=\"font-weight: 400;\">Os resultados t\u00edpicos dependem da aplica\u00e7\u00e3o e das condi\u00e7\u00f5es do material<\/span>\n<ul>\n<li><span style=\"font-weight: 400;\">Material solto, granular \u2014 at\u00e9 50 yd\u00b3\/hr (38 m\u00b3\/hr)<\/span><\/li>\n<li><span style=\"font-weight: 400;\">Compactado, moderadamente encrustado \u2014 at\u00e9 28 yd\u00b3\/hr (22 m\u00b3\/hr)<\/span><\/li>\n<li><span style=\"font-weight: 400;\">Fortemente cimentado ou encrustado \u2014 13 yd\u00b3 \/hr (10 m\u00b3 \/hr)<\/span><\/li>\n<\/ul>\n<\/li>\n<\/ul>\n<ul>\n<li><span style=\"font-weight: 400;\">Grande capacidade da c\u00e2mara de material de 45 jd\u00b3 (35 m\u00b3)<\/span><\/li>\n<\/ul>\n<p>[\/vc_column_text]<\/div><div class=\"mkd-tab-container\" id=\"tab-specifications-22\" >[vc_column_text]<\/p>\n<table style=\"border-collapse: collapse; width: 100%; height: 384px;\">\n<tbody>\n<tr style=\"height: 24px;\">\n<td style=\"width: 50%; height: 24px;\"><\/td>\n<td style=\"width: 50%; height: 24px;\"><span style=\"font-weight: 400;\">ESCAVADEIRA ESPECIAL TRV<\/span><\/td>\n<\/tr>\n<tr style=\"height: 24px;\">\n<td style=\"width: 50%; height: 24px;\"><span style=\"font-weight: 400;\">Comprimento<\/span><\/td>\n<td style=\"width: 50%; height: 24px;\"><span style=\"font-weight: 400;\">108 &#8216;(33 m) sobre os batedores<\/span><\/td>\n<\/tr>\n<tr style=\"height: 24px;\">\n<td style=\"width: 50%; height: 24px;\"><span style=\"font-weight: 400;\">Largura<\/span><\/td>\n<td style=\"width: 50%; height: 24px;\"><span style=\"font-weight: 400;\">102\u201d (2,6 m)<\/span><\/td>\n<\/tr>\n<tr style=\"height: 24px;\">\n<td style=\"width: 50%; height: 24px;\"><span style=\"font-weight: 400;\">Altura<\/span><\/td>\n<td style=\"width: 50%; height: 24px;\"><span style=\"font-weight: 400;\">130&#8243; (3,3 m) para opera\u00e7\u00e3o normal; pode ser reduzido para 118&#8243; ( 3,0 m) para deslocamento<\/span><\/td>\n<\/tr>\n<tr style=\"height: 24px;\">\n<td style=\"width: 50%; height: 24px;\">Peso<\/td>\n<td style=\"width: 50%; height: 24px;\"><span style=\"font-weight: 400;\">264.000 lb (132 toneladas)<\/span><\/td>\n<\/tr>\n<tr style=\"height: 24px;\">\n<td style=\"width: 50%; height: 24px;\"><span style=\"font-weight: 400;\">Pot\u00eancia do cavalo<\/span><\/td>\n<td style=\"width: 50%; height: 24px;\">700 hp<\/td>\n<\/tr>\n<tr style=\"height: 24px;\">\n<td style=\"width: 50%; height: 24px;\"><span style=\"font-weight: 400;\">Velocidade de Deslocamento<\/span><\/td>\n<td style=\"width: 50%; height: 24px;\">5<span style=\"font-weight: 400;\">0 mph (80 km\/h)<\/span><\/td>\n<\/tr>\n<tr style=\"height: 24px;\">\n<td style=\"width: 50%; height: 24px;\"><span style=\"font-weight: 400;\">Velocidade de reboque<\/span><\/td>\n<td style=\"width: 50%; height: 24px;\">62 mph (100 kph)<\/td>\n<\/tr>\n<tr style=\"height: 24px;\">\n<td style=\"width: 50%; height: 24px;\"><span style=\"font-weight: 400;\">Fluxo de ar a v\u00e1cuo<\/span><\/td>\n<td style=\"width: 50%; height: 24px;\"><span style=\"font-weight: 400;\">10.200 cfm (fluxo aberto), (290 m3\/hr)<\/span><\/td>\n<\/tr>\n<tr style=\"height: 24px;\">\n<td style=\"width: 50%; height: 24px;\"><span style=\"font-weight: 400;\">Press\u00e3o de V\u00e1cuo<\/span><\/td>\n<td style=\"width: 50%; height: 24px;\"><span style=\"font-weight: 400;\">@ 80% de v\u00e1cuo 0,8 BAR (11,6 psi)<\/span><\/td>\n<\/tr>\n<tr style=\"height: 24px;\">\n<td style=\"width: 50%; height: 24px;\"><span style=\"font-weight: 400;\">Taxa de produ\u00e7\u00e3o<\/span>Production Rate<sup>2<\/sup><\/td>\n<td style=\"width: 50%; height: 24px;\">\u2013 <span style=\"font-weight: 400;\">Taxa de produ\u00e7\u00e3o<\/span> yd<sup>3<\/sup>\/hr (38 m<sup>3<\/sup>\/hr)<br \/>\n<span style=\"font-weight: 400;\">\u2013 Compactado, moderadamente encrustado \u2013 28 <\/span> yd<sup>3<\/sup>\/hr (22 m<sup>3<\/sup>\/hr)<br \/>\n<span style=\"font-weight: 400;\">\u2013 Cimentado fortemente ou com enchimento de argila \u2013 13<\/span> yd<sup>3<\/sup>\/hr (10 m<sup>3<\/sup>\/hr)<\/td>\n<\/tr>\n<tr style=\"height: 24px;\">\n<td style=\"width: 50%; height: 24px;\"><span style=\"font-weight: 400;\">Capacidade de combust\u00edvel<\/span><\/td>\n<td style=\"width: 50%; height: 24px;\"><span style=\"font-weight: 400;\">600 gal\u00f5es (2270 L)<\/span><\/td>\n<\/tr>\n<tr style=\"height: 24px;\">\n<td style=\"width: 50%; height: 24px;\"><span style=\"font-weight: 400;\">N\u00edvel de ru\u00eddo da unidade de energia de for\u00e7a em inatividade elevada (n\u00edveis de ru\u00eddo durante a escava\u00e7\u00e3o variam de acordo com as condi\u00e7\u00f5es)<\/span><\/td>\n<td style=\"width: 50%; height: 24px;\"><span style=\"font-weight: 400;\">80 dBA a 10 metros; durante a escava\u00e7\u00e3o:<\/span><\/p>\n<p><span style=\"font-weight: 400;\">87 dBA a 10 metros<\/span><\/td>\n<\/tr>\n<tr style=\"height: 24px;\">\n<td style=\"width: 50%; height: 24px;\"><span style=\"font-weight: 400;\">Descarga de Material<\/span><\/td>\n<td style=\"width: 50%; height: 24px;\"><span style=\"font-weight: 400;\">Descarga lateral<\/span><\/td>\n<\/tr>\n<tr style=\"height: 24px;\">\n<td style=\"width: 50%; height: 24px;\"><span style=\"font-weight: 400;\">Capacidade de Armazenamento de Material<\/span><\/td>\n<td style=\"width: 50%; height: 24px;\">45 jds<sup>3<\/sup> (35 m<sup>3<\/sup>)<\/td>\n<\/tr>\n<\/tbody>\n<\/table>\n<p><sup>1<\/sup> <span style=\"font-weight: 400;\">Excluindo Vag\u00f5es Auxiliares<\/span><br \/>\n<sup>2<\/sup> <span style=\"font-weight: 400;\">T\u00edpico; sujeito \u00e0 aplica\u00e7\u00e3o e condi\u00e7\u00f5es materiais<\/span><br \/>\n<em><span style=\"font-weight: 400;\">Especifica\u00e7\u00f5es sujeitas a altera\u00e7\u00f5es<\/span><\/em>[\/vc_column_text]<\/div><div class=\"mkd-tab-container\" id=\"tab-data-sheet-400\" >[vc_single_image image=&#8221;7487&#8243; img_size=&#8221;spec&#8221; onclick=&#8221;custom_link&#8221; img_link_target=&#8221;_blank&#8221; link=&#8221;https:\/\/loram.com\/wp-content\/uploads\/TransitRailvac_0413_web.pdf&#8221;]<\/div><\/div>[vc_gallery interval=&#8221;3&#8243; images=&#8221;7211,7210,7209&#8243; img_size=&#8221;1800&#215;900&#8243; css=&#8221;.vc_custom_1629387945071{margin-top: 2rem !important;}&#8221;][\/vc_column][\/vc_row][vc_row css=&#8221;.vc_custom_1629387938340{margin-top: 0px !important;margin-bottom: 0px !important;padding-top: 0px !important;padding-bottom: 0px !important;}&#8221;][vc_column]<div class=\"mkd-elements-holder mkd-responsive-mode-768\" ><div class=\"mkd-elements-holder-item \"  >\n\t<div class=\"mkd-elements-holder-item-inner\">\n\t\t<div class=\"mkd-elements-holder-item-content mkd-elements-holder-custom-152574\" >\n\t\t\t\t\t\t[vc_empty_space height=&#8221;0&#8243;]\t\t<\/div>\n\t<\/div>\n<\/div><\/div>[\/vc_column][\/vc_row]<\/p>\n<\/div>","protected":false},"excerpt":{"rendered":"<p>[vc_row content_width=&#8221;grid&#8221;][vc_column width=&#8221;1\/4&#8243;][vc_widget_sidebar sidebar_id=&#8221;sidebar&#8221;][\/vc_column][vc_column width=&#8221;3\/4&#8243;][vc_column_text] Poder de escava\u00e7\u00e3o nos espa\u00e7os mais apertados A Loram TRV tem as mesmas capacidades de desempenho de escava\u00e7\u00e3o que a Loram LRV, mas em uma&#8230;<\/p>\n","protected":false},"author":3,"featured_media":0,"parent":6540,"menu_order":0,"comment_status":"closed","ping_status":"closed","template":"template-single-product.php","meta":{"footnotes":""},"class_list":["post-6550","page","type-page","status-publish","hentry"],"_links":{"self":[{"href":"https:\/\/loram.com\/pt-br\/wp-json\/wp\/v2\/pages\/6550","targetHints":{"allow":["GET"]}}],"collection":[{"href":"https:\/\/loram.com\/pt-br\/wp-json\/wp\/v2\/pages"}],"about":[{"href":"https:\/\/loram.com\/pt-br\/wp-json\/wp\/v2\/types\/page"}],"author":[{"embeddable":true,"href":"https:\/\/loram.com\/pt-br\/wp-json\/wp\/v2\/users\/3"}],"replies":[{"embeddable":true,"href":"https:\/\/loram.com\/pt-br\/wp-json\/wp\/v2\/comments?post=6550"}],"version-history":[{"count":6,"href":"https:\/\/loram.com\/pt-br\/wp-json\/wp\/v2\/pages\/6550\/revisions"}],"predecessor-version":[{"id":7783,"href":"https:\/\/loram.com\/pt-br\/wp-json\/wp\/v2\/pages\/6550\/revisions\/7783"}],"up":[{"embeddable":true,"href":"https:\/\/loram.com\/pt-br\/wp-json\/wp\/v2\/pages\/6540"}],"wp:attachment":[{"href":"https:\/\/loram.com\/pt-br\/wp-json\/wp\/v2\/media?parent=6550"}],"curies":[{"name":"wp","href":"https:\/\/api.w.org\/{rel}","templated":true}]}}