{"id":6549,"date":"2021-12-02T16:01:58","date_gmt":"2021-12-02T22:01:58","guid":{"rendered":"https:\/\/loram.com\/?page_id=6549"},"modified":"2024-08-30T12:11:18","modified_gmt":"2024-08-30T17:11:18","slug":"lrv","status":"publish","type":"page","link":"https:\/\/loram.com\/pt-br\/maintenance-of-way\/ballast-maintenance\/specialty-excavating\/lrv\/","title":{"rendered":"LRV"},"content":{"rendered":"<div class=\"wpb-content-wrapper\"><p>[vc_row content_width=&#8221;grid&#8221;][vc_column width=&#8221;1\/4&#8243;][vc_widget_sidebar sidebar_id=&#8221;sidebar&#8221;][\/vc_column][vc_column width=&#8221;3\/4&#8243;][vc_column_text]<\/p>\n<h3><strong>Escava\u00e7\u00e3o controlada com poder de aspira\u00e7\u00e3o inigual\u00e1vel<\/strong><\/h3>\n<p><span style=\"font-weight: 400;\">A Loram LRV \u00e9 uma potente m\u00e1quina de escava\u00e7\u00e3o especial montada sobre trilhos que remove at\u00e9 50 metros c\u00fabicos de material por hora usando agita\u00e7\u00e3o mec\u00e2nica e fluxo de ar.<\/span> <span style=\"font-weight: 400;\">A m\u00e1quina de escava\u00e7\u00e3o a v\u00e1cuo mais produtiva do mercado, a LRV combina um bra\u00e7o manipulador com motor diesel e potentes bombas de v\u00e1cuo de motor duplo, tornando-a capaz de escavar uma s\u00e9rie de materiais dif\u00edceis, incluindo lastro compactado ou com gelo incrustado, lama, \u00e1gua, areia e solo.<\/span><\/p>\n<p><span style=\"font-weight: 400;\">A vers\u00e1til Loram LRV oferece controle de precis\u00e3o com pot\u00eancia inigual\u00e1vel, aplicando uma for\u00e7a de 5.000 libras sem igual no setor para quebrar material resistente de uma forma que um bico rotativo sozinho n\u00e3o conseguiria.<\/span> <span style=\"font-weight: 400;\">A pot\u00eancia e o controle compactos a tornam ideal para a escava\u00e7\u00e3o de vias especiais, equipamentos \u00e0 beira da pista e outras aplica\u00e7\u00f5es, com m\u00e1xima acessibilidade para atravessar e operar em espa\u00e7os restritos, incluindo t\u00faneis, plataformas de passageiros e pontes.<\/span><\/p>\n<p><span style=\"font-weight: 400;\">A LRV oferece uma flexibilidade inigual\u00e1vel para acomodar estruturas de trilhos de dif\u00edcil acesso.<\/span> <span style=\"font-weight: 400;\">O bocal pode inclinar-se 45\u00b0 na vertical em qualquer dire\u00e7\u00e3o para alcan\u00e7ar o lastro sob estruturas de via de dif\u00edcil acesso, tais como o terceiro trilho.<\/span> <span style=\"font-weight: 400;\">O bocal tamb\u00e9m pode trabalhar a dist\u00e2ncias de at\u00e9 15 p\u00e9s da linha central da via, maximizando a \u00e1rea de trabalho.<\/span>[\/vc_column_text][vc_empty_space height=&#8221;45px&#8221;]<div class=\"mkd-tabs mkd-horizontal-tab variable mkd-column-4 clearfix\">\n    <ul class=\"mkd-tabs-nav\">\n                    <li>\n            <h3 class=\"mkd-tab-title\">\n            <a href=\"#tab-features\">\n                <span class=\"mkd-icon-frame\"><\/span>\n\n                <!--<span class=\"mkd-advanced-tab-text-after-icon\">-->\n                Features                <!--<\/span>-->\n\n            <\/a>\n            <\/h3>\n\n\n            <\/li>\n                    <li>\n            <h3 class=\"mkd-tab-title\">\n            <a href=\"#tab-specifications\">\n                <span class=\"mkd-icon-frame\"><\/span>\n\n                <!--<span class=\"mkd-advanced-tab-text-after-icon\">-->\n                Specifications                <!--<\/span>-->\n\n            <\/a>\n            <\/h3>\n\n\n            <\/li>\n                    <li>\n            <h3 class=\"mkd-tab-title\">\n            <a href=\"#tab-video\">\n                <span class=\"mkd-icon-frame\"><\/span>\n\n                <!--<span class=\"mkd-advanced-tab-text-after-icon\">-->\n                Video                <!--<\/span>-->\n\n            <\/a>\n            <\/h3>\n\n\n            <\/li>\n                    <li>\n            <h3 class=\"mkd-tab-title\">\n            <a href=\"#tab-data-sheet\">\n                <span class=\"mkd-icon-frame\"><\/span>\n\n                <!--<span class=\"mkd-advanced-tab-text-after-icon\">-->\n                Data Sheet                <!--<\/span>-->\n\n            <\/a>\n            <\/h3>\n\n\n            <\/li>\n            <\/ul><!-- .mkd-tabs-nav -->\n\n    <div class=\"mkd-tab-container\" id=\"tab-features-627\" >[vc_column_text]<span style=\"font-weight: 400;\">As capacidades e caracter\u00edsticas da Loram LRV incluem:<\/span><\/p>\n<ul>\n<li><span style=\"font-weight: 400;\">Poder de aspira\u00e7\u00e3o l\u00edder na ind\u00fastria<\/span><\/li>\n<li><span style=\"font-weight: 400;\">Depende da aplica\u00e7\u00e3o e das condi\u00e7\u00f5es do material<\/span>\n<ul>\n<li><span style=\"font-weight: 400;\">Material solto, granular \u2014 at\u00e9 50 yd\u00b3\/hr (38 m\u00b3\/hr)<\/span><\/li>\n<li><span style=\"font-weight: 400;\">Compactado, moderadamente encrustado \u2014 at\u00e9 28 yd\u00b3\/hr (22 m\u00b3\/hr)<\/span><\/li>\n<li><span style=\"font-weight: 400;\">Severamente encrustado\/cheio \u2014 at\u00e9 13 yd\u00b3\/hr (10 m\u00b3\/hr)<\/span><\/li>\n<\/ul>\n<\/li>\n<li><span style=\"font-weight: 400;\">Constru\u00eddo para trabalhar em condi\u00e7\u00f5es ferrovi\u00e1rias dif\u00edceis de Classe I e em ambientes urbanos ou ferrovi\u00e1rios de tr\u00e2nsito<\/span><\/li>\n<li><span style=\"font-weight: 400;\">Sistema avan\u00e7ado de filtragem de p\u00f3 com autolimpeza<\/span><\/li>\n<li><span style=\"font-weight: 400;\">Capacidade de descarga de material escavado at\u00e9 9,1 m (30 p\u00e9s) da linha de centro da via<\/span><\/li>\n<li><span style=\"font-weight: 400;\">Projetado para se deslocar a velocidades de at\u00e9 45 mph (74 km\/h) enquanto reboca vag\u00f5es de transporte de material totalmente carregados<\/span><\/li>\n<\/ul>\n<p>[\/vc_column_text]<\/div><div class=\"mkd-tab-container\" id=\"tab-specifications-151\" >[vc_column_text]<\/p>\n<table style=\"border-collapse: collapse; width: 100%; height: 507px;\">\n<tbody>\n<tr style=\"height: 24px;\">\n<td style=\"width: 50%; height: 24px;\"><\/td>\n<td style=\"width: 50%; height: 24px;\"><span style=\"font-weight: 400;\">ESCAVADEIRA ESPECIAL LRV<\/span><\/td>\n<\/tr>\n<tr style=\"height: 27px;\">\n<td style=\"width: 50%; height: 27px;\"><span style=\"font-weight: 400;\">Comprimento<\/span><sup>1<\/sup><\/td>\n<td style=\"width: 50%; height: 27px;\"><span style=\"font-weight: 400;\">105 p\u00e9s (32 m)<\/span><\/td>\n<\/tr>\n<tr style=\"height: 24px;\">\n<td style=\"width: 50%; height: 24px;\"><span style=\"font-weight: 400;\">Largura<\/span><sup>1<\/sup><\/td>\n<td style=\"width: 50%; height: 24px;\"><span style=\"font-weight: 400;\">10 p\u00e9s (3 m)<\/span><\/td>\n<\/tr>\n<tr style=\"height: 24px;\">\n<td style=\"width: 50%; height: 24px;\"><span style=\"font-weight: 400;\">Altura<\/span><sup>1<\/sup><\/td>\n<td style=\"width: 50%; height: 24px;\"><span style=\"font-weight: 400;\">14,5 p\u00e9s (4,4 m)<\/span><\/td>\n<\/tr>\n<tr style=\"height: 24px;\">\n<td style=\"width: 50%; height: 24px;\">Peso<sup>1<\/sup><\/td>\n<td style=\"width: 50%; height: 24px;\"><span style=\"font-weight: 400;\">220.000 lb (99.800 kg)<\/span><\/td>\n<\/tr>\n<tr style=\"height: 72px;\">\n<td style=\"width: 50%; height: 72px;\"><span style=\"font-weight: 400;\">Taxa de produ\u00e7\u00e3o<\/span><sup>2<\/sup><\/td>\n<td style=\"width: 50%; height: 72px;\"><span style=\"font-weight: 400;\">\u2013 Material solto, granular \u2014 at\u00e9 50 yd\u00b3\/hr (38 m\u00b3\/hr)<\/span><br \/>\n<span style=\"font-weight: 400;\">\u2013 Compactado, moderadamente encrustado \u2014 at\u00e9 28 yd\u00b3\/hr (22 m\u00b3\/hr)<\/span><br \/>\n<span style=\"font-weight: 400;\">\u2013 Cimentado fortemente ou com enchimento de argila \u2014 13 yd\u00b3 \/hr (10 m\u00b3 \/hr)<\/span><\/td>\n<\/tr>\n<tr style=\"height: 24px;\">\n<td style=\"width: 50%; height: 24px;\"><span style=\"font-weight: 400;\">Velocidade de trabalho<\/span><\/td>\n<td style=\"width: 50%; height: 24px;\"><span style=\"font-weight: 400;\">At\u00e9 2 mph (3,2 km\/h) a 8 pol (200 mm) de profundidade de corte a partir do fundo do dormente<\/span><\/td>\n<\/tr>\n<tr style=\"height: 24px;\">\n<td style=\"width: 50%; height: 24px;\"><span style=\"font-weight: 400;\">Profundidade m\u00e1x. de escava\u00e7\u00e3o<\/span><\/td>\n<td style=\"width: 50%; height: 24px;\"><span style=\"font-weight: 400;\">5,5 p\u00e9s (1,7 m) do topo do trilho<\/span><\/td>\n<\/tr>\n<tr style=\"height: 24px;\">\n<td style=\"width: 50%; height: 24px;\"><span style=\"font-weight: 400;\">Largura da Escava\u00e7\u00e3o<\/span><\/td>\n<td style=\"width: 50%; height: 24px;\"><span style=\"font-weight: 400;\">15 p\u00e9s (4,6 m) do centro da via<\/span><\/td>\n<\/tr>\n<tr style=\"height: 24px;\">\n<td style=\"width: 50%; height: 24px;\"><span style=\"font-weight: 400;\">Capacidade de Armazenamento de Material<\/span><\/td>\n<td style=\"width: 50%; height: 24px;\"><span style=\"font-weight: 400;\">20 jd3 (16 m\u00b3)<\/span><\/td>\n<\/tr>\n<tr style=\"height: 24px;\">\n<td style=\"width: 50%; height: 24px;\"><span style=\"font-weight: 400;\">Fluxo de Ar, Fluxo Aberto<\/span><\/td>\n<td style=\"width: 50%; height: 24px;\"><span style=\"font-weight: 400;\">10.200 p\u00e9s\u00b3 (289 m\u00b3) por minuto<\/span><\/td>\n<\/tr>\n<tr style=\"height: 24px;\">\n<td style=\"width: 50%; height: 24px;\"><span style=\"font-weight: 400;\">Aspirador<\/span><\/td>\n<td style=\"width: 50%; height: 24px;\"><span style=\"font-weight: 400;\">14 psi (0.95 bar)<\/span><\/td>\n<\/tr>\n<tr style=\"height: 24px;\">\n<td style=\"width: 50%; height: 24px;\"><span style=\"font-weight: 400;\">Descarga de Material<\/span><\/td>\n<td style=\"width: 50%; height: 24px;\"><span style=\"font-weight: 400;\">At\u00e9 30 p\u00e9s (9,1 m) de qualquer lado do centro da via ou em um vag\u00e3o auxiliar<\/span><\/td>\n<\/tr>\n<tr style=\"height: 24px;\">\n<td style=\"width: 50%; height: 24px;\"><span style=\"font-weight: 400;\">Velocidade de Deslocamento<\/span><\/td>\n<td style=\"width: 50%; height: 24px;\"><span style=\"font-weight: 400;\">\u2013 Autopropulsionado: At\u00e9 45 mph (74 km\/h)<\/span><br \/>\n<span style=\"font-weight: 400;\">\u2013 Na composi\u00e7\u00e3o do trem:<\/span> <span style=\"font-weight: 400;\">At\u00e9 60 mph (100 km\/h)<\/span><\/td>\n<\/tr>\n<tr style=\"height: 24px;\">\n<td style=\"width: 50%; height: 24px;\"><span style=\"font-weight: 400;\">Gradabilidade<\/span><\/td>\n<td style=\"width: 50%; height: 24px;\"><span style=\"font-weight: 400;\">At\u00e9 4%<\/span><\/td>\n<\/tr>\n<tr style=\"height: 24px;\">\n<td style=\"width: 50%; height: 24px;\"><span style=\"font-weight: 400;\">Raio m\u00ednimo de trabalho<\/span><\/td>\n<td style=\"width: 50%; height: 24px;\"><span style=\"font-weight: 400;\">Curva de 22\u00b0 (raio de 80 m)<\/span><\/td>\n<\/tr>\n<tr style=\"height: 24px;\">\n<td style=\"width: 50%; height: 24px;\"><span style=\"font-weight: 400;\">Raio m\u00ednimo de deslocamento<\/span><\/td>\n<td style=\"width: 50%; height: 24px;\"><span style=\"font-weight: 400;\">Curva de 22\u00b0 (raio de 80 m)<\/span><\/td>\n<\/tr>\n<\/tbody>\n<\/table>\n<p><sup>1<\/sup> <span style=\"font-weight: 400;\">Excluindo Vag\u00f5es Auxiliares<\/span><br \/>\n<sup>2<\/sup> <span style=\"font-weight: 400;\">T\u00edpico; sujeito \u00e0 aplica\u00e7\u00e3o e condi\u00e7\u00f5es materiais<\/span><br \/>\n<em><span style=\"font-weight: 400;\">Especifica\u00e7\u00f5es sujeitas a altera\u00e7\u00f5es<\/span><\/em>[\/vc_column_text]<\/div><div class=\"mkd-tab-container\" id=\"tab-video-412\" >[vc_video link=&#8221;https:\/\/vimeo.com\/573107880&#8243;]<\/div><div class=\"mkd-tab-container\" id=\"tab-data-sheet-405\" >[vc_single_image image=&#8221;19637&#8243; img_size=&#8221;spec&#8221; onclick=&#8221;custom_link&#8221; img_link_target=&#8221;_blank&#8221; css=&#8221;&#8221; link=&#8221;https:\/\/loram.com\/wp-content\/uploads\/LRV-SpecSheet-v3_12-21-INTL_PT-BR_digital.pdf&#8221;]<\/div><\/div>[vc_gallery interval=&#8221;3&#8243; images=&#8221;7105,7075,7106&#8243; img_size=&#8221;1800&#215;900&#8243; css=&#8221;.vc_custom_1629387828723{margin-top: 2rem !important;}&#8221;][\/vc_column][\/vc_row][vc_row css=&#8221;.vc_custom_1629387856045{margin-top: 0px !important;margin-bottom: 0px !important;padding-top: 0px !important;padding-bottom: 0px !important;}&#8221;][vc_column]<div class=\"mkd-elements-holder mkd-responsive-mode-768\" ><div class=\"mkd-elements-holder-item \"  >\n\t<div class=\"mkd-elements-holder-item-inner\">\n\t\t<div class=\"mkd-elements-holder-item-content mkd-elements-holder-custom-448761\" >\n\t\t\t\t\t\t[vc_empty_space height=&#8221;0&#8243;]\t\t<\/div>\n\t<\/div>\n<\/div><\/div>[\/vc_column][\/vc_row]<\/p>\n<\/div>","protected":false},"excerpt":{"rendered":"<p>[vc_row content_width=&#8221;grid&#8221;][vc_column width=&#8221;1\/4&#8243;][vc_widget_sidebar sidebar_id=&#8221;sidebar&#8221;][\/vc_column][vc_column width=&#8221;3\/4&#8243;][vc_column_text] Escava\u00e7\u00e3o controlada com poder de aspira\u00e7\u00e3o inigual\u00e1vel A Loram LRV \u00e9 uma potente m\u00e1quina de escava\u00e7\u00e3o especial montada sobre trilhos que remove at\u00e9 50 metros&#8230;<\/p>\n","protected":false},"author":3,"featured_media":0,"parent":6540,"menu_order":0,"comment_status":"closed","ping_status":"closed","template":"template-single-product.php","meta":{"footnotes":""},"class_list":["post-6549","page","type-page","status-publish","hentry"],"_links":{"self":[{"href":"https:\/\/loram.com\/pt-br\/wp-json\/wp\/v2\/pages\/6549","targetHints":{"allow":["GET"]}}],"collection":[{"href":"https:\/\/loram.com\/pt-br\/wp-json\/wp\/v2\/pages"}],"about":[{"href":"https:\/\/loram.com\/pt-br\/wp-json\/wp\/v2\/types\/page"}],"author":[{"embeddable":true,"href":"https:\/\/loram.com\/pt-br\/wp-json\/wp\/v2\/users\/3"}],"replies":[{"embeddable":true,"href":"https:\/\/loram.com\/pt-br\/wp-json\/wp\/v2\/comments?post=6549"}],"version-history":[{"count":6,"href":"https:\/\/loram.com\/pt-br\/wp-json\/wp\/v2\/pages\/6549\/revisions"}],"predecessor-version":[{"id":19645,"href":"https:\/\/loram.com\/pt-br\/wp-json\/wp\/v2\/pages\/6549\/revisions\/19645"}],"up":[{"embeddable":true,"href":"https:\/\/loram.com\/pt-br\/wp-json\/wp\/v2\/pages\/6540"}],"wp:attachment":[{"href":"https:\/\/loram.com\/pt-br\/wp-json\/wp\/v2\/media?parent=6549"}],"curies":[{"name":"wp","href":"https:\/\/api.w.org\/{rel}","templated":true}]}}