{"id":6540,"date":"2021-12-02T16:00:57","date_gmt":"2021-12-02T22:00:57","guid":{"rendered":"https:\/\/loram.com\/?page_id=6540"},"modified":"2021-12-16T15:47:07","modified_gmt":"2021-12-16T21:47:07","slug":"specialty-excavating","status":"publish","type":"page","link":"https:\/\/loram.com\/pt-br\/maintenance-of-way\/ballast-maintenance\/specialty-excavating\/","title":{"rendered":"Escava\u00e7\u00e3o Especializada"},"content":{"rendered":"<div class=\"wpb-content-wrapper\"><p>[vc_row content_width=&#8221;grid&#8221; css=&#8221;.vc_custom_1623767783918{margin-top: 0px !important;margin-bottom: 4rem !important;}&#8221;][vc_column width=&#8221;1\/4&#8243;][vc_widget_sidebar sidebar_id=&#8221;sidebar&#8221;][\/vc_column][vc_column width=&#8221;3\/4&#8243;][vc_column_text]<\/p>\n<h2><strong>Escava\u00e7\u00e3o Especializada<\/strong><\/h2>\n<p><span style=\"font-weight: 400;\">Em todas as ferrovias, existem \u00e1reas de ferrovia especiais que s\u00e3o muito restritivas para que m\u00e1quinas mecanizadas executem mesmo as tarefas mais simples, como a escava\u00e7\u00e3o de lastro.<\/span> <span style=\"font-weight: 400;\">A manuten\u00e7\u00e3o de \u00e1reas como t\u00faneis, pontes, AMV\u2019s e plataformas de passageiros est\u00e3o entre as mais caras do or\u00e7amento de manuten\u00e7\u00e3o das ferrovias, mas geralmente s\u00e3o as mais negligenciadas, pois criam desafios \u00fanicos e dif\u00edceis.<\/span> Os m\u00e9todos tradicionais de reparo de obras de arte de via exigem recursos significativos e interrup\u00e7\u00f5es do uso da via. C<span style=\"font-weight: 400;\">omo resultado, a manuten\u00e7\u00e3o \u00e9 frequentemente atrasada nestas \u00e1reas, resultando em uma variedade de problemas debilitantes de lastro e de subleito.<\/span><\/p>\n<p><span style=\"font-weight: 400;\">As escavadeiras especiais s<\/span><span style=\"font-weight: 400;\">ao escavadeiras a vacuo <\/span><span style=\"font-weight: 400;\">especializada com flexibilidade \u00fanica que leva a t\u00e9cnicas de manuten\u00e7\u00e3o n\u00e3o invasivas, permitindo que as ferrovias fa\u00e7am a manuten\u00e7\u00e3o adequada das vias especiais.<\/span> <span style=\"font-weight: 400;\">A remedia\u00e7\u00e3o de locais especializados leva a aumentos na capacidade de carga, restaura a drenagem nessas \u00e1reas e aumenta a taxa geral de conclus\u00e3o da manuten\u00e7\u00e3o nessas \u00e1reas dif\u00edceis.<\/span> <span style=\"font-weight: 400;\">A remedia\u00e7\u00e3o de locais especializados leva a aumentos na capacidade de carga, restaura a drenagem nessas \u00e1reas e aumenta a taxa geral de conclus\u00e3o da manuten\u00e7\u00e3o nessas \u00e1reas dif\u00edceis.<\/span> <span style=\"font-weight: 400;\">estas m\u00e1quinas ferroviarias automotrizes <\/span><span style=\"font-weight: 400;\">otimizam as atividades de manuten\u00e7\u00e3o das ferrovias e evitam interrup\u00e7\u00f5es de servi\u00e7o.<\/span><\/p>\n<h3><strong>Caracter\u00edsticas e Benef\u00edcios da Escava\u00e7\u00e3o Especializada<\/strong><\/h3>\n<p><span style=\"font-weight: 400;\">Projetadas com versatilidade, controle e produtividade em mente, as escavadeiras especiais da Loram resolvem uma variedade de desafios de manuten\u00e7\u00e3o, inclusive:<\/span><\/p>\n<ul>\n<li><span style=\"font-weight: 400;\">Remover <\/span><span style=\"font-weight: 400;\">lastro<\/span><span style=\"font-weight: 400;\"> da plataforma de pontes e passagens de n\u00edvel<\/span><\/li>\n<li><span style=\"font-weight: 400;\">Remo\u00e7\u00e3o de materiais de p\u00e1tios, esta\u00e7\u00f5es e <\/span><span style=\"font-weight: 400;\">vag\u00f5es<\/span><\/li>\n<li><span style=\"font-weight: 400;\">Escava\u00e7\u00e3o e limpeza de <\/span><span style=\"font-weight: 400;\">cobertura<\/span><span style=\"font-weight: 400;\"> de drenagem e bueiros<\/span><\/li>\n<li><span style=\"font-weight: 400;\">Fazer trincheiras <\/span><span style=\"font-weight: 400;\">tranversais<\/span><span style=\"font-weight: 400;\"> para cabos e tubula\u00e7\u00f5es<\/span><\/li>\n<li>Entre dormentes ou desguarnecimento total de lama na via principal<\/li>\n<li><span style=\"font-weight: 400;\">Escava\u00e7\u00e3o de lastro compactado ou incrustado com gelo, lama, \u00e1gua, areia e solo<\/span><\/li>\n<\/ul>\n<p>[\/vc_column_text][\/vc_column][\/vc_row][vc_row content_width=&#8221;grid&#8221; css=&#8221;.vc_custom_1623794254962{background-color: #000000 !important;}&#8221; el_class=&#8221;black-bar&#8221;][vc_column css=&#8221;.vc_custom_1623794274000{padding-top: 0.5rem !important;padding-right: 0px !important;padding-bottom: 1rem !important;padding-left: 0px !important;}&#8221;]<div class=\"mkd-elements-holder mkd-responsive-mode-768\" ><div class=\"mkd-elements-holder-item \"  >\n\t<div class=\"mkd-elements-holder-item-inner\">\n\t\t<div class=\"mkd-elements-holder-item-content mkd-elements-holder-custom-667758\" >\n\t\t\t\t\t\t[vc_column_text el_class=&#8221;sub-cat-landing-title-bar&#8221;]<span style=\"font-weight: 400;\">PORTF\u00d3LIO DE EQUIPAMENTOS ESPECIAIS DE ESCAVA\u00c7\u00c3O LORAM<\/span>[\/vc_column_text]\t\t<\/div>\n\t<\/div>\n<\/div><\/div>[\/vc_column][\/vc_row][vc_row content_width=&#8221;grid&#8221; css=&#8221;.vc_custom_1624482294655{padding-top: 3rem !important;padding-bottom: 1rem !important;background-color: #e5e5e5 !important;}&#8221; el_class=&#8221;subcategory-product-listing&#8221;][vc_column]<div class=\"mkd-elements-holder mkd-two-columns mkd-responsive-mode-768\" ><div class=\"mkd-elements-holder-item mkd-fade-in lazyload\" data-animation=\"mkd-fade-in\" style=\"background-image:inherit\" data-bg-image=\"url(https:\/\/loram.com\/wp-content\/uploads\/lrv.jpg)\">\n\t<div class=\"mkd-elements-holder-item-inner\">\n\t\t<div class=\"mkd-elements-holder-item-content mkd-elements-holder-custom-436624\" style=\"padding: 0 0 0 0\">\n\t\t\t\t\t\t[vc_empty_space height=&#8221;348px&#8221;]\t\t<\/div>\n\t<\/div>\n<\/div><div class=\"mkd-elements-holder-item mkd-fade-in\" data-animation=\"mkd-fade-in\" >\n\t<div class=\"mkd-elements-holder-item-inner\">\n\t\t<div class=\"mkd-elements-holder-item-content mkd-elements-holder-custom-187830\" style=\"padding: 2rem 4rem 3.5rem 4rem\">\n\t\t\t\t\t\t<div class=\"mkd-st \">\n    <div class=\"mkd-st-inner\">\n        <div class=\"mkd-st-title-holder\">\n            <h2 class=\"mkd-st-title\">\n            <span>LRV<\/span>\n        <\/h2>\n    <\/div>\n\n    \n    <div class=\"mkd-st-text-holder\" >\n        <span class=\"mkd-st-text-text\"><span style=\"font-weight: 400;\">A Loram LRV \u00e9 uma potente m\u00e1quina de escava\u00e7\u00e3o especial montada <\/span><span style=\"font-weight: 400;\">Em Plataforma ferroviaria<\/span><span style=\"font-weight: 400;\"> que remove at\u00e9 50 metros c\u00fabicos de material por hora usando agita\u00e7\u00e3o mec\u00e2nica e fluxo de ar.<\/span> <span style=\"font-weight: 400;\">A m\u00e1quina de escava\u00e7\u00e3o a v\u00e1cuo mais produtiva do mercado, a LRV combina um bra\u00e7o manipulador com motor diesel e bombas de v\u00e1cuo com dois motores potentes.<\/span><\/span>\n    <\/div>\n<\/div>\n<\/div>[vc_empty_space height=&#8221;24px&#8221;]<a itemprop=\"url\" href=\"\/pt-br\/maintenance-of-way\/ballast-maintenance\/specialty-excavating\/lrv\/\" target=\"_self\"  class=\"mkd-btn mkd-btn-medium mkd-btn-solid\"  >\n    <span class=\"mkd-btn-text\">Saiba mais<\/span>\n    <\/a>\t\t<\/div>\n\t<\/div>\n<\/div><\/div>[\/vc_column][\/vc_row][vc_row content_width=&#8221;grid&#8221; css=&#8221;.vc_custom_1624482299132{padding-top: 1rem !important;padding-bottom: 3rem !important;background-color: #e5e5e5 !important;}&#8221; el_class=&#8221;subcategory-product-listing&#8221;][vc_column]<div class=\"mkd-elements-holder mkd-two-columns mkd-responsive-mode-768\" ><div class=\"mkd-elements-holder-item mkd-fade-in lazyload\" data-animation=\"mkd-fade-in\" style=\"background-image:inherit\" data-bg-image=\"url(https:\/\/loram.com\/wp-content\/uploads\/RV330-CP-LaCrescen-N-1.jpg)\">\n\t<div class=\"mkd-elements-holder-item-inner\">\n\t\t<div class=\"mkd-elements-holder-item-content mkd-elements-holder-custom-759004\" style=\"padding: 0 0 0 0\">\n\t\t\t\t\t\t[vc_empty_space height=&#8221;348px&#8221;]\t\t<\/div>\n\t<\/div>\n<\/div><div class=\"mkd-elements-holder-item mkd-fade-in\" data-animation=\"mkd-fade-in\" >\n\t<div class=\"mkd-elements-holder-item-inner\">\n\t\t<div class=\"mkd-elements-holder-item-content mkd-elements-holder-custom-409909\" style=\"padding: 2rem 4rem 3.5rem 4rem\">\n\t\t\t\t\t\t<div class=\"mkd-st \">\n    <div class=\"mkd-st-inner\">\n        <div class=\"mkd-st-title-holder\">\n            <h2 class=\"mkd-st-title\">\n            <span>TRV<\/span>\n        <\/h2>\n    <\/div>\n\n    \n    <div class=\"mkd-st-text-holder\" >\n        <span class=\"mkd-st-text-text\">O Loram TRV oferece capacidades similares e robustas como o Loram LRV, mas em uma configura\u00e7\u00e3o de dois vag\u00f5es, projetados especificamente para ferrovia de passageiros e ve\u00edculo leves sobre trilhos com cargas de eixos mais leves e requisitos de espa\u00e7amento mais apertados.<\/span>\n    <\/div>\n<\/div>\n<\/div>[vc_empty_space height=&#8221;24px&#8221;]<a itemprop=\"url\" href=\"\/pt-br\/maintenance-of-way\/ballast-maintenance\/specialty-excavating\/trv\/\" target=\"_self\"  class=\"mkd-btn mkd-btn-medium mkd-btn-solid\"  >\n    <span class=\"mkd-btn-text\">Saiba mais<\/span>\n    <\/a>\t\t<\/div>\n\t<\/div>\n<\/div><\/div>[\/vc_column][\/vc_row][vc_row content_width=&#8221;grid&#8221; css=&#8221;.vc_custom_1623260947677{margin-top: 3rem !important;margin-bottom: 3rem !important;}&#8221;][vc_column]<div class=\"mkd-elements-holder mkd-responsive-mode-768\" ><div class=\"mkd-elements-holder-item \"  >\n\t<div class=\"mkd-elements-holder-item-inner\">\n\t\t<div class=\"mkd-elements-holder-item-content mkd-elements-holder-custom-501038\" >\n\t\t\t\t\t\t[vc_column_text el_class=&#8221;landing-contract-services&#8221;]<\/p>\n<h2><strong>SERVI\u00c7OS CONTRATUAIS DA LORAM<\/strong><\/h2>\n<h3><strong>Lidando com problemas dif\u00edceis. O diferencial Loram.<\/strong><\/h3>\n<p><span style=\"font-weight: 400;\">As exig\u00eancias de manuten\u00e7\u00e3o nas \u00e1reas <\/span><span style=\"font-weight: 400;\">de via especiais<\/span><span style=\"font-weight: 400;\"> problem\u00e1ticas s\u00e3o frequentemente negligenciadas devido \u00e0 dificuldade, acesso limitado, exig\u00eancias espec\u00edficas e experi\u00eancia.<\/span> <span style=\"font-weight: 400;\">Problemas dif\u00edceis e de pequena escala podem se tornar desafios sist\u00eamicos maiores, exigindo recursos significativos e interrup\u00e7\u00f5es n\u00e3o planejadas da via<\/span>. <span style=\"font-weight: 400;\">A Loram ajuda voc\u00ea a resolver problemas dif\u00edceis com uma linha exclusiva de equipamentos vers\u00e1teis, especialmente constru\u00eddos e solu\u00e7\u00f5es de servi\u00e7o de escava\u00e7\u00e3o especializados<\/span>.[\/vc_column_text]\t\t<\/div>\n\t<\/div>\n<\/div><\/div>[\/vc_column][\/vc_row][vc_row content_width=&#8221;grid&#8221; content_aligment=&#8221;center&#8221; el_class=&#8221;learn-how-we-help&#8221; css=&#8221;.vc_custom_1626702417716{margin-top: 1rem !important;margin-bottom: 3rem !important;padding-right: 0px !important;padding-left: 0px !important;background-image: url(https:\/\/loram.com\/wp-content\/uploads\/learn-how-we-can-help.jpg?id=3598) !important;background-position: center !important;background-repeat: no-repeat !important;background-size: cover !important;}&#8221;][vc_column css=&#8221;.vc_custom_1623260528726{padding-top: 6rem !important;padding-right: 0px !important;padding-bottom: 3rem !important;padding-left: 0px !important;}&#8221;]<div class=\"mkd-elements-holder mkd-responsive-mode-768\" ><div class=\"mkd-elements-holder-item \"  >\n\t<div class=\"mkd-elements-holder-item-inner\">\n\t\t<div class=\"mkd-elements-holder-item-content mkd-elements-holder-custom-717262\" >\n\t\t\t\t\t\t<div class=\"mkd-st \">\n    <div class=\"mkd-st-inner\">\n        <div class=\"mkd-st-title-holder\">\n            <h2 class=\"mkd-st-title\">\n            <span>Saiba como podemos ajudar<\/span>\n        <\/h2>\n    <\/div>\n\n    \n    <div class=\"mkd-st-text-holder\" >\n        <span class=\"mkd-st-text-text\"><span style=\"font-weight: 400;\">Como l\u00edder global em manuten\u00e7\u00e3o de vias por mais de 50 anos, o amplo portf\u00f3lio de equipamentos e equipes altamente treinadas da Loram oferecem os melhores servi\u00e7os da categoria com desempenho e padr\u00f5es de seguran\u00e7a inigual\u00e1veis.<\/span> <span style=\"font-weight: 400;\">Ligue para tel Brasil.<\/span><\/span>\n    <\/div>\n<\/div>\n<\/div>[vc_empty_space height=&#8221;24px&#8221;]<a itemprop=\"url\" href=\"\/pt-br\/contact\/\" target=\"_self\"  class=\"mkd-btn mkd-btn-medium mkd-btn-solid\"  >\n    <span class=\"mkd-btn-text\">Vamos conversar<\/span>\n    <\/a>\t\t<\/div>\n\t<\/div>\n<\/div><\/div>[\/vc_column][\/vc_row][vc_row css=&#8221;.vc_custom_1626702410133{margin-top: 0px !important;margin-bottom: 0px !important;padding-top: 0px !important;padding-bottom: 0px !important;}&#8221;][vc_column]<div class=\"mkd-elements-holder mkd-responsive-mode-768\" ><div class=\"mkd-elements-holder-item \"  >\n\t<div class=\"mkd-elements-holder-item-inner\">\n\t\t<div class=\"mkd-elements-holder-item-content mkd-elements-holder-custom-724792\" >\n\t\t\t\t\t\t[vc_empty_space height=&#8221;0&#8243;]\t\t<\/div>\n\t<\/div>\n<\/div><\/div>[\/vc_column][\/vc_row]<\/p>\n<\/div>","protected":false},"excerpt":{"rendered":"<p>[vc_row content_width=&#8221;grid&#8221; css=&#8221;.vc_custom_1623767783918{margin-top: 0px !important;margin-bottom: 4rem !important;}&#8221;][vc_column width=&#8221;1\/4&#8243;][vc_widget_sidebar sidebar_id=&#8221;sidebar&#8221;][\/vc_column][vc_column width=&#8221;3\/4&#8243;][vc_column_text] Escava\u00e7\u00e3o Especializada Em todas as ferrovias, existem \u00e1reas de ferrovia especiais que s\u00e3o muito restritivas para que m\u00e1quinas mecanizadas executem&#8230;<\/p>\n","protected":false},"author":3,"featured_media":0,"parent":6534,"menu_order":30,"comment_status":"closed","ping_status":"closed","template":"template-subcategory.php","meta":{"footnotes":""},"class_list":["post-6540","page","type-page","status-publish","hentry"],"_links":{"self":[{"href":"https:\/\/loram.com\/pt-br\/wp-json\/wp\/v2\/pages\/6540","targetHints":{"allow":["GET"]}}],"collection":[{"href":"https:\/\/loram.com\/pt-br\/wp-json\/wp\/v2\/pages"}],"about":[{"href":"https:\/\/loram.com\/pt-br\/wp-json\/wp\/v2\/types\/page"}],"author":[{"embeddable":true,"href":"https:\/\/loram.com\/pt-br\/wp-json\/wp\/v2\/users\/3"}],"replies":[{"embeddable":true,"href":"https:\/\/loram.com\/pt-br\/wp-json\/wp\/v2\/comments?post=6540"}],"version-history":[{"count":6,"href":"https:\/\/loram.com\/pt-br\/wp-json\/wp\/v2\/pages\/6540\/revisions"}],"predecessor-version":[{"id":7795,"href":"https:\/\/loram.com\/pt-br\/wp-json\/wp\/v2\/pages\/6540\/revisions\/7795"}],"up":[{"embeddable":true,"href":"https:\/\/loram.com\/pt-br\/wp-json\/wp\/v2\/pages\/6534"}],"wp:attachment":[{"href":"https:\/\/loram.com\/pt-br\/wp-json\/wp\/v2\/media?parent=6540"}],"curies":[{"name":"wp","href":"https:\/\/api.w.org\/{rel}","templated":true}]}}