{"id":6539,"date":"2021-12-02T16:00:49","date_gmt":"2021-12-02T22:00:49","guid":{"rendered":"https:\/\/loram.com\/?page_id=6539"},"modified":"2024-08-30T15:05:32","modified_gmt":"2024-08-30T20:05:32","slug":"badger-ditcher","status":"publish","type":"page","link":"https:\/\/loram.com\/pt-br\/maintenance-of-way\/ballast-maintenance\/ditching\/badger-ditcher\/","title":{"rendered":"Badger Ditcher"},"content":{"rendered":"<div class=\"wpb-content-wrapper\"><p>[vc_row content_width=&#8221;grid&#8221;][vc_column width=&#8221;1\/4&#8243;][vc_widget_sidebar sidebar_id=&#8221;sidebar&#8221;][\/vc_column][vc_column width=&#8221;3\/4&#8243;][vc_column_text]<\/p>\n<h3><strong>Produtividade inigual\u00e1vel<\/strong><\/h3>\n<p><span style=\"font-weight: 400;\">O Badger Ditcher da Loram \u00e9 um limpador de valas autopropulsionado capaz de mover 1.000 toneladas de material a cada hora, escavando a at\u00e9 22 p\u00e9s do centro da via.<\/span> <span style=\"font-weight: 400;\">O limpador de valas Loram cria uma vala devidamente inclinada que intercepta e desvia a \u00e1gua da via.<\/span> <span style=\"font-weight: 400;\">A roda de alta velocidade e alto desempenho escava e capta lama e \u00e1gua.<\/span> <span style=\"font-weight: 400;\">Quando a roda escava a vala, a \u00e1gua come\u00e7a a fluir.<\/span><\/p>\n<p><span style=\"font-weight: 400;\">O Badger Ditcher ajuda a administrar, remediar e prevenir os efeitos prejudiciais de uma s\u00e9rie de fontes de penetra\u00e7\u00e3o de \u00e1gua, incluindo precipita\u00e7\u00e3o direta, migra\u00e7\u00e3o de \u00e1guas subterr\u00e2neas, nascentes e \u00e1gua presa, satura\u00e7\u00e3o e infiltra\u00e7\u00e3o.<\/span> <span style=\"font-weight: 400;\">As melhores pr\u00e1ticas de manuten\u00e7\u00e3o de valas usando o Badger Ditcher permitem que as ferrovias melhorem a drenagem vital para o subleito, baixem o len\u00e7ol fre\u00e1tico, controlem o escoamento e promovam o fluxo livre da se\u00e7\u00e3o de lastro que pode prolongar a dura\u00e7\u00e3o efetiva dos ciclos de corte e limpeza do lastro.<\/span>[\/vc_column_text][vc_empty_space height=&#8221;45px&#8221;]<div class=\"mkd-tabs mkd-horizontal-tab variable mkd-column-4 clearfix\">\n    <ul class=\"mkd-tabs-nav\">\n                    <li>\n            <h3 class=\"mkd-tab-title\">\n            <a href=\"#tab-features\">\n                <span class=\"mkd-icon-frame\"><\/span>\n\n                <!--<span class=\"mkd-advanced-tab-text-after-icon\">-->\n                Features                <!--<\/span>-->\n\n            <\/a>\n            <\/h3>\n\n\n            <\/li>\n                    <li>\n            <h3 class=\"mkd-tab-title\">\n            <a href=\"#tab-specifications\">\n                <span class=\"mkd-icon-frame\"><\/span>\n\n                <!--<span class=\"mkd-advanced-tab-text-after-icon\">-->\n                Specifications                <!--<\/span>-->\n\n            <\/a>\n            <\/h3>\n\n\n            <\/li>\n                    <li>\n            <h3 class=\"mkd-tab-title\">\n            <a href=\"#tab-video\">\n                <span class=\"mkd-icon-frame\"><\/span>\n\n                <!--<span class=\"mkd-advanced-tab-text-after-icon\">-->\n                Video                <!--<\/span>-->\n\n            <\/a>\n            <\/h3>\n\n\n            <\/li>\n                    <li>\n            <h3 class=\"mkd-tab-title\">\n            <a href=\"#tab-data-sheet\">\n                <span class=\"mkd-icon-frame\"><\/span>\n\n                <!--<span class=\"mkd-advanced-tab-text-after-icon\">-->\n                Data Sheet                <!--<\/span>-->\n\n            <\/a>\n            <\/h3>\n\n\n            <\/li>\n            <\/ul><!-- .mkd-tabs-nav -->\n\n    <div class=\"mkd-tab-container\" id=\"tab-features-856\" >[vc_column_text]<span style=\"font-weight: 400;\">As caracter\u00edsticas e benef\u00edcios do Badger Ditcher da Loram incluem:<\/span><\/p>\n<ul>\n<li><span style=\"font-weight: 400;\">Produtividade inigual\u00e1vel, capaz de mover 1.000 toneladas de material a cada hora<\/span><\/li>\n<li><span style=\"font-weight: 400;\">Opera\u00e7\u00e3o autopropulsionada a velocidades de at\u00e9 2 mph (3,2 km\/h)<\/span><\/li>\n<li><span style=\"font-weight: 400;\">Roda de descarga potente, de largura vari\u00e1vel de 30 a 54 polegadas (760 \u2013 1370 mm) de largura<\/span><\/li>\n<li><span style=\"font-weight: 400;\">Capacidade de escava\u00e7\u00e3o a profundidades de at\u00e9 2 m (6 p\u00e9s) abaixo da parte superior do trilho<\/span><\/li>\n<li><span style=\"font-weight: 400;\">Cabe\u00e7ote articulado, alcan\u00e7ando entre 2 e 6,6 m (6 e 22 p\u00e9s) de cada lado do centro da via<\/span><\/li>\n<li><span style=\"font-weight: 400;\">Contorno no formato de vala para otimizar as condi\u00e7\u00f5es de drenagem<\/span><\/li>\n<li><span style=\"font-weight: 400;\">Capacidade de descarregar material escavado em at\u00e9 11 m (35 p\u00e9s) da linha de centro da via ou em um vag\u00e3o basculante que pode ser esvaziado utilizando o suprimento de ar a bordo do Badger<\/span><\/li>\n<li><span style=\"font-weight: 400;\">Capacidade de transporte ferrovi\u00e1rio de at\u00e9 45 mph (74 km\/h)<\/span><\/li>\n<\/ul>\n<p>[\/vc_column_text]<\/div><div class=\"mkd-tab-container\" id=\"tab-specifications-273\" >[vc_column_text]<\/p>\n<table style=\"border-collapse: collapse; width: 100%; height: 435px;\">\n<tbody>\n<tr style=\"height: 24px;\">\n<td style=\"width: 50%; height: 24px;\"><\/td>\n<td style=\"width: 50%; height: 24px;\">BADGER DITCHER<\/td>\n<\/tr>\n<tr style=\"height: 27px;\">\n<td style=\"width: 50%; height: 27px;\">Length<sup>1<\/sup><\/td>\n<td style=\"width: 50%; height: 27px;\"><span style=\"font-weight: 400;\">168 p\u00e9s (51,2 m)<\/span><\/td>\n<\/tr>\n<tr style=\"height: 24px;\">\n<td style=\"width: 50%; height: 24px;\">Width<sup>1<\/sup><\/td>\n<td style=\"width: 50%; height: 24px;\"><span style=\"font-weight: 400;\">10,5 p\u00e9s (3,2 m)<\/span><\/td>\n<\/tr>\n<tr style=\"height: 24px;\">\n<td style=\"width: 50%; height: 24px;\">Height<sup>1<\/sup><\/td>\n<td style=\"width: 50%; height: 24px;\"><span style=\"font-weight: 400;\">15,5 p\u00e9s (4,7 m)<\/span><\/td>\n<\/tr>\n<tr style=\"height: 24px;\">\n<td style=\"width: 50%; height: 24px;\">Weight<sup>1<\/sup><\/td>\n<td style=\"width: 50%; height: 24px;\"><span style=\"font-weight: 400;\">583.000 lb (264.400 kg)<\/span><\/td>\n<\/tr>\n<tr style=\"height: 24px;\">\n<td style=\"width: 50%; height: 24px;\"><span style=\"font-weight: 400;\">Velocidade de trabalho<\/span><\/td>\n<td style=\"width: 50%; height: 24px;\"><span style=\"font-weight: 400;\">At\u00e9 2 mph (3,2 km\/h)<\/span><\/td>\n<\/tr>\n<tr style=\"height: 24px;\">\n<td style=\"width: 50%; height: 24px;\">Production Rate<sup>2<\/sup><\/td>\n<td style=\"width: 50%; height: 24px;\"><span style=\"font-weight: 400;\">500 yd3\/hr (382 m3\/hr)<\/span><\/td>\n<\/tr>\n<tr style=\"height: 24px;\">\n<td style=\"width: 50%; height: 24px;\"><span style=\"font-weight: 400;\">Profundidade M\u00e1xima de escava\u00e7\u00e3o<\/span><\/td>\n<td style=\"width: 50%; height: 24px;\"><span style=\"font-weight: 400;\">6 p\u00e9s (2 m) do topo do trilho<\/span><\/td>\n<\/tr>\n<tr style=\"height: 24px;\">\n<td style=\"width: 50%; height: 24px;\">D<span style=\"font-weight: 400;\">Largura de Escava\u00e7\u00e3o<\/span><\/td>\n<td style=\"width: 50%; height: 24px;\"><span style=\"font-weight: 400;\">6 &#8211; 22 p\u00e9s (2 &#8211; 6,6 m) do centro da via<\/span><\/td>\n<\/tr>\n<tr style=\"height: 96px;\">\n<td style=\"width: 50%; height: 96px;\"><span style=\"font-weight: 400;\">Capacidade de corte (por passagem)<\/span><\/td>\n<td style=\"width: 50%; height: 96px;\"><span style=\"font-weight: 400;\">\u2013 Profundidade m\u00e1xima:<\/span> <span style=\"font-weight: 400;\">18 pol. (0,45 m)<\/span><br \/>\n<span style=\"font-weight: 400;\">\u2013 Largura m\u00ednima:<\/span> <span style=\"font-weight: 400;\">30 pol. (0,76 m)<\/span><br \/>\n<span style=\"font-weight: 400;\">\u2013 Largura m\u00e1xima: 54 pol. (1,3 m)<\/span><\/td>\n<\/tr>\n<tr style=\"height: 24px;\">\n<td style=\"width: 50%; height: 24px;\"><span style=\"font-weight: 400;\">Descarga de Material<\/span><\/td>\n<td style=\"width: 50%; height: 24px;\"><span style=\"font-weight: 400;\">At\u00e9 35 p\u00e9s (11 m) de cada lado do centro da via ou em um vag\u00e3o auxiliar<\/span><\/td>\n<\/tr>\n<tr style=\"height: 24px;\">\n<td style=\"width: 50%; height: 24px;\"><span style=\"font-weight: 400;\">Velocidade de Deslocamento<\/span><\/td>\n<td style=\"width: 50%; height: 24px;\"><span style=\"font-weight: 400;\">At\u00e9 45 mph (74 km\/h)<\/span><\/td>\n<\/tr>\n<tr style=\"height: 24px;\">\n<td style=\"width: 50%; height: 24px;\"><span style=\"font-weight: 400;\">Gradabilidade<\/span><\/td>\n<td style=\"width: 50%; height: 24px;\"><span style=\"font-weight: 400;\">At\u00e9 4%<\/span><\/td>\n<\/tr>\n<tr style=\"height: 24px;\">\n<td style=\"width: 50%; height: 24px;\"><span style=\"font-weight: 400;\">Raio m\u00ednimo de trabalho<\/span><\/td>\n<td style=\"width: 50%; height: 24px;\"><span style=\"font-weight: 400;\">Curva de 22\u00b0 (raio de 80 m)<\/span><\/td>\n<\/tr>\n<tr style=\"height: 24px;\">\n<td style=\"width: 50%; height: 24px;\"><span style=\"font-weight: 400;\">Raio m\u00ednimo de deslocamento<\/span><\/td>\n<td style=\"width: 50%; height: 24px;\"><span style=\"font-weight: 400;\">Curva de 122\u00b0 (raio de 80 m)<\/span><\/td>\n<\/tr>\n<\/tbody>\n<\/table>\n<p><sup>1<\/sup> <span style=\"font-weight: 400;\">Excluindo Vag\u00f5es Auxiliares<\/span><br \/>\n<sup>2<\/sup> <span style=\"font-weight: 400;\">T\u00edpico; sujeito \u00e0 aplica\u00e7\u00e3o e condi\u00e7\u00f5es materiais<\/span><br \/>\n<em><span style=\"font-weight: 400;\">Especifica\u00e7\u00f5es sujeitas a altera\u00e7\u00f5es<\/span><\/em>[\/vc_column_text]<\/div><div class=\"mkd-tab-container\" id=\"tab-video-852\" >[vc_video link=&#8221;https:\/\/vimeo.com\/572758180&#8243;]<\/div><div class=\"mkd-tab-container\" id=\"tab-data-sheet-137\" >[vc_single_image image=&#8221;19867&#8243; img_size=&#8221;spec&#8221; onclick=&#8221;custom_link&#8221; img_link_target=&#8221;_blank&#8221; css=&#8221;&#8221; link=&#8221;https:\/\/loram.com\/wp-content\/uploads\/Badger-SpecSheet-v3_12-21_INTL_PT-BR.pdf&#8221;][vc_column_text]Spec Sheet[\/vc_column_text]<\/div><\/div>[vc_gallery interval=&#8221;3&#8243; images=&#8221;7135,7096,7097&#8243; img_size=&#8221;1800&#215;900&#8243; css=&#8221;.vc_custom_1629387721162{margin-top: 2rem !important;}&#8221;][\/vc_column][\/vc_row][vc_row css=&#8221;.vc_custom_1629387785868{margin-top: 0px !important;margin-bottom: 0px !important;padding-top: 0px !important;padding-bottom: 0px !important;}&#8221;][vc_column]<div class=\"mkd-elements-holder mkd-responsive-mode-768\" ><div class=\"mkd-elements-holder-item \"  >\n\t<div class=\"mkd-elements-holder-item-inner\">\n\t\t<div class=\"mkd-elements-holder-item-content mkd-elements-holder-custom-844231\" >\n\t\t\t\t\t\t[vc_empty_space height=&#8221;0&#8243;]\t\t<\/div>\n\t<\/div>\n<\/div><\/div>[\/vc_column][\/vc_row]<\/p>\n<\/div>","protected":false},"excerpt":{"rendered":"<p>[vc_row content_width=&#8221;grid&#8221;][vc_column width=&#8221;1\/4&#8243;][vc_widget_sidebar sidebar_id=&#8221;sidebar&#8221;][\/vc_column][vc_column width=&#8221;3\/4&#8243;][vc_column_text] Produtividade inigual\u00e1vel O Badger Ditcher da Loram \u00e9 um limpador de valas autopropulsionado capaz de mover 1.000 toneladas de material a cada hora, escavando a&#8230;<\/p>\n","protected":false},"author":3,"featured_media":0,"parent":6538,"menu_order":0,"comment_status":"closed","ping_status":"closed","template":"template-single-product.php","meta":{"footnotes":""},"class_list":["post-6539","page","type-page","status-publish","hentry"],"_links":{"self":[{"href":"https:\/\/loram.com\/pt-br\/wp-json\/wp\/v2\/pages\/6539","targetHints":{"allow":["GET"]}}],"collection":[{"href":"https:\/\/loram.com\/pt-br\/wp-json\/wp\/v2\/pages"}],"about":[{"href":"https:\/\/loram.com\/pt-br\/wp-json\/wp\/v2\/types\/page"}],"author":[{"embeddable":true,"href":"https:\/\/loram.com\/pt-br\/wp-json\/wp\/v2\/users\/3"}],"replies":[{"embeddable":true,"href":"https:\/\/loram.com\/pt-br\/wp-json\/wp\/v2\/comments?post=6539"}],"version-history":[{"count":6,"href":"https:\/\/loram.com\/pt-br\/wp-json\/wp\/v2\/pages\/6539\/revisions"}],"predecessor-version":[{"id":19875,"href":"https:\/\/loram.com\/pt-br\/wp-json\/wp\/v2\/pages\/6539\/revisions\/19875"}],"up":[{"embeddable":true,"href":"https:\/\/loram.com\/pt-br\/wp-json\/wp\/v2\/pages\/6538"}],"wp:attachment":[{"href":"https:\/\/loram.com\/pt-br\/wp-json\/wp\/v2\/media?parent=6539"}],"curies":[{"name":"wp","href":"https:\/\/api.w.org\/{rel}","templated":true}]}}