{"id":6538,"date":"2021-12-02T16:00:43","date_gmt":"2021-12-02T22:00:43","guid":{"rendered":"https:\/\/loram.com\/?page_id=6538"},"modified":"2021-12-16T15:46:53","modified_gmt":"2021-12-16T21:46:53","slug":"ditching","status":"publish","type":"page","link":"https:\/\/loram.com\/pt-br\/maintenance-of-way\/ballast-maintenance\/ditching\/","title":{"rendered":"Manuten\u00e7\u00e3o De Vala"},"content":{"rendered":"<div class=\"wpb-content-wrapper\"><p>[vc_row content_width=&#8221;grid&#8221; css=&#8221;.vc_custom_1623767783918{margin-top: 0px !important;margin-bottom: 4rem !important;}&#8221;][vc_column width=&#8221;1\/4&#8243;][vc_widget_sidebar sidebar_id=&#8221;sidebar&#8221;][\/vc_column][vc_column width=&#8221;3\/4&#8243;][vc_column_text]<\/p>\n<h2><strong>Limpeza de Canaletas<\/strong><\/h2>\n<p><span style=\"font-weight: 400;\">Essencial para a longevidade e for\u00e7a fundacional de uma ferrovia, a manuten\u00e7\u00e3o adequada da canaleta aumenta a estabilidade do lastro e do subleito ao afastar a \u00e1gua da via e da passagem.<\/span> <span style=\"font-weight: 400;\">Proporcionando benef\u00edcios e ROI substanciais, a limpeza de canaletas aumenta o tempo de ciclo entre os caros programas de revestimento, previne a deteriora\u00e7\u00e3o prematura dos dormentes e garante uma estrutura de vias est\u00e1vel e duradoura.<\/span><\/p>\n<p><span style=\"font-weight: 400;\">As solu\u00e7\u00f5es de manuten\u00e7\u00e3o de drenagem da Loram, incluindo a limpeza do ombro de lastro, o desguarnecimento e a limpeza das canaletas, trabalham em conjunto para garantir que a \u00e1gua prejudicial seja interceptada e desviada da infraestrutura da via<\/span>.<\/p>\n<h3><strong>Benef\u00edcios e caracter\u00edsticas da manuten\u00e7\u00e3o de canaletas<\/strong><\/h3>\n<p><span style=\"font-weight: 400;\">Canaletas limpas, mantidas e devidamente dispostas proporcionam uma s\u00e9rie de benef\u00edcios, inclusive:<\/span>[\/vc_column_text]<div class=\"mkd-elements-holder mkd-two-columns mkd-responsive-mode-768\" ><div class=\"mkd-elements-holder-item \"  >\n\t<div class=\"mkd-elements-holder-item-inner\">\n\t\t<div class=\"mkd-elements-holder-item-content mkd-elements-holder-custom-284116\" >\n\t\t\t\t\t\t[vc_column_text]<\/p>\n<ul>\n<li><span style=\"font-weight: 400;\">Facilita a drenagem vital da se\u00e7\u00e3o do lastro da via<\/span><\/li>\n<li><span style=\"font-weight: 400;\">Gerencia os efeitos da penetra\u00e7\u00e3o de fontes de \u00e1gua<\/span><\/li>\n<li><\/li>\n<\/ul>\n<p>[\/vc_column_text]\t\t<\/div>\n\t<\/div>\n<\/div><div class=\"mkd-elements-holder-item \"  >\n\t<div class=\"mkd-elements-holder-item-inner\">\n\t\t<div class=\"mkd-elements-holder-item-content mkd-elements-holder-custom-572380\" >\n\t\t\t\t\t\t[vc_column_text]<\/p>\n<ul>\n<li><span style=\"font-weight: 400;\">Assegura a efic\u00e1cia da manuten\u00e7\u00e3o do n\u00edvel de drenagem da via<\/span><\/li>\n<li>R<span style=\"font-weight: 400;\">eduz ou elimina os solos saturados de \u00e1gua da via<\/span><\/li>\n<\/ul>\n<p>[\/vc_column_text]\t\t<\/div>\n\t<\/div>\n<\/div><\/div>[\/vc_column][\/vc_row][vc_row content_width=&#8221;grid&#8221; css=&#8221;.vc_custom_1623794254962{background-color: #000000 !important;}&#8221; el_class=&#8221;black-bar&#8221;][vc_column css=&#8221;.vc_custom_1623794274000{padding-top: 0.5rem !important;padding-right: 0px !important;padding-bottom: 1rem !important;padding-left: 0px !important;}&#8221;]<div class=\"mkd-elements-holder mkd-responsive-mode-768\" ><div class=\"mkd-elements-holder-item \"  >\n\t<div class=\"mkd-elements-holder-item-inner\">\n\t\t<div class=\"mkd-elements-holder-item-content mkd-elements-holder-custom-311745\" >\n\t\t\t\t\t\t[vc_column_text el_class=&#8221;sub-cat-landing-title-bar&#8221;]<span style=\"font-weight: 400;\">PORTF\u00d3LIO DE MANUTEN\u00c7\u00c3O DE CANALETAS LORAM<\/span>[\/vc_column_text]\t\t<\/div>\n\t<\/div>\n<\/div><\/div>[\/vc_column][\/vc_row][vc_row content_width=&#8221;grid&#8221; css=&#8221;.vc_custom_1624482278712{padding-top: 3rem !important;padding-bottom: 3rem !important;background-color: #e5e5e5 !important;}&#8221; el_class=&#8221;subcategory-product-listing&#8221;][vc_column]<div class=\"mkd-elements-holder mkd-two-columns mkd-responsive-mode-768\" ><div class=\"mkd-elements-holder-item mkd-fade-in lazyload\" data-animation=\"mkd-fade-in\" style=\"background-image:inherit\" data-bg-image=\"url(https:\/\/loram.com\/wp-content\/uploads\/ditcher.jpg)\">\n\t<div class=\"mkd-elements-holder-item-inner\">\n\t\t<div class=\"mkd-elements-holder-item-content mkd-elements-holder-custom-924665\" style=\"padding: 0 0 0 0\">\n\t\t\t\t\t\t[vc_empty_space height=&#8221;348px&#8221;]\t\t<\/div>\n\t<\/div>\n<\/div><div class=\"mkd-elements-holder-item mkd-fade-in\" data-animation=\"mkd-fade-in\" >\n\t<div class=\"mkd-elements-holder-item-inner\">\n\t\t<div class=\"mkd-elements-holder-item-content mkd-elements-holder-custom-398159\" style=\"padding: 2rem 4rem 3.5rem 4rem\">\n\t\t\t\t\t\t<div class=\"mkd-st \">\n    <div class=\"mkd-st-inner\">\n        <div class=\"mkd-st-title-holder\">\n            <h2 class=\"mkd-st-title\">\n            <span>Badger Ditcher<\/span>\n        <\/h2>\n    <\/div>\n\n    \n    <div class=\"mkd-st-text-holder\" >\n        <span class=\"mkd-st-text-text\"><span style=\"font-weight: 400;\">O Badger Ditcher ajuda a administrar, remediar e prevenir os efeitos prejudiciais de uma s\u00e9rie de fontes de penetra\u00e7\u00e3o de \u00e1gua, incluindo precipita\u00e7\u00e3o direta, migra\u00e7\u00e3o de \u00e1guas subterr\u00e2neas, nascentes e \u00e1gua presa, satura\u00e7\u00e3o e infiltra\u00e7\u00e3o.<\/span><\/span>\n    <\/div>\n<\/div>\n<\/div>[vc_empty_space height=&#8221;24px&#8221;]<a itemprop=\"url\" href=\"\/pt-br\/maintenance-of-way\/ballast-maintenance\/ditching\/badger-ditcher\/\" target=\"_self\"  class=\"mkd-btn mkd-btn-medium mkd-btn-solid\"  >\n    <span class=\"mkd-btn-text\">Saiba mais<\/span>\n    <\/a>\t\t<\/div>\n\t<\/div>\n<\/div><\/div>[\/vc_column][\/vc_row][vc_row content_width=&#8221;grid&#8221; css=&#8221;.vc_custom_1623260947677{margin-top: 3rem !important;margin-bottom: 3rem !important;}&#8221;][vc_column]<div class=\"mkd-elements-holder mkd-responsive-mode-768\" ><div class=\"mkd-elements-holder-item \"  >\n\t<div class=\"mkd-elements-holder-item-inner\">\n\t\t<div class=\"mkd-elements-holder-item-content mkd-elements-holder-custom-424178\" >\n\t\t\t\t\t\t[vc_column_text el_class=&#8221;landing-contract-services&#8221;]<\/p>\n<h2><strong>SERVI\u00c7OS CONTRATUAIS DA LORAM<\/strong><\/h2>\n<h3><strong>Experi\u00eancia e solu\u00e7\u00f5es abrangentes.<\/strong><\/h3>\n<p><span style=\"font-weight: 400;\">A experi\u00eancia, equipamentos e solu\u00e7\u00f5es de servi\u00e7os fornecidos pela Loram podem ajudar a mitigar os desafios prejudiciais e muitas vezes invis\u00edveis de umidade, garantindo um \u00f3timo desempenho de drenagem e protegendo sua estrutura de trilhos.<\/span> <span style=\"font-weight: 400;\">Nosso \u00e1gil e poderoso Badger Ditcher proporciona alta produtividade e acessibilidade para mitigar os requisitos mais urgentes de drenagem, e nossos servi\u00e7os de caneletas geram economia operacional com uma estrat\u00e9gia de manuten\u00e7\u00e3o personalizada.<\/span> <span style=\"font-weight: 400;\">O pessoal experiente da Loram pode acompanhar seu gerente de via nas inspe\u00e7\u00f5es de campo para desenvolver um programa de drenagem pr\u00e1tico e feito sob medida para sua propriedade<\/span>.[\/vc_column_text]\t\t<\/div>\n\t<\/div>\n<\/div><\/div>[\/vc_column][\/vc_row][vc_row content_width=&#8221;grid&#8221; content_aligment=&#8221;center&#8221; el_class=&#8221;learn-how-we-help&#8221; css=&#8221;.vc_custom_1626702308578{margin-top: rem !important;margin-bottom: 3rem !important;padding-right: 0px !important;padding-left: 0px !important;background-image: url(https:\/\/loram.com\/wp-content\/uploads\/learn-how-we-can-help.jpg?id=3598) !important;background-position: center !important;background-repeat: no-repeat !important;background-size: cover !important;}&#8221;][vc_column css=&#8221;.vc_custom_1623260528726{padding-top: 6rem !important;padding-right: 0px !important;padding-bottom: 3rem !important;padding-left: 0px !important;}&#8221;]<div class=\"mkd-elements-holder mkd-responsive-mode-768\" ><div class=\"mkd-elements-holder-item \"  >\n\t<div class=\"mkd-elements-holder-item-inner\">\n\t\t<div class=\"mkd-elements-holder-item-content mkd-elements-holder-custom-866335\" >\n\t\t\t\t\t\t<div class=\"mkd-st \">\n    <div class=\"mkd-st-inner\">\n        <div class=\"mkd-st-title-holder\">\n            <h2 class=\"mkd-st-title\">\n            <span>Saiba como podemos ajudar<\/span>\n        <\/h2>\n    <\/div>\n\n    \n    <div class=\"mkd-st-text-holder\" >\n        <span class=\"mkd-st-text-text\"><span style=\"font-weight: 400;\">Como l\u00edder global em manuten\u00e7\u00e3o de vias por mais de 50 anos, o amplo portf\u00f3lio de equipamentos e equipes altamente treinadas da Loram oferecem os melhores servi\u00e7os da categoria com desempenho e padr\u00f5es de seguran\u00e7a inigual\u00e1veis.<\/span> <span style=\"font-weight: 400;\">Ligue para +1 (763) 478-6014 Tel Brazil<\/span>.<\/span>\n    <\/div>\n<\/div>\n<\/div>[vc_empty_space height=&#8221;24px&#8221;]<a itemprop=\"url\" href=\"\/pt-br\/contact\/\" target=\"_self\"  class=\"mkd-btn mkd-btn-medium mkd-btn-solid\"  >\n    <span class=\"mkd-btn-text\">Saiba mais<\/span>\n    <\/a>\t\t<\/div>\n\t<\/div>\n<\/div><\/div>[\/vc_column][\/vc_row][vc_row content_width=&#8221;grid&#8221; css=&#8221;.vc_custom_1626877646240{margin-top: 0px !important;margin-bottom: 0px !important;padding-top: 0px !important;padding-bottom: 0px !important;}&#8221;][vc_column]<div class=\"mkd-elements-holder mkd-responsive-mode-768\" ><div class=\"mkd-elements-holder-item \"  >\n\t<div class=\"mkd-elements-holder-item-inner\">\n\t\t<div class=\"mkd-elements-holder-item-content mkd-elements-holder-custom-946674\" >\n\t\t\t\t\t\t[vc_empty_space height=&#8221;0&#8243;]\t\t<\/div>\n\t<\/div>\n<\/div><\/div>[\/vc_column][\/vc_row]<\/p>\n<\/div>","protected":false},"excerpt":{"rendered":"<p>[vc_row content_width=&#8221;grid&#8221; css=&#8221;.vc_custom_1623767783918{margin-top: 0px !important;margin-bottom: 4rem !important;}&#8221;][vc_column width=&#8221;1\/4&#8243;][vc_widget_sidebar sidebar_id=&#8221;sidebar&#8221;][\/vc_column][vc_column width=&#8221;3\/4&#8243;][vc_column_text] Limpeza de Canaletas Essencial para a longevidade e for\u00e7a fundacional de uma ferrovia, a manuten\u00e7\u00e3o adequada da canaleta aumenta a&#8230;<\/p>\n","protected":false},"author":3,"featured_media":0,"parent":6534,"menu_order":20,"comment_status":"closed","ping_status":"closed","template":"template-subcategory.php","meta":{"footnotes":""},"class_list":["post-6538","page","type-page","status-publish","hentry"],"_links":{"self":[{"href":"https:\/\/loram.com\/pt-br\/wp-json\/wp\/v2\/pages\/6538","targetHints":{"allow":["GET"]}}],"collection":[{"href":"https:\/\/loram.com\/pt-br\/wp-json\/wp\/v2\/pages"}],"about":[{"href":"https:\/\/loram.com\/pt-br\/wp-json\/wp\/v2\/types\/page"}],"author":[{"embeddable":true,"href":"https:\/\/loram.com\/pt-br\/wp-json\/wp\/v2\/users\/3"}],"replies":[{"embeddable":true,"href":"https:\/\/loram.com\/pt-br\/wp-json\/wp\/v2\/comments?post=6538"}],"version-history":[{"count":7,"href":"https:\/\/loram.com\/pt-br\/wp-json\/wp\/v2\/pages\/6538\/revisions"}],"predecessor-version":[{"id":7794,"href":"https:\/\/loram.com\/pt-br\/wp-json\/wp\/v2\/pages\/6538\/revisions\/7794"}],"up":[{"embeddable":true,"href":"https:\/\/loram.com\/pt-br\/wp-json\/wp\/v2\/pages\/6534"}],"wp:attachment":[{"href":"https:\/\/loram.com\/pt-br\/wp-json\/wp\/v2\/media?parent=6538"}],"curies":[{"name":"wp","href":"https:\/\/api.w.org\/{rel}","templated":true}]}}